{"id":352,"date":"2021-02-02T11:59:39","date_gmt":"2021-02-02T11:59:39","guid":{"rendered":"https:\/\/agrobacterias.com\/?page_id=352"},"modified":"2022-01-05T09:35:20","modified_gmt":"2022-01-05T09:35:20","slug":"oidio-killer","status":"publish","type":"page","link":"https:\/\/agrobacterias.com\/de\/preventivos-y-curativos\/oidio-killer\/","title":{"rendered":"Oidium-Killer"},"content":{"rendered":"<section class=\"section\" id=\"section_1237956648\">\n\t\t<div class=\"section-bg fill\" >\n\t\t\t<img loading=\"lazy\" decoding=\"async\" width=\"2560\" height=\"1709\" src=\"https:\/\/agrobacterias.com\/wp-content\/uploads\/2020\/12\/2798713-scaled.jpg\" class=\"bg attachment- size-\" alt=\"\" \/>\t\t\t\t\t\t<div class=\"section-bg-overlay absolute fill\"><\/div>\n\t\t\t\n\n\t\t<\/div>\n\n\t\t\n\n\t\t<div class=\"section-content relative\">\n\t\t\t\n\n<div class=\"row row-large align-middle align-center\"  id=\"row-1865751399\">\n\n\n\t<div id=\"col-335067696\" class=\"col medium-7 small-12 large-7\"  >\n\t\t\t\t<div class=\"col-inner text-center text-shadow-2 dark\"  >\n\t\t\t\n\t\t\t\n\n\t<div id=\"gap-124449364\" class=\"gap-element clearfix\" style=\"display:block; height:auto;\">\n\t\t\n<style>\n#gap-124449364 {\n  padding-top: 30px;\n}\n<\/style>\n\t<\/div>\n\t\n\n\t<div id=\"text-4010696631\" class=\"text\">\n\t\t\n\n<h1><span class=\"fancy-underline\"><span style=\"font-size: 150%;\">Oidium-Killer<\/span><\/span><\/h1>\n<p>Aminos\u00e4urekonzentrat aus enzymatischer Hydrolyse von pflanzlichen Proteinen<\/p>\n\t\t\n<style>\n#text-4010696631 {\n  font-size: 1.25rem;\n  line-height: 1.25;\n  text-align: left;\n}\n<\/style>\n\t<\/div>\n\t\n\n\t\t<\/div>\n\t\t\t\t\n<style>\n#col-335067696 > .col-inner {\n  padding: 0px 0px 0px 0px;\n  margin: 0px 0px -50px 0px;\n}\n<\/style>\n\t<\/div>\n\n\t\n\n\t<div id=\"col-955988976\" class=\"col medium-5 small-12 large-5\"  >\n\t\t\t\t<div class=\"col-inner text-left\"  >\n\t\t\t\n\t\t\t\n\n\t<div class=\"img has-hover x md-x lg-x y md-y lg-y\" id=\"image_1490544434\">\n\t\t\t\t\t\t\t\t<div class=\"img-inner dark\" >\n\t\t\t<img loading=\"lazy\" decoding=\"async\" width=\"450\" height=\"450\" src=\"https:\/\/agrobacterias.com\/wp-content\/uploads\/2021\/02\/botella_oidio_killer.png\" class=\"attachment-large size-large\" alt=\"\" srcset=\"https:\/\/agrobacterias.com\/wp-content\/uploads\/2021\/02\/botella_oidio_killer.png 450w, https:\/\/agrobacterias.com\/wp-content\/uploads\/2021\/02\/botella_oidio_killer-100x100.png 100w, https:\/\/agrobacterias.com\/wp-content\/uploads\/2021\/02\/botella_oidio_killer-300x300.png 300w, https:\/\/agrobacterias.com\/wp-content\/uploads\/2021\/02\/botella_oidio_killer-150x150.png 150w\" sizes=\"auto, (max-width: 450px) 100vw, 450px\" \/>\t\t\t\t\t\t\n\t\t\t\t\t<\/div>\n\t\t\t\t\t\t\t\t\n<style>\n#image_1490544434 {\n  width: 100%;\n}\n<\/style>\n\t<\/div>\n\t\n\n\n\t\t<\/div>\n\t\t\t\t\n<style>\n#col-955988976 > .col-inner {\n  padding: 0px 0px 0px 0px;\n  margin: 0px 0px -134px 0px;\n}\n@media (min-width:550px) {\n  #col-955988976 > .col-inner {\n    margin: 0px 0px -250px 35px;\n  }\n}\n<\/style>\n\t<\/div>\n\n\t\n\n<\/div>\n\n\t\t<\/div>\n\n\t\t\n<style>\n#section_1237956648 {\n  padding-top: 0px;\n  padding-bottom: 0px;\n  margin-bottom: 0px;\n  min-height: 266px;\n}\n#section_1237956648 .section-bg-overlay {\n  background-color: rgba(0, 0, 0, 0.698);\n}\n<\/style>\n\t<\/section>\n\t\n\n\t<section class=\"section\" id=\"section_1876920424\">\n\t\t<div class=\"section-bg fill\" >\n\t\t\t\t\t\t\t\t\t\n\t\t\t\n\t<div class=\"is-border\"\n\t\tstyle=\"border-width:0px 0px 0px 0px;\">\n\t<\/div>\n\n\t\t<\/div>\n\n\t\t\n\n\t\t<div class=\"section-content relative\">\n\t\t\t\n\n<div class=\"row row-full-width\"  id=\"row-740492547\">\n\n\n\t<div id=\"col-568330511\" class=\"col medium-7 small-12 large-7\"  >\n\t\t\t\t<div class=\"col-inner\"  >\n\t\t\t\n\t\t\t\n\n\t<div id=\"gap-438126935\" class=\"gap-element clearfix show-for-small\" style=\"display:block; height:auto;\">\n\t\t\n<style>\n#gap-438126935 {\n  padding-top: 36px;\n}\n@media (min-width:550px) {\n  #gap-438126935 {\n    padding-top: 30px;\n  }\n}\n<\/style>\n\t<\/div>\n\t\n\n<div class=\"first column\">\n<p>\u00d6kologisches Fungizid auf Basis von Bacillus Amyloquefaciens-Bakterien (109ufc\/g). Wirksam gegen Echten Mehltau, Botrytis und andere pathogene Pilze. Es ist au\u00dferdem reich an organischen Stoffen, Aminos\u00e4uren und organischem Kalium, stimuliert die Pflanzenentwicklung, st\u00e4rkt die Blattkutikula und verst\u00e4rkt die nat\u00fcrlichen Abwehrkr\u00e4fte der Pflanze.<\/p>\n<p><strong>KAMPF: <\/strong><br \/>Echter Mehltau, Botrytis und andere Pilze.<\/p>\n<p><strong>ANWENDUNG \u00dcBER DAS BLATT:<\/strong><br \/>1,5 bis 2 ml. x 1 L Wasser und spr\u00fchen Sie die Pflanze gro\u00dfz\u00fcgig, wiederholen Sie die Behandlung alle 15 Tage. Nicht w\u00e4hrend der Stunden mit maximaler Sonneneinstrahlung, Regen oder Wind spr\u00fchen.<\/p>\n<p><strong>ZUSAMMENSETZUNG:<\/strong><br \/>Bacillus amyloquefaciens (109ufc\/g), organisches Kalium und Aminos\u00e4uren.<\/p>\n<p>100 % Natural F\u00fcr den \u00f6kologischen Landbau geeignet.<\/p>\n<\/div>\n\n\t\t<\/div>\n\t\t\t\t\n<style>\n#col-568330511 > .col-inner {\n  padding: 0px 20px 0px 20px;\n}\n<\/style>\n\t<\/div>\n\n\t\n\n\t<div id=\"col-901305127\" class=\"col medium-5 small-12 large-5\"  >\n\t\t\t\t<div class=\"col-inner\"  >\n\t\t\t\n\t\t\t\n\n\t<div id=\"gap-1111484964\" class=\"gap-element clearfix hide-for-medium\" style=\"display:block; height:auto;\">\n\t\t\n<style>\n#gap-1111484964 {\n  padding-top: 140px;\n}\n<\/style>\n\t<\/div>\n\t\n\n\t<div id=\"gap-133268074\" class=\"gap-element clearfix\" style=\"display:block; height:auto;\">\n\t\t\n<style>\n#gap-133268074 {\n  padding-top: 30px;\n}\n<\/style>\n\t<\/div>\n\t\n\n<h3 class=\"accordion_title\">ZUS\u00c4TZLICHE INFORMATIONEN<\/h3><div class=\"accordion\">\n\n\t<div id=\"accordion-3853348713\" class=\"accordion-item\">\n\t\t<a id=\"accordion-3853348713-label\" class=\"accordion-title plain active\" href=\"#accordion-item-\u00bfpara-qu\u00e9-puedo-usarlo?\" aria-expanded=\"true\" aria-controls=\"accordion-3853348713-content\" >\n\t\t\t<button class=\"toggle\" aria-label=\"Umschalten\"><i class=\"icon-angle-down\"><\/i><\/button>\n\t\t\t<span>Wof\u00fcr kann ich es verwenden?<\/span>\n\t\t<\/a>\n\t\t<div id=\"accordion-3853348713-content\" class=\"accordion-inner\" style=\"display: block;\" aria-labelledby=\"accordion-3853348713-label\" >\n\t\t\t\n\n<p>Echter Mehltau, Botrytis und andere Pilze.<\/p>\n\n\t\t<\/div>\n\t<\/div>\n\t\n\t<div id=\"accordion-1682407058\" class=\"accordion-item\">\n\t\t<a id=\"accordion-1682407058-label\" class=\"accordion-title plain\" href=\"#accordion-item-dosis-y-aplicaci\u00f3n\" aria-expanded=\"false\" aria-controls=\"accordion-1682407058-content\" >\n\t\t\t<button class=\"toggle\" aria-label=\"Umschalten\"><i class=\"icon-angle-down\"><\/i><\/button>\n\t\t\t<span>Dosierung und Anwendung<\/span>\n\t\t<\/a>\n\t\t<div id=\"accordion-1682407058-content\" class=\"accordion-inner\" aria-labelledby=\"accordion-1682407058-label\" >\n\t\t\t\n\n<p>1,5 bis 2 ml. x 1 L Wasser und spr\u00fchen Sie die Pflanze gro\u00dfz\u00fcgig, wiederholen Sie die Behandlung alle 15 Tage. Nicht w\u00e4hrend der Stunden mit maximaler Sonneneinstrahlung, Regen oder Wind spr\u00fchen.<\/p>\n\n\t\t<\/div>\n\t<\/div>\n\t\n\n<\/div>\n\n\t\t<\/div>\n\t\t\t\t\t<\/div>\n\n\t\n\n<\/div>\n\n\t\t<\/div>\n\n\t\t\n<style>\n#section_1876920424 {\n  padding-top: 40px;\n  padding-bottom: 40px;\n  margin-bottom: -2px;\n}\n<\/style>\n\t<\/section>\n\t\n\n\t<section class=\"section dark has-mask mask-arrow\" id=\"section_2055916980\">\n\t\t<div class=\"section-bg fill\" >\n\t\t\t\t\t\t\t\t\t\n\t\t\t\n\t<div class=\"is-border\"\n\t\tstyle=\"border-color:rgb(235, 235, 235);border-width:1px 0px 0px 0px;\">\n\t<\/div>\n\n\t\t<\/div>\n\n\t\t\n\n\t\t<div class=\"section-content relative\">\n\t\t\t\n\n<div class=\"row\"  id=\"row-1114764746\">\n\n\n\t<div id=\"col-564839914\" class=\"col small-12 large-12\"  >\n\t\t\t\t<div class=\"col-inner\"  >\n\t\t\t\n\t\t\t\n\n\t\n  \n    <div id=\"product-grid-375108043\" class=\"row large-columns-4 medium-columns-3 small-columns-2 row-small has-shadow row-box-shadow-1 row-box-shadow-5-hover row-masonry\" data-packery-options='{\"itemSelector\": \".col\", \"gutter\": 0, \"presentageWidth\" : true}'>\n\n  \n\t     <div class=\"col\" >\n\t\t\t\t\t\t<div class=\"col-inner\">\n\t\t\t\t\t\t\n<div class=\"badge-container absolute left top z-1\">\n\n<\/div>\n\t\t\t\t\t\t<div class=\"product-small box has-hover box-normal box-text-bottom\">\n\t\t\t\t\t\t\t<div class=\"box-image\" >\n\t\t\t\t\t\t\t\t<div class=\"\" >\n\t\t\t\t\t\t\t\t\t<a href=\"https:\/\/agrobacterias.com\/de\/product\/oidio-killer-50-gr\/\" aria-label=\"Oidium-Killer 50g\">\n\t\t\t\t\t\t\t\t\t\t<img loading=\"lazy\" decoding=\"async\" width=\"247\" height=\"296\" src=\"https:\/\/agrobacterias.com\/wp-content\/uploads\/2021\/02\/art_4514_1-247x296.jpg\" class=\"attachment-woocommerce_thumbnail size-woocommerce_thumbnail\" alt=\"Oidio_Killer_50_g\" \/>\t\t\t\t\t\t\t\t\t<\/a>\n\t\t\t\t\t\t\t\t\t\t\t\t\t\t\t\t\t\t \t\t\t\t\t\t\t\t<\/div>\n\t\t\t\t\t\t\t\t<div class=\"image-tools top right show-on-hover\">\n\t\t\t\t\t\t\t\t\t\t\t\t\t\t\t\t\t<\/div>\n\t\t\t\t\t\t\t\t\t\t\t\t\t\t\t\t\t<div class=\"image-tools grid-tools text-center hide-for-small bottom hover-slide-in show-on-hover\">\n\t\t\t\t\t\t\t\t\t\t  <a class=\"quick-view\" data-prod=\"252\" href=\"#quick-view\">Schnellansicht<\/a>\t\t\t\t\t\t\t\t\t<\/div>\n\t\t\t\t\t\t\t\t\t\t\t\t\t\t\t\t\t\t\t\t\t\t\t<\/div>\n\n\t\t\t\t\t\t\t<div class=\"box-text text-left\" >\n\t\t\t\t\t\t\t\t<div class=\"title-wrapper\">\t\t<p class=\"category uppercase is-smaller no-text-overflow product-cat op-7\">\n\t\t\tPr\u00e4ventiv und kurativ\t\t<\/p>\n\t<p class=\"name product-title woocommerce-loop-product__title\"><a href=\"https:\/\/agrobacterias.com\/de\/product\/oidio-killer-50-gr\/\" class=\"woocommerce-LoopProduct-link woocommerce-loop-product__link\">Oidium-Killer 50g<\/a><\/p><\/div><div class=\"price-wrapper\">\n\t<span class=\"price\"><span class=\"woocommerce-Price-amount amount\"><bdi>19,00&nbsp;<span class=\"woocommerce-Price-currencySymbol\">\u20ac<\/span><\/bdi><\/span><\/span>\n<\/div><div class=\"add-to-cart-button\"><a href=\"\/de\/wp-json\/wp\/v2\/pages\/352?add-to-cart=252\" aria-describedby=\"woocommerce_loop_add_to_cart_link_describedby_252\" data-quantity=\"1\" class=\"primary is-small mb-0 button product_type_simple add_to_cart_button ajax_add_to_cart is-flat\" data-product_id=\"252\" data-product_sku=\"4514\" aria-label=\"In den Warenkorb legen: \u201eOidio Killer 50g\u201c\" rel=\"nofollow\" data-success_message=\"\u201eOidio Killer 50g\u201c wurde deinem Warenkorb hinzugef\u00fcgt\" role=\"button\" data-no-translation=\"\" data-trp-gettext=\"\" data-no-translation-aria-label=\"\" data-no-translation-data-success_message=\"\">In den Warenkorb<\/a><\/div>\t<span id=\"woocommerce_loop_add_to_cart_link_describedby_252\" class=\"screen-reader-text\">\n\t\t\t<\/span>\n\t\t\t\t\t\t\t<\/div>\n\t\t\t\t\t\t<\/div>\n\t\t\t\t\t\t<\/div>\n\t\t\t\t\t<\/div><\/div>\n\n\n\t\t<\/div>\n\t\t\t\t\t<\/div>\n\n\t\n\n<\/div>\n\n\t\t<\/div>\n\n\t\t\n<style>\n#section_2055916980 {\n  padding-top: 49px;\n  padding-bottom: 49px;\n  min-height: 300px;\n  background-color: rgb(78, 16, 16);\n}\n<\/style>\n\t<\/section>","protected":false},"excerpt":{"rendered":"","protected":false},"author":571,"featured_media":0,"parent":106,"menu_order":0,"comment_status":"closed","ping_status":"closed","template":"page-blank.php","meta":{"footnotes":""},"class_list":["post-352","page","type-page","status-publish","hentry"],"yoast_head":"<!-- This site is optimized with the Yoast SEO plugin v27.5 - https:\/\/yoast.com\/product\/yoast-seo-wordpress\/ -->\n<title>Oidio Killer - Agrobacterias<\/title>\n<meta name=\"robots\" content=\"index, follow, max-snippet:-1, max-image-preview:large, max-video-preview:-1\" \/>\n<link rel=\"canonical\" href=\"https:\/\/agrobacterias.com\/de\/preventivos-y-curativos\/oidio-killer\/\" \/>\n<meta property=\"og:locale\" content=\"de_DE\" \/>\n<meta property=\"og:type\" content=\"article\" \/>\n<meta property=\"og:title\" content=\"Oidio Killer - Agrobacterias\" \/>\n<meta property=\"og:url\" content=\"https:\/\/agrobacterias.com\/de\/preventivos-y-curativos\/oidio-killer\/\" \/>\n<meta property=\"og:site_name\" content=\"Agrobacterias\" \/>\n<meta property=\"article:modified_time\" content=\"2022-01-05T09:35:20+00:00\" \/>\n<meta name=\"twitter:card\" content=\"summary_large_image\" \/>\n<meta name=\"twitter:label1\" content=\"Gesch\u00e4tzte Lesezeit\" \/>\n\t<meta name=\"twitter:data1\" content=\"2\u00a0Minuten\" \/>\n<script type=\"application\/ld+json\" class=\"yoast-schema-graph\">{\"@context\":\"https:\\\/\\\/schema.org\",\"@graph\":[{\"@type\":\"WebPage\",\"@id\":\"https:\\\/\\\/agrobacterias.com\\\/preventivos-y-curativos\\\/oidio-killer\\\/\",\"url\":\"https:\\\/\\\/agrobacterias.com\\\/preventivos-y-curativos\\\/oidio-killer\\\/\",\"name\":\"Oidio Killer - Agrobacterias\",\"isPartOf\":{\"@id\":\"https:\\\/\\\/agrobacterias.com\\\/#website\"},\"datePublished\":\"2021-02-02T11:59:39+00:00\",\"dateModified\":\"2022-01-05T09:35:20+00:00\",\"breadcrumb\":{\"@id\":\"https:\\\/\\\/agrobacterias.com\\\/preventivos-y-curativos\\\/oidio-killer\\\/#breadcrumb\"},\"inLanguage\":\"de\",\"potentialAction\":[{\"@type\":\"ReadAction\",\"target\":[\"https:\\\/\\\/agrobacterias.com\\\/preventivos-y-curativos\\\/oidio-killer\\\/\"]}]},{\"@type\":\"BreadcrumbList\",\"@id\":\"https:\\\/\\\/agrobacterias.com\\\/preventivos-y-curativos\\\/oidio-killer\\\/#breadcrumb\",\"itemListElement\":[{\"@type\":\"ListItem\",\"position\":1,\"name\":\"Home\",\"item\":\"https:\\\/\\\/agrobacterias.com\\\/\"},{\"@type\":\"ListItem\",\"position\":2,\"name\":\"Preventivos y curativos\",\"item\":\"https:\\\/\\\/agrobacterias.com\\\/preventivos-y-curativos\\\/\"},{\"@type\":\"ListItem\",\"position\":3,\"name\":\"Oidio Killer\"}]},{\"@type\":\"WebSite\",\"@id\":\"https:\\\/\\\/agrobacterias.com\\\/#website\",\"url\":\"https:\\\/\\\/agrobacterias.com\\\/\",\"name\":\"Agrobacterias\",\"description\":\"Biotecnolog\u00eda del Siglo XXI\",\"potentialAction\":[{\"@type\":\"SearchAction\",\"target\":{\"@type\":\"EntryPoint\",\"urlTemplate\":\"https:\\\/\\\/agrobacterias.com\\\/?s={search_term_string}\"},\"query-input\":{\"@type\":\"PropertyValueSpecification\",\"valueRequired\":true,\"valueName\":\"search_term_string\"}}],\"inLanguage\":\"de\"}]}<\/script>\n<!-- \/ Yoast SEO plugin. -->","yoast_head_json":{"title":"Oidio Killer - Agrobacterias","robots":{"index":"index","follow":"follow","max-snippet":"max-snippet:-1","max-image-preview":"max-image-preview:large","max-video-preview":"max-video-preview:-1"},"canonical":"https:\/\/agrobacterias.com\/de\/preventivos-y-curativos\/oidio-killer\/","og_locale":"de_DE","og_type":"article","og_title":"Oidio Killer - Agrobacterias","og_url":"https:\/\/agrobacterias.com\/de\/preventivos-y-curativos\/oidio-killer\/","og_site_name":"Agrobacterias","article_modified_time":"2022-01-05T09:35:20+00:00","twitter_card":"summary_large_image","twitter_misc":{"Gesch\u00e4tzte Lesezeit":"2\u00a0Minuten"},"schema":{"@context":"https:\/\/schema.org","@graph":[{"@type":"WebPage","@id":"https:\/\/agrobacterias.com\/preventivos-y-curativos\/oidio-killer\/","url":"https:\/\/agrobacterias.com\/preventivos-y-curativos\/oidio-killer\/","name":"Oidio Killer - Agrobacterias","isPartOf":{"@id":"https:\/\/agrobacterias.com\/#website"},"datePublished":"2021-02-02T11:59:39+00:00","dateModified":"2022-01-05T09:35:20+00:00","breadcrumb":{"@id":"https:\/\/agrobacterias.com\/preventivos-y-curativos\/oidio-killer\/#breadcrumb"},"inLanguage":"de","potentialAction":[{"@type":"ReadAction","target":["https:\/\/agrobacterias.com\/preventivos-y-curativos\/oidio-killer\/"]}]},{"@type":"BreadcrumbList","@id":"https:\/\/agrobacterias.com\/preventivos-y-curativos\/oidio-killer\/#breadcrumb","itemListElement":[{"@type":"ListItem","position":1,"name":"Home","item":"https:\/\/agrobacterias.com\/"},{"@type":"ListItem","position":2,"name":"Preventivos y curativos","item":"https:\/\/agrobacterias.com\/preventivos-y-curativos\/"},{"@type":"ListItem","position":3,"name":"Oidio Killer"}]},{"@type":"WebSite","@id":"https:\/\/agrobacterias.com\/#website","url":"https:\/\/agrobacterias.com\/","name":"Agrobakterien","description":"Biotechnologie im 21. Jahrhundert","potentialAction":[{"@type":"SearchAction","target":{"@type":"EntryPoint","urlTemplate":"https:\/\/agrobacterias.com\/?s={search_term_string}"},"query-input":{"@type":"PropertyValueSpecification","valueRequired":true,"valueName":"search_term_string"}}],"inLanguage":"de"}]}},"_links":{"self":[{"href":"https:\/\/agrobacterias.com\/de\/wp-json\/wp\/v2\/pages\/352","targetHints":{"allow":["GET"]}}],"collection":[{"href":"https:\/\/agrobacterias.com\/de\/wp-json\/wp\/v2\/pages"}],"about":[{"href":"https:\/\/agrobacterias.com\/de\/wp-json\/wp\/v2\/types\/page"}],"author":[{"embeddable":true,"href":"https:\/\/agrobacterias.com\/de\/wp-json\/wp\/v2\/users\/571"}],"replies":[{"embeddable":true,"href":"https:\/\/agrobacterias.com\/de\/wp-json\/wp\/v2\/comments?post=352"}],"version-history":[{"count":3,"href":"https:\/\/agrobacterias.com\/de\/wp-json\/wp\/v2\/pages\/352\/revisions"}],"predecessor-version":[{"id":410,"href":"https:\/\/agrobacterias.com\/de\/wp-json\/wp\/v2\/pages\/352\/revisions\/410"}],"up":[{"embeddable":true,"href":"https:\/\/agrobacterias.com\/de\/wp-json\/wp\/v2\/pages\/106"}],"wp:attachment":[{"href":"https:\/\/agrobacterias.com\/de\/wp-json\/wp\/v2\/media?parent=352"}],"curies":[{"name":"wp","href":"https:\/\/api.w.org\/{rel}","templated":true}]}}