{"id":236,"date":"2021-02-01T16:26:21","date_gmt":"2021-02-01T16:26:21","guid":{"rendered":"https:\/\/agrobacterias.com\/product\/bactomatik-tabs-8-ud\/"},"modified":"2026-04-18T05:09:25","modified_gmt":"2026-04-18T03:09:25","slug":"bactomatik-tabs-8-ud","status":"publish","type":"product","link":"https:\/\/agrobacterias.com\/de\/product\/bactomatik-tabs-8-ud\/","title":{"rendered":"Bactomatik Tabs 8 Stk."},"content":{"rendered":"<p>Bactomatik TABS wird als nat\u00fcrlicher D\u00fcnger f\u00fcr Pflanzen verwendet und kommt ihnen durch verschiedene Mechanismen zugute:<br \/>\n- Erh\u00f6hte Aufnahme von verf\u00fcgbaren und nicht verf\u00fcgbaren N\u00e4hrstoffen<br \/>\n- Die bereitgestellten Mikroorganismen l\u00f6sen Mineralien auf und produzieren aktive Stoffwechselprodukte.<\/p>","protected":false},"excerpt":{"rendered":"<p>ZUSAMMENSETZUNG\/INFORMATIONEN \u00dcBER INHALTSSTOFFE<br \/>\nPGP (Plant Growth Promoting) Bakterienimpfstoff in Tablettenform zur einfachen Anwendung im Boden. Die im Produkt enthaltenen Mikroorganismen wurden NICHT gentechnisch ver\u00e4ndert.<\/p>","protected":false},"featured_media":237,"comment_status":"open","ping_status":"closed","template":"","meta":[],"product_brand":[],"product_cat":[17],"product_tag":[23],"class_list":{"0":"post-236","1":"product","2":"type-product","3":"status-publish","4":"has-post-thumbnail","6":"product_cat-bacterias","7":"product_tag-bactomatik","9":"first","10":"instock","11":"taxable","12":"shipping-taxable","13":"purchasable","14":"product-type-simple"},"yoast_head":"<!-- This site is optimized with the Yoast SEO plugin v27.4 - https:\/\/yoast.com\/product\/yoast-seo-wordpress\/ -->\n<title>Bactomatik Tabs 8 ud. - Agrobacterias<\/title>\n<meta name=\"robots\" content=\"index, follow, max-snippet:-1, max-image-preview:large, max-video-preview:-1\" \/>\n<link rel=\"canonical\" href=\"https:\/\/agrobacterias.com\/de\/product\/bactomatik-tabs-8-ud\/\" \/>\n<meta property=\"og:locale\" content=\"de_DE\" \/>\n<meta property=\"og:type\" content=\"article\" \/>\n<meta property=\"og:title\" content=\"Bactomatik Tabs 8 ud. - Agrobacterias\" \/>\n<meta property=\"og:description\" content=\"COMPOSICI\u00d3N\/INFORMACI\u00d3N SOBRE INGREDIENTES Inoculante de bacterias PGP (Promotoras del crecimiento de las plantas) formulado en comprimidos para su f\u00e1cil aplicaci\u00f3n al suelo. Los microorganismos contenidos en el producto NO han sido modificados gen\u00e9\" \/>\n<meta property=\"og:url\" content=\"https:\/\/agrobacterias.com\/de\/product\/bactomatik-tabs-8-ud\/\" \/>\n<meta property=\"og:site_name\" content=\"Agrobacterias\" \/>\n<meta property=\"article:modified_time\" content=\"2026-04-18T03:09:25+00:00\" \/>\n<meta property=\"og:image\" content=\"https:\/\/agrobacterias.com\/wp-content\/uploads\/2021\/02\/art_12993_1.jpg\" \/>\n\t<meta property=\"og:image:width\" content=\"600\" \/>\n\t<meta property=\"og:image:height\" content=\"600\" \/>\n\t<meta property=\"og:image:type\" content=\"image\/jpeg\" \/>\n<meta name=\"twitter:card\" content=\"summary_large_image\" \/>\n<script type=\"application\/ld+json\" class=\"yoast-schema-graph\">{\"@context\":\"https:\\\/\\\/schema.org\",\"@graph\":[{\"@type\":\"WebPage\",\"@id\":\"https:\\\/\\\/agrobacterias.com\\\/product\\\/bactomatik-tabs-8-ud\\\/\",\"url\":\"https:\\\/\\\/agrobacterias.com\\\/product\\\/bactomatik-tabs-8-ud\\\/\",\"name\":\"Bactomatik Tabs 8 ud. - Agrobacterias\",\"isPartOf\":{\"@id\":\"https:\\\/\\\/agrobacterias.com\\\/#website\"},\"primaryImageOfPage\":{\"@id\":\"https:\\\/\\\/agrobacterias.com\\\/product\\\/bactomatik-tabs-8-ud\\\/#primaryimage\"},\"image\":{\"@id\":\"https:\\\/\\\/agrobacterias.com\\\/product\\\/bactomatik-tabs-8-ud\\\/#primaryimage\"},\"thumbnailUrl\":\"https:\\\/\\\/agrobacterias.com\\\/wp-content\\\/uploads\\\/2021\\\/02\\\/art_12993_1.jpg\",\"datePublished\":\"2021-02-01T16:26:21+00:00\",\"dateModified\":\"2026-04-18T03:09:25+00:00\",\"breadcrumb\":{\"@id\":\"https:\\\/\\\/agrobacterias.com\\\/product\\\/bactomatik-tabs-8-ud\\\/#breadcrumb\"},\"inLanguage\":\"de\",\"potentialAction\":[{\"@type\":\"ReadAction\",\"target\":[\"https:\\\/\\\/agrobacterias.com\\\/product\\\/bactomatik-tabs-8-ud\\\/\"]}]},{\"@type\":\"ImageObject\",\"inLanguage\":\"de\",\"@id\":\"https:\\\/\\\/agrobacterias.com\\\/product\\\/bactomatik-tabs-8-ud\\\/#primaryimage\",\"url\":\"https:\\\/\\\/agrobacterias.com\\\/wp-content\\\/uploads\\\/2021\\\/02\\\/art_12993_1.jpg\",\"contentUrl\":\"https:\\\/\\\/agrobacterias.com\\\/wp-content\\\/uploads\\\/2021\\\/02\\\/art_12993_1.jpg\",\"width\":600,\"height\":600,\"caption\":\"Bactomatik_Tabs_8_ud.\"},{\"@type\":\"BreadcrumbList\",\"@id\":\"https:\\\/\\\/agrobacterias.com\\\/product\\\/bactomatik-tabs-8-ud\\\/#breadcrumb\",\"itemListElement\":[{\"@type\":\"ListItem\",\"position\":1,\"name\":\"Home\",\"item\":\"https:\\\/\\\/agrobacterias.com\\\/\"},{\"@type\":\"ListItem\",\"position\":2,\"name\":\"Tienda\",\"item\":\"https:\\\/\\\/agrobacterias.com\\\/tienda\\\/\"},{\"@type\":\"ListItem\",\"position\":3,\"name\":\"Bactomatik Tabs 8 ud.\"}]},{\"@type\":\"WebSite\",\"@id\":\"https:\\\/\\\/agrobacterias.com\\\/#website\",\"url\":\"https:\\\/\\\/agrobacterias.com\\\/\",\"name\":\"Agrobacterias\",\"description\":\"Biotecnolog\u00eda del Siglo XXI\",\"potentialAction\":[{\"@type\":\"SearchAction\",\"target\":{\"@type\":\"EntryPoint\",\"urlTemplate\":\"https:\\\/\\\/agrobacterias.com\\\/?s={search_term_string}\"},\"query-input\":{\"@type\":\"PropertyValueSpecification\",\"valueRequired\":true,\"valueName\":\"search_term_string\"}}],\"inLanguage\":\"de\"}]}<\/script>\n<!-- \/ Yoast SEO plugin. -->","yoast_head_json":{"title":"Bactomatik Tabs 8 ud. - Agrobacterias","robots":{"index":"index","follow":"follow","max-snippet":"max-snippet:-1","max-image-preview":"max-image-preview:large","max-video-preview":"max-video-preview:-1"},"canonical":"https:\/\/agrobacterias.com\/de\/product\/bactomatik-tabs-8-ud\/","og_locale":"de_DE","og_type":"article","og_title":"Bactomatik Tabs 8 ud. - Agrobacterias","og_description":"COMPOSICI\u00d3N\/INFORMACI\u00d3N SOBRE INGREDIENTES Inoculante de bacterias PGP (Promotoras del crecimiento de las plantas) formulado en comprimidos para su f\u00e1cil aplicaci\u00f3n al suelo. Los microorganismos contenidos en el producto NO han sido modificados gen\u00e9","og_url":"https:\/\/agrobacterias.com\/de\/product\/bactomatik-tabs-8-ud\/","og_site_name":"Agrobacterias","article_modified_time":"2026-04-18T03:09:25+00:00","og_image":[{"width":600,"height":600,"url":"https:\/\/agrobacterias.com\/wp-content\/uploads\/2021\/02\/art_12993_1.jpg","type":"image\/jpeg"}],"twitter_card":"summary_large_image","schema":{"@context":"https:\/\/schema.org","@graph":[{"@type":"WebPage","@id":"https:\/\/agrobacterias.com\/product\/bactomatik-tabs-8-ud\/","url":"https:\/\/agrobacterias.com\/product\/bactomatik-tabs-8-ud\/","name":"Bactomatik Tabs 8 ud. - Agrobacterias","isPartOf":{"@id":"https:\/\/agrobacterias.com\/#website"},"primaryImageOfPage":{"@id":"https:\/\/agrobacterias.com\/product\/bactomatik-tabs-8-ud\/#primaryimage"},"image":{"@id":"https:\/\/agrobacterias.com\/product\/bactomatik-tabs-8-ud\/#primaryimage"},"thumbnailUrl":"https:\/\/agrobacterias.com\/wp-content\/uploads\/2021\/02\/art_12993_1.jpg","datePublished":"2021-02-01T16:26:21+00:00","dateModified":"2026-04-18T03:09:25+00:00","breadcrumb":{"@id":"https:\/\/agrobacterias.com\/product\/bactomatik-tabs-8-ud\/#breadcrumb"},"inLanguage":"de","potentialAction":[{"@type":"ReadAction","target":["https:\/\/agrobacterias.com\/product\/bactomatik-tabs-8-ud\/"]}]},{"@type":"ImageObject","inLanguage":"de","@id":"https:\/\/agrobacterias.com\/product\/bactomatik-tabs-8-ud\/#primaryimage","url":"https:\/\/agrobacterias.com\/wp-content\/uploads\/2021\/02\/art_12993_1.jpg","contentUrl":"https:\/\/agrobacterias.com\/wp-content\/uploads\/2021\/02\/art_12993_1.jpg","width":600,"height":600,"caption":"Bactomatik_Tabs_8_ud."},{"@type":"BreadcrumbList","@id":"https:\/\/agrobacterias.com\/product\/bactomatik-tabs-8-ud\/#breadcrumb","itemListElement":[{"@type":"ListItem","position":1,"name":"Home","item":"https:\/\/agrobacterias.com\/"},{"@type":"ListItem","position":2,"name":"Tienda","item":"https:\/\/agrobacterias.com\/tienda\/"},{"@type":"ListItem","position":3,"name":"Bactomatik Tabs 8 ud."}]},{"@type":"WebSite","@id":"https:\/\/agrobacterias.com\/#website","url":"https:\/\/agrobacterias.com\/","name":"Agrobakterien","description":"Biotechnologie im 21. Jahrhundert","potentialAction":[{"@type":"SearchAction","target":{"@type":"EntryPoint","urlTemplate":"https:\/\/agrobacterias.com\/?s={search_term_string}"},"query-input":{"@type":"PropertyValueSpecification","valueRequired":true,"valueName":"search_term_string"}}],"inLanguage":"de"}]}},"_links":{"self":[{"href":"https:\/\/agrobacterias.com\/de\/wp-json\/wp\/v2\/product\/236","targetHints":{"allow":["GET"]}}],"collection":[{"href":"https:\/\/agrobacterias.com\/de\/wp-json\/wp\/v2\/product"}],"about":[{"href":"https:\/\/agrobacterias.com\/de\/wp-json\/wp\/v2\/types\/product"}],"replies":[{"embeddable":true,"href":"https:\/\/agrobacterias.com\/de\/wp-json\/wp\/v2\/comments?post=236"}],"wp:featuredmedia":[{"embeddable":true,"href":"https:\/\/agrobacterias.com\/de\/wp-json\/wp\/v2\/media\/237"}],"wp:attachment":[{"href":"https:\/\/agrobacterias.com\/de\/wp-json\/wp\/v2\/media?parent=236"}],"wp:term":[{"taxonomy":"product_brand","embeddable":true,"href":"https:\/\/agrobacterias.com\/de\/wp-json\/wp\/v2\/product_brand?post=236"},{"taxonomy":"product_cat","embeddable":true,"href":"https:\/\/agrobacterias.com\/de\/wp-json\/wp\/v2\/product_cat?post=236"},{"taxonomy":"product_tag","embeddable":true,"href":"https:\/\/agrobacterias.com\/de\/wp-json\/wp\/v2\/product_tag?post=236"}],"curies":[{"name":"wp","href":"https:\/\/api.w.org\/{rel}","templated":true}]}}