{"id":254,"date":"2021-02-01T16:26:21","date_gmt":"2021-02-01T16:26:21","guid":{"rendered":"https:\/\/agrobacterias.com\/product\/bactomatik-250-gr\/"},"modified":"2026-04-18T05:09:25","modified_gmt":"2026-04-18T03:09:25","slug":"bactomatik-250-gr","status":"publish","type":"product","link":"https:\/\/agrobacterias.com\/de\/product\/bactomatik-250-gr\/","title":{"rendered":"Bactomatik 250g"},"content":{"rendered":"<p>Bactomatik ist eine Mischung aus Bakterien, die in Symbiose mit den Pflanzenwurzeln leben und ihnen zahlreiche Vorteile bieten.<\/p>","protected":false},"excerpt":{"rendered":"<p>ZUSAMMENSETZUNG: Paenibacillus azotoformans, Bacillus azotofixans, B. coagulans, B. megaterium, Lactobacillus acidophilus, B. pumilus und Sacharomyces cerevisiae.<br \/>\nANWENDUNG: Bei der Bew\u00e4sserung anwenden. Verd\u00fcnnen Sie den Inhalt des Beh\u00e4lters (250g) in 100 Liter Wasser oder ein<\/p>","protected":false},"featured_media":255,"comment_status":"open","ping_status":"closed","template":"","meta":[],"product_brand":[],"product_cat":[17],"product_tag":[23],"class_list":{"0":"post-254","1":"product","2":"type-product","3":"status-publish","4":"has-post-thumbnail","6":"product_cat-bacterias","7":"product_tag-bactomatik","9":"first","10":"instock","11":"taxable","12":"shipping-taxable","13":"purchasable","14":"product-type-simple"},"yoast_head":"<!-- This site is optimized with the Yoast SEO plugin v27.4 - https:\/\/yoast.com\/product\/yoast-seo-wordpress\/ -->\n<title>Bactomatik 250g - Agrobacterias<\/title>\n<meta name=\"robots\" content=\"index, follow, max-snippet:-1, max-image-preview:large, max-video-preview:-1\" \/>\n<link rel=\"canonical\" href=\"https:\/\/agrobacterias.com\/de\/product\/bactomatik-250-gr\/\" \/>\n<meta property=\"og:locale\" content=\"de_DE\" \/>\n<meta property=\"og:type\" content=\"article\" \/>\n<meta property=\"og:title\" content=\"Bactomatik 250g - Agrobacterias\" \/>\n<meta property=\"og:description\" content=\"COMPOSICI\u00d3N: Paenibacillus azotoformans, Bacillus azotofixans, B. coagulans, B. megaterium, LactobacilLus acidophilus, B. pumilus y Sacharomyces cerevisiae. USO: Aplicar en Riego. Diluir el contenido del envase (250g) en 100 litros de agua o bien un\" \/>\n<meta property=\"og:url\" content=\"https:\/\/agrobacterias.com\/de\/product\/bactomatik-250-gr\/\" \/>\n<meta property=\"og:site_name\" content=\"Agrobacterias\" \/>\n<meta property=\"article:modified_time\" content=\"2026-04-18T03:09:25+00:00\" \/>\n<meta property=\"og:image\" content=\"https:\/\/agrobacterias.com\/wp-content\/uploads\/2021\/02\/art_5114_1.jpg\" \/>\n\t<meta property=\"og:image:width\" content=\"600\" \/>\n\t<meta property=\"og:image:height\" content=\"600\" \/>\n\t<meta property=\"og:image:type\" content=\"image\/jpeg\" \/>\n<meta name=\"twitter:card\" content=\"summary_large_image\" \/>\n<script type=\"application\/ld+json\" class=\"yoast-schema-graph\">{\"@context\":\"https:\\\/\\\/schema.org\",\"@graph\":[{\"@type\":\"WebPage\",\"@id\":\"https:\\\/\\\/agrobacterias.com\\\/product\\\/bactomatik-250-gr\\\/\",\"url\":\"https:\\\/\\\/agrobacterias.com\\\/product\\\/bactomatik-250-gr\\\/\",\"name\":\"Bactomatik 250g - Agrobacterias\",\"isPartOf\":{\"@id\":\"https:\\\/\\\/agrobacterias.com\\\/#website\"},\"primaryImageOfPage\":{\"@id\":\"https:\\\/\\\/agrobacterias.com\\\/product\\\/bactomatik-250-gr\\\/#primaryimage\"},\"image\":{\"@id\":\"https:\\\/\\\/agrobacterias.com\\\/product\\\/bactomatik-250-gr\\\/#primaryimage\"},\"thumbnailUrl\":\"https:\\\/\\\/agrobacterias.com\\\/wp-content\\\/uploads\\\/2021\\\/02\\\/art_5114_1.jpg\",\"datePublished\":\"2021-02-01T16:26:21+00:00\",\"dateModified\":\"2026-04-18T03:09:25+00:00\",\"breadcrumb\":{\"@id\":\"https:\\\/\\\/agrobacterias.com\\\/product\\\/bactomatik-250-gr\\\/#breadcrumb\"},\"inLanguage\":\"de\",\"potentialAction\":[{\"@type\":\"ReadAction\",\"target\":[\"https:\\\/\\\/agrobacterias.com\\\/product\\\/bactomatik-250-gr\\\/\"]}]},{\"@type\":\"ImageObject\",\"inLanguage\":\"de\",\"@id\":\"https:\\\/\\\/agrobacterias.com\\\/product\\\/bactomatik-250-gr\\\/#primaryimage\",\"url\":\"https:\\\/\\\/agrobacterias.com\\\/wp-content\\\/uploads\\\/2021\\\/02\\\/art_5114_1.jpg\",\"contentUrl\":\"https:\\\/\\\/agrobacterias.com\\\/wp-content\\\/uploads\\\/2021\\\/02\\\/art_5114_1.jpg\",\"width\":600,\"height\":600,\"caption\":\"Bactomatik_250_g\"},{\"@type\":\"BreadcrumbList\",\"@id\":\"https:\\\/\\\/agrobacterias.com\\\/product\\\/bactomatik-250-gr\\\/#breadcrumb\",\"itemListElement\":[{\"@type\":\"ListItem\",\"position\":1,\"name\":\"Home\",\"item\":\"https:\\\/\\\/agrobacterias.com\\\/\"},{\"@type\":\"ListItem\",\"position\":2,\"name\":\"Tienda\",\"item\":\"https:\\\/\\\/agrobacterias.com\\\/tienda\\\/\"},{\"@type\":\"ListItem\",\"position\":3,\"name\":\"Bactomatik 250g\"}]},{\"@type\":\"WebSite\",\"@id\":\"https:\\\/\\\/agrobacterias.com\\\/#website\",\"url\":\"https:\\\/\\\/agrobacterias.com\\\/\",\"name\":\"Agrobacterias\",\"description\":\"Biotecnolog\u00eda del Siglo XXI\",\"potentialAction\":[{\"@type\":\"SearchAction\",\"target\":{\"@type\":\"EntryPoint\",\"urlTemplate\":\"https:\\\/\\\/agrobacterias.com\\\/?s={search_term_string}\"},\"query-input\":{\"@type\":\"PropertyValueSpecification\",\"valueRequired\":true,\"valueName\":\"search_term_string\"}}],\"inLanguage\":\"de\"}]}<\/script>\n<!-- \/ Yoast SEO plugin. -->","yoast_head_json":{"title":"Bactomatik 250g - Agrobacterias","robots":{"index":"index","follow":"follow","max-snippet":"max-snippet:-1","max-image-preview":"max-image-preview:large","max-video-preview":"max-video-preview:-1"},"canonical":"https:\/\/agrobacterias.com\/de\/product\/bactomatik-250-gr\/","og_locale":"de_DE","og_type":"article","og_title":"Bactomatik 250g - Agrobacterias","og_description":"COMPOSICI\u00d3N: Paenibacillus azotoformans, Bacillus azotofixans, B. coagulans, B. megaterium, LactobacilLus acidophilus, B. pumilus y Sacharomyces cerevisiae. USO: Aplicar en Riego. Diluir el contenido del envase (250g) en 100 litros de agua o bien un","og_url":"https:\/\/agrobacterias.com\/de\/product\/bactomatik-250-gr\/","og_site_name":"Agrobacterias","article_modified_time":"2026-04-18T03:09:25+00:00","og_image":[{"width":600,"height":600,"url":"https:\/\/agrobacterias.com\/wp-content\/uploads\/2021\/02\/art_5114_1.jpg","type":"image\/jpeg"}],"twitter_card":"summary_large_image","schema":{"@context":"https:\/\/schema.org","@graph":[{"@type":"WebPage","@id":"https:\/\/agrobacterias.com\/product\/bactomatik-250-gr\/","url":"https:\/\/agrobacterias.com\/product\/bactomatik-250-gr\/","name":"Bactomatik 250g - Agrobacterias","isPartOf":{"@id":"https:\/\/agrobacterias.com\/#website"},"primaryImageOfPage":{"@id":"https:\/\/agrobacterias.com\/product\/bactomatik-250-gr\/#primaryimage"},"image":{"@id":"https:\/\/agrobacterias.com\/product\/bactomatik-250-gr\/#primaryimage"},"thumbnailUrl":"https:\/\/agrobacterias.com\/wp-content\/uploads\/2021\/02\/art_5114_1.jpg","datePublished":"2021-02-01T16:26:21+00:00","dateModified":"2026-04-18T03:09:25+00:00","breadcrumb":{"@id":"https:\/\/agrobacterias.com\/product\/bactomatik-250-gr\/#breadcrumb"},"inLanguage":"de","potentialAction":[{"@type":"ReadAction","target":["https:\/\/agrobacterias.com\/product\/bactomatik-250-gr\/"]}]},{"@type":"ImageObject","inLanguage":"de","@id":"https:\/\/agrobacterias.com\/product\/bactomatik-250-gr\/#primaryimage","url":"https:\/\/agrobacterias.com\/wp-content\/uploads\/2021\/02\/art_5114_1.jpg","contentUrl":"https:\/\/agrobacterias.com\/wp-content\/uploads\/2021\/02\/art_5114_1.jpg","width":600,"height":600,"caption":"Bactomatik_250_g"},{"@type":"BreadcrumbList","@id":"https:\/\/agrobacterias.com\/product\/bactomatik-250-gr\/#breadcrumb","itemListElement":[{"@type":"ListItem","position":1,"name":"Home","item":"https:\/\/agrobacterias.com\/"},{"@type":"ListItem","position":2,"name":"Tienda","item":"https:\/\/agrobacterias.com\/tienda\/"},{"@type":"ListItem","position":3,"name":"Bactomatik 250g"}]},{"@type":"WebSite","@id":"https:\/\/agrobacterias.com\/#website","url":"https:\/\/agrobacterias.com\/","name":"Agrobakterien","description":"Biotechnologie im 21. Jahrhundert","potentialAction":[{"@type":"SearchAction","target":{"@type":"EntryPoint","urlTemplate":"https:\/\/agrobacterias.com\/?s={search_term_string}"},"query-input":{"@type":"PropertyValueSpecification","valueRequired":true,"valueName":"search_term_string"}}],"inLanguage":"de"}]}},"_links":{"self":[{"href":"https:\/\/agrobacterias.com\/de\/wp-json\/wp\/v2\/product\/254","targetHints":{"allow":["GET"]}}],"collection":[{"href":"https:\/\/agrobacterias.com\/de\/wp-json\/wp\/v2\/product"}],"about":[{"href":"https:\/\/agrobacterias.com\/de\/wp-json\/wp\/v2\/types\/product"}],"replies":[{"embeddable":true,"href":"https:\/\/agrobacterias.com\/de\/wp-json\/wp\/v2\/comments?post=254"}],"wp:featuredmedia":[{"embeddable":true,"href":"https:\/\/agrobacterias.com\/de\/wp-json\/wp\/v2\/media\/255"}],"wp:attachment":[{"href":"https:\/\/agrobacterias.com\/de\/wp-json\/wp\/v2\/media?parent=254"}],"wp:term":[{"taxonomy":"product_brand","embeddable":true,"href":"https:\/\/agrobacterias.com\/de\/wp-json\/wp\/v2\/product_brand?post=254"},{"taxonomy":"product_cat","embeddable":true,"href":"https:\/\/agrobacterias.com\/de\/wp-json\/wp\/v2\/product_cat?post=254"},{"taxonomy":"product_tag","embeddable":true,"href":"https:\/\/agrobacterias.com\/de\/wp-json\/wp\/v2\/product_tag?post=254"}],"curies":[{"name":"wp","href":"https:\/\/api.w.org\/{rel}","templated":true}]}}