{"id":268,"date":"2021-02-01T16:26:21","date_gmt":"2021-02-01T16:26:21","guid":{"rendered":"https:\/\/agrobacterias.com\/product\/muskaria-60-ml\/"},"modified":"2026-04-17T05:07:28","modified_gmt":"2026-04-17T03:07:28","slug":"muskaria-60-ml","status":"publish","type":"product","link":"https:\/\/agrobacterias.com\/de\/product\/muskaria-60-ml\/","title":{"rendered":"Muskaria 60ml"},"content":{"rendered":"<p>Mikroelemente, die mit organischen S\u00e4uren und Aminos\u00e4uren pflanzlichen Ursprungs komplexiert sind. Seine erfolgreiche Kombination erm\u00f6glicht es der Pflanze, schnell von Stress und die Physiopathologien durch Pilzkrankheiten auf den Bl\u00e4ttern der Pflanze verursacht erholen.<\/p>","protected":false},"excerpt":{"rendered":"<p>Mikroelemente, die mit organischen S\u00e4uren und Aminos\u00e4uren pflanzlichen Ursprungs komplexiert sind. Seine erfolgreiche Kombination erm\u00f6glicht es der Pflanze, schnell von Stress und die Physiopathologien durch Pilzkrankheiten auf den Bl\u00e4ttern der Pflanze verursacht erholen.<\/p>","protected":false},"featured_media":269,"comment_status":"open","ping_status":"closed","template":"","meta":[],"product_brand":[],"product_cat":[18],"product_tag":[32],"class_list":{"0":"post-268","1":"product","2":"type-product","3":"status-publish","4":"has-post-thumbnail","6":"product_cat-preventivos-y-curativos","7":"product_tag-muscaria","9":"first","10":"instock","11":"taxable","12":"shipping-taxable","13":"purchasable","14":"product-type-simple"},"yoast_head":"<!-- This site is optimized with the Yoast SEO plugin v27.4 - https:\/\/yoast.com\/product\/yoast-seo-wordpress\/ -->\n<title>Muskaria 60ml - Agrobacterias<\/title>\n<meta name=\"robots\" content=\"index, follow, max-snippet:-1, max-image-preview:large, max-video-preview:-1\" \/>\n<link rel=\"canonical\" href=\"https:\/\/agrobacterias.com\/de\/product\/muskaria-60-ml\/\" \/>\n<meta property=\"og:locale\" content=\"de_DE\" \/>\n<meta property=\"og:type\" content=\"article\" \/>\n<meta property=\"og:title\" content=\"Muskaria 60ml - Agrobacterias\" \/>\n<meta property=\"og:description\" content=\"Microelementos complejados con \u00e1cidos org\u00e1nicos y amino\u00e1cidos de procedencia vegetal. Su lograda combici\u00f3n permite una r\u00e1pida recuperaci\u00f3n de la planta ante el estr\u00e9s y las fisiopat\u00edas que producen las enfermedades f\u00fangicas en las hojas de las planta\" \/>\n<meta property=\"og:url\" content=\"https:\/\/agrobacterias.com\/de\/product\/muskaria-60-ml\/\" \/>\n<meta property=\"og:site_name\" content=\"Agrobacterias\" \/>\n<meta property=\"article:modified_time\" content=\"2026-04-17T03:07:28+00:00\" \/>\n<meta property=\"og:image\" content=\"https:\/\/agrobacterias.com\/wp-content\/uploads\/2021\/02\/art_5219_1.jpg\" \/>\n\t<meta property=\"og:image:width\" content=\"600\" \/>\n\t<meta property=\"og:image:height\" content=\"600\" \/>\n\t<meta property=\"og:image:type\" content=\"image\/jpeg\" \/>\n<meta name=\"twitter:card\" content=\"summary_large_image\" \/>\n<script type=\"application\/ld+json\" class=\"yoast-schema-graph\">{\"@context\":\"https:\\\/\\\/schema.org\",\"@graph\":[{\"@type\":\"WebPage\",\"@id\":\"https:\\\/\\\/agrobacterias.com\\\/product\\\/muskaria-60-ml\\\/\",\"url\":\"https:\\\/\\\/agrobacterias.com\\\/product\\\/muskaria-60-ml\\\/\",\"name\":\"Muskaria 60ml - Agrobacterias\",\"isPartOf\":{\"@id\":\"https:\\\/\\\/agrobacterias.com\\\/#website\"},\"primaryImageOfPage\":{\"@id\":\"https:\\\/\\\/agrobacterias.com\\\/product\\\/muskaria-60-ml\\\/#primaryimage\"},\"image\":{\"@id\":\"https:\\\/\\\/agrobacterias.com\\\/product\\\/muskaria-60-ml\\\/#primaryimage\"},\"thumbnailUrl\":\"https:\\\/\\\/agrobacterias.com\\\/wp-content\\\/uploads\\\/2021\\\/02\\\/art_5219_1.jpg\",\"datePublished\":\"2021-02-01T16:26:21+00:00\",\"dateModified\":\"2026-04-17T03:07:28+00:00\",\"breadcrumb\":{\"@id\":\"https:\\\/\\\/agrobacterias.com\\\/product\\\/muskaria-60-ml\\\/#breadcrumb\"},\"inLanguage\":\"de\",\"potentialAction\":[{\"@type\":\"ReadAction\",\"target\":[\"https:\\\/\\\/agrobacterias.com\\\/product\\\/muskaria-60-ml\\\/\"]}]},{\"@type\":\"ImageObject\",\"inLanguage\":\"de\",\"@id\":\"https:\\\/\\\/agrobacterias.com\\\/product\\\/muskaria-60-ml\\\/#primaryimage\",\"url\":\"https:\\\/\\\/agrobacterias.com\\\/wp-content\\\/uploads\\\/2021\\\/02\\\/art_5219_1.jpg\",\"contentUrl\":\"https:\\\/\\\/agrobacterias.com\\\/wp-content\\\/uploads\\\/2021\\\/02\\\/art_5219_1.jpg\",\"width\":600,\"height\":600,\"caption\":\"Muskaria_60_ml.\"},{\"@type\":\"BreadcrumbList\",\"@id\":\"https:\\\/\\\/agrobacterias.com\\\/product\\\/muskaria-60-ml\\\/#breadcrumb\",\"itemListElement\":[{\"@type\":\"ListItem\",\"position\":1,\"name\":\"Home\",\"item\":\"https:\\\/\\\/agrobacterias.com\\\/\"},{\"@type\":\"ListItem\",\"position\":2,\"name\":\"Tienda\",\"item\":\"https:\\\/\\\/agrobacterias.com\\\/tienda\\\/\"},{\"@type\":\"ListItem\",\"position\":3,\"name\":\"Muskaria 60ml\"}]},{\"@type\":\"WebSite\",\"@id\":\"https:\\\/\\\/agrobacterias.com\\\/#website\",\"url\":\"https:\\\/\\\/agrobacterias.com\\\/\",\"name\":\"Agrobacterias\",\"description\":\"Biotecnolog\u00eda del Siglo XXI\",\"potentialAction\":[{\"@type\":\"SearchAction\",\"target\":{\"@type\":\"EntryPoint\",\"urlTemplate\":\"https:\\\/\\\/agrobacterias.com\\\/?s={search_term_string}\"},\"query-input\":{\"@type\":\"PropertyValueSpecification\",\"valueRequired\":true,\"valueName\":\"search_term_string\"}}],\"inLanguage\":\"de\"}]}<\/script>\n<!-- \/ Yoast SEO plugin. -->","yoast_head_json":{"title":"Muskaria 60ml - Agrobacterias","robots":{"index":"index","follow":"follow","max-snippet":"max-snippet:-1","max-image-preview":"max-image-preview:large","max-video-preview":"max-video-preview:-1"},"canonical":"https:\/\/agrobacterias.com\/de\/product\/muskaria-60-ml\/","og_locale":"de_DE","og_type":"article","og_title":"Muskaria 60ml - Agrobacterias","og_description":"Microelementos complejados con \u00e1cidos org\u00e1nicos y amino\u00e1cidos de procedencia vegetal. Su lograda combici\u00f3n permite una r\u00e1pida recuperaci\u00f3n de la planta ante el estr\u00e9s y las fisiopat\u00edas que producen las enfermedades f\u00fangicas en las hojas de las planta","og_url":"https:\/\/agrobacterias.com\/de\/product\/muskaria-60-ml\/","og_site_name":"Agrobacterias","article_modified_time":"2026-04-17T03:07:28+00:00","og_image":[{"width":600,"height":600,"url":"https:\/\/agrobacterias.com\/wp-content\/uploads\/2021\/02\/art_5219_1.jpg","type":"image\/jpeg"}],"twitter_card":"summary_large_image","schema":{"@context":"https:\/\/schema.org","@graph":[{"@type":"WebPage","@id":"https:\/\/agrobacterias.com\/product\/muskaria-60-ml\/","url":"https:\/\/agrobacterias.com\/product\/muskaria-60-ml\/","name":"Muskaria 60ml - Agrobacterias","isPartOf":{"@id":"https:\/\/agrobacterias.com\/#website"},"primaryImageOfPage":{"@id":"https:\/\/agrobacterias.com\/product\/muskaria-60-ml\/#primaryimage"},"image":{"@id":"https:\/\/agrobacterias.com\/product\/muskaria-60-ml\/#primaryimage"},"thumbnailUrl":"https:\/\/agrobacterias.com\/wp-content\/uploads\/2021\/02\/art_5219_1.jpg","datePublished":"2021-02-01T16:26:21+00:00","dateModified":"2026-04-17T03:07:28+00:00","breadcrumb":{"@id":"https:\/\/agrobacterias.com\/product\/muskaria-60-ml\/#breadcrumb"},"inLanguage":"de","potentialAction":[{"@type":"ReadAction","target":["https:\/\/agrobacterias.com\/product\/muskaria-60-ml\/"]}]},{"@type":"ImageObject","inLanguage":"de","@id":"https:\/\/agrobacterias.com\/product\/muskaria-60-ml\/#primaryimage","url":"https:\/\/agrobacterias.com\/wp-content\/uploads\/2021\/02\/art_5219_1.jpg","contentUrl":"https:\/\/agrobacterias.com\/wp-content\/uploads\/2021\/02\/art_5219_1.jpg","width":600,"height":600,"caption":"Muskaria_60_ml."},{"@type":"BreadcrumbList","@id":"https:\/\/agrobacterias.com\/product\/muskaria-60-ml\/#breadcrumb","itemListElement":[{"@type":"ListItem","position":1,"name":"Home","item":"https:\/\/agrobacterias.com\/"},{"@type":"ListItem","position":2,"name":"Tienda","item":"https:\/\/agrobacterias.com\/tienda\/"},{"@type":"ListItem","position":3,"name":"Muskaria 60ml"}]},{"@type":"WebSite","@id":"https:\/\/agrobacterias.com\/#website","url":"https:\/\/agrobacterias.com\/","name":"Agrobakterien","description":"Biotechnologie im 21. Jahrhundert","potentialAction":[{"@type":"SearchAction","target":{"@type":"EntryPoint","urlTemplate":"https:\/\/agrobacterias.com\/?s={search_term_string}"},"query-input":{"@type":"PropertyValueSpecification","valueRequired":true,"valueName":"search_term_string"}}],"inLanguage":"de"}]}},"_links":{"self":[{"href":"https:\/\/agrobacterias.com\/de\/wp-json\/wp\/v2\/product\/268","targetHints":{"allow":["GET"]}}],"collection":[{"href":"https:\/\/agrobacterias.com\/de\/wp-json\/wp\/v2\/product"}],"about":[{"href":"https:\/\/agrobacterias.com\/de\/wp-json\/wp\/v2\/types\/product"}],"replies":[{"embeddable":true,"href":"https:\/\/agrobacterias.com\/de\/wp-json\/wp\/v2\/comments?post=268"}],"wp:featuredmedia":[{"embeddable":true,"href":"https:\/\/agrobacterias.com\/de\/wp-json\/wp\/v2\/media\/269"}],"wp:attachment":[{"href":"https:\/\/agrobacterias.com\/de\/wp-json\/wp\/v2\/media?parent=268"}],"wp:term":[{"taxonomy":"product_brand","embeddable":true,"href":"https:\/\/agrobacterias.com\/de\/wp-json\/wp\/v2\/product_brand?post=268"},{"taxonomy":"product_cat","embeddable":true,"href":"https:\/\/agrobacterias.com\/de\/wp-json\/wp\/v2\/product_cat?post=268"},{"taxonomy":"product_tag","embeddable":true,"href":"https:\/\/agrobacterias.com\/de\/wp-json\/wp\/v2\/product_tag?post=268"}],"curies":[{"name":"wp","href":"https:\/\/api.w.org\/{rel}","templated":true}]}}