{"id":270,"date":"2021-02-01T16:26:21","date_gmt":"2021-02-01T16:26:21","guid":{"rendered":"https:\/\/agrobacterias.com\/product\/total-explosion-60-ml\/"},"modified":"2026-05-02T05:04:41","modified_gmt":"2026-05-02T03:04:41","slug":"total-explosion-60-ml","status":"publish","type":"product","link":"https:\/\/agrobacterias.com\/de\/product\/total-explosion-60-ml\/","title":{"rendered":"Totale Explosion 60ml"},"content":{"rendered":"<p>\u00d6kologisches Hilfsmittel f\u00fcr die Konditionierung von Br\u00fchen und ein leistungsf\u00e4higes Reinigungsmittel f\u00fcr die Melasse, die von Schadinsekten auf den Bl\u00e4ttern der Pflanzen produziert wird, und das deren Beseitigung durch Waschen erleichtert. Die in der Formulierung enthaltenen Aminos\u00e4uren verleihen dem Produkt<\/p>","protected":false},"excerpt":{"rendered":"<p>\u00d6kologisches Hilfsmittel f\u00fcr die Konditionierung von Br\u00fchen und ein leistungsf\u00e4higes Reinigungsmittel f\u00fcr die Melasse, die von Schadinsekten auf den Bl\u00e4ttern der Pflanzen produziert wird, und das deren Beseitigung durch Waschen erleichtert. Die in der Formulierung enthaltenen Aminos\u00e4uren verleihen dem Produkt<\/p>","protected":false},"featured_media":271,"comment_status":"open","ping_status":"closed","template":"","meta":[],"product_brand":[],"product_cat":[18],"product_tag":[31],"class_list":{"0":"post-270","1":"product","2":"type-product","3":"status-publish","4":"has-post-thumbnail","6":"product_cat-preventivos-y-curativos","7":"product_tag-total-explosion","9":"first","10":"instock","11":"taxable","12":"shipping-taxable","13":"purchasable","14":"product-type-simple"},"yoast_head":"<!-- This site is optimized with the Yoast SEO plugin v27.5 - https:\/\/yoast.com\/product\/yoast-seo-wordpress\/ -->\n<title>Total Explosion 60ml - Agrobacterias<\/title>\n<meta name=\"robots\" content=\"index, follow, max-snippet:-1, max-image-preview:large, max-video-preview:-1\" \/>\n<link rel=\"canonical\" href=\"https:\/\/agrobacterias.com\/de\/product\/total-explosion-60-ml\/\" \/>\n<meta property=\"og:locale\" content=\"de_DE\" \/>\n<meta property=\"og:type\" content=\"article\" \/>\n<meta property=\"og:title\" content=\"Total Explosion 60ml - Agrobacterias\" \/>\n<meta property=\"og:description\" content=\"Ayudante ecol\u00f3gico acondicionador de caldos y un potente limpiador de las melazas producidas por los insectos plaga sobre las hojas de las plantas, facilitando su eliminaci\u00f3n con los lavados. Los amino\u00e1cidos contenidos en la formulaci\u00f3n le confieren\" \/>\n<meta property=\"og:url\" content=\"https:\/\/agrobacterias.com\/de\/product\/total-explosion-60-ml\/\" \/>\n<meta property=\"og:site_name\" content=\"Agrobacterias\" \/>\n<meta property=\"article:modified_time\" content=\"2026-05-02T03:04:41+00:00\" \/>\n<meta property=\"og:image\" content=\"https:\/\/agrobacterias.com\/wp-content\/uploads\/2021\/02\/art_5220_1.jpg\" \/>\n\t<meta property=\"og:image:width\" content=\"600\" \/>\n\t<meta property=\"og:image:height\" content=\"600\" \/>\n\t<meta property=\"og:image:type\" content=\"image\/jpeg\" \/>\n<meta name=\"twitter:card\" content=\"summary_large_image\" \/>\n<script type=\"application\/ld+json\" class=\"yoast-schema-graph\">{\"@context\":\"https:\\\/\\\/schema.org\",\"@graph\":[{\"@type\":\"WebPage\",\"@id\":\"https:\\\/\\\/agrobacterias.com\\\/product\\\/total-explosion-60-ml\\\/\",\"url\":\"https:\\\/\\\/agrobacterias.com\\\/product\\\/total-explosion-60-ml\\\/\",\"name\":\"Total Explosion 60ml - Agrobacterias\",\"isPartOf\":{\"@id\":\"https:\\\/\\\/agrobacterias.com\\\/#website\"},\"primaryImageOfPage\":{\"@id\":\"https:\\\/\\\/agrobacterias.com\\\/product\\\/total-explosion-60-ml\\\/#primaryimage\"},\"image\":{\"@id\":\"https:\\\/\\\/agrobacterias.com\\\/product\\\/total-explosion-60-ml\\\/#primaryimage\"},\"thumbnailUrl\":\"https:\\\/\\\/agrobacterias.com\\\/wp-content\\\/uploads\\\/2021\\\/02\\\/art_5220_1.jpg\",\"datePublished\":\"2021-02-01T16:26:21+00:00\",\"dateModified\":\"2026-05-02T03:04:41+00:00\",\"breadcrumb\":{\"@id\":\"https:\\\/\\\/agrobacterias.com\\\/product\\\/total-explosion-60-ml\\\/#breadcrumb\"},\"inLanguage\":\"de\",\"potentialAction\":[{\"@type\":\"ReadAction\",\"target\":[\"https:\\\/\\\/agrobacterias.com\\\/product\\\/total-explosion-60-ml\\\/\"]}]},{\"@type\":\"ImageObject\",\"inLanguage\":\"de\",\"@id\":\"https:\\\/\\\/agrobacterias.com\\\/product\\\/total-explosion-60-ml\\\/#primaryimage\",\"url\":\"https:\\\/\\\/agrobacterias.com\\\/wp-content\\\/uploads\\\/2021\\\/02\\\/art_5220_1.jpg\",\"contentUrl\":\"https:\\\/\\\/agrobacterias.com\\\/wp-content\\\/uploads\\\/2021\\\/02\\\/art_5220_1.jpg\",\"width\":600,\"height\":600,\"caption\":\"Total_Explosion_60_ml.\"},{\"@type\":\"BreadcrumbList\",\"@id\":\"https:\\\/\\\/agrobacterias.com\\\/product\\\/total-explosion-60-ml\\\/#breadcrumb\",\"itemListElement\":[{\"@type\":\"ListItem\",\"position\":1,\"name\":\"Home\",\"item\":\"https:\\\/\\\/agrobacterias.com\\\/\"},{\"@type\":\"ListItem\",\"position\":2,\"name\":\"Tienda\",\"item\":\"https:\\\/\\\/agrobacterias.com\\\/tienda\\\/\"},{\"@type\":\"ListItem\",\"position\":3,\"name\":\"Total Explosion 60ml\"}]},{\"@type\":\"WebSite\",\"@id\":\"https:\\\/\\\/agrobacterias.com\\\/#website\",\"url\":\"https:\\\/\\\/agrobacterias.com\\\/\",\"name\":\"Agrobacterias\",\"description\":\"Biotecnolog\u00eda del Siglo XXI\",\"potentialAction\":[{\"@type\":\"SearchAction\",\"target\":{\"@type\":\"EntryPoint\",\"urlTemplate\":\"https:\\\/\\\/agrobacterias.com\\\/?s={search_term_string}\"},\"query-input\":{\"@type\":\"PropertyValueSpecification\",\"valueRequired\":true,\"valueName\":\"search_term_string\"}}],\"inLanguage\":\"de\"}]}<\/script>\n<!-- \/ Yoast SEO plugin. -->","yoast_head_json":{"title":"Total Explosion 60ml - Agrobacterias","robots":{"index":"index","follow":"follow","max-snippet":"max-snippet:-1","max-image-preview":"max-image-preview:large","max-video-preview":"max-video-preview:-1"},"canonical":"https:\/\/agrobacterias.com\/de\/product\/total-explosion-60-ml\/","og_locale":"de_DE","og_type":"article","og_title":"Total Explosion 60ml - Agrobacterias","og_description":"Ayudante ecol\u00f3gico acondicionador de caldos y un potente limpiador de las melazas producidas por los insectos plaga sobre las hojas de las plantas, facilitando su eliminaci\u00f3n con los lavados. Los amino\u00e1cidos contenidos en la formulaci\u00f3n le confieren","og_url":"https:\/\/agrobacterias.com\/de\/product\/total-explosion-60-ml\/","og_site_name":"Agrobacterias","article_modified_time":"2026-05-02T03:04:41+00:00","og_image":[{"width":600,"height":600,"url":"https:\/\/agrobacterias.com\/wp-content\/uploads\/2021\/02\/art_5220_1.jpg","type":"image\/jpeg"}],"twitter_card":"summary_large_image","schema":{"@context":"https:\/\/schema.org","@graph":[{"@type":"WebPage","@id":"https:\/\/agrobacterias.com\/product\/total-explosion-60-ml\/","url":"https:\/\/agrobacterias.com\/product\/total-explosion-60-ml\/","name":"Total Explosion 60ml - Agrobacterias","isPartOf":{"@id":"https:\/\/agrobacterias.com\/#website"},"primaryImageOfPage":{"@id":"https:\/\/agrobacterias.com\/product\/total-explosion-60-ml\/#primaryimage"},"image":{"@id":"https:\/\/agrobacterias.com\/product\/total-explosion-60-ml\/#primaryimage"},"thumbnailUrl":"https:\/\/agrobacterias.com\/wp-content\/uploads\/2021\/02\/art_5220_1.jpg","datePublished":"2021-02-01T16:26:21+00:00","dateModified":"2026-05-02T03:04:41+00:00","breadcrumb":{"@id":"https:\/\/agrobacterias.com\/product\/total-explosion-60-ml\/#breadcrumb"},"inLanguage":"de","potentialAction":[{"@type":"ReadAction","target":["https:\/\/agrobacterias.com\/product\/total-explosion-60-ml\/"]}]},{"@type":"ImageObject","inLanguage":"de","@id":"https:\/\/agrobacterias.com\/product\/total-explosion-60-ml\/#primaryimage","url":"https:\/\/agrobacterias.com\/wp-content\/uploads\/2021\/02\/art_5220_1.jpg","contentUrl":"https:\/\/agrobacterias.com\/wp-content\/uploads\/2021\/02\/art_5220_1.jpg","width":600,"height":600,"caption":"Total_Explosion_60_ml."},{"@type":"BreadcrumbList","@id":"https:\/\/agrobacterias.com\/product\/total-explosion-60-ml\/#breadcrumb","itemListElement":[{"@type":"ListItem","position":1,"name":"Home","item":"https:\/\/agrobacterias.com\/"},{"@type":"ListItem","position":2,"name":"Tienda","item":"https:\/\/agrobacterias.com\/tienda\/"},{"@type":"ListItem","position":3,"name":"Total Explosion 60ml"}]},{"@type":"WebSite","@id":"https:\/\/agrobacterias.com\/#website","url":"https:\/\/agrobacterias.com\/","name":"Agrobakterien","description":"Biotechnologie im 21. Jahrhundert","potentialAction":[{"@type":"SearchAction","target":{"@type":"EntryPoint","urlTemplate":"https:\/\/agrobacterias.com\/?s={search_term_string}"},"query-input":{"@type":"PropertyValueSpecification","valueRequired":true,"valueName":"search_term_string"}}],"inLanguage":"de"}]}},"_links":{"self":[{"href":"https:\/\/agrobacterias.com\/de\/wp-json\/wp\/v2\/product\/270","targetHints":{"allow":["GET"]}}],"collection":[{"href":"https:\/\/agrobacterias.com\/de\/wp-json\/wp\/v2\/product"}],"about":[{"href":"https:\/\/agrobacterias.com\/de\/wp-json\/wp\/v2\/types\/product"}],"replies":[{"embeddable":true,"href":"https:\/\/agrobacterias.com\/de\/wp-json\/wp\/v2\/comments?post=270"}],"wp:featuredmedia":[{"embeddable":true,"href":"https:\/\/agrobacterias.com\/de\/wp-json\/wp\/v2\/media\/271"}],"wp:attachment":[{"href":"https:\/\/agrobacterias.com\/de\/wp-json\/wp\/v2\/media?parent=270"}],"wp:term":[{"taxonomy":"product_brand","embeddable":true,"href":"https:\/\/agrobacterias.com\/de\/wp-json\/wp\/v2\/product_brand?post=270"},{"taxonomy":"product_cat","embeddable":true,"href":"https:\/\/agrobacterias.com\/de\/wp-json\/wp\/v2\/product_cat?post=270"},{"taxonomy":"product_tag","embeddable":true,"href":"https:\/\/agrobacterias.com\/de\/wp-json\/wp\/v2\/product_tag?post=270"}],"curies":[{"name":"wp","href":"https:\/\/api.w.org\/{rel}","templated":true}]}}