{"id":272,"date":"2021-02-01T16:26:21","date_gmt":"2021-02-01T16:26:21","guid":{"rendered":"https:\/\/agrobacterias.com\/product\/bactobloom-850-gr\/"},"modified":"2026-04-17T05:07:29","modified_gmt":"2026-04-17T03:07:29","slug":"bactobloom-850-gr","status":"publish","type":"product","link":"https:\/\/agrobacterias.com\/de\/product\/bactobloom-850-gr\/","title":{"rendered":"Bactobloom 850g"},"content":{"rendered":"<p><strong>ZUSAMMENSETZUNG\/INFORMATIONEN \u00dcBER INHALTSSTOFFE<\/strong><br \/>Feste Verbindung auf der Basis von Bakterien.<br \/>Enthaltene mikrobielle St\u00e4mme:<br \/>Paenibacillus azotoformans, Bacillus coagulans, Bacillus pumilus und Sacharomyces cerevisiae<br \/>(1\u00d7109 KBE\/g)<br \/>Aminos\u00e4uren pflanzlichen Ursprungs: 3%<br \/>Inerte Tr\u00e4ger l\u00f6slich: 97% Polysaccharide<\/p>\n<p><strong>EIGENSCHAFTEN UND WIRKUNGSWEISE<\/strong><br \/>BACTOBLOOM-St\u00e4mme kommen den Pflanzen \u00fcber mehrere Mechanismen zugute:<\/p>\n<ul>\n<li>Sie produzieren metabolische Wirkstoffe, die das Pflanzenwachstum und die Produktivit\u00e4t stimulieren.<\/li>\n<li>Sie produzieren Stoffwechselaktivstoffe, die den durch ung\u00fcnstige Umweltbedingungen und sch\u00e4dliche Organismen verursachten Stress reduzieren.<\/li>\n<li>Sie verringern die Verlangsamung der Pflanzenentwicklung und die Anh\u00e4ufung von Sekund\u00e4rmetaboliten (Harze, organische S\u00e4uren, Essenzen usw.) w\u00e4hrend der Bl\u00fctephase und erm\u00f6glichen es der Pflanze, weiterhin biologisch aktiv zu sein.<\/li>\n<li>Stimulieren das Wachstum der behandelten Pflanzen<\/li>\n<li>F\u00f6rderung der Vermehrung des Lebens in der Rhizosph\u00e4re<\/li>\n<li>Erh\u00f6ht die Proliferation von Sekund\u00e4rwurzeln<\/li>\n<li>Verbesserung der Bodenstruktur und der Aufnahme von verf\u00fcgbaren und nicht verf\u00fcgbaren N\u00e4hrstoffen<\/li>\n<li>Die in der Formulierung enthaltenen organischen N\u00e4hrstoffe stimulieren wiederum die Vermehrung der enthaltenen n\u00fctzlichen Mikroorganismen.<\/li>\n<\/ul>\n<p><strong>PFLANZEN, DIE MIT BACTOBLOOM KOMPATIBEL SIND<br \/><\/strong>Alle Kulturpflanzen, ob Gartenbau-, Zier- oder Obstpflanzen, k\u00f6nnen mit dem Biopr\u00e4parat behandelt werden.<\/p>\n<p><strong>EMPFEHLUNGEN F\u00dcR DIE VERWENDUNG<br \/><\/strong>Das Produkt ist so formuliert, dass es durch Bew\u00e4sserung auf den Untergrund aufgebracht wird. Formulierung vorbereitet f\u00fcr<br \/>Anwendung auf Zimmerpflanzen im Container.<br \/>Es wird empfohlen, den Inhalt des Fl\u00e4schchens in 4 l Wasser aufzul\u00f6sen, oder einen Teel\u00f6ffel in 1 l Wasser, und<br \/>die Pflanze ausgiebig gie\u00dfen.<\/p>\n<p><strong>VERTR\u00c4GLICHKEIT MIT PFLANZENSCHUTZMITTELN UND D\u00dcNGEMITTELN<\/strong><br \/>Da es sich um ein lebendes mikrobielles Produkt handelt, wird von einer gleichzeitigen Behandlung mit pestiziden Wirkstoffen (Bakteriziden und Fungiziden) abgeraten, da diese die in BACTOBLOOM enthaltenen Mikrobenst\u00e4mme beeintr\u00e4chtigen k\u00f6nnten.<br \/>Die meisten g\u00e4ngigen D\u00fcngemittel sind mit dem Produkt kompatibel.<\/p>\n<p><strong>STABILIT\u00c4T<\/strong><br \/>18 Monate lang haltbar, wenn es an einem k\u00fchlen, trockenen Ort ohne direkte Sonneneinstrahlung gelagert wird.<\/p>\n<p><strong>PHYSIKALISCH-CHEMISCHE EIGENSCHAFTEN<\/strong><br \/>Aussehen: dunkel gef\u00e4rbtes Pulver mit hellen K\u00f6rnchen<br \/>pH-Wert in Wasser (1:5): 6<br \/>Trockenmasse: 97%<br \/>Relative Dichte (H20=1) 0,7Kg\/L<\/p>\n<p><strong>SONSTIGE INFORMATIONEN<\/strong><br \/>Das Produkt wird als nat\u00fcrlicher D\u00fcnger f\u00fcr Pflanzen verwendet. Die Angaben in diesem Dokument beziehen sich auf das unver\u00e4nderte Produkt und auf die Angaben des Herstellers; sie sind ein Leitfaden f\u00fcr Handhabung, Verwendung, Verarbeitung und Lagerung.<\/p>","protected":false},"excerpt":{"rendered":"<p>Die St\u00e4mme der <strong>BACTOBLOOM<\/strong> profitieren Pflanzen durch verschiedene Mechanismen:<\/p>\n<ul>\n<li>Sie produzieren Stoffwechselaktivstoffe, die das Wachstum und die Produktivit\u00e4t f\u00f6rdern.<\/li>\n<li>Sie produzieren Stoffwechselaktivstoffe, die den durch ung\u00fcnstige Umweltbedingungen und sch\u00e4dliche Organismen verursachten Stress reduzieren.<\/li>\n<li>Sie verringern die Verlangsamung der Pflanzenentwicklung und die Akkumulation von Sekund\u00e4rmetaboliten w\u00e4hrend der Bl\u00fcte.<\/li>\n<li>Sie stimulieren das Wachstum der behandelten Pflanzen.<\/li>\n<li>Sie f\u00f6rdern die Vermehrung von n\u00fctzlichem Leben in der Rhizosph\u00e4re.<\/li>\n<li>Erh\u00f6ht die Proliferation von Sekund\u00e4rwurzeln.<\/li>\n<li>Sie verbessern die Bodenstruktur und die Aufnahme von verf\u00fcgbaren und unverf\u00fcgbaren N\u00e4hrstoffen.<\/li>\n<\/ul>","protected":false},"featured_media":273,"comment_status":"open","ping_status":"closed","template":"","meta":[],"product_brand":[],"product_cat":[17],"product_tag":[22],"class_list":{"0":"post-272","1":"product","2":"type-product","3":"status-publish","4":"has-post-thumbnail","6":"product_cat-bacterias","7":"product_tag-bactobloom","9":"first","10":"instock","11":"taxable","12":"shipping-taxable","13":"purchasable","14":"product-type-simple"},"yoast_head":"<!-- This site is optimized with the Yoast SEO plugin v27.4 - https:\/\/yoast.com\/product\/yoast-seo-wordpress\/ -->\n<title>Bactobloom 850g - Agrobacterias<\/title>\n<meta name=\"robots\" content=\"index, follow, max-snippet:-1, max-image-preview:large, max-video-preview:-1\" \/>\n<link rel=\"canonical\" href=\"https:\/\/agrobacterias.com\/de\/product\/bactobloom-850-gr\/\" \/>\n<meta property=\"og:locale\" content=\"de_DE\" \/>\n<meta property=\"og:type\" content=\"article\" \/>\n<meta property=\"og:title\" content=\"Bactobloom 850g - Agrobacterias\" \/>\n<meta property=\"og:description\" content=\"Las cepas de BACTOBLOOM benefician a las plantas por diversos mecanismos:Producen metab\u00f3licos activos que estimulan el crecimiento y la productividad.Producen metab\u00f3licos activos que reducen el estr\u00e9s causado por condiciones ambientales adversas y organismos delet\u00e9reos.Disminuyen la frenada de desarrollo vegetal y acumulaci\u00f3n de metabolitos secundarios durante la floraci\u00f3n.Estimulan el crecimiento de las plantas tratadas.Promueven la proliferaci\u00f3n de la vida \u00fatil en la rizosfera.Incrementa la proliferaci\u00f3n de ra\u00edces secundarias.Mejoran la estructura del suelo y la adquisici\u00f3n de nutrientes disponibles y no disponibles.\" \/>\n<meta property=\"og:url\" content=\"https:\/\/agrobacterias.com\/de\/product\/bactobloom-850-gr\/\" \/>\n<meta property=\"og:site_name\" content=\"Agrobacterias\" \/>\n<meta property=\"article:modified_time\" content=\"2026-04-17T03:07:29+00:00\" \/>\n<meta property=\"og:image\" content=\"https:\/\/agrobacterias.com\/wp-content\/uploads\/2021\/02\/art_7636_1.jpg\" \/>\n\t<meta property=\"og:image:width\" content=\"600\" \/>\n\t<meta property=\"og:image:height\" content=\"600\" \/>\n\t<meta property=\"og:image:type\" content=\"image\/jpeg\" \/>\n<meta name=\"twitter:card\" content=\"summary_large_image\" \/>\n<meta name=\"twitter:label1\" content=\"Gesch\u00e4tzte Lesezeit\" \/>\n\t<meta name=\"twitter:data1\" content=\"2\u00a0Minuten\" \/>\n<script type=\"application\/ld+json\" class=\"yoast-schema-graph\">{\"@context\":\"https:\\\/\\\/schema.org\",\"@graph\":[{\"@type\":\"WebPage\",\"@id\":\"https:\\\/\\\/agrobacterias.com\\\/product\\\/bactobloom-850-gr\\\/\",\"url\":\"https:\\\/\\\/agrobacterias.com\\\/product\\\/bactobloom-850-gr\\\/\",\"name\":\"Bactobloom 850g - Agrobacterias\",\"isPartOf\":{\"@id\":\"https:\\\/\\\/agrobacterias.com\\\/#website\"},\"primaryImageOfPage\":{\"@id\":\"https:\\\/\\\/agrobacterias.com\\\/product\\\/bactobloom-850-gr\\\/#primaryimage\"},\"image\":{\"@id\":\"https:\\\/\\\/agrobacterias.com\\\/product\\\/bactobloom-850-gr\\\/#primaryimage\"},\"thumbnailUrl\":\"https:\\\/\\\/agrobacterias.com\\\/wp-content\\\/uploads\\\/2021\\\/02\\\/art_7636_1.jpg\",\"datePublished\":\"2021-02-01T16:26:21+00:00\",\"dateModified\":\"2026-04-17T03:07:29+00:00\",\"breadcrumb\":{\"@id\":\"https:\\\/\\\/agrobacterias.com\\\/product\\\/bactobloom-850-gr\\\/#breadcrumb\"},\"inLanguage\":\"de\",\"potentialAction\":[{\"@type\":\"ReadAction\",\"target\":[\"https:\\\/\\\/agrobacterias.com\\\/product\\\/bactobloom-850-gr\\\/\"]}]},{\"@type\":\"ImageObject\",\"inLanguage\":\"de\",\"@id\":\"https:\\\/\\\/agrobacterias.com\\\/product\\\/bactobloom-850-gr\\\/#primaryimage\",\"url\":\"https:\\\/\\\/agrobacterias.com\\\/wp-content\\\/uploads\\\/2021\\\/02\\\/art_7636_1.jpg\",\"contentUrl\":\"https:\\\/\\\/agrobacterias.com\\\/wp-content\\\/uploads\\\/2021\\\/02\\\/art_7636_1.jpg\",\"width\":600,\"height\":600,\"caption\":\"Bactobloom_850_g\"},{\"@type\":\"BreadcrumbList\",\"@id\":\"https:\\\/\\\/agrobacterias.com\\\/product\\\/bactobloom-850-gr\\\/#breadcrumb\",\"itemListElement\":[{\"@type\":\"ListItem\",\"position\":1,\"name\":\"Home\",\"item\":\"https:\\\/\\\/agrobacterias.com\\\/\"},{\"@type\":\"ListItem\",\"position\":2,\"name\":\"Tienda\",\"item\":\"https:\\\/\\\/agrobacterias.com\\\/tienda\\\/\"},{\"@type\":\"ListItem\",\"position\":3,\"name\":\"Bactobloom 850g\"}]},{\"@type\":\"WebSite\",\"@id\":\"https:\\\/\\\/agrobacterias.com\\\/#website\",\"url\":\"https:\\\/\\\/agrobacterias.com\\\/\",\"name\":\"Agrobacterias\",\"description\":\"Biotecnolog\u00eda del Siglo XXI\",\"potentialAction\":[{\"@type\":\"SearchAction\",\"target\":{\"@type\":\"EntryPoint\",\"urlTemplate\":\"https:\\\/\\\/agrobacterias.com\\\/?s={search_term_string}\"},\"query-input\":{\"@type\":\"PropertyValueSpecification\",\"valueRequired\":true,\"valueName\":\"search_term_string\"}}],\"inLanguage\":\"de\"}]}<\/script>\n<!-- \/ Yoast SEO plugin. -->","yoast_head_json":{"title":"Bactobloom 850g - Agrobacterias","robots":{"index":"index","follow":"follow","max-snippet":"max-snippet:-1","max-image-preview":"max-image-preview:large","max-video-preview":"max-video-preview:-1"},"canonical":"https:\/\/agrobacterias.com\/de\/product\/bactobloom-850-gr\/","og_locale":"de_DE","og_type":"article","og_title":"Bactobloom 850g - Agrobacterias","og_description":"Las cepas de BACTOBLOOM benefician a las plantas por diversos mecanismos:Producen metab\u00f3licos activos que estimulan el crecimiento y la productividad.Producen metab\u00f3licos activos que reducen el estr\u00e9s causado por condiciones ambientales adversas y organismos delet\u00e9reos.Disminuyen la frenada de desarrollo vegetal y acumulaci\u00f3n de metabolitos secundarios durante la floraci\u00f3n.Estimulan el crecimiento de las plantas tratadas.Promueven la proliferaci\u00f3n de la vida \u00fatil en la rizosfera.Incrementa la proliferaci\u00f3n de ra\u00edces secundarias.Mejoran la estructura del suelo y la adquisici\u00f3n de nutrientes disponibles y no disponibles.","og_url":"https:\/\/agrobacterias.com\/de\/product\/bactobloom-850-gr\/","og_site_name":"Agrobacterias","article_modified_time":"2026-04-17T03:07:29+00:00","og_image":[{"width":600,"height":600,"url":"https:\/\/agrobacterias.com\/wp-content\/uploads\/2021\/02\/art_7636_1.jpg","type":"image\/jpeg"}],"twitter_card":"summary_large_image","twitter_misc":{"Gesch\u00e4tzte Lesezeit":"2\u00a0Minuten"},"schema":{"@context":"https:\/\/schema.org","@graph":[{"@type":"WebPage","@id":"https:\/\/agrobacterias.com\/product\/bactobloom-850-gr\/","url":"https:\/\/agrobacterias.com\/product\/bactobloom-850-gr\/","name":"Bactobloom 850g - Agrobacterias","isPartOf":{"@id":"https:\/\/agrobacterias.com\/#website"},"primaryImageOfPage":{"@id":"https:\/\/agrobacterias.com\/product\/bactobloom-850-gr\/#primaryimage"},"image":{"@id":"https:\/\/agrobacterias.com\/product\/bactobloom-850-gr\/#primaryimage"},"thumbnailUrl":"https:\/\/agrobacterias.com\/wp-content\/uploads\/2021\/02\/art_7636_1.jpg","datePublished":"2021-02-01T16:26:21+00:00","dateModified":"2026-04-17T03:07:29+00:00","breadcrumb":{"@id":"https:\/\/agrobacterias.com\/product\/bactobloom-850-gr\/#breadcrumb"},"inLanguage":"de","potentialAction":[{"@type":"ReadAction","target":["https:\/\/agrobacterias.com\/product\/bactobloom-850-gr\/"]}]},{"@type":"ImageObject","inLanguage":"de","@id":"https:\/\/agrobacterias.com\/product\/bactobloom-850-gr\/#primaryimage","url":"https:\/\/agrobacterias.com\/wp-content\/uploads\/2021\/02\/art_7636_1.jpg","contentUrl":"https:\/\/agrobacterias.com\/wp-content\/uploads\/2021\/02\/art_7636_1.jpg","width":600,"height":600,"caption":"Bactobloom_850_g"},{"@type":"BreadcrumbList","@id":"https:\/\/agrobacterias.com\/product\/bactobloom-850-gr\/#breadcrumb","itemListElement":[{"@type":"ListItem","position":1,"name":"Home","item":"https:\/\/agrobacterias.com\/"},{"@type":"ListItem","position":2,"name":"Tienda","item":"https:\/\/agrobacterias.com\/tienda\/"},{"@type":"ListItem","position":3,"name":"Bactobloom 850g"}]},{"@type":"WebSite","@id":"https:\/\/agrobacterias.com\/#website","url":"https:\/\/agrobacterias.com\/","name":"Agrobakterien","description":"Biotechnologie im 21. Jahrhundert","potentialAction":[{"@type":"SearchAction","target":{"@type":"EntryPoint","urlTemplate":"https:\/\/agrobacterias.com\/?s={search_term_string}"},"query-input":{"@type":"PropertyValueSpecification","valueRequired":true,"valueName":"search_term_string"}}],"inLanguage":"de"}]}},"_links":{"self":[{"href":"https:\/\/agrobacterias.com\/de\/wp-json\/wp\/v2\/product\/272","targetHints":{"allow":["GET"]}}],"collection":[{"href":"https:\/\/agrobacterias.com\/de\/wp-json\/wp\/v2\/product"}],"about":[{"href":"https:\/\/agrobacterias.com\/de\/wp-json\/wp\/v2\/types\/product"}],"replies":[{"embeddable":true,"href":"https:\/\/agrobacterias.com\/de\/wp-json\/wp\/v2\/comments?post=272"}],"wp:featuredmedia":[{"embeddable":true,"href":"https:\/\/agrobacterias.com\/de\/wp-json\/wp\/v2\/media\/273"}],"wp:attachment":[{"href":"https:\/\/agrobacterias.com\/de\/wp-json\/wp\/v2\/media?parent=272"}],"wp:term":[{"taxonomy":"product_brand","embeddable":true,"href":"https:\/\/agrobacterias.com\/de\/wp-json\/wp\/v2\/product_brand?post=272"},{"taxonomy":"product_cat","embeddable":true,"href":"https:\/\/agrobacterias.com\/de\/wp-json\/wp\/v2\/product_cat?post=272"},{"taxonomy":"product_tag","embeddable":true,"href":"https:\/\/agrobacterias.com\/de\/wp-json\/wp\/v2\/product_tag?post=272"}],"curies":[{"name":"wp","href":"https:\/\/api.w.org\/{rel}","templated":true}]}}