{"id":305,"date":"2021-02-01T16:26:21","date_gmt":"2021-02-01T16:26:21","guid":{"rendered":"https:\/\/agrobacterias.com\/product\/bactohemp-tabs-50-ud\/"},"modified":"2026-04-18T05:09:25","modified_gmt":"2026-04-18T03:09:25","slug":"bactohemp-tabs-50-ud","status":"publish","type":"product","link":"https:\/\/agrobacterias.com\/de\/product\/bactohemp-tabs-50-ud\/","title":{"rendered":"Bactohemp Tabs 50 St."},"content":{"rendered":"<p><strong>ZUSAMMENSETZUNG\/INFORMATIONEN \u00dcBER INHALTSSTOFFE<\/strong><br \/>Impfstoff auf der Basis einer Mischung von Mikroorganismen (Mykorrhiza und Rhizobakterien), formuliert in Tabletten zur einfachen Anwendung im Boden. Die im Produkt enthaltenen Mikroorganismen wurden NICHT gentechnisch ver\u00e4ndert.<\/p>\n<p>Enthaltene mikrobielle St\u00e4mme:<br \/>- Mykorrhizapilze (300 Gesamtsporen\/g): Septoglomus deserticola, Funneliformis mosseae, Rhizophagus irregularis und Claroideoglomus etunicatum.<br \/>- Rhizobakterien: 5\u00d7108 Gesamtkeimzahl\/g-2\u00d7109 Gesamtkeimzahl\/komprimiert: Bacillus megaterium, Bacillus altitudinis, Bacillus licheniformis und Bacillus subtilis.<br \/>Hilfsstoffe f\u00fcr die Kompression: 10%<br \/>Zucker: 50%<br \/>Mikrobieller Tr\u00e4ger (Silikate): 25<br \/>Aminos\u00e4uren, Humins\u00e4uren und organische D\u00fcngemittel: 10%<\/p>\n<p><strong>PFLANZEN, DIE MIT BACTOHEMP-TABLETTEN KOMPATIBEL SIND<\/strong><br \/>Die meisten Kulturpflanzen, ob Gartenbau-, Obst- oder Zierpflanzen, sind mit der Verwendung des Produkts vereinbar.<\/p>\n<p><strong>EMPFEHLUNGEN F\u00dcR DIE VERWENDUNG<\/strong><br \/>Das Produkt ist f\u00fcr die Anwendung w\u00e4hrend des Umpflanzens in gro\u00dfen Beh\u00e4ltern oder auf dem Feld (Pflanzloch) bestimmt, wobei die Tablette in der N\u00e4he der Pflanzenwurzeln in folgender Dosierung angebracht wird:<br \/>- Baumschulen und gro\u00dfe K\u00fcbelpflanzen: 1 TAB pro Pflanze<br \/>- Gem\u00fcse, das direkt ges\u00e4t und\/oder verpflanzt wird: 1 TAB pro Pflanze<br \/>- Obstb\u00e4ume und andere Geh\u00f6lze: 1-2 TABS pro Baum<br \/>F\u00fcr eine bessere Inokulation wird dies empfohlen: Wasser nach der F\u00fctterung der Tabletten<\/p>\n<p><strong>VERTR\u00c4GLICHKEIT MIT PFLANZENSCHUTZMITTELN UND D\u00dcNGEMITTELN<\/strong><br \/>Da es sich um ein lebendes mikrobielles Produkt handelt, wird von der Verwendung von Pestiziden (Bakteriziden und Fungiziden) abgeraten, da diese den in den Tabletten enthaltenen Mikrobenst\u00e4mmen schaden k\u00f6nnten.<\/p>\n<p><strong>STABILIT\u00c4T<\/strong><br \/>18 Monate lang haltbar, wenn es an einem k\u00fchlen, trockenen Ort ohne direkte Sonneneinstrahlung gelagert wird.<\/p>\n<p><strong>PHYSIKALISCH-CHEMISCHE EIGENSCHAFTEN<\/strong><br \/>pH-Wert in Wasser (1:5): 7<br \/>Trockenmasse: 97%<\/p>","protected":false},"excerpt":{"rendered":"<p>Bactohemp TABS wird als nat\u00fcrlicher D\u00fcnger f\u00fcr Pflanzen verwendet und bietet folgende Vorteile:<br \/>- Schnelle Mykorrhizierung der Wurzeln<br \/>- Erh\u00f6hte Aufnahme von verf\u00fcgbaren und nicht verf\u00fcgbaren N\u00e4hrstoffen<br \/>- Die bereitgestellten Mikroorganismen l\u00f6sen Mineralien auf und produzieren aktive Stoffwechselprodukte, die das Pflanzenwachstum und die Produktivit\u00e4t stimulieren und den durch ung\u00fcnstige Umweltbedingungen und Schadorganismen verursachten Stress reduzieren.<br \/>- Verbesserung der Bodenstruktur und des biologischen Gleichgewichts in der Rhizosph\u00e4re<br \/>- Erh\u00f6ht die Proliferation von Sekund\u00e4rwurzeln<\/p>","protected":false},"featured_media":306,"comment_status":"open","ping_status":"closed","template":"","meta":[],"product_brand":[],"product_cat":[17],"product_tag":[21],"class_list":{"0":"post-305","1":"product","2":"type-product","3":"status-publish","4":"has-post-thumbnail","6":"product_cat-bacterias","7":"product_tag-bactohemp","9":"first","10":"instock","11":"taxable","12":"shipping-taxable","13":"purchasable","14":"product-type-simple"},"yoast_head":"<!-- This site is optimized with the Yoast SEO plugin v27.4 - https:\/\/yoast.com\/product\/yoast-seo-wordpress\/ -->\n<title>Bactohemp Tabs 50 ud. - Agrobacterias<\/title>\n<meta name=\"robots\" content=\"index, follow, max-snippet:-1, max-image-preview:large, max-video-preview:-1\" \/>\n<link rel=\"canonical\" href=\"https:\/\/agrobacterias.com\/de\/product\/bactohemp-tabs-50-ud\/\" \/>\n<meta property=\"og:locale\" content=\"de_DE\" \/>\n<meta property=\"og:type\" content=\"article\" \/>\n<meta property=\"og:title\" content=\"Bactohemp Tabs 50 ud. - Agrobacterias\" \/>\n<meta property=\"og:description\" content=\"Bactohemp TABS es utilizado como abono natural para las plantas otorgando los siguientes beneficios:- Micorrizaci\u00f3n r\u00e1pida de las ra\u00edces- Mayor adquisici\u00f3n de nutrientes disponibles y no disponibles- Los microorganismos aportados solubilizan minerales y producen metabolitos activos que estimulan el crecimiento y la productividad de las plantas y reducen el estr\u00e9s causado por condiciones ambientales adversas y organismos nocivos.- Mejoran la estructura del suelo y el equilibrio biol\u00f3gico de la rizosfera- Incrementa la proliferaci\u00f3n de ra\u00edces secundarias\" \/>\n<meta property=\"og:url\" content=\"https:\/\/agrobacterias.com\/de\/product\/bactohemp-tabs-50-ud\/\" \/>\n<meta property=\"og:site_name\" content=\"Agrobacterias\" \/>\n<meta property=\"article:modified_time\" content=\"2026-04-18T03:09:25+00:00\" \/>\n<meta property=\"og:image\" content=\"https:\/\/agrobacterias.com\/wp-content\/uploads\/2021\/02\/art_12986_1.jpg\" \/>\n\t<meta property=\"og:image:width\" content=\"600\" \/>\n\t<meta property=\"og:image:height\" content=\"600\" \/>\n\t<meta property=\"og:image:type\" content=\"image\/jpeg\" \/>\n<meta name=\"twitter:card\" content=\"summary_large_image\" \/>\n<meta name=\"twitter:label1\" content=\"Gesch\u00e4tzte Lesezeit\" \/>\n\t<meta name=\"twitter:data1\" content=\"1\u00a0Minute\" \/>\n<script type=\"application\/ld+json\" class=\"yoast-schema-graph\">{\"@context\":\"https:\\\/\\\/schema.org\",\"@graph\":[{\"@type\":\"WebPage\",\"@id\":\"https:\\\/\\\/agrobacterias.com\\\/product\\\/bactohemp-tabs-50-ud\\\/\",\"url\":\"https:\\\/\\\/agrobacterias.com\\\/product\\\/bactohemp-tabs-50-ud\\\/\",\"name\":\"Bactohemp Tabs 50 ud. - Agrobacterias\",\"isPartOf\":{\"@id\":\"https:\\\/\\\/agrobacterias.com\\\/#website\"},\"primaryImageOfPage\":{\"@id\":\"https:\\\/\\\/agrobacterias.com\\\/product\\\/bactohemp-tabs-50-ud\\\/#primaryimage\"},\"image\":{\"@id\":\"https:\\\/\\\/agrobacterias.com\\\/product\\\/bactohemp-tabs-50-ud\\\/#primaryimage\"},\"thumbnailUrl\":\"https:\\\/\\\/agrobacterias.com\\\/wp-content\\\/uploads\\\/2021\\\/02\\\/art_12986_1.jpg\",\"datePublished\":\"2021-02-01T16:26:21+00:00\",\"dateModified\":\"2026-04-18T03:09:25+00:00\",\"breadcrumb\":{\"@id\":\"https:\\\/\\\/agrobacterias.com\\\/product\\\/bactohemp-tabs-50-ud\\\/#breadcrumb\"},\"inLanguage\":\"de\",\"potentialAction\":[{\"@type\":\"ReadAction\",\"target\":[\"https:\\\/\\\/agrobacterias.com\\\/product\\\/bactohemp-tabs-50-ud\\\/\"]}]},{\"@type\":\"ImageObject\",\"inLanguage\":\"de\",\"@id\":\"https:\\\/\\\/agrobacterias.com\\\/product\\\/bactohemp-tabs-50-ud\\\/#primaryimage\",\"url\":\"https:\\\/\\\/agrobacterias.com\\\/wp-content\\\/uploads\\\/2021\\\/02\\\/art_12986_1.jpg\",\"contentUrl\":\"https:\\\/\\\/agrobacterias.com\\\/wp-content\\\/uploads\\\/2021\\\/02\\\/art_12986_1.jpg\",\"width\":600,\"height\":600,\"caption\":\"Bactohemp_Tabs_50_ud.\"},{\"@type\":\"BreadcrumbList\",\"@id\":\"https:\\\/\\\/agrobacterias.com\\\/product\\\/bactohemp-tabs-50-ud\\\/#breadcrumb\",\"itemListElement\":[{\"@type\":\"ListItem\",\"position\":1,\"name\":\"Home\",\"item\":\"https:\\\/\\\/agrobacterias.com\\\/\"},{\"@type\":\"ListItem\",\"position\":2,\"name\":\"Tienda\",\"item\":\"https:\\\/\\\/agrobacterias.com\\\/tienda\\\/\"},{\"@type\":\"ListItem\",\"position\":3,\"name\":\"Bactohemp Tabs 50 ud.\"}]},{\"@type\":\"WebSite\",\"@id\":\"https:\\\/\\\/agrobacterias.com\\\/#website\",\"url\":\"https:\\\/\\\/agrobacterias.com\\\/\",\"name\":\"Agrobacterias\",\"description\":\"Biotecnolog\u00eda del Siglo XXI\",\"potentialAction\":[{\"@type\":\"SearchAction\",\"target\":{\"@type\":\"EntryPoint\",\"urlTemplate\":\"https:\\\/\\\/agrobacterias.com\\\/?s={search_term_string}\"},\"query-input\":{\"@type\":\"PropertyValueSpecification\",\"valueRequired\":true,\"valueName\":\"search_term_string\"}}],\"inLanguage\":\"de\"}]}<\/script>\n<!-- \/ Yoast SEO plugin. -->","yoast_head_json":{"title":"Bactohemp Tabs 50 ud. - Agrobacterias","robots":{"index":"index","follow":"follow","max-snippet":"max-snippet:-1","max-image-preview":"max-image-preview:large","max-video-preview":"max-video-preview:-1"},"canonical":"https:\/\/agrobacterias.com\/de\/product\/bactohemp-tabs-50-ud\/","og_locale":"de_DE","og_type":"article","og_title":"Bactohemp Tabs 50 ud. - Agrobacterias","og_description":"Bactohemp TABS es utilizado como abono natural para las plantas otorgando los siguientes beneficios:- Micorrizaci\u00f3n r\u00e1pida de las ra\u00edces- Mayor adquisici\u00f3n de nutrientes disponibles y no disponibles- Los microorganismos aportados solubilizan minerales y producen metabolitos activos que estimulan el crecimiento y la productividad de las plantas y reducen el estr\u00e9s causado por condiciones ambientales adversas y organismos nocivos.- Mejoran la estructura del suelo y el equilibrio biol\u00f3gico de la rizosfera- Incrementa la proliferaci\u00f3n de ra\u00edces secundarias","og_url":"https:\/\/agrobacterias.com\/de\/product\/bactohemp-tabs-50-ud\/","og_site_name":"Agrobacterias","article_modified_time":"2026-04-18T03:09:25+00:00","og_image":[{"width":600,"height":600,"url":"https:\/\/agrobacterias.com\/wp-content\/uploads\/2021\/02\/art_12986_1.jpg","type":"image\/jpeg"}],"twitter_card":"summary_large_image","twitter_misc":{"Gesch\u00e4tzte Lesezeit":"1\u00a0Minute"},"schema":{"@context":"https:\/\/schema.org","@graph":[{"@type":"WebPage","@id":"https:\/\/agrobacterias.com\/product\/bactohemp-tabs-50-ud\/","url":"https:\/\/agrobacterias.com\/product\/bactohemp-tabs-50-ud\/","name":"Bactohemp Tabs 50 ud. - Agrobacterias","isPartOf":{"@id":"https:\/\/agrobacterias.com\/#website"},"primaryImageOfPage":{"@id":"https:\/\/agrobacterias.com\/product\/bactohemp-tabs-50-ud\/#primaryimage"},"image":{"@id":"https:\/\/agrobacterias.com\/product\/bactohemp-tabs-50-ud\/#primaryimage"},"thumbnailUrl":"https:\/\/agrobacterias.com\/wp-content\/uploads\/2021\/02\/art_12986_1.jpg","datePublished":"2021-02-01T16:26:21+00:00","dateModified":"2026-04-18T03:09:25+00:00","breadcrumb":{"@id":"https:\/\/agrobacterias.com\/product\/bactohemp-tabs-50-ud\/#breadcrumb"},"inLanguage":"de","potentialAction":[{"@type":"ReadAction","target":["https:\/\/agrobacterias.com\/product\/bactohemp-tabs-50-ud\/"]}]},{"@type":"ImageObject","inLanguage":"de","@id":"https:\/\/agrobacterias.com\/product\/bactohemp-tabs-50-ud\/#primaryimage","url":"https:\/\/agrobacterias.com\/wp-content\/uploads\/2021\/02\/art_12986_1.jpg","contentUrl":"https:\/\/agrobacterias.com\/wp-content\/uploads\/2021\/02\/art_12986_1.jpg","width":600,"height":600,"caption":"Bactohemp_Tabs_50_ud."},{"@type":"BreadcrumbList","@id":"https:\/\/agrobacterias.com\/product\/bactohemp-tabs-50-ud\/#breadcrumb","itemListElement":[{"@type":"ListItem","position":1,"name":"Home","item":"https:\/\/agrobacterias.com\/"},{"@type":"ListItem","position":2,"name":"Tienda","item":"https:\/\/agrobacterias.com\/tienda\/"},{"@type":"ListItem","position":3,"name":"Bactohemp Tabs 50 ud."}]},{"@type":"WebSite","@id":"https:\/\/agrobacterias.com\/#website","url":"https:\/\/agrobacterias.com\/","name":"Agrobakterien","description":"Biotechnologie im 21. Jahrhundert","potentialAction":[{"@type":"SearchAction","target":{"@type":"EntryPoint","urlTemplate":"https:\/\/agrobacterias.com\/?s={search_term_string}"},"query-input":{"@type":"PropertyValueSpecification","valueRequired":true,"valueName":"search_term_string"}}],"inLanguage":"de"}]}},"_links":{"self":[{"href":"https:\/\/agrobacterias.com\/de\/wp-json\/wp\/v2\/product\/305","targetHints":{"allow":["GET"]}}],"collection":[{"href":"https:\/\/agrobacterias.com\/de\/wp-json\/wp\/v2\/product"}],"about":[{"href":"https:\/\/agrobacterias.com\/de\/wp-json\/wp\/v2\/types\/product"}],"replies":[{"embeddable":true,"href":"https:\/\/agrobacterias.com\/de\/wp-json\/wp\/v2\/comments?post=305"}],"wp:featuredmedia":[{"embeddable":true,"href":"https:\/\/agrobacterias.com\/de\/wp-json\/wp\/v2\/media\/306"}],"wp:attachment":[{"href":"https:\/\/agrobacterias.com\/de\/wp-json\/wp\/v2\/media?parent=305"}],"wp:term":[{"taxonomy":"product_brand","embeddable":true,"href":"https:\/\/agrobacterias.com\/de\/wp-json\/wp\/v2\/product_brand?post=305"},{"taxonomy":"product_cat","embeddable":true,"href":"https:\/\/agrobacterias.com\/de\/wp-json\/wp\/v2\/product_cat?post=305"},{"taxonomy":"product_tag","embeddable":true,"href":"https:\/\/agrobacterias.com\/de\/wp-json\/wp\/v2\/product_tag?post=305"}],"curies":[{"name":"wp","href":"https:\/\/api.w.org\/{rel}","templated":true}]}}