{"id":317,"date":"2021-02-01T16:26:21","date_gmt":"2021-02-01T16:26:21","guid":{"rendered":"https:\/\/agrobacterias.com\/product\/bactohemp-50-gr\/"},"modified":"2026-05-15T17:04:39","modified_gmt":"2026-05-15T15:04:39","slug":"bactohemp-50-gr","status":"publish","type":"product","link":"https:\/\/agrobacterias.com\/de\/product\/bactohemp-50-gr\/","title":{"rendered":"Bactohemp 50g"},"content":{"rendered":"<p><strong>BACTOHEMP<\/strong> Es ist ein wasserl\u00f6sliches Pulverprodukt auf der Basis von Bacillus und Bakterien, die in Symbiose mit der Wurzel der Pflanze leben. Es ist 100% Bio und geeignet f\u00fcr den Einsatz im \u00f6kologischen Landbau.<\/p>\n<p><strong>ZUSAMMENSETZUNG<\/strong>Sieben Familien von Bacillus und Bakterien + Acophyllum Nodosum-Algenextrakt.<\/p>\n<p><strong>ANWENDUNG<\/strong>: Disolver el contenido en 20 litros de agua, o una cucharadita para 1 litro de agua, y regar el sustrato para conseguir que las bacterias se fijen a la ra\u00edz. Se puede aplicar por inmersi\u00f3n de cepellones. No regar el sustrato con bactericidas ni fungicidas.<\/p>\n<p>Die Zugabe von BactoHemp zum Substrat erzeugt:<\/p>\n<p>&#8211; <strong>EXPLOSIVE WURZELPRODUKTION<\/strong>Je mehr Wurzeln sich entwickeln, desto mehr Wachstum und Trockenheitsresistenz.<\/p>\n<p>&#8211; <strong>ERH\u00d6HT MENGE, GR\u00d6SSE UND GEWICHT<\/strong> von Bl\u00fcten und Knospen. - <strong>KOSTEN SPAREN<\/strong> an Wasser, N\u00e4hrstoffen und Arbeit.<\/p>\n<p>&#8211; <strong>SCH\u00dcTZT VOR PILZEN<\/strong> Wurzelsch\u00e4dlinge wie Fusarium, Phytophtora, Alternaria,...<\/p>\n<p>&#8211; <strong>VERMEIDET PFLANZENVERLUSTE<\/strong> an Stecklingen, Transplantaten und Setzlingen.<\/p>\n<p>&#8211;<strong> BINDET AUF NAT\u00dcRLICHE WEISE ATMOSPH\u00c4RISCHEN STICKSTOFF IM SUBSTRAT<\/strong>Die Pflanze kann es nutzen, um das Wachstum anzuregen.<\/p>\n<p>&#8211; <strong>SOLUBILISIERT PHOSPHOR UND UNL\u00d6SLICHES KALIUM<\/strong> des Substrats, was zu einer verst\u00e4rkten Bl\u00fcte f\u00fchrt.<\/p>\n<p>&#8211; <strong>PRODUZIERT CYTOKININE, AUXINE UND GIBBERELLINE<\/strong> st\u00e4ndig, Verteidiger und Stimulatoren von Wachstum und Bl\u00fcte.<\/p>\n<p>&#8211; <strong>VERBESSERUNG DES AERO-HYDROPONISCHEN ANBAUS<\/strong> sie gesund zu halten.<\/p>\n<p>&#8211; <strong>IDEAL F\u00dcR DEN GUERILLA- UND FREILANDANBAU<\/strong>Das Wasser wird dem Boden entzogen, entzieht dem Substrat oder Boden ein Maximum an N\u00e4hrstoffen und dringt tiefer in das Wasser ein.<\/p>\n<p>&#8211; <strong>EINE ANWENDUNG PRO KULTUR<\/strong>ist w\u00e4hrend der gesamten Lebensdauer der Pflanze wirksam. Im Freilandanbau k\u00f6nnen wir die Wirkung durch Wiederholung der Behandlung nach 3 Monaten verst\u00e4rken.<\/p>\n<p>- DE <strong>100% UMWELTFREUNDLICH<\/strong> und f\u00fcr die Verwendung im \u00f6kologischen Landbau zertifiziert.<\/p>\n<p>Au\u00dferhalb der Reichweite von Kindern und fern von Nahrungsmitteln und Getr\u00e4nken aufbewahren. An einem k\u00fchlen, trockenen Ort aufbewahren, direktes Sonnenlicht vermeiden.<\/p>","protected":false},"excerpt":{"rendered":"<p><strong>BACTOHEMP<\/strong> Es ist ein wasserl\u00f6sliches Pulverprodukt auf der Basis von Bacillus und Bakterien, die in Symbiose mit der Wurzel der Pflanze leben. Es ist 100% Bio und geeignet f\u00fcr den Einsatz im \u00f6kologischen Landbau.<\/p>\n<p><strong>ZUSAMMENSETZUNG<\/strong>Sieben Familien von Bacillus und Bakterien + Acophyllum Nodosum-Algenextrakt.<\/p>\n<p><strong>ANWENDUNG<\/strong>: Disolver el contenido en 20 litros de agua, o una cucharadita para 1 litro de agua, y regar el sustrato para conseguir que las bacterias se fijen a la ra\u00edz. Se puede aplicar por inmersi\u00f3n de cepellones. No regar el sustrato con bactericidas ni fungicidas.<\/p>","protected":false},"featured_media":318,"comment_status":"open","ping_status":"closed","template":"","meta":[],"product_brand":[],"product_cat":[17],"product_tag":[21],"class_list":{"0":"post-317","1":"product","2":"type-product","3":"status-publish","4":"has-post-thumbnail","6":"product_cat-bacterias","7":"product_tag-bactohemp","9":"first","10":"instock","11":"taxable","12":"shipping-taxable","13":"purchasable","14":"product-type-simple"},"yoast_head":"<!-- This site is optimized with the Yoast SEO plugin v27.6 - https:\/\/yoast.com\/product\/yoast-seo-wordpress\/ -->\n<title>Bactohemp 50g - Agrobacterias<\/title>\n<meta name=\"robots\" content=\"index, follow, max-snippet:-1, max-image-preview:large, max-video-preview:-1\" \/>\n<link rel=\"canonical\" href=\"https:\/\/agrobacterias.com\/de\/product\/bactohemp-50-gr\/\" \/>\n<meta property=\"og:locale\" content=\"de_DE\" \/>\n<meta property=\"og:type\" content=\"article\" \/>\n<meta property=\"og:title\" content=\"Bactohemp 50g - Agrobacterias\" \/>\n<meta property=\"og:description\" content=\"BACTOHEMP Es un producto en polvo soluble en agua a base de bacillus y bacterias que viven en simbiosis con la raiz de la planta. Es 100% Ecol\u00f3gico y apto para su uso en la agricultura ecol\u00f3gica.  COMPOSICI\u00d3N: Siete familias de Bacillus y Bacterias + Extracto de alga Acophyllum Nodosum.  APLICACI\u00d3N: Disolver el contenido en 20 litros de agua, o una cucharadita para 1 litro de agua, y regar el sustrato para conseguir que las bacterias se fijen a la ra\u00edz. Se puede aplicar por inmersi\u00f3n de cepellones. No regar el sustrato con bactericidas ni fungicidas.\" \/>\n<meta property=\"og:url\" content=\"https:\/\/agrobacterias.com\/de\/product\/bactohemp-50-gr\/\" \/>\n<meta property=\"og:site_name\" content=\"Agrobacterias\" \/>\n<meta property=\"article:modified_time\" content=\"2026-05-15T15:04:39+00:00\" \/>\n<meta property=\"og:image\" content=\"https:\/\/agrobacterias.com\/wp-content\/uploads\/2021\/02\/art_bh50_1.jpg\" \/>\n\t<meta property=\"og:image:width\" content=\"600\" \/>\n\t<meta property=\"og:image:height\" content=\"600\" \/>\n\t<meta property=\"og:image:type\" content=\"image\/jpeg\" \/>\n<meta name=\"twitter:card\" content=\"summary_large_image\" \/>\n<meta name=\"twitter:label1\" content=\"Gesch\u00e4tzte Lesezeit\" \/>\n\t<meta name=\"twitter:data1\" content=\"2\u00a0Minuten\" \/>\n<script type=\"application\/ld+json\" class=\"yoast-schema-graph\">{\"@context\":\"https:\\\/\\\/schema.org\",\"@graph\":[{\"@type\":\"WebPage\",\"@id\":\"https:\\\/\\\/agrobacterias.com\\\/product\\\/bactohemp-50-gr\\\/\",\"url\":\"https:\\\/\\\/agrobacterias.com\\\/product\\\/bactohemp-50-gr\\\/\",\"name\":\"Bactohemp 50g - Agrobacterias\",\"isPartOf\":{\"@id\":\"https:\\\/\\\/agrobacterias.com\\\/#website\"},\"primaryImageOfPage\":{\"@id\":\"https:\\\/\\\/agrobacterias.com\\\/product\\\/bactohemp-50-gr\\\/#primaryimage\"},\"image\":{\"@id\":\"https:\\\/\\\/agrobacterias.com\\\/product\\\/bactohemp-50-gr\\\/#primaryimage\"},\"thumbnailUrl\":\"https:\\\/\\\/agrobacterias.com\\\/wp-content\\\/uploads\\\/2021\\\/02\\\/art_bh50_1.jpg\",\"datePublished\":\"2021-02-01T16:26:21+00:00\",\"dateModified\":\"2026-05-15T15:04:39+00:00\",\"breadcrumb\":{\"@id\":\"https:\\\/\\\/agrobacterias.com\\\/product\\\/bactohemp-50-gr\\\/#breadcrumb\"},\"inLanguage\":\"de\",\"potentialAction\":[{\"@type\":\"ReadAction\",\"target\":[\"https:\\\/\\\/agrobacterias.com\\\/product\\\/bactohemp-50-gr\\\/\"]}]},{\"@type\":\"ImageObject\",\"inLanguage\":\"de\",\"@id\":\"https:\\\/\\\/agrobacterias.com\\\/product\\\/bactohemp-50-gr\\\/#primaryimage\",\"url\":\"https:\\\/\\\/agrobacterias.com\\\/wp-content\\\/uploads\\\/2021\\\/02\\\/art_bh50_1.jpg\",\"contentUrl\":\"https:\\\/\\\/agrobacterias.com\\\/wp-content\\\/uploads\\\/2021\\\/02\\\/art_bh50_1.jpg\",\"width\":600,\"height\":600,\"caption\":\"Bactohemp_50_g\"},{\"@type\":\"BreadcrumbList\",\"@id\":\"https:\\\/\\\/agrobacterias.com\\\/product\\\/bactohemp-50-gr\\\/#breadcrumb\",\"itemListElement\":[{\"@type\":\"ListItem\",\"position\":1,\"name\":\"Home\",\"item\":\"https:\\\/\\\/agrobacterias.com\\\/\"},{\"@type\":\"ListItem\",\"position\":2,\"name\":\"Tienda\",\"item\":\"https:\\\/\\\/agrobacterias.com\\\/tienda\\\/\"},{\"@type\":\"ListItem\",\"position\":3,\"name\":\"Bactohemp 50g\"}]},{\"@type\":\"WebSite\",\"@id\":\"https:\\\/\\\/agrobacterias.com\\\/#website\",\"url\":\"https:\\\/\\\/agrobacterias.com\\\/\",\"name\":\"Agrobacterias\",\"description\":\"Biotecnolog\u00eda del Siglo XXI\",\"potentialAction\":[{\"@type\":\"SearchAction\",\"target\":{\"@type\":\"EntryPoint\",\"urlTemplate\":\"https:\\\/\\\/agrobacterias.com\\\/?s={search_term_string}\"},\"query-input\":{\"@type\":\"PropertyValueSpecification\",\"valueRequired\":true,\"valueName\":\"search_term_string\"}}],\"inLanguage\":\"de\"}]}<\/script>\n<!-- \/ Yoast SEO plugin. -->","yoast_head_json":{"title":"Bactohemp 50g - Agrobacterias","robots":{"index":"index","follow":"follow","max-snippet":"max-snippet:-1","max-image-preview":"max-image-preview:large","max-video-preview":"max-video-preview:-1"},"canonical":"https:\/\/agrobacterias.com\/de\/product\/bactohemp-50-gr\/","og_locale":"de_DE","og_type":"article","og_title":"Bactohemp 50g - Agrobacterias","og_description":"BACTOHEMP Es un producto en polvo soluble en agua a base de bacillus y bacterias que viven en simbiosis con la raiz de la planta. Es 100% Ecol\u00f3gico y apto para su uso en la agricultura ecol\u00f3gica.  COMPOSICI\u00d3N: Siete familias de Bacillus y Bacterias + Extracto de alga Acophyllum Nodosum.  APLICACI\u00d3N: Disolver el contenido en 20 litros de agua, o una cucharadita para 1 litro de agua, y regar el sustrato para conseguir que las bacterias se fijen a la ra\u00edz. Se puede aplicar por inmersi\u00f3n de cepellones. No regar el sustrato con bactericidas ni fungicidas.","og_url":"https:\/\/agrobacterias.com\/de\/product\/bactohemp-50-gr\/","og_site_name":"Agrobacterias","article_modified_time":"2026-05-15T15:04:39+00:00","og_image":[{"width":600,"height":600,"url":"https:\/\/agrobacterias.com\/wp-content\/uploads\/2021\/02\/art_bh50_1.jpg","type":"image\/jpeg"}],"twitter_card":"summary_large_image","twitter_misc":{"Gesch\u00e4tzte Lesezeit":"2\u00a0Minuten"},"schema":{"@context":"https:\/\/schema.org","@graph":[{"@type":"WebPage","@id":"https:\/\/agrobacterias.com\/product\/bactohemp-50-gr\/","url":"https:\/\/agrobacterias.com\/product\/bactohemp-50-gr\/","name":"Bactohemp 50g - Agrobacterias","isPartOf":{"@id":"https:\/\/agrobacterias.com\/#website"},"primaryImageOfPage":{"@id":"https:\/\/agrobacterias.com\/product\/bactohemp-50-gr\/#primaryimage"},"image":{"@id":"https:\/\/agrobacterias.com\/product\/bactohemp-50-gr\/#primaryimage"},"thumbnailUrl":"https:\/\/agrobacterias.com\/wp-content\/uploads\/2021\/02\/art_bh50_1.jpg","datePublished":"2021-02-01T16:26:21+00:00","dateModified":"2026-05-15T15:04:39+00:00","breadcrumb":{"@id":"https:\/\/agrobacterias.com\/product\/bactohemp-50-gr\/#breadcrumb"},"inLanguage":"de","potentialAction":[{"@type":"ReadAction","target":["https:\/\/agrobacterias.com\/product\/bactohemp-50-gr\/"]}]},{"@type":"ImageObject","inLanguage":"de","@id":"https:\/\/agrobacterias.com\/product\/bactohemp-50-gr\/#primaryimage","url":"https:\/\/agrobacterias.com\/wp-content\/uploads\/2021\/02\/art_bh50_1.jpg","contentUrl":"https:\/\/agrobacterias.com\/wp-content\/uploads\/2021\/02\/art_bh50_1.jpg","width":600,"height":600,"caption":"Bactohemp_50_g"},{"@type":"BreadcrumbList","@id":"https:\/\/agrobacterias.com\/product\/bactohemp-50-gr\/#breadcrumb","itemListElement":[{"@type":"ListItem","position":1,"name":"Home","item":"https:\/\/agrobacterias.com\/"},{"@type":"ListItem","position":2,"name":"Tienda","item":"https:\/\/agrobacterias.com\/tienda\/"},{"@type":"ListItem","position":3,"name":"Bactohemp 50g"}]},{"@type":"WebSite","@id":"https:\/\/agrobacterias.com\/#website","url":"https:\/\/agrobacterias.com\/","name":"Agrobakterien","description":"Biotechnologie im 21. Jahrhundert","potentialAction":[{"@type":"SearchAction","target":{"@type":"EntryPoint","urlTemplate":"https:\/\/agrobacterias.com\/?s={search_term_string}"},"query-input":{"@type":"PropertyValueSpecification","valueRequired":true,"valueName":"search_term_string"}}],"inLanguage":"de"}]}},"_links":{"self":[{"href":"https:\/\/agrobacterias.com\/de\/wp-json\/wp\/v2\/product\/317","targetHints":{"allow":["GET"]}}],"collection":[{"href":"https:\/\/agrobacterias.com\/de\/wp-json\/wp\/v2\/product"}],"about":[{"href":"https:\/\/agrobacterias.com\/de\/wp-json\/wp\/v2\/types\/product"}],"replies":[{"embeddable":true,"href":"https:\/\/agrobacterias.com\/de\/wp-json\/wp\/v2\/comments?post=317"}],"wp:featuredmedia":[{"embeddable":true,"href":"https:\/\/agrobacterias.com\/de\/wp-json\/wp\/v2\/media\/318"}],"wp:attachment":[{"href":"https:\/\/agrobacterias.com\/de\/wp-json\/wp\/v2\/media?parent=317"}],"wp:term":[{"taxonomy":"product_brand","embeddable":true,"href":"https:\/\/agrobacterias.com\/de\/wp-json\/wp\/v2\/product_brand?post=317"},{"taxonomy":"product_cat","embeddable":true,"href":"https:\/\/agrobacterias.com\/de\/wp-json\/wp\/v2\/product_cat?post=317"},{"taxonomy":"product_tag","embeddable":true,"href":"https:\/\/agrobacterias.com\/de\/wp-json\/wp\/v2\/product_tag?post=317"}],"curies":[{"name":"wp","href":"https:\/\/api.w.org\/{rel}","templated":true}]}}