{"id":234,"date":"2021-02-01T16:26:21","date_gmt":"2021-02-01T16:26:21","guid":{"rendered":"https:\/\/agrobacterias.com\/product\/bactobloom-tabs-250-ud\/"},"modified":"2026-04-16T17:05:43","modified_gmt":"2026-04-16T15:05:43","slug":"bactobloom-tabs-250-ud","status":"publish","type":"product","link":"https:\/\/agrobacterias.com\/en\/product\/bactobloom-tabs-250-ud\/","title":{"rendered":"Bactobloom Tabs 250 pcs."},"content":{"rendered":"<p><strong>COMPOSITION\/INFORMATION ON INGREDIENTS<\/strong><br \/>Inoculant of PGP (Plant Growth Promoting) bacteria and yeasts, formulated in tablets for easy application to the soil. The microorganisms contained in the product have NOT been genetically modified.<br \/>Microbial strains contained:<br \/>- Minimum guaranteed content: 5\u00d7109 total cfu\/g-2\u00d71010 total cfu\/tablet: Bacillus megaterium (109 cfu\/g), Bacillus velezensis (109 cfu\/g), Bacillus licheniformis (109 cfu\/g), Bacillus methylotrophicus (109 cfu\/g), Bacillus subtilis (109 cfu\/g) and Saccharomyces cerevisiae (107 cfu\/g).<br \/>Excipients for compression: 10%<br \/>Sugars: 70-75%<br \/>Amino acids, plant extracts and organic fertiliser: 15%<\/p>\n<p><strong>PLANTS COMPATIBLE WITH BACTOBLOOM<\/strong><br \/>Most cultivated plants, whether horticultural, fruit or ornamental, are compatible with the use of the product.<\/p>\n<p><strong>RECOMMENDATIONS FOR USE<\/strong><br \/>The product is designed for application during transplanting into large containers or field (planting hole), placing the tablet close to the roots of the plant at the following rate:<br \/>- Nurseries and large potted plants: 1 TAB per plant<br \/>- Vegetables direct sown and\/or transplanted: 1 TAB per plant<br \/>- Fruit and other woody trees: 1-2 TABS per tree<br \/>For better inoculation, it is recommended: Water after feeding the tablets<\/p>\n<p><strong>COMPATIBILITY WITH PLANT PROTECTION PRODUCTS AND FERTILISERS<\/strong><br \/>It is a live microbial product and therefore the use of pesticides (bactericides and fungicides) is discouraged as they could be harmful to the microbial strains contained in the tablets.<\/p>\n<p><strong>STABILITY<\/strong><br \/>Stable for 18 months if stored in a cool, dry place away from direct sunlight.<\/p>\n<p><strong>PHYSICAL-CHEMICAL PROPERTIES<\/strong><br \/>pH in water (1:5): 7<br \/>Dry matter: 97%<\/p>","protected":false},"excerpt":{"rendered":"<p>Bactobloom TABS is used as a natural fertiliser for plants providing the following benefits:<\/p>\n<ul>\n<li>Increased acquisition of available and unavailable nutrients.<\/li>\n<li>The micro-organisms provided solubilise minerals and produce active metabolites that stimulate plant growth and productivity.<\/li>\n<li>They reduce stress caused by adverse environmental conditions and harmful organisms.<\/li>\n<li>They improve soil structure and the biological balance of the rhizosphere.<\/li>\n<li>Increases the proliferation of secondary roots.<\/li>\n<\/ul>","protected":false},"featured_media":235,"comment_status":"open","ping_status":"closed","template":"","meta":[],"product_brand":[],"product_cat":[17],"product_tag":[22],"class_list":{"0":"post-234","1":"product","2":"type-product","3":"status-publish","4":"has-post-thumbnail","6":"product_cat-bacterias","7":"product_tag-bactobloom","9":"first","10":"outofstock","11":"taxable","12":"shipping-taxable","13":"purchasable","14":"product-type-simple"},"yoast_head":"<!-- This site is optimized with the Yoast SEO plugin v27.4 - https:\/\/yoast.com\/product\/yoast-seo-wordpress\/ -->\n<title>Bactobloom Tabs 250 ud. - Agrobacterias<\/title>\n<meta name=\"robots\" content=\"index, follow, max-snippet:-1, max-image-preview:large, max-video-preview:-1\" \/>\n<link rel=\"canonical\" href=\"https:\/\/agrobacterias.com\/en\/product\/bactobloom-tabs-250-ud\/\" \/>\n<meta property=\"og:locale\" content=\"en_GB\" \/>\n<meta property=\"og:type\" content=\"article\" \/>\n<meta property=\"og:title\" content=\"Bactobloom Tabs 250 ud. - Agrobacterias\" \/>\n<meta property=\"og:description\" content=\"Bactobloom TABS es utilizado como abono natural para las plantas otorgando los siguientes beneficios:Mayor adquisici\u00f3n de nutrientes disponibles y no disponibles.Los microorganismos aportados solubilizan minerales y producen metabolitos activos que estimulan el crecimiento y la productividad de las plantas.Reducen el estr\u00e9s causado por condiciones ambientales adversas y organismos nocivos.Mejoran la estructura del suelo y el equilibrio biol\u00f3gico de la rizosfera.Incrementa la proliferaci\u00f3n de ra\u00edces secundarias.\" \/>\n<meta property=\"og:url\" content=\"https:\/\/agrobacterias.com\/en\/product\/bactobloom-tabs-250-ud\/\" \/>\n<meta property=\"og:site_name\" content=\"Agrobacterias\" \/>\n<meta property=\"article:modified_time\" content=\"2026-04-16T15:05:43+00:00\" \/>\n<meta property=\"og:image\" content=\"https:\/\/agrobacterias.com\/wp-content\/uploads\/2021\/02\/art_12992_1.jpg\" \/>\n\t<meta property=\"og:image:width\" content=\"600\" \/>\n\t<meta property=\"og:image:height\" content=\"600\" \/>\n\t<meta property=\"og:image:type\" content=\"image\/jpeg\" \/>\n<meta name=\"twitter:card\" content=\"summary_large_image\" \/>\n<meta name=\"twitter:label1\" content=\"Estimated reading time\" \/>\n\t<meta name=\"twitter:data1\" content=\"1 minute\" \/>\n<script type=\"application\/ld+json\" class=\"yoast-schema-graph\">{\"@context\":\"https:\\\/\\\/schema.org\",\"@graph\":[{\"@type\":\"WebPage\",\"@id\":\"https:\\\/\\\/agrobacterias.com\\\/product\\\/bactobloom-tabs-250-ud\\\/\",\"url\":\"https:\\\/\\\/agrobacterias.com\\\/product\\\/bactobloom-tabs-250-ud\\\/\",\"name\":\"Bactobloom Tabs 250 ud. - Agrobacterias\",\"isPartOf\":{\"@id\":\"https:\\\/\\\/agrobacterias.com\\\/#website\"},\"primaryImageOfPage\":{\"@id\":\"https:\\\/\\\/agrobacterias.com\\\/product\\\/bactobloom-tabs-250-ud\\\/#primaryimage\"},\"image\":{\"@id\":\"https:\\\/\\\/agrobacterias.com\\\/product\\\/bactobloom-tabs-250-ud\\\/#primaryimage\"},\"thumbnailUrl\":\"https:\\\/\\\/agrobacterias.com\\\/wp-content\\\/uploads\\\/2021\\\/02\\\/art_12992_1.jpg\",\"datePublished\":\"2021-02-01T16:26:21+00:00\",\"dateModified\":\"2026-04-16T15:05:43+00:00\",\"breadcrumb\":{\"@id\":\"https:\\\/\\\/agrobacterias.com\\\/product\\\/bactobloom-tabs-250-ud\\\/#breadcrumb\"},\"inLanguage\":\"en-GB\",\"potentialAction\":[{\"@type\":\"ReadAction\",\"target\":[\"https:\\\/\\\/agrobacterias.com\\\/product\\\/bactobloom-tabs-250-ud\\\/\"]}]},{\"@type\":\"ImageObject\",\"inLanguage\":\"en-GB\",\"@id\":\"https:\\\/\\\/agrobacterias.com\\\/product\\\/bactobloom-tabs-250-ud\\\/#primaryimage\",\"url\":\"https:\\\/\\\/agrobacterias.com\\\/wp-content\\\/uploads\\\/2021\\\/02\\\/art_12992_1.jpg\",\"contentUrl\":\"https:\\\/\\\/agrobacterias.com\\\/wp-content\\\/uploads\\\/2021\\\/02\\\/art_12992_1.jpg\",\"width\":600,\"height\":600,\"caption\":\"Bactobloom_Tabs_250_ud.\"},{\"@type\":\"BreadcrumbList\",\"@id\":\"https:\\\/\\\/agrobacterias.com\\\/product\\\/bactobloom-tabs-250-ud\\\/#breadcrumb\",\"itemListElement\":[{\"@type\":\"ListItem\",\"position\":1,\"name\":\"Home\",\"item\":\"https:\\\/\\\/agrobacterias.com\\\/\"},{\"@type\":\"ListItem\",\"position\":2,\"name\":\"Tienda\",\"item\":\"https:\\\/\\\/agrobacterias.com\\\/tienda\\\/\"},{\"@type\":\"ListItem\",\"position\":3,\"name\":\"Bactobloom Tabs 250 ud.\"}]},{\"@type\":\"WebSite\",\"@id\":\"https:\\\/\\\/agrobacterias.com\\\/#website\",\"url\":\"https:\\\/\\\/agrobacterias.com\\\/\",\"name\":\"Agrobacterias\",\"description\":\"Biotecnolog\u00eda del Siglo XXI\",\"potentialAction\":[{\"@type\":\"SearchAction\",\"target\":{\"@type\":\"EntryPoint\",\"urlTemplate\":\"https:\\\/\\\/agrobacterias.com\\\/?s={search_term_string}\"},\"query-input\":{\"@type\":\"PropertyValueSpecification\",\"valueRequired\":true,\"valueName\":\"search_term_string\"}}],\"inLanguage\":\"en-GB\"}]}<\/script>\n<!-- \/ Yoast SEO plugin. -->","yoast_head_json":{"title":"Bactobloom Tabs 250 ud. - Agrobacterias","robots":{"index":"index","follow":"follow","max-snippet":"max-snippet:-1","max-image-preview":"max-image-preview:large","max-video-preview":"max-video-preview:-1"},"canonical":"https:\/\/agrobacterias.com\/en\/product\/bactobloom-tabs-250-ud\/","og_locale":"en_GB","og_type":"article","og_title":"Bactobloom Tabs 250 ud. - Agrobacterias","og_description":"Bactobloom TABS es utilizado como abono natural para las plantas otorgando los siguientes beneficios:Mayor adquisici\u00f3n de nutrientes disponibles y no disponibles.Los microorganismos aportados solubilizan minerales y producen metabolitos activos que estimulan el crecimiento y la productividad de las plantas.Reducen el estr\u00e9s causado por condiciones ambientales adversas y organismos nocivos.Mejoran la estructura del suelo y el equilibrio biol\u00f3gico de la rizosfera.Incrementa la proliferaci\u00f3n de ra\u00edces secundarias.","og_url":"https:\/\/agrobacterias.com\/en\/product\/bactobloom-tabs-250-ud\/","og_site_name":"Agrobacterias","article_modified_time":"2026-04-16T15:05:43+00:00","og_image":[{"width":600,"height":600,"url":"https:\/\/agrobacterias.com\/wp-content\/uploads\/2021\/02\/art_12992_1.jpg","type":"image\/jpeg"}],"twitter_card":"summary_large_image","twitter_misc":{"Estimated reading time":"1 minute"},"schema":{"@context":"https:\/\/schema.org","@graph":[{"@type":"WebPage","@id":"https:\/\/agrobacterias.com\/product\/bactobloom-tabs-250-ud\/","url":"https:\/\/agrobacterias.com\/product\/bactobloom-tabs-250-ud\/","name":"Bactobloom Tabs 250 ud. - Agrobacterias","isPartOf":{"@id":"https:\/\/agrobacterias.com\/#website"},"primaryImageOfPage":{"@id":"https:\/\/agrobacterias.com\/product\/bactobloom-tabs-250-ud\/#primaryimage"},"image":{"@id":"https:\/\/agrobacterias.com\/product\/bactobloom-tabs-250-ud\/#primaryimage"},"thumbnailUrl":"https:\/\/agrobacterias.com\/wp-content\/uploads\/2021\/02\/art_12992_1.jpg","datePublished":"2021-02-01T16:26:21+00:00","dateModified":"2026-04-16T15:05:43+00:00","breadcrumb":{"@id":"https:\/\/agrobacterias.com\/product\/bactobloom-tabs-250-ud\/#breadcrumb"},"inLanguage":"en-GB","potentialAction":[{"@type":"ReadAction","target":["https:\/\/agrobacterias.com\/product\/bactobloom-tabs-250-ud\/"]}]},{"@type":"ImageObject","inLanguage":"en-GB","@id":"https:\/\/agrobacterias.com\/product\/bactobloom-tabs-250-ud\/#primaryimage","url":"https:\/\/agrobacterias.com\/wp-content\/uploads\/2021\/02\/art_12992_1.jpg","contentUrl":"https:\/\/agrobacterias.com\/wp-content\/uploads\/2021\/02\/art_12992_1.jpg","width":600,"height":600,"caption":"Bactobloom_Tabs_250_ud."},{"@type":"BreadcrumbList","@id":"https:\/\/agrobacterias.com\/product\/bactobloom-tabs-250-ud\/#breadcrumb","itemListElement":[{"@type":"ListItem","position":1,"name":"Home","item":"https:\/\/agrobacterias.com\/"},{"@type":"ListItem","position":2,"name":"Tienda","item":"https:\/\/agrobacterias.com\/tienda\/"},{"@type":"ListItem","position":3,"name":"Bactobloom Tabs 250 ud."}]},{"@type":"WebSite","@id":"https:\/\/agrobacterias.com\/#website","url":"https:\/\/agrobacterias.com\/","name":"Agrobacteria","description":"21st Century Biotechnology","potentialAction":[{"@type":"SearchAction","target":{"@type":"EntryPoint","urlTemplate":"https:\/\/agrobacterias.com\/?s={search_term_string}"},"query-input":{"@type":"PropertyValueSpecification","valueRequired":true,"valueName":"search_term_string"}}],"inLanguage":"en-GB"}]}},"_links":{"self":[{"href":"https:\/\/agrobacterias.com\/en\/wp-json\/wp\/v2\/product\/234","targetHints":{"allow":["GET"]}}],"collection":[{"href":"https:\/\/agrobacterias.com\/en\/wp-json\/wp\/v2\/product"}],"about":[{"href":"https:\/\/agrobacterias.com\/en\/wp-json\/wp\/v2\/types\/product"}],"replies":[{"embeddable":true,"href":"https:\/\/agrobacterias.com\/en\/wp-json\/wp\/v2\/comments?post=234"}],"wp:featuredmedia":[{"embeddable":true,"href":"https:\/\/agrobacterias.com\/en\/wp-json\/wp\/v2\/media\/235"}],"wp:attachment":[{"href":"https:\/\/agrobacterias.com\/en\/wp-json\/wp\/v2\/media?parent=234"}],"wp:term":[{"taxonomy":"product_brand","embeddable":true,"href":"https:\/\/agrobacterias.com\/en\/wp-json\/wp\/v2\/product_brand?post=234"},{"taxonomy":"product_cat","embeddable":true,"href":"https:\/\/agrobacterias.com\/en\/wp-json\/wp\/v2\/product_cat?post=234"},{"taxonomy":"product_tag","embeddable":true,"href":"https:\/\/agrobacterias.com\/en\/wp-json\/wp\/v2\/product_tag?post=234"}],"curies":[{"name":"wp","href":"https:\/\/api.w.org\/{rel}","templated":true}]}}