{"id":272,"date":"2021-02-01T16:26:21","date_gmt":"2021-02-01T16:26:21","guid":{"rendered":"https:\/\/agrobacterias.com\/product\/bactobloom-850-gr\/"},"modified":"2026-04-18T05:09:25","modified_gmt":"2026-04-18T03:09:25","slug":"bactobloom-850-gr","status":"publish","type":"product","link":"https:\/\/agrobacterias.com\/en\/product\/bactobloom-850-gr\/","title":{"rendered":"Bactobloom 850g"},"content":{"rendered":"<p><strong>COMPOSITION\/INFORMATION ON INGREDIENTS<\/strong><br \/>Bacteria-based solid compound.<br \/>Microbial strains contained:<br \/>Paenibacillus azotoformans, Bacillus coagulans, Bacillus pumilus and Sacharomyces cerevisiae<br \/>(1\u00d7109 cfu\/g)<br \/>Amino acids of plant origin: 3%<br \/>Inert carriers soluble: 97% polysaccharides<\/p>\n<p><strong>CHARACTERISTICS AND MODE OF ACTION<\/strong><br \/>BACTOBLOOM strains benefit plants by several mechanisms:<\/p>\n<ul>\n<li>They produce metabolic actives that stimulate plant growth and productivity.<\/li>\n<li>They produce metabolic actives that reduce stress caused by adverse environmental conditions and deleterious organisms.<\/li>\n<li>They reduce the slowing down of plant development and the accumulation of secondary metabolites (resins, organic acids, essences, etc.) during the flowering phase, allowing the plant to continue to be biologically active.<\/li>\n<li>Stimulate the growth of treated plants<\/li>\n<li>Promote the proliferation of life in the rhizosphere<\/li>\n<li>Increases the proliferation of secondary roots<\/li>\n<li>Improve soil structure and the uptake of available and unavailable nutrients<\/li>\n<li>The organic nutrients present in the formulation in turn stimulate the proliferation of the beneficial micro-organisms provided.<\/li>\n<\/ul>\n<p><strong>PLANTS COMPATIBLE WITH BACTOBLOOM<br \/><\/strong>All cultivated plants, whether horticultural, ornamental or fruit plants, can be treated with the biopreparation.<\/p>\n<p><strong>RECOMMENDATIONS FOR USE<br \/><\/strong>The product is formulated to be applied to the substrate by irrigation. Formulation prepared for<br \/>application to container-grown houseplants.<br \/>It is recommended to dissolve the contents of the little bottle in 4L of water, or one teaspoon in 1L of water, and<br \/>water the plant abundantly.<\/p>\n<p><strong>COMPATIBILITY WITH PLANT PROTECTION PRODUCTS AND FERTILISERS<\/strong><br \/>It is a live microbial product, so co-treatment with pesticide active substances (bactericides and fungicides) is not recommended as they could be detrimental to the microbial strains contained in BACTOBLOOM.<br \/>Most common fertilisers are compatible with the product.<\/p>\n<p><strong>STABILITY<\/strong><br \/>Stable for 18 months if stored in a cool, dry place away from direct sunlight.<\/p>\n<p><strong>PHYSICAL-CHEMICAL PROPERTIES<\/strong><br \/>Appearance: dark coloured powder with light granules<br \/>pH in water (1:5): 6<br \/>Dry matter: 97%<br \/>Relative density (H20=1) 0,7Kg\/L<\/p>\n<p><strong>OTHER INFORMATION<\/strong><br \/>The product is used as a natural fertiliser for plants. The information in this document refers to the unaltered product, and according to the manufacturer's specifications; it is a guide for handling, use, processing and storage.<\/p>","protected":false},"excerpt":{"rendered":"<p>The strains of <strong>BACTOBLOOM<\/strong> benefit plants by various mechanisms:<\/p>\n<ul>\n<li>They produce metabolic actives that stimulate growth and productivity.<\/li>\n<li>They produce metabolic actives that reduce stress caused by adverse environmental conditions and deleterious organisms.<\/li>\n<li>They reduce the slowing down of plant development and the accumulation of secondary metabolites during flowering.<\/li>\n<li>They stimulate the growth of treated plants.<\/li>\n<li>They promote the proliferation of useful life in the rhizosphere.<\/li>\n<li>Increases the proliferation of secondary roots.<\/li>\n<li>They improve soil structure and the acquisition of available and unavailable nutrients.<\/li>\n<\/ul>","protected":false},"featured_media":273,"comment_status":"open","ping_status":"closed","template":"","meta":[],"product_brand":[],"product_cat":[17],"product_tag":[22],"class_list":{"0":"post-272","1":"product","2":"type-product","3":"status-publish","4":"has-post-thumbnail","6":"product_cat-bacterias","7":"product_tag-bactobloom","9":"first","10":"instock","11":"taxable","12":"shipping-taxable","13":"purchasable","14":"product-type-simple"},"yoast_head":"<!-- This site is optimized with the Yoast SEO plugin v27.4 - https:\/\/yoast.com\/product\/yoast-seo-wordpress\/ -->\n<title>Bactobloom 850g - Agrobacterias<\/title>\n<meta name=\"robots\" content=\"index, follow, max-snippet:-1, max-image-preview:large, max-video-preview:-1\" \/>\n<link rel=\"canonical\" href=\"https:\/\/agrobacterias.com\/en\/product\/bactobloom-850-gr\/\" \/>\n<meta property=\"og:locale\" content=\"en_GB\" \/>\n<meta property=\"og:type\" content=\"article\" \/>\n<meta property=\"og:title\" content=\"Bactobloom 850g - Agrobacterias\" \/>\n<meta property=\"og:description\" content=\"Las cepas de BACTOBLOOM benefician a las plantas por diversos mecanismos:Producen metab\u00f3licos activos que estimulan el crecimiento y la productividad.Producen metab\u00f3licos activos que reducen el estr\u00e9s causado por condiciones ambientales adversas y organismos delet\u00e9reos.Disminuyen la frenada de desarrollo vegetal y acumulaci\u00f3n de metabolitos secundarios durante la floraci\u00f3n.Estimulan el crecimiento de las plantas tratadas.Promueven la proliferaci\u00f3n de la vida \u00fatil en la rizosfera.Incrementa la proliferaci\u00f3n de ra\u00edces secundarias.Mejoran la estructura del suelo y la adquisici\u00f3n de nutrientes disponibles y no disponibles.\" \/>\n<meta property=\"og:url\" content=\"https:\/\/agrobacterias.com\/en\/product\/bactobloom-850-gr\/\" \/>\n<meta property=\"og:site_name\" content=\"Agrobacterias\" \/>\n<meta property=\"article:modified_time\" content=\"2026-04-18T03:09:25+00:00\" \/>\n<meta property=\"og:image\" content=\"https:\/\/agrobacterias.com\/wp-content\/uploads\/2021\/02\/art_7636_1.jpg\" \/>\n\t<meta property=\"og:image:width\" content=\"600\" \/>\n\t<meta property=\"og:image:height\" content=\"600\" \/>\n\t<meta property=\"og:image:type\" content=\"image\/jpeg\" \/>\n<meta name=\"twitter:card\" content=\"summary_large_image\" \/>\n<meta name=\"twitter:label1\" content=\"Estimated reading time\" \/>\n\t<meta name=\"twitter:data1\" content=\"2 minutes\" \/>\n<script type=\"application\/ld+json\" class=\"yoast-schema-graph\">{\"@context\":\"https:\\\/\\\/schema.org\",\"@graph\":[{\"@type\":\"WebPage\",\"@id\":\"https:\\\/\\\/agrobacterias.com\\\/product\\\/bactobloom-850-gr\\\/\",\"url\":\"https:\\\/\\\/agrobacterias.com\\\/product\\\/bactobloom-850-gr\\\/\",\"name\":\"Bactobloom 850g - Agrobacterias\",\"isPartOf\":{\"@id\":\"https:\\\/\\\/agrobacterias.com\\\/#website\"},\"primaryImageOfPage\":{\"@id\":\"https:\\\/\\\/agrobacterias.com\\\/product\\\/bactobloom-850-gr\\\/#primaryimage\"},\"image\":{\"@id\":\"https:\\\/\\\/agrobacterias.com\\\/product\\\/bactobloom-850-gr\\\/#primaryimage\"},\"thumbnailUrl\":\"https:\\\/\\\/agrobacterias.com\\\/wp-content\\\/uploads\\\/2021\\\/02\\\/art_7636_1.jpg\",\"datePublished\":\"2021-02-01T16:26:21+00:00\",\"dateModified\":\"2026-04-18T03:09:25+00:00\",\"breadcrumb\":{\"@id\":\"https:\\\/\\\/agrobacterias.com\\\/product\\\/bactobloom-850-gr\\\/#breadcrumb\"},\"inLanguage\":\"en-GB\",\"potentialAction\":[{\"@type\":\"ReadAction\",\"target\":[\"https:\\\/\\\/agrobacterias.com\\\/product\\\/bactobloom-850-gr\\\/\"]}]},{\"@type\":\"ImageObject\",\"inLanguage\":\"en-GB\",\"@id\":\"https:\\\/\\\/agrobacterias.com\\\/product\\\/bactobloom-850-gr\\\/#primaryimage\",\"url\":\"https:\\\/\\\/agrobacterias.com\\\/wp-content\\\/uploads\\\/2021\\\/02\\\/art_7636_1.jpg\",\"contentUrl\":\"https:\\\/\\\/agrobacterias.com\\\/wp-content\\\/uploads\\\/2021\\\/02\\\/art_7636_1.jpg\",\"width\":600,\"height\":600,\"caption\":\"Bactobloom_850_g\"},{\"@type\":\"BreadcrumbList\",\"@id\":\"https:\\\/\\\/agrobacterias.com\\\/product\\\/bactobloom-850-gr\\\/#breadcrumb\",\"itemListElement\":[{\"@type\":\"ListItem\",\"position\":1,\"name\":\"Home\",\"item\":\"https:\\\/\\\/agrobacterias.com\\\/\"},{\"@type\":\"ListItem\",\"position\":2,\"name\":\"Tienda\",\"item\":\"https:\\\/\\\/agrobacterias.com\\\/tienda\\\/\"},{\"@type\":\"ListItem\",\"position\":3,\"name\":\"Bactobloom 850g\"}]},{\"@type\":\"WebSite\",\"@id\":\"https:\\\/\\\/agrobacterias.com\\\/#website\",\"url\":\"https:\\\/\\\/agrobacterias.com\\\/\",\"name\":\"Agrobacterias\",\"description\":\"Biotecnolog\u00eda del Siglo XXI\",\"potentialAction\":[{\"@type\":\"SearchAction\",\"target\":{\"@type\":\"EntryPoint\",\"urlTemplate\":\"https:\\\/\\\/agrobacterias.com\\\/?s={search_term_string}\"},\"query-input\":{\"@type\":\"PropertyValueSpecification\",\"valueRequired\":true,\"valueName\":\"search_term_string\"}}],\"inLanguage\":\"en-GB\"}]}<\/script>\n<!-- \/ Yoast SEO plugin. -->","yoast_head_json":{"title":"Bactobloom 850g - Agrobacterias","robots":{"index":"index","follow":"follow","max-snippet":"max-snippet:-1","max-image-preview":"max-image-preview:large","max-video-preview":"max-video-preview:-1"},"canonical":"https:\/\/agrobacterias.com\/en\/product\/bactobloom-850-gr\/","og_locale":"en_GB","og_type":"article","og_title":"Bactobloom 850g - Agrobacterias","og_description":"Las cepas de BACTOBLOOM benefician a las plantas por diversos mecanismos:Producen metab\u00f3licos activos que estimulan el crecimiento y la productividad.Producen metab\u00f3licos activos que reducen el estr\u00e9s causado por condiciones ambientales adversas y organismos delet\u00e9reos.Disminuyen la frenada de desarrollo vegetal y acumulaci\u00f3n de metabolitos secundarios durante la floraci\u00f3n.Estimulan el crecimiento de las plantas tratadas.Promueven la proliferaci\u00f3n de la vida \u00fatil en la rizosfera.Incrementa la proliferaci\u00f3n de ra\u00edces secundarias.Mejoran la estructura del suelo y la adquisici\u00f3n de nutrientes disponibles y no disponibles.","og_url":"https:\/\/agrobacterias.com\/en\/product\/bactobloom-850-gr\/","og_site_name":"Agrobacterias","article_modified_time":"2026-04-18T03:09:25+00:00","og_image":[{"width":600,"height":600,"url":"https:\/\/agrobacterias.com\/wp-content\/uploads\/2021\/02\/art_7636_1.jpg","type":"image\/jpeg"}],"twitter_card":"summary_large_image","twitter_misc":{"Estimated reading time":"2 minutes"},"schema":{"@context":"https:\/\/schema.org","@graph":[{"@type":"WebPage","@id":"https:\/\/agrobacterias.com\/product\/bactobloom-850-gr\/","url":"https:\/\/agrobacterias.com\/product\/bactobloom-850-gr\/","name":"Bactobloom 850g - Agrobacterias","isPartOf":{"@id":"https:\/\/agrobacterias.com\/#website"},"primaryImageOfPage":{"@id":"https:\/\/agrobacterias.com\/product\/bactobloom-850-gr\/#primaryimage"},"image":{"@id":"https:\/\/agrobacterias.com\/product\/bactobloom-850-gr\/#primaryimage"},"thumbnailUrl":"https:\/\/agrobacterias.com\/wp-content\/uploads\/2021\/02\/art_7636_1.jpg","datePublished":"2021-02-01T16:26:21+00:00","dateModified":"2026-04-18T03:09:25+00:00","breadcrumb":{"@id":"https:\/\/agrobacterias.com\/product\/bactobloom-850-gr\/#breadcrumb"},"inLanguage":"en-GB","potentialAction":[{"@type":"ReadAction","target":["https:\/\/agrobacterias.com\/product\/bactobloom-850-gr\/"]}]},{"@type":"ImageObject","inLanguage":"en-GB","@id":"https:\/\/agrobacterias.com\/product\/bactobloom-850-gr\/#primaryimage","url":"https:\/\/agrobacterias.com\/wp-content\/uploads\/2021\/02\/art_7636_1.jpg","contentUrl":"https:\/\/agrobacterias.com\/wp-content\/uploads\/2021\/02\/art_7636_1.jpg","width":600,"height":600,"caption":"Bactobloom_850_g"},{"@type":"BreadcrumbList","@id":"https:\/\/agrobacterias.com\/product\/bactobloom-850-gr\/#breadcrumb","itemListElement":[{"@type":"ListItem","position":1,"name":"Home","item":"https:\/\/agrobacterias.com\/"},{"@type":"ListItem","position":2,"name":"Tienda","item":"https:\/\/agrobacterias.com\/tienda\/"},{"@type":"ListItem","position":3,"name":"Bactobloom 850g"}]},{"@type":"WebSite","@id":"https:\/\/agrobacterias.com\/#website","url":"https:\/\/agrobacterias.com\/","name":"Agrobacteria","description":"21st Century Biotechnology","potentialAction":[{"@type":"SearchAction","target":{"@type":"EntryPoint","urlTemplate":"https:\/\/agrobacterias.com\/?s={search_term_string}"},"query-input":{"@type":"PropertyValueSpecification","valueRequired":true,"valueName":"search_term_string"}}],"inLanguage":"en-GB"}]}},"_links":{"self":[{"href":"https:\/\/agrobacterias.com\/en\/wp-json\/wp\/v2\/product\/272","targetHints":{"allow":["GET"]}}],"collection":[{"href":"https:\/\/agrobacterias.com\/en\/wp-json\/wp\/v2\/product"}],"about":[{"href":"https:\/\/agrobacterias.com\/en\/wp-json\/wp\/v2\/types\/product"}],"replies":[{"embeddable":true,"href":"https:\/\/agrobacterias.com\/en\/wp-json\/wp\/v2\/comments?post=272"}],"wp:featuredmedia":[{"embeddable":true,"href":"https:\/\/agrobacterias.com\/en\/wp-json\/wp\/v2\/media\/273"}],"wp:attachment":[{"href":"https:\/\/agrobacterias.com\/en\/wp-json\/wp\/v2\/media?parent=272"}],"wp:term":[{"taxonomy":"product_brand","embeddable":true,"href":"https:\/\/agrobacterias.com\/en\/wp-json\/wp\/v2\/product_brand?post=272"},{"taxonomy":"product_cat","embeddable":true,"href":"https:\/\/agrobacterias.com\/en\/wp-json\/wp\/v2\/product_cat?post=272"},{"taxonomy":"product_tag","embeddable":true,"href":"https:\/\/agrobacterias.com\/en\/wp-json\/wp\/v2\/product_tag?post=272"}],"curies":[{"name":"wp","href":"https:\/\/api.w.org\/{rel}","templated":true}]}}