{"id":315,"date":"2021-02-01T16:26:21","date_gmt":"2021-02-01T16:26:21","guid":{"rendered":"https:\/\/agrobacterias.com\/product\/bactohemp-10-gr\/"},"modified":"2026-04-16T17:05:41","modified_gmt":"2026-04-16T15:05:41","slug":"bactohemp-10-gr","status":"publish","type":"product","link":"https:\/\/agrobacterias.com\/en\/product\/bactohemp-10-gr\/","title":{"rendered":"Bactohemp 10g"},"content":{"rendered":"<p><strong>BACTOHEMP<\/strong> It is a water soluble powder product based on bacillus and bacteria that live in symbiosis with the root of the plant. It is 100% ecological and suitable for use in organic farming.<\/p>\n<p><strong>COMPOSITION<\/strong><b>COMPOSITION<\/b>: Seven families of Bacillus and Bacteria + Acophyllum Nodosum seaweed extract.<\/p>\n<p><strong>APPLICATION<\/strong>: Dissolve the content in 4 liters of water, or a teaspoon for 1 liter of water, and water the substrate to ensure that the bacteria attach to the root. It can be applied by immersion of root balls. Do not water the soil with bactericides or fungicides.<\/p>\n<p>Adding BactoHemp to the substrate produces:<\/p>\n<p>&#8211; <strong>EXPLOSIVE ROOT PRODUCTION<\/strong>The more root development, the more growth and resistance to drought.<\/p>\n<p>&#8211; <strong>INCREASES QUANTITY, SIZE AND WEIGHT<\/strong> of flowers and buds. - <strong>SAVE COSTS<\/strong> in water, nutrients and labour.<\/p>\n<p>&#8211; <strong>PROTECTS AGAINST FUNGI<\/strong> root pests such as Fusarium, Phytophtora, Alternaria,...<\/p>\n<p>&#8211; <strong>AVOIDS PLANT LOSS<\/strong> on cuttings, transplants and seedlings.<\/p>\n<p>&#8211;<strong> NATURALLY FIXES ATMOSPHERIC NITROGEN IN THE SUBSTRATE<\/strong>The plant will be able to use it to stimulate growth.<\/p>\n<p>&#8211; <strong>SOLUBILISES PHOSPHORUS AND INSOLUBLE POTASSIUM<\/strong> of the substrate, leading to increased flowering.<\/p>\n<p>&#8211; <strong>PRODUCES CYTOKININS, AUXINS AND GIBBERELLINS<\/strong> continuously, defenders and stimulators of growth and flowering.<\/p>\n<p>&#8211; <strong>IMPROVING AERO-HYDROPONIC CULTIVATION<\/strong> keeping them healthy.<\/p>\n<p>&#8211; <strong>IDEAL FOR GUERRILLA AND OUTDOOR CULTIVATION<\/strong>The water is extracted from the soil, extracts the maximum of nutrients present in the substrate or soil and reaches deeper into the water.<\/p>\n<p>&#8211; <strong>ONE APPLICATION PER CROP<\/strong>is effective throughout the life of the plant. In outdoor cultivation we can enhance the effect by repeating the treatment after 3 months.<\/p>\n<p>- EN <strong>100% ENVIRONMENTALLY FRIENDLY<\/strong> and certified for use in organic farming.<\/p>\n<p>Keep out of the reach of children and away from food and drink. Store in a cool, dry place, avoid direct sunlight.<\/p>","protected":false},"excerpt":{"rendered":"<p><strong>BACTOHEMP<\/strong> It is a water soluble powder product based on bacillus and bacteria that live in symbiosis with the root of the plant. It is 100% ecological and suitable for use in organic farming.<\/p>\n<p><strong>COMPOSITION<\/strong><b>COMPOSITION<\/b>: Seven families of Bacillus and Bacteria + Acophyllum Nodosum seaweed extract.<\/p>\n<p><strong>APPLICATION<\/strong>: Dissolve the content in 4 liters of water, or a teaspoon for 1 liter of water, and water the substrate to ensure that the bacteria attach to the root. It can be applied by immersion of root balls. Do not water the soil with bactericides or fungicides.<\/p>","protected":false},"featured_media":316,"comment_status":"open","ping_status":"closed","template":"","meta":[],"product_brand":[],"product_cat":[17],"product_tag":[21],"class_list":{"0":"post-315","1":"product","2":"type-product","3":"status-publish","4":"has-post-thumbnail","6":"product_cat-bacterias","7":"product_tag-bactohemp","9":"first","10":"instock","11":"taxable","12":"shipping-taxable","13":"purchasable","14":"product-type-simple"},"yoast_head":"<!-- This site is optimized with the Yoast SEO plugin v27.4 - https:\/\/yoast.com\/product\/yoast-seo-wordpress\/ -->\n<title>Bactohemp 10g - Agrobacterias<\/title>\n<meta name=\"robots\" content=\"index, follow, max-snippet:-1, max-image-preview:large, max-video-preview:-1\" \/>\n<link rel=\"canonical\" href=\"https:\/\/agrobacterias.com\/en\/product\/bactohemp-10-gr\/\" \/>\n<meta property=\"og:locale\" content=\"en_GB\" \/>\n<meta property=\"og:type\" content=\"article\" \/>\n<meta property=\"og:title\" content=\"Bactohemp 10g - Agrobacterias\" \/>\n<meta property=\"og:description\" content=\"BACTOHEMP Es un producto en polvo soluble en agua a base de bacillus y bacterias que viven en simbiosis con la raiz de la planta. Es 100% Ecol\u00f3gico y apto para su uso en la agricultura ecol\u00f3gica.COMPOSICI\u00d3N: Siete familias de Bacillus y Bacterias + Extracto de alga Acophyllum Nodosum.APLICACI\u00d3N: Disolver el contenido en 4 litros de agua, o una cucharadita para 1 litro de agua, y regar el sustrato para conseguir que las bacterias se fijen a la ra\u00edz. Se puede aplicar por inmersi\u00f3n de cepellones. No regar el sustrato con bactericidas ni fungicidas.\" \/>\n<meta property=\"og:url\" content=\"https:\/\/agrobacterias.com\/en\/product\/bactohemp-10-gr\/\" \/>\n<meta property=\"og:site_name\" content=\"Agrobacterias\" \/>\n<meta property=\"article:modified_time\" content=\"2026-04-16T15:05:41+00:00\" \/>\n<meta property=\"og:image\" content=\"https:\/\/agrobacterias.com\/wp-content\/uploads\/2021\/02\/art_bh15_1.jpg\" \/>\n\t<meta property=\"og:image:width\" content=\"600\" \/>\n\t<meta property=\"og:image:height\" content=\"600\" \/>\n\t<meta property=\"og:image:type\" content=\"image\/jpeg\" \/>\n<meta name=\"twitter:card\" content=\"summary_large_image\" \/>\n<meta name=\"twitter:label1\" content=\"Estimated reading time\" \/>\n\t<meta name=\"twitter:data1\" content=\"2 minutes\" \/>\n<script type=\"application\/ld+json\" class=\"yoast-schema-graph\">{\"@context\":\"https:\\\/\\\/schema.org\",\"@graph\":[{\"@type\":\"WebPage\",\"@id\":\"https:\\\/\\\/agrobacterias.com\\\/product\\\/bactohemp-10-gr\\\/\",\"url\":\"https:\\\/\\\/agrobacterias.com\\\/product\\\/bactohemp-10-gr\\\/\",\"name\":\"Bactohemp 10g - Agrobacterias\",\"isPartOf\":{\"@id\":\"https:\\\/\\\/agrobacterias.com\\\/#website\"},\"primaryImageOfPage\":{\"@id\":\"https:\\\/\\\/agrobacterias.com\\\/product\\\/bactohemp-10-gr\\\/#primaryimage\"},\"image\":{\"@id\":\"https:\\\/\\\/agrobacterias.com\\\/product\\\/bactohemp-10-gr\\\/#primaryimage\"},\"thumbnailUrl\":\"https:\\\/\\\/agrobacterias.com\\\/wp-content\\\/uploads\\\/2021\\\/02\\\/art_bh15_1.jpg\",\"datePublished\":\"2021-02-01T16:26:21+00:00\",\"dateModified\":\"2026-04-16T15:05:41+00:00\",\"breadcrumb\":{\"@id\":\"https:\\\/\\\/agrobacterias.com\\\/product\\\/bactohemp-10-gr\\\/#breadcrumb\"},\"inLanguage\":\"en-GB\",\"potentialAction\":[{\"@type\":\"ReadAction\",\"target\":[\"https:\\\/\\\/agrobacterias.com\\\/product\\\/bactohemp-10-gr\\\/\"]}]},{\"@type\":\"ImageObject\",\"inLanguage\":\"en-GB\",\"@id\":\"https:\\\/\\\/agrobacterias.com\\\/product\\\/bactohemp-10-gr\\\/#primaryimage\",\"url\":\"https:\\\/\\\/agrobacterias.com\\\/wp-content\\\/uploads\\\/2021\\\/02\\\/art_bh15_1.jpg\",\"contentUrl\":\"https:\\\/\\\/agrobacterias.com\\\/wp-content\\\/uploads\\\/2021\\\/02\\\/art_bh15_1.jpg\",\"width\":600,\"height\":600,\"caption\":\"Bactohemp_10_g\"},{\"@type\":\"BreadcrumbList\",\"@id\":\"https:\\\/\\\/agrobacterias.com\\\/product\\\/bactohemp-10-gr\\\/#breadcrumb\",\"itemListElement\":[{\"@type\":\"ListItem\",\"position\":1,\"name\":\"Home\",\"item\":\"https:\\\/\\\/agrobacterias.com\\\/\"},{\"@type\":\"ListItem\",\"position\":2,\"name\":\"Tienda\",\"item\":\"https:\\\/\\\/agrobacterias.com\\\/tienda\\\/\"},{\"@type\":\"ListItem\",\"position\":3,\"name\":\"Bactohemp 10g\"}]},{\"@type\":\"WebSite\",\"@id\":\"https:\\\/\\\/agrobacterias.com\\\/#website\",\"url\":\"https:\\\/\\\/agrobacterias.com\\\/\",\"name\":\"Agrobacterias\",\"description\":\"Biotecnolog\u00eda del Siglo XXI\",\"potentialAction\":[{\"@type\":\"SearchAction\",\"target\":{\"@type\":\"EntryPoint\",\"urlTemplate\":\"https:\\\/\\\/agrobacterias.com\\\/?s={search_term_string}\"},\"query-input\":{\"@type\":\"PropertyValueSpecification\",\"valueRequired\":true,\"valueName\":\"search_term_string\"}}],\"inLanguage\":\"en-GB\"}]}<\/script>\n<!-- \/ Yoast SEO plugin. -->","yoast_head_json":{"title":"Bactohemp 10g - Agrobacterias","robots":{"index":"index","follow":"follow","max-snippet":"max-snippet:-1","max-image-preview":"max-image-preview:large","max-video-preview":"max-video-preview:-1"},"canonical":"https:\/\/agrobacterias.com\/en\/product\/bactohemp-10-gr\/","og_locale":"en_GB","og_type":"article","og_title":"Bactohemp 10g - Agrobacterias","og_description":"BACTOHEMP Es un producto en polvo soluble en agua a base de bacillus y bacterias que viven en simbiosis con la raiz de la planta. Es 100% Ecol\u00f3gico y apto para su uso en la agricultura ecol\u00f3gica.COMPOSICI\u00d3N: Siete familias de Bacillus y Bacterias + Extracto de alga Acophyllum Nodosum.APLICACI\u00d3N: Disolver el contenido en 4 litros de agua, o una cucharadita para 1 litro de agua, y regar el sustrato para conseguir que las bacterias se fijen a la ra\u00edz. Se puede aplicar por inmersi\u00f3n de cepellones. No regar el sustrato con bactericidas ni fungicidas.","og_url":"https:\/\/agrobacterias.com\/en\/product\/bactohemp-10-gr\/","og_site_name":"Agrobacterias","article_modified_time":"2026-04-16T15:05:41+00:00","og_image":[{"width":600,"height":600,"url":"https:\/\/agrobacterias.com\/wp-content\/uploads\/2021\/02\/art_bh15_1.jpg","type":"image\/jpeg"}],"twitter_card":"summary_large_image","twitter_misc":{"Estimated reading time":"2 minutes"},"schema":{"@context":"https:\/\/schema.org","@graph":[{"@type":"WebPage","@id":"https:\/\/agrobacterias.com\/product\/bactohemp-10-gr\/","url":"https:\/\/agrobacterias.com\/product\/bactohemp-10-gr\/","name":"Bactohemp 10g - Agrobacterias","isPartOf":{"@id":"https:\/\/agrobacterias.com\/#website"},"primaryImageOfPage":{"@id":"https:\/\/agrobacterias.com\/product\/bactohemp-10-gr\/#primaryimage"},"image":{"@id":"https:\/\/agrobacterias.com\/product\/bactohemp-10-gr\/#primaryimage"},"thumbnailUrl":"https:\/\/agrobacterias.com\/wp-content\/uploads\/2021\/02\/art_bh15_1.jpg","datePublished":"2021-02-01T16:26:21+00:00","dateModified":"2026-04-16T15:05:41+00:00","breadcrumb":{"@id":"https:\/\/agrobacterias.com\/product\/bactohemp-10-gr\/#breadcrumb"},"inLanguage":"en-GB","potentialAction":[{"@type":"ReadAction","target":["https:\/\/agrobacterias.com\/product\/bactohemp-10-gr\/"]}]},{"@type":"ImageObject","inLanguage":"en-GB","@id":"https:\/\/agrobacterias.com\/product\/bactohemp-10-gr\/#primaryimage","url":"https:\/\/agrobacterias.com\/wp-content\/uploads\/2021\/02\/art_bh15_1.jpg","contentUrl":"https:\/\/agrobacterias.com\/wp-content\/uploads\/2021\/02\/art_bh15_1.jpg","width":600,"height":600,"caption":"Bactohemp_10_g"},{"@type":"BreadcrumbList","@id":"https:\/\/agrobacterias.com\/product\/bactohemp-10-gr\/#breadcrumb","itemListElement":[{"@type":"ListItem","position":1,"name":"Home","item":"https:\/\/agrobacterias.com\/"},{"@type":"ListItem","position":2,"name":"Tienda","item":"https:\/\/agrobacterias.com\/tienda\/"},{"@type":"ListItem","position":3,"name":"Bactohemp 10g"}]},{"@type":"WebSite","@id":"https:\/\/agrobacterias.com\/#website","url":"https:\/\/agrobacterias.com\/","name":"Agrobacteria","description":"21st Century Biotechnology","potentialAction":[{"@type":"SearchAction","target":{"@type":"EntryPoint","urlTemplate":"https:\/\/agrobacterias.com\/?s={search_term_string}"},"query-input":{"@type":"PropertyValueSpecification","valueRequired":true,"valueName":"search_term_string"}}],"inLanguage":"en-GB"}]}},"_links":{"self":[{"href":"https:\/\/agrobacterias.com\/en\/wp-json\/wp\/v2\/product\/315","targetHints":{"allow":["GET"]}}],"collection":[{"href":"https:\/\/agrobacterias.com\/en\/wp-json\/wp\/v2\/product"}],"about":[{"href":"https:\/\/agrobacterias.com\/en\/wp-json\/wp\/v2\/types\/product"}],"replies":[{"embeddable":true,"href":"https:\/\/agrobacterias.com\/en\/wp-json\/wp\/v2\/comments?post=315"}],"wp:featuredmedia":[{"embeddable":true,"href":"https:\/\/agrobacterias.com\/en\/wp-json\/wp\/v2\/media\/316"}],"wp:attachment":[{"href":"https:\/\/agrobacterias.com\/en\/wp-json\/wp\/v2\/media?parent=315"}],"wp:term":[{"taxonomy":"product_brand","embeddable":true,"href":"https:\/\/agrobacterias.com\/en\/wp-json\/wp\/v2\/product_brand?post=315"},{"taxonomy":"product_cat","embeddable":true,"href":"https:\/\/agrobacterias.com\/en\/wp-json\/wp\/v2\/product_cat?post=315"},{"taxonomy":"product_tag","embeddable":true,"href":"https:\/\/agrobacterias.com\/en\/wp-json\/wp\/v2\/product_tag?post=315"}],"curies":[{"name":"wp","href":"https:\/\/api.w.org\/{rel}","templated":true}]}}