{"id":110,"date":"2021-01-28T09:59:54","date_gmt":"2021-01-28T09:59:54","guid":{"rendered":"https:\/\/agrobacterias.com\/?page_id=110"},"modified":"2022-01-05T09:39:20","modified_gmt":"2022-01-05T09:39:20","slug":"total-explosion","status":"publish","type":"page","link":"https:\/\/agrobacterias.com\/fr\/preventivos-y-curativos\/total-explosion\/","title":{"rendered":"Explosion totale"},"content":{"rendered":"<section class=\"section\" id=\"section_639264511\">\n\t\t<div class=\"section-bg fill\" >\n\t\t\t<img loading=\"lazy\" decoding=\"async\" width=\"2560\" height=\"1709\" src=\"https:\/\/agrobacterias.com\/wp-content\/uploads\/2020\/12\/2798713-scaled.jpg\" class=\"bg attachment- size-\" alt=\"\" \/>\t\t\t\t\t\t<div class=\"section-bg-overlay absolute fill\"><\/div>\n\t\t\t\n\n\t\t<\/div>\n\n\t\t\n\n\t\t<div class=\"section-content relative\">\n\t\t\t\n\n<div class=\"row row-large align-middle align-center\"  id=\"row-2145237976\">\n\n\n\t<div id=\"col-117597545\" class=\"col medium-7 small-12 large-7\"  >\n\t\t\t\t<div class=\"col-inner text-center text-shadow-2 dark\"  >\n\t\t\t\n\t\t\t\n\n\t<div id=\"gap-363693210\" class=\"gap-element clearfix\" style=\"display:block; height:auto;\">\n\t\t\n<style>\n#gap-363693210 {\n  padding-top: 30px;\n}\n<\/style>\n\t<\/div>\n\t\n\n\t<div id=\"text-800135070\" class=\"text\">\n\t\t\n\n<h1><span class=\"fancy-underline\"><span style=\"font-size: 150%;\">Explosion totale<\/span><\/span><\/h1>\n<div class=\"contenedor\">\n<div class=\"productodetalle\">\n<h3 class=\"descripcionproducto\">Acides amin\u00e9s. Puissant nettoyant \u00e9cologique.<\/h3>\n<\/div>\n<\/div>\n\t\t\n<style>\n#text-800135070 {\n  font-size: 1.25rem;\n  line-height: 1.25;\n  text-align: left;\n}\n<\/style>\n\t<\/div>\n\t\n\n\t\t<\/div>\n\t\t\t\t\n<style>\n#col-117597545 > .col-inner {\n  padding: 0px 0px 0px 0px;\n  margin: 0px 0px -50px 0px;\n}\n<\/style>\n\t<\/div>\n\n\t\n\n\t<div id=\"col-134953607\" class=\"col medium-5 small-12 large-5\"  >\n\t\t\t\t<div class=\"col-inner text-left\"  >\n\t\t\t\n\t\t\t\n\n\t<div class=\"img has-hover x md-x lg-x y md-y lg-y\" id=\"image_610417506\">\n\t\t\t\t\t\t\t\t<div class=\"img-inner dark\" >\n\t\t\t<img loading=\"lazy\" decoding=\"async\" width=\"450\" height=\"450\" src=\"https:\/\/agrobacterias.com\/wp-content\/uploads\/2021\/02\/total_explosion_web.png\" class=\"attachment-large size-large\" alt=\"\" srcset=\"https:\/\/agrobacterias.com\/wp-content\/uploads\/2021\/02\/total_explosion_web.png 450w, https:\/\/agrobacterias.com\/wp-content\/uploads\/2021\/02\/total_explosion_web-100x100.png 100w, https:\/\/agrobacterias.com\/wp-content\/uploads\/2021\/02\/total_explosion_web-300x300.png 300w, https:\/\/agrobacterias.com\/wp-content\/uploads\/2021\/02\/total_explosion_web-150x150.png 150w\" sizes=\"auto, (max-width: 450px) 100vw, 450px\" \/>\t\t\t\t\t\t\n\t\t\t\t\t<\/div>\n\t\t\t\t\t\t\t\t\n<style>\n#image_610417506 {\n  width: 100%;\n}\n<\/style>\n\t<\/div>\n\t\n\n\n\t\t<\/div>\n\t\t\t\t\n<style>\n#col-134953607 > .col-inner {\n  padding: 0px 0px 0px 0px;\n  margin: 0px 0px -134px 0px;\n}\n@media (min-width:550px) {\n  #col-134953607 > .col-inner {\n    margin: 0px 0px -250px 35px;\n  }\n}\n<\/style>\n\t<\/div>\n\n\t\n\n<\/div>\n\n\t\t<\/div>\n\n\t\t\n<style>\n#section_639264511 {\n  padding-top: 0px;\n  padding-bottom: 0px;\n  margin-bottom: 0px;\n  min-height: 266px;\n}\n#section_639264511 .section-bg-overlay {\n  background-color: rgba(0, 0, 0, 0.698);\n}\n<\/style>\n\t<\/section>\n\t\n\n\t<section class=\"section\" id=\"section_314410580\">\n\t\t<div class=\"section-bg fill\" >\n\t\t\t\t\t\t\t\t\t\n\t\t\t\n\t<div class=\"is-border\"\n\t\tstyle=\"border-width:0px 0px 0px 0px;\">\n\t<\/div>\n\n\t\t<\/div>\n\n\t\t\n\n\t\t<div class=\"section-content relative\">\n\t\t\t\n\n<div class=\"row row-full-width\"  id=\"row-886976020\">\n\n\n\t<div id=\"col-2065282239\" class=\"col medium-7 small-12 large-7\"  >\n\t\t\t\t<div class=\"col-inner\"  >\n\t\t\t\n\t\t\t\n\n\t<div id=\"gap-2043918507\" class=\"gap-element clearfix show-for-small\" style=\"display:block; height:auto;\">\n\t\t\n<style>\n#gap-2043918507 {\n  padding-top: 36px;\n}\n@media (min-width:550px) {\n  #gap-2043918507 {\n    padding-top: 30px;\n  }\n}\n<\/style>\n\t<\/div>\n\t\n\n<div class=\"first column\">\n<div class=\"first column\">\n<p>Il s'agit d'un adjuvant \u00e9cologique qui conditionne les bouillons et constitue un puissant nettoyant de la m\u00e9lasse produite par les insectes nuisibles sur les feuilles des plantes, facilitant leur \u00e9limination par lavage. Les acides amin\u00e9s contenus dans la formulation lui conf\u00e8rent un effet stimulant et bioactivant qui redonne vigueur et sant\u00e9 aux plantes trait\u00e9es.<\/p>\n<p><strong>MODE D'EMPLOI<\/strong><\/p>\n<p>Dissoudre 2 - 3 ml x 1 litre d'eau. Pulv\u00e9riser les deux c\u00f4t\u00e9s de la feuille. R\u00e9p\u00e9ter l'application apr\u00e8s 7 \u00e0 10 jours pour am\u00e9liorer les r\u00e9sultats.<\/p>\n<\/div>\n<div class=\"lastcolumn\">\n<p><strong>COMPOSITION<\/strong><\/p>\n<p>Acides amin\u00e9s libres : 6%<\/p>\n<p>Acide L-glutamique : 3,5%<\/p>\n<p>Glycine : 2,5%<\/p>\n<p>Densit\u00e9 : 1,1 Kg\/L<\/p>\n<p>pH : 7<\/p>\n<\/div>\n<\/div>\n\n\t\t<\/div>\n\t\t\t\t\n<style>\n#col-2065282239 > .col-inner {\n  padding: 0px 20px 0px 20px;\n}\n<\/style>\n\t<\/div>\n\n\t\n\n\t<div id=\"col-1247335209\" class=\"col medium-5 small-12 large-5\"  >\n\t\t\t\t<div class=\"col-inner\"  >\n\t\t\t\n\t\t\t\n\n\t<div id=\"gap-1683949563\" class=\"gap-element clearfix hide-for-medium\" style=\"display:block; height:auto;\">\n\t\t\n<style>\n#gap-1683949563 {\n  padding-top: 140px;\n}\n<\/style>\n\t<\/div>\n\t\n\n\t<div id=\"gap-1819484693\" class=\"gap-element clearfix\" style=\"display:block; height:auto;\">\n\t\t\n<style>\n#gap-1819484693 {\n  padding-top: 30px;\n}\n<\/style>\n\t<\/div>\n\t\n\n<h3 class=\"accordion_title\">INFORMATIONS COMPL\u00c9MENTAIRES<\/h3><div class=\"accordion\">\n\n\t<div id=\"accordion-547217434\" class=\"accordion-item\">\n\t\t<a id=\"accordion-547217434-label\" class=\"accordion-title plain active\" href=\"#accordion-item-\u00bfpara-qu\u00e9-puedo-usarlo?\" aria-expanded=\"true\" aria-controls=\"accordion-547217434-content\" >\n\t\t\t<button class=\"toggle\" aria-label=\"Basculer\"><i class=\"icon-angle-down\"><\/i><\/button>\n\t\t\t<span>\u00c0 quoi peut-il servir ?<\/span>\n\t\t<\/a>\n\t\t<div id=\"accordion-547217434-content\" class=\"accordion-inner\" style=\"display: block;\" aria-labelledby=\"accordion-547217434-label\" >\n\t\t\t\n\n<p>Ravageurs des feuilles, thrips, acariens...<\/p>\n\n\t\t<\/div>\n\t<\/div>\n\t\n\t<div id=\"accordion-1629548567\" class=\"accordion-item\">\n\t\t<a id=\"accordion-1629548567-label\" class=\"accordion-title plain\" href=\"#accordion-item-dosis-y-aplicaci\u00f3n\" aria-expanded=\"false\" aria-controls=\"accordion-1629548567-content\" >\n\t\t\t<button class=\"toggle\" aria-label=\"Basculer\"><i class=\"icon-angle-down\"><\/i><\/button>\n\t\t\t<span>Dosage et application<\/span>\n\t\t<\/a>\n\t\t<div id=\"accordion-1629548567-content\" class=\"accordion-inner\" aria-labelledby=\"accordion-1629548567-label\" >\n\t\t\t\n\n<p>Dissoudre 2 - 3 ml x 1 litre d'eau. Pulv\u00e9riser les deux c\u00f4t\u00e9s de la feuille. R\u00e9p\u00e9ter l'application apr\u00e8s 7 \u00e0 10 jours pour am\u00e9liorer les r\u00e9sultats.<\/p>\n\n\t\t<\/div>\n\t<\/div>\n\t\n\n<\/div>\n\n\t\t<\/div>\n\t\t\t\t\t<\/div>\n\n\t\n\n<\/div>\n\n\t\t<\/div>\n\n\t\t\n<style>\n#section_314410580 {\n  padding-top: 40px;\n  padding-bottom: 40px;\n  margin-bottom: -2px;\n}\n<\/style>\n\t<\/section>\n\t\n\n\t<section class=\"section dark has-mask mask-arrow\" id=\"section_15403693\">\n\t\t<div class=\"section-bg fill\" >\n\t\t\t\t\t\t\t\t\t\n\t\t\t\n\t<div class=\"is-border\"\n\t\tstyle=\"border-color:rgb(235, 235, 235);border-width:1px 0px 0px 0px;\">\n\t<\/div>\n\n\t\t<\/div>\n\n\t\t\n\n\t\t<div class=\"section-content relative\">\n\t\t\t\n\n<div class=\"row\"  id=\"row-2005813341\">\n\n\n\t<div id=\"col-1737220869\" class=\"col small-12 large-12\"  >\n\t\t\t\t<div class=\"col-inner\"  >\n\t\t\t\n\t\t\t\n\n\t\n  \n    <div id=\"product-grid-1446780525\" class=\"row large-columns-4 medium-columns-3 small-columns-2 row-small has-shadow row-box-shadow-1 row-box-shadow-5-hover row-masonry\" data-packery-options='{\"itemSelector\": \".col\", \"gutter\": 0, \"presentageWidth\" : true}'>\n\n  \n\t     <div class=\"col\" >\n\t\t\t\t\t\t<div class=\"col-inner\">\n\t\t\t\t\t\t\n<div class=\"badge-container absolute left top z-1\">\n\n<\/div>\n\t\t\t\t\t\t<div class=\"product-small box has-hover box-normal box-text-bottom\">\n\t\t\t\t\t\t\t<div class=\"box-image\" >\n\t\t\t\t\t\t\t\t<div class=\"\" >\n\t\t\t\t\t\t\t\t\t<a href=\"https:\/\/agrobacterias.com\/fr\/product\/total-explosion-60-ml\/\" aria-label=\"Explosion totale 60ml\">\n\t\t\t\t\t\t\t\t\t\t<img loading=\"lazy\" decoding=\"async\" width=\"247\" height=\"296\" src=\"https:\/\/agrobacterias.com\/wp-content\/uploads\/2021\/02\/art_5220_1-247x296.jpg\" class=\"attachment-woocommerce_thumbnail size-woocommerce_thumbnail\" alt=\"Total_Explosion_60_ml.\" \/>\t\t\t\t\t\t\t\t\t<\/a>\n\t\t\t\t\t\t\t\t\t\t\t\t\t\t\t\t\t\t \t\t\t\t\t\t\t\t<\/div>\n\t\t\t\t\t\t\t\t<div class=\"image-tools top right show-on-hover\">\n\t\t\t\t\t\t\t\t\t\t\t\t\t\t\t\t\t<\/div>\n\t\t\t\t\t\t\t\t\t\t\t\t\t\t\t\t\t<div class=\"image-tools grid-tools text-center hide-for-small bottom hover-slide-in show-on-hover\">\n\t\t\t\t\t\t\t\t\t\t  <a class=\"quick-view\" data-prod=\"270\" href=\"#quick-view\">Aper\u00e7u<\/a>\t\t\t\t\t\t\t\t\t<\/div>\n\t\t\t\t\t\t\t\t\t\t\t\t\t\t\t\t\t\t\t\t\t\t\t<\/div>\n\n\t\t\t\t\t\t\t<div class=\"box-text text-left\" >\n\t\t\t\t\t\t\t\t<div class=\"title-wrapper\">\t\t<p class=\"category uppercase is-smaller no-text-overflow product-cat op-7\">\n\t\t\tPr\u00e9ventif et curatif\t\t<\/p>\n\t<p class=\"name product-title woocommerce-loop-product__title\"><a href=\"https:\/\/agrobacterias.com\/fr\/product\/total-explosion-60-ml\/\" class=\"woocommerce-LoopProduct-link woocommerce-loop-product__link\">Explosion totale 60ml<\/a><\/p><\/div><div class=\"price-wrapper\">\n\t<span class=\"price\"><span class=\"woocommerce-Price-amount amount\"><bdi>4,00&nbsp;<span class=\"woocommerce-Price-currencySymbol\">\u20ac<\/span><\/bdi><\/span><\/span>\n<\/div><div class=\"add-to-cart-button\"><a href=\"\/fr\/wp-json\/wp\/v2\/pages\/110?add-to-cart=270\" aria-describedby=\"woocommerce_loop_add_to_cart_link_describedby_270\" data-quantity=\"1\" class=\"primary is-small mb-0 button product_type_simple add_to_cart_button ajax_add_to_cart is-flat\" data-product_id=\"270\" data-product_sku=\"5220\" aria-label=\"Ajouter au panier\u00a0: \u201cTotal Explosion 60ml\u201d\" rel=\"nofollow\" data-success_message=\"\u00ab\u00a0Total Explosion 60ml\u00a0\u00bb a \u00e9t\u00e9 ajout\u00e9 \u00e0 votre panier\" role=\"button\" data-no-translation=\"\" data-trp-gettext=\"\" data-no-translation-aria-label=\"\" data-no-translation-data-success_message=\"\">Ajouter au panier<\/a><\/div>\t<span id=\"woocommerce_loop_add_to_cart_link_describedby_270\" class=\"screen-reader-text\">\n\t\t\t<\/span>\n\t\t\t\t\t\t\t<\/div>\n\t\t\t\t\t\t<\/div>\n\t\t\t\t\t\t<\/div>\n\t\t\t\t\t<\/div><\/div>\n\n\n\t\t<\/div>\n\t\t\t\t\t<\/div>\n\n\t\n\n<\/div>\n\n\t\t<\/div>\n\n\t\t\n<style>\n#section_15403693 {\n  padding-top: 49px;\n  padding-bottom: 49px;\n  min-height: 300px;\n  background-color: rgb(78, 16, 16);\n}\n<\/style>\n\t<\/section>","protected":false},"excerpt":{"rendered":"","protected":false},"author":571,"featured_media":0,"parent":106,"menu_order":0,"comment_status":"closed","ping_status":"closed","template":"page-blank.php","meta":{"footnotes":""},"class_list":["post-110","page","type-page","status-publish","hentry"],"yoast_head":"<!-- This site is optimized with the Yoast SEO plugin v27.5 - https:\/\/yoast.com\/product\/yoast-seo-wordpress\/ -->\n<title>Total Explosion - Agrobacterias<\/title>\n<meta name=\"robots\" content=\"index, follow, max-snippet:-1, max-image-preview:large, max-video-preview:-1\" \/>\n<link rel=\"canonical\" href=\"https:\/\/agrobacterias.com\/fr\/preventivos-y-curativos\/total-explosion\/\" \/>\n<meta property=\"og:locale\" content=\"fr_FR\" \/>\n<meta property=\"og:type\" content=\"article\" \/>\n<meta property=\"og:title\" content=\"Total Explosion - Agrobacterias\" \/>\n<meta property=\"og:url\" content=\"https:\/\/agrobacterias.com\/fr\/preventivos-y-curativos\/total-explosion\/\" \/>\n<meta property=\"og:site_name\" content=\"Agrobacterias\" \/>\n<meta property=\"article:modified_time\" content=\"2022-01-05T09:39:20+00:00\" \/>\n<meta name=\"twitter:card\" content=\"summary_large_image\" \/>\n<meta name=\"twitter:label1\" content=\"Dur\u00e9e de lecture estim\u00e9e\" \/>\n\t<meta name=\"twitter:data1\" content=\"2 minutes\" \/>\n<script type=\"application\/ld+json\" class=\"yoast-schema-graph\">{\"@context\":\"https:\\\/\\\/schema.org\",\"@graph\":[{\"@type\":\"WebPage\",\"@id\":\"https:\\\/\\\/agrobacterias.com\\\/preventivos-y-curativos\\\/total-explosion\\\/\",\"url\":\"https:\\\/\\\/agrobacterias.com\\\/preventivos-y-curativos\\\/total-explosion\\\/\",\"name\":\"Total Explosion - Agrobacterias\",\"isPartOf\":{\"@id\":\"https:\\\/\\\/agrobacterias.com\\\/#website\"},\"datePublished\":\"2021-01-28T09:59:54+00:00\",\"dateModified\":\"2022-01-05T09:39:20+00:00\",\"breadcrumb\":{\"@id\":\"https:\\\/\\\/agrobacterias.com\\\/preventivos-y-curativos\\\/total-explosion\\\/#breadcrumb\"},\"inLanguage\":\"fr-FR\",\"potentialAction\":[{\"@type\":\"ReadAction\",\"target\":[\"https:\\\/\\\/agrobacterias.com\\\/preventivos-y-curativos\\\/total-explosion\\\/\"]}]},{\"@type\":\"BreadcrumbList\",\"@id\":\"https:\\\/\\\/agrobacterias.com\\\/preventivos-y-curativos\\\/total-explosion\\\/#breadcrumb\",\"itemListElement\":[{\"@type\":\"ListItem\",\"position\":1,\"name\":\"Home\",\"item\":\"https:\\\/\\\/agrobacterias.com\\\/\"},{\"@type\":\"ListItem\",\"position\":2,\"name\":\"Preventivos y curativos\",\"item\":\"https:\\\/\\\/agrobacterias.com\\\/preventivos-y-curativos\\\/\"},{\"@type\":\"ListItem\",\"position\":3,\"name\":\"Total Explosion\"}]},{\"@type\":\"WebSite\",\"@id\":\"https:\\\/\\\/agrobacterias.com\\\/#website\",\"url\":\"https:\\\/\\\/agrobacterias.com\\\/\",\"name\":\"Agrobacterias\",\"description\":\"Biotecnolog\u00eda del Siglo XXI\",\"potentialAction\":[{\"@type\":\"SearchAction\",\"target\":{\"@type\":\"EntryPoint\",\"urlTemplate\":\"https:\\\/\\\/agrobacterias.com\\\/?s={search_term_string}\"},\"query-input\":{\"@type\":\"PropertyValueSpecification\",\"valueRequired\":true,\"valueName\":\"search_term_string\"}}],\"inLanguage\":\"fr-FR\"}]}<\/script>\n<!-- \/ Yoast SEO plugin. -->","yoast_head_json":{"title":"Total Explosion - Agrobacterias","robots":{"index":"index","follow":"follow","max-snippet":"max-snippet:-1","max-image-preview":"max-image-preview:large","max-video-preview":"max-video-preview:-1"},"canonical":"https:\/\/agrobacterias.com\/fr\/preventivos-y-curativos\/total-explosion\/","og_locale":"fr_FR","og_type":"article","og_title":"Total Explosion - Agrobacterias","og_url":"https:\/\/agrobacterias.com\/fr\/preventivos-y-curativos\/total-explosion\/","og_site_name":"Agrobacterias","article_modified_time":"2022-01-05T09:39:20+00:00","twitter_card":"summary_large_image","twitter_misc":{"Dur\u00e9e de lecture estim\u00e9e":"2 minutes"},"schema":{"@context":"https:\/\/schema.org","@graph":[{"@type":"WebPage","@id":"https:\/\/agrobacterias.com\/preventivos-y-curativos\/total-explosion\/","url":"https:\/\/agrobacterias.com\/preventivos-y-curativos\/total-explosion\/","name":"Total Explosion - Agrobacterias","isPartOf":{"@id":"https:\/\/agrobacterias.com\/#website"},"datePublished":"2021-01-28T09:59:54+00:00","dateModified":"2022-01-05T09:39:20+00:00","breadcrumb":{"@id":"https:\/\/agrobacterias.com\/preventivos-y-curativos\/total-explosion\/#breadcrumb"},"inLanguage":"fr-FR","potentialAction":[{"@type":"ReadAction","target":["https:\/\/agrobacterias.com\/preventivos-y-curativos\/total-explosion\/"]}]},{"@type":"BreadcrumbList","@id":"https:\/\/agrobacterias.com\/preventivos-y-curativos\/total-explosion\/#breadcrumb","itemListElement":[{"@type":"ListItem","position":1,"name":"Home","item":"https:\/\/agrobacterias.com\/"},{"@type":"ListItem","position":2,"name":"Preventivos y curativos","item":"https:\/\/agrobacterias.com\/preventivos-y-curativos\/"},{"@type":"ListItem","position":3,"name":"Total Explosion"}]},{"@type":"WebSite","@id":"https:\/\/agrobacterias.com\/#website","url":"https:\/\/agrobacterias.com\/","name":"Agrobact\u00e9ries","description":"Biotechnologie du 21e si\u00e8cle","potentialAction":[{"@type":"SearchAction","target":{"@type":"EntryPoint","urlTemplate":"https:\/\/agrobacterias.com\/?s={search_term_string}"},"query-input":{"@type":"PropertyValueSpecification","valueRequired":true,"valueName":"search_term_string"}}],"inLanguage":"fr-FR"}]}},"_links":{"self":[{"href":"https:\/\/agrobacterias.com\/fr\/wp-json\/wp\/v2\/pages\/110","targetHints":{"allow":["GET"]}}],"collection":[{"href":"https:\/\/agrobacterias.com\/fr\/wp-json\/wp\/v2\/pages"}],"about":[{"href":"https:\/\/agrobacterias.com\/fr\/wp-json\/wp\/v2\/types\/page"}],"author":[{"embeddable":true,"href":"https:\/\/agrobacterias.com\/fr\/wp-json\/wp\/v2\/users\/571"}],"replies":[{"embeddable":true,"href":"https:\/\/agrobacterias.com\/fr\/wp-json\/wp\/v2\/comments?post=110"}],"version-history":[{"count":3,"href":"https:\/\/agrobacterias.com\/fr\/wp-json\/wp\/v2\/pages\/110\/revisions"}],"predecessor-version":[{"id":412,"href":"https:\/\/agrobacterias.com\/fr\/wp-json\/wp\/v2\/pages\/110\/revisions\/412"}],"up":[{"embeddable":true,"href":"https:\/\/agrobacterias.com\/fr\/wp-json\/wp\/v2\/pages\/106"}],"wp:attachment":[{"href":"https:\/\/agrobacterias.com\/fr\/wp-json\/wp\/v2\/media?parent=110"}],"curies":[{"name":"wp","href":"https:\/\/api.w.org\/{rel}","templated":true}]}}