{"id":352,"date":"2021-02-02T11:59:39","date_gmt":"2021-02-02T11:59:39","guid":{"rendered":"https:\/\/agrobacterias.com\/?page_id=352"},"modified":"2022-01-05T09:35:20","modified_gmt":"2022-01-05T09:35:20","slug":"oidio-killer","status":"publish","type":"page","link":"https:\/\/agrobacterias.com\/fr\/preventivos-y-curativos\/oidio-killer\/","title":{"rendered":"Tueur d'o\u00efdium"},"content":{"rendered":"<section class=\"section\" id=\"section_160132250\">\n\t\t<div class=\"section-bg fill\" >\n\t\t\t<img loading=\"lazy\" decoding=\"async\" width=\"2560\" height=\"1709\" src=\"https:\/\/agrobacterias.com\/wp-content\/uploads\/2020\/12\/2798713-scaled.jpg\" class=\"bg attachment- size-\" alt=\"\" \/>\t\t\t\t\t\t<div class=\"section-bg-overlay absolute fill\"><\/div>\n\t\t\t\n\n\t\t<\/div>\n\n\t\t\n\n\t\t<div class=\"section-content relative\">\n\t\t\t\n\n<div class=\"row row-large align-middle align-center\"  id=\"row-2078391608\">\n\n\n\t<div id=\"col-2026867759\" class=\"col medium-7 small-12 large-7\"  >\n\t\t\t\t<div class=\"col-inner text-center text-shadow-2 dark\"  >\n\t\t\t\n\t\t\t\n\n\t<div id=\"gap-1164270453\" class=\"gap-element clearfix\" style=\"display:block; height:auto;\">\n\t\t\n<style>\n#gap-1164270453 {\n  padding-top: 30px;\n}\n<\/style>\n\t<\/div>\n\t\n\n\t<div id=\"text-2230766545\" class=\"text\">\n\t\t\n\n<h1><span class=\"fancy-underline\"><span style=\"font-size: 150%;\">Tueur d'o\u00efdium<\/span><\/span><\/h1>\n<p>Concentr\u00e9 d'acides amin\u00e9s provenant de l'hydrolyse enzymatique de prot\u00e9ines v\u00e9g\u00e9tales<\/p>\n\t\t\n<style>\n#text-2230766545 {\n  font-size: 1.25rem;\n  line-height: 1.25;\n  text-align: left;\n}\n<\/style>\n\t<\/div>\n\t\n\n\t\t<\/div>\n\t\t\t\t\n<style>\n#col-2026867759 > .col-inner {\n  padding: 0px 0px 0px 0px;\n  margin: 0px 0px -50px 0px;\n}\n<\/style>\n\t<\/div>\n\n\t\n\n\t<div id=\"col-1983221902\" class=\"col medium-5 small-12 large-5\"  >\n\t\t\t\t<div class=\"col-inner text-left\"  >\n\t\t\t\n\t\t\t\n\n\t<div class=\"img has-hover x md-x lg-x y md-y lg-y\" id=\"image_133373637\">\n\t\t\t\t\t\t\t\t<div class=\"img-inner dark\" >\n\t\t\t<img loading=\"lazy\" decoding=\"async\" width=\"450\" height=\"450\" src=\"https:\/\/agrobacterias.com\/wp-content\/uploads\/2021\/02\/botella_oidio_killer.png\" class=\"attachment-large size-large\" alt=\"\" srcset=\"https:\/\/agrobacterias.com\/wp-content\/uploads\/2021\/02\/botella_oidio_killer.png 450w, https:\/\/agrobacterias.com\/wp-content\/uploads\/2021\/02\/botella_oidio_killer-100x100.png 100w, https:\/\/agrobacterias.com\/wp-content\/uploads\/2021\/02\/botella_oidio_killer-300x300.png 300w, https:\/\/agrobacterias.com\/wp-content\/uploads\/2021\/02\/botella_oidio_killer-150x150.png 150w\" sizes=\"auto, (max-width: 450px) 100vw, 450px\" \/>\t\t\t\t\t\t\n\t\t\t\t\t<\/div>\n\t\t\t\t\t\t\t\t\n<style>\n#image_133373637 {\n  width: 100%;\n}\n<\/style>\n\t<\/div>\n\t\n\n\n\t\t<\/div>\n\t\t\t\t\n<style>\n#col-1983221902 > .col-inner {\n  padding: 0px 0px 0px 0px;\n  margin: 0px 0px -134px 0px;\n}\n@media (min-width:550px) {\n  #col-1983221902 > .col-inner {\n    margin: 0px 0px -250px 35px;\n  }\n}\n<\/style>\n\t<\/div>\n\n\t\n\n<\/div>\n\n\t\t<\/div>\n\n\t\t\n<style>\n#section_160132250 {\n  padding-top: 0px;\n  padding-bottom: 0px;\n  margin-bottom: 0px;\n  min-height: 266px;\n}\n#section_160132250 .section-bg-overlay {\n  background-color: rgba(0, 0, 0, 0.698);\n}\n<\/style>\n\t<\/section>\n\t\n\n\t<section class=\"section\" id=\"section_1593284779\">\n\t\t<div class=\"section-bg fill\" >\n\t\t\t\t\t\t\t\t\t\n\t\t\t\n\t<div class=\"is-border\"\n\t\tstyle=\"border-width:0px 0px 0px 0px;\">\n\t<\/div>\n\n\t\t<\/div>\n\n\t\t\n\n\t\t<div class=\"section-content relative\">\n\t\t\t\n\n<div class=\"row row-full-width\"  id=\"row-1213381485\">\n\n\n\t<div id=\"col-1524005154\" class=\"col medium-7 small-12 large-7\"  >\n\t\t\t\t<div class=\"col-inner\"  >\n\t\t\t\n\t\t\t\n\n\t<div id=\"gap-914622249\" class=\"gap-element clearfix show-for-small\" style=\"display:block; height:auto;\">\n\t\t\n<style>\n#gap-914622249 {\n  padding-top: 36px;\n}\n@media (min-width:550px) {\n  #gap-914622249 {\n    padding-top: 30px;\n  }\n}\n<\/style>\n\t<\/div>\n\t\n\n<div class=\"first column\">\n<p>Fongicide \u00e9cologique \u00e0 base de bact\u00e9ries Bacillus Amyloquefaciens (109ufc\/g). Efficace contre l'o\u00efdium, le botrytis et d'autres champignons pathog\u00e8nes. Riche en mati\u00e8re organique, en acides amin\u00e9s et en potassium organique, il stimule le d\u00e9veloppement de la plante, renforce la cuticule des feuilles et les d\u00e9fenses naturelles de la plante.<\/p>\n<p><strong>COMBAT : <\/strong><br \/>O\u00efdium, botrytis et autres champignons.<\/p>\n<p><strong>APPLICATION FOLIAIRE :<\/strong><br \/>1,5 \u00e0 2 ml. x 1 L d'eau et pulv\u00e9riser g\u00e9n\u00e9reusement la plante, r\u00e9p\u00e9ter le traitement tous les 15 jours. Ne pas pulv\u00e9riser pendant les heures d'ensoleillement maximum, de pluie ou de vent.<\/p>\n<p><strong>COMPOSITION :<\/strong><br \/>Bacillus amyloquefaciens (109ufc\/g), potassium organique et acides amin\u00e9s.<\/p>\n<p>100 % Naturel Convient \u00e0 l'agriculture biologique.<\/p>\n<\/div>\n\n\t\t<\/div>\n\t\t\t\t\n<style>\n#col-1524005154 > .col-inner {\n  padding: 0px 20px 0px 20px;\n}\n<\/style>\n\t<\/div>\n\n\t\n\n\t<div id=\"col-1994111370\" class=\"col medium-5 small-12 large-5\"  >\n\t\t\t\t<div class=\"col-inner\"  >\n\t\t\t\n\t\t\t\n\n\t<div id=\"gap-1318821958\" class=\"gap-element clearfix hide-for-medium\" style=\"display:block; height:auto;\">\n\t\t\n<style>\n#gap-1318821958 {\n  padding-top: 140px;\n}\n<\/style>\n\t<\/div>\n\t\n\n\t<div id=\"gap-539482891\" class=\"gap-element clearfix\" style=\"display:block; height:auto;\">\n\t\t\n<style>\n#gap-539482891 {\n  padding-top: 30px;\n}\n<\/style>\n\t<\/div>\n\t\n\n<h3 class=\"accordion_title\">INFORMATIONS COMPL\u00c9MENTAIRES<\/h3><div class=\"accordion\">\n\n\t<div id=\"accordion-1859501857\" class=\"accordion-item\">\n\t\t<a id=\"accordion-1859501857-label\" class=\"accordion-title plain active\" href=\"#accordion-item-\u00bfpara-qu\u00e9-puedo-usarlo?\" aria-expanded=\"true\" aria-controls=\"accordion-1859501857-content\" >\n\t\t\t<button class=\"toggle\" aria-label=\"Basculer\"><i class=\"icon-angle-down\"><\/i><\/button>\n\t\t\t<span>\u00c0 quoi peut-il servir ?<\/span>\n\t\t<\/a>\n\t\t<div id=\"accordion-1859501857-content\" class=\"accordion-inner\" style=\"display: block;\" aria-labelledby=\"accordion-1859501857-label\" >\n\t\t\t\n\n<p>O\u00efdium, botrytis et autres champignons.<\/p>\n\n\t\t<\/div>\n\t<\/div>\n\t\n\t<div id=\"accordion-1428419732\" class=\"accordion-item\">\n\t\t<a id=\"accordion-1428419732-label\" class=\"accordion-title plain\" href=\"#accordion-item-dosis-y-aplicaci\u00f3n\" aria-expanded=\"false\" aria-controls=\"accordion-1428419732-content\" >\n\t\t\t<button class=\"toggle\" aria-label=\"Basculer\"><i class=\"icon-angle-down\"><\/i><\/button>\n\t\t\t<span>Dosage et application<\/span>\n\t\t<\/a>\n\t\t<div id=\"accordion-1428419732-content\" class=\"accordion-inner\" aria-labelledby=\"accordion-1428419732-label\" >\n\t\t\t\n\n<p>1,5 \u00e0 2 ml. x 1 L d'eau et pulv\u00e9riser g\u00e9n\u00e9reusement la plante, r\u00e9p\u00e9ter le traitement tous les 15 jours. Ne pas pulv\u00e9riser pendant les heures d'ensoleillement maximum, de pluie ou de vent.<\/p>\n\n\t\t<\/div>\n\t<\/div>\n\t\n\n<\/div>\n\n\t\t<\/div>\n\t\t\t\t\t<\/div>\n\n\t\n\n<\/div>\n\n\t\t<\/div>\n\n\t\t\n<style>\n#section_1593284779 {\n  padding-top: 40px;\n  padding-bottom: 40px;\n  margin-bottom: -2px;\n}\n<\/style>\n\t<\/section>\n\t\n\n\t<section class=\"section dark has-mask mask-arrow\" id=\"section_719864099\">\n\t\t<div class=\"section-bg fill\" >\n\t\t\t\t\t\t\t\t\t\n\t\t\t\n\t<div class=\"is-border\"\n\t\tstyle=\"border-color:rgb(235, 235, 235);border-width:1px 0px 0px 0px;\">\n\t<\/div>\n\n\t\t<\/div>\n\n\t\t\n\n\t\t<div class=\"section-content relative\">\n\t\t\t\n\n<div class=\"row\"  id=\"row-1760242833\">\n\n\n\t<div id=\"col-170242342\" class=\"col small-12 large-12\"  >\n\t\t\t\t<div class=\"col-inner\"  >\n\t\t\t\n\t\t\t\n\n\t\n  \n    <div id=\"product-grid-1291129313\" class=\"row large-columns-4 medium-columns-3 small-columns-2 row-small has-shadow row-box-shadow-1 row-box-shadow-5-hover row-masonry\" data-packery-options='{\"itemSelector\": \".col\", \"gutter\": 0, \"presentageWidth\" : true}'>\n\n  \n\t     <div class=\"col\" >\n\t\t\t\t\t\t<div class=\"col-inner\">\n\t\t\t\t\t\t\n<div class=\"badge-container absolute left top z-1\">\n\n<\/div>\n\t\t\t\t\t\t<div class=\"product-small box has-hover box-normal box-text-bottom\">\n\t\t\t\t\t\t\t<div class=\"box-image\" >\n\t\t\t\t\t\t\t\t<div class=\"\" >\n\t\t\t\t\t\t\t\t\t<a href=\"https:\/\/agrobacterias.com\/fr\/product\/oidio-killer-50-gr\/\" aria-label=\"Tueur d&#039;o\u00efdium 50g\">\n\t\t\t\t\t\t\t\t\t\t<img loading=\"lazy\" decoding=\"async\" width=\"247\" height=\"296\" src=\"https:\/\/agrobacterias.com\/wp-content\/uploads\/2021\/02\/art_4514_1-247x296.jpg\" class=\"attachment-woocommerce_thumbnail size-woocommerce_thumbnail\" alt=\"Oidio_Killer_50_g\" \/>\t\t\t\t\t\t\t\t\t<\/a>\n\t\t\t\t\t\t\t\t\t\t\t\t\t\t\t\t\t\t \t\t\t\t\t\t\t\t<\/div>\n\t\t\t\t\t\t\t\t<div class=\"image-tools top right show-on-hover\">\n\t\t\t\t\t\t\t\t\t\t\t\t\t\t\t\t\t<\/div>\n\t\t\t\t\t\t\t\t\t\t\t\t\t\t\t\t\t<div class=\"image-tools grid-tools text-center hide-for-small bottom hover-slide-in show-on-hover\">\n\t\t\t\t\t\t\t\t\t\t  <a class=\"quick-view\" data-prod=\"252\" href=\"#quick-view\">Aper\u00e7u<\/a>\t\t\t\t\t\t\t\t\t<\/div>\n\t\t\t\t\t\t\t\t\t\t\t\t\t\t\t\t\t\t\t\t\t\t\t<\/div>\n\n\t\t\t\t\t\t\t<div class=\"box-text text-left\" >\n\t\t\t\t\t\t\t\t<div class=\"title-wrapper\">\t\t<p class=\"category uppercase is-smaller no-text-overflow product-cat op-7\">\n\t\t\tPr\u00e9ventif et curatif\t\t<\/p>\n\t<p class=\"name product-title woocommerce-loop-product__title\"><a href=\"https:\/\/agrobacterias.com\/fr\/product\/oidio-killer-50-gr\/\" class=\"woocommerce-LoopProduct-link woocommerce-loop-product__link\">Tueur d'o\u00efdium 50g<\/a><\/p><\/div><div class=\"price-wrapper\">\n\t<span class=\"price\"><span class=\"woocommerce-Price-amount amount\"><bdi>19,00&nbsp;<span class=\"woocommerce-Price-currencySymbol\">\u20ac<\/span><\/bdi><\/span><\/span>\n<\/div><div class=\"add-to-cart-button\"><a href=\"\/fr\/wp-json\/wp\/v2\/pages\/352?add-to-cart=252\" aria-describedby=\"woocommerce_loop_add_to_cart_link_describedby_252\" data-quantity=\"1\" class=\"primary is-small mb-0 button product_type_simple add_to_cart_button ajax_add_to_cart is-flat\" data-product_id=\"252\" data-product_sku=\"4514\" aria-label=\"Ajouter au panier : &quot;Oidio Killer 50g&quot;.\" rel=\"nofollow\" data-success_message=\"\u00ab\u00a0Oidio Killer 50g\u00a0\u00bb a \u00e9t\u00e9 ajout\u00e9 \u00e0 votre panier\" role=\"button\">Ajouter au panier<\/a><\/div>\t<span id=\"woocommerce_loop_add_to_cart_link_describedby_252\" class=\"screen-reader-text\">\n\t\t\t<\/span>\n\t\t\t\t\t\t\t<\/div>\n\t\t\t\t\t\t<\/div>\n\t\t\t\t\t\t<\/div>\n\t\t\t\t\t<\/div><\/div>\n\n\n\t\t<\/div>\n\t\t\t\t\t<\/div>\n\n\t\n\n<\/div>\n\n\t\t<\/div>\n\n\t\t\n<style>\n#section_719864099 {\n  padding-top: 49px;\n  padding-bottom: 49px;\n  min-height: 300px;\n  background-color: rgb(78, 16, 16);\n}\n<\/style>\n\t<\/section>","protected":false},"excerpt":{"rendered":"","protected":false},"author":571,"featured_media":0,"parent":106,"menu_order":0,"comment_status":"closed","ping_status":"closed","template":"page-blank.php","meta":{"footnotes":""},"class_list":["post-352","page","type-page","status-publish","hentry"],"yoast_head":"<!-- This site is optimized with the Yoast SEO plugin v27.4 - https:\/\/yoast.com\/product\/yoast-seo-wordpress\/ -->\n<title>Oidio Killer - Agrobacterias<\/title>\n<meta name=\"robots\" content=\"index, follow, max-snippet:-1, max-image-preview:large, max-video-preview:-1\" \/>\n<link rel=\"canonical\" href=\"https:\/\/agrobacterias.com\/fr\/preventivos-y-curativos\/oidio-killer\/\" \/>\n<meta property=\"og:locale\" content=\"fr_FR\" \/>\n<meta property=\"og:type\" content=\"article\" \/>\n<meta property=\"og:title\" content=\"Oidio Killer - Agrobacterias\" \/>\n<meta property=\"og:url\" content=\"https:\/\/agrobacterias.com\/fr\/preventivos-y-curativos\/oidio-killer\/\" \/>\n<meta property=\"og:site_name\" content=\"Agrobacterias\" \/>\n<meta property=\"article:modified_time\" content=\"2022-01-05T09:35:20+00:00\" \/>\n<meta name=\"twitter:card\" content=\"summary_large_image\" \/>\n<meta name=\"twitter:label1\" content=\"Dur\u00e9e de lecture estim\u00e9e\" \/>\n\t<meta name=\"twitter:data1\" content=\"2 minutes\" \/>\n<script type=\"application\/ld+json\" class=\"yoast-schema-graph\">{\"@context\":\"https:\\\/\\\/schema.org\",\"@graph\":[{\"@type\":\"WebPage\",\"@id\":\"https:\\\/\\\/agrobacterias.com\\\/preventivos-y-curativos\\\/oidio-killer\\\/\",\"url\":\"https:\\\/\\\/agrobacterias.com\\\/preventivos-y-curativos\\\/oidio-killer\\\/\",\"name\":\"Oidio Killer - Agrobacterias\",\"isPartOf\":{\"@id\":\"https:\\\/\\\/agrobacterias.com\\\/#website\"},\"datePublished\":\"2021-02-02T11:59:39+00:00\",\"dateModified\":\"2022-01-05T09:35:20+00:00\",\"breadcrumb\":{\"@id\":\"https:\\\/\\\/agrobacterias.com\\\/preventivos-y-curativos\\\/oidio-killer\\\/#breadcrumb\"},\"inLanguage\":\"fr-FR\",\"potentialAction\":[{\"@type\":\"ReadAction\",\"target\":[\"https:\\\/\\\/agrobacterias.com\\\/preventivos-y-curativos\\\/oidio-killer\\\/\"]}]},{\"@type\":\"BreadcrumbList\",\"@id\":\"https:\\\/\\\/agrobacterias.com\\\/preventivos-y-curativos\\\/oidio-killer\\\/#breadcrumb\",\"itemListElement\":[{\"@type\":\"ListItem\",\"position\":1,\"name\":\"Home\",\"item\":\"https:\\\/\\\/agrobacterias.com\\\/\"},{\"@type\":\"ListItem\",\"position\":2,\"name\":\"Preventivos y curativos\",\"item\":\"https:\\\/\\\/agrobacterias.com\\\/preventivos-y-curativos\\\/\"},{\"@type\":\"ListItem\",\"position\":3,\"name\":\"Oidio Killer\"}]},{\"@type\":\"WebSite\",\"@id\":\"https:\\\/\\\/agrobacterias.com\\\/#website\",\"url\":\"https:\\\/\\\/agrobacterias.com\\\/\",\"name\":\"Agrobacterias\",\"description\":\"Biotecnolog\u00eda del Siglo XXI\",\"potentialAction\":[{\"@type\":\"SearchAction\",\"target\":{\"@type\":\"EntryPoint\",\"urlTemplate\":\"https:\\\/\\\/agrobacterias.com\\\/?s={search_term_string}\"},\"query-input\":{\"@type\":\"PropertyValueSpecification\",\"valueRequired\":true,\"valueName\":\"search_term_string\"}}],\"inLanguage\":\"fr-FR\"}]}<\/script>\n<!-- \/ Yoast SEO plugin. -->","yoast_head_json":{"title":"Oidio Killer - Agrobacterias","robots":{"index":"index","follow":"follow","max-snippet":"max-snippet:-1","max-image-preview":"max-image-preview:large","max-video-preview":"max-video-preview:-1"},"canonical":"https:\/\/agrobacterias.com\/fr\/preventivos-y-curativos\/oidio-killer\/","og_locale":"fr_FR","og_type":"article","og_title":"Oidio Killer - Agrobacterias","og_url":"https:\/\/agrobacterias.com\/fr\/preventivos-y-curativos\/oidio-killer\/","og_site_name":"Agrobacterias","article_modified_time":"2022-01-05T09:35:20+00:00","twitter_card":"summary_large_image","twitter_misc":{"Dur\u00e9e de lecture estim\u00e9e":"2 minutes"},"schema":{"@context":"https:\/\/schema.org","@graph":[{"@type":"WebPage","@id":"https:\/\/agrobacterias.com\/preventivos-y-curativos\/oidio-killer\/","url":"https:\/\/agrobacterias.com\/preventivos-y-curativos\/oidio-killer\/","name":"Oidio Killer - Agrobacterias","isPartOf":{"@id":"https:\/\/agrobacterias.com\/#website"},"datePublished":"2021-02-02T11:59:39+00:00","dateModified":"2022-01-05T09:35:20+00:00","breadcrumb":{"@id":"https:\/\/agrobacterias.com\/preventivos-y-curativos\/oidio-killer\/#breadcrumb"},"inLanguage":"fr-FR","potentialAction":[{"@type":"ReadAction","target":["https:\/\/agrobacterias.com\/preventivos-y-curativos\/oidio-killer\/"]}]},{"@type":"BreadcrumbList","@id":"https:\/\/agrobacterias.com\/preventivos-y-curativos\/oidio-killer\/#breadcrumb","itemListElement":[{"@type":"ListItem","position":1,"name":"Home","item":"https:\/\/agrobacterias.com\/"},{"@type":"ListItem","position":2,"name":"Preventivos y curativos","item":"https:\/\/agrobacterias.com\/preventivos-y-curativos\/"},{"@type":"ListItem","position":3,"name":"Oidio Killer"}]},{"@type":"WebSite","@id":"https:\/\/agrobacterias.com\/#website","url":"https:\/\/agrobacterias.com\/","name":"Agrobact\u00e9ries","description":"Biotechnologie du 21e si\u00e8cle","potentialAction":[{"@type":"SearchAction","target":{"@type":"EntryPoint","urlTemplate":"https:\/\/agrobacterias.com\/?s={search_term_string}"},"query-input":{"@type":"PropertyValueSpecification","valueRequired":true,"valueName":"search_term_string"}}],"inLanguage":"fr-FR"}]}},"_links":{"self":[{"href":"https:\/\/agrobacterias.com\/fr\/wp-json\/wp\/v2\/pages\/352","targetHints":{"allow":["GET"]}}],"collection":[{"href":"https:\/\/agrobacterias.com\/fr\/wp-json\/wp\/v2\/pages"}],"about":[{"href":"https:\/\/agrobacterias.com\/fr\/wp-json\/wp\/v2\/types\/page"}],"author":[{"embeddable":true,"href":"https:\/\/agrobacterias.com\/fr\/wp-json\/wp\/v2\/users\/571"}],"replies":[{"embeddable":true,"href":"https:\/\/agrobacterias.com\/fr\/wp-json\/wp\/v2\/comments?post=352"}],"version-history":[{"count":3,"href":"https:\/\/agrobacterias.com\/fr\/wp-json\/wp\/v2\/pages\/352\/revisions"}],"predecessor-version":[{"id":410,"href":"https:\/\/agrobacterias.com\/fr\/wp-json\/wp\/v2\/pages\/352\/revisions\/410"}],"up":[{"embeddable":true,"href":"https:\/\/agrobacterias.com\/fr\/wp-json\/wp\/v2\/pages\/106"}],"wp:attachment":[{"href":"https:\/\/agrobacterias.com\/fr\/wp-json\/wp\/v2\/media?parent=352"}],"curies":[{"name":"wp","href":"https:\/\/api.w.org\/{rel}","templated":true}]}}