{"id":354,"date":"2021-02-02T11:59:58","date_gmt":"2021-02-02T11:59:58","guid":{"rendered":"https:\/\/agrobacterias.com\/?page_id=354"},"modified":"2022-01-05T09:17:42","modified_gmt":"2022-01-05T09:17:42","slug":"spider-killer","status":"publish","type":"page","link":"https:\/\/agrobacterias.com\/fr\/preventivos-y-curativos\/spider-killer\/","title":{"rendered":"Tueur d'araign\u00e9es"},"content":{"rendered":"<section class=\"section\" id=\"section_1917044570\">\n\t\t<div class=\"section-bg fill\" >\n\t\t\t<img loading=\"lazy\" decoding=\"async\" width=\"2560\" height=\"1709\" src=\"https:\/\/agrobacterias.com\/wp-content\/uploads\/2020\/12\/2798713-scaled.jpg\" class=\"bg attachment- size-\" alt=\"\" \/>\t\t\t\t\t\t<div class=\"section-bg-overlay absolute fill\"><\/div>\n\t\t\t\n\n\t\t<\/div>\n\n\t\t\n\n\t\t<div class=\"section-content relative\">\n\t\t\t\n\n<div class=\"row row-large align-middle align-center\"  id=\"row-1518706787\">\n\n\n\t<div id=\"col-1515456997\" class=\"col medium-7 small-12 large-7\"  >\n\t\t\t\t<div class=\"col-inner text-center text-shadow-2 dark\"  >\n\t\t\t\n\t\t\t\n\n\t<div id=\"gap-39344938\" class=\"gap-element clearfix\" style=\"display:block; height:auto;\">\n\t\t\n<style>\n#gap-39344938 {\n  padding-top: 30px;\n}\n<\/style>\n\t<\/div>\n\t\n\n\t<div id=\"text-3980145564\" class=\"text\">\n\t\t\n\n<h1><span class=\"fancy-underline\"><span style=\"font-size: 150%;\">Tueur d'araign\u00e9es<\/span><\/span><\/h1>\n<p>Concentr\u00e9 d'acides amin\u00e9s provenant de l'hydrolyse enzymatique de prot\u00e9ines v\u00e9g\u00e9tales<\/p>\n\t\t\n<style>\n#text-3980145564 {\n  font-size: 1.25rem;\n  line-height: 1.25;\n  text-align: left;\n}\n<\/style>\n\t<\/div>\n\t\n\n\t\t<\/div>\n\t\t\t\t\n<style>\n#col-1515456997 > .col-inner {\n  padding: 0px 0px 0px 0px;\n  margin: 0px 0px -50px 0px;\n}\n<\/style>\n\t<\/div>\n\n\t\n\n\t<div id=\"col-1547125745\" class=\"col medium-5 small-12 large-5\"  >\n\t\t\t\t<div class=\"col-inner text-left\"  >\n\t\t\t\n\t\t\t\n\n\t<div class=\"img has-hover x md-x lg-x y md-y lg-y\" id=\"image_430664845\">\n\t\t\t\t\t\t\t\t<div class=\"img-inner dark\" >\n\t\t\t<img loading=\"lazy\" decoding=\"async\" width=\"450\" height=\"450\" src=\"https:\/\/agrobacterias.com\/wp-content\/uploads\/2021\/02\/spider_killer.png\" class=\"attachment-large size-large\" alt=\"\" srcset=\"https:\/\/agrobacterias.com\/wp-content\/uploads\/2021\/02\/spider_killer.png 450w, https:\/\/agrobacterias.com\/wp-content\/uploads\/2021\/02\/spider_killer-100x100.png 100w, https:\/\/agrobacterias.com\/wp-content\/uploads\/2021\/02\/spider_killer-300x300.png 300w, https:\/\/agrobacterias.com\/wp-content\/uploads\/2021\/02\/spider_killer-150x150.png 150w\" sizes=\"auto, (max-width: 450px) 100vw, 450px\" \/>\t\t\t\t\t\t\n\t\t\t\t\t<\/div>\n\t\t\t\t\t\t\t\t\n<style>\n#image_430664845 {\n  width: 100%;\n}\n<\/style>\n\t<\/div>\n\t\n\n\n\t\t<\/div>\n\t\t\t\t\n<style>\n#col-1547125745 > .col-inner {\n  padding: 0px 0px 0px 0px;\n  margin: 0px 0px -134px 0px;\n}\n@media (min-width:550px) {\n  #col-1547125745 > .col-inner {\n    margin: 0px 0px -250px 35px;\n  }\n}\n<\/style>\n\t<\/div>\n\n\t\n\n<\/div>\n\n\t\t<\/div>\n\n\t\t\n<style>\n#section_1917044570 {\n  padding-top: 0px;\n  padding-bottom: 0px;\n  margin-bottom: 0px;\n  min-height: 266px;\n}\n#section_1917044570 .section-bg-overlay {\n  background-color: rgba(0, 0, 0, 0.698);\n}\n<\/style>\n\t<\/section>\n\t\n\n\t<section class=\"section\" id=\"section_749497714\">\n\t\t<div class=\"section-bg fill\" >\n\t\t\t\t\t\t\t\t\t\n\t\t\t\n\t<div class=\"is-border\"\n\t\tstyle=\"border-width:0px 0px 0px 0px;\">\n\t<\/div>\n\n\t\t<\/div>\n\n\t\t\n\n\t\t<div class=\"section-content relative\">\n\t\t\t\n\n<div class=\"row row-full-width\"  id=\"row-982860943\">\n\n\n\t<div id=\"col-1770073665\" class=\"col medium-7 small-12 large-7\"  >\n\t\t\t\t<div class=\"col-inner\"  >\n\t\t\t\n\t\t\t\n\n\t<div id=\"gap-417883761\" class=\"gap-element clearfix show-for-small\" style=\"display:block; height:auto;\">\n\t\t\n<style>\n#gap-417883761 {\n  padding-top: 36px;\n}\n@media (min-width:550px) {\n  #gap-417883761 {\n    padding-top: 30px;\n  }\n}\n<\/style>\n\t<\/div>\n\t\n\n<div class=\"first column\">\n<p>Insecticide et acaricide \u00e9cologique \u00e0 base de principes actifs naturels tels que l'eug\u00e9nol, l'ald\u00e9hyde cinnamique et le Canel HC. Il prot\u00e8ge et renforce les plantes apr\u00e8s l'application car il cr\u00e9e temporairement une barri\u00e8re physique avec un effet ass\u00e9chant qui contribue \u00e0 am\u00e9liorer la r\u00e9sistance de la plante aux attaques fongiques.<\/p>\n<p><strong>COMBAT : <br \/><\/strong>T\u00e9tranyque rouge, thrips, n\u00e9matodes, cochenilles, pucerons...<\/p>\n<p><strong>APPLICATION FOLIAIRE :<br \/><\/strong><span style=\"font-size: 14.4px;\">0,5 \u00e0 1 ml x 1 L d'eau. En cas d'utilisation combin\u00e9e avec d'autres produits phytosanitaires, utiliser la dose minimale et effectuer un test d'application au pr\u00e9alable.<\/span><\/p>\n<p><strong>COMPOSITION :<br \/><\/strong><span style=\"font-size: 14.4px;\">Extrait pur de cannelle. Cinnamomumzeylanicum.<\/span><\/p>\n<p>100 % Naturel adapt\u00e9 \u00e0 l'agriculture biologique.<\/p>\n<\/div>\n\n\t\t<\/div>\n\t\t\t\t\n<style>\n#col-1770073665 > .col-inner {\n  padding: 0px 20px 0px 20px;\n}\n<\/style>\n\t<\/div>\n\n\t\n\n\t<div id=\"col-530374735\" class=\"col medium-5 small-12 large-5\"  >\n\t\t\t\t<div class=\"col-inner\"  >\n\t\t\t\n\t\t\t\n\n\t<div id=\"gap-1113491110\" class=\"gap-element clearfix hide-for-medium\" style=\"display:block; height:auto;\">\n\t\t\n<style>\n#gap-1113491110 {\n  padding-top: 140px;\n}\n<\/style>\n\t<\/div>\n\t\n\n\t<div id=\"gap-987036919\" class=\"gap-element clearfix\" style=\"display:block; height:auto;\">\n\t\t\n<style>\n#gap-987036919 {\n  padding-top: 30px;\n}\n<\/style>\n\t<\/div>\n\t\n\n<h3 class=\"accordion_title\">INFORMATIONS COMPL\u00c9MENTAIRES<\/h3><div class=\"accordion\">\n\n\t<div id=\"accordion-749151258\" class=\"accordion-item\">\n\t\t<a id=\"accordion-749151258-label\" class=\"accordion-title plain active\" href=\"#accordion-item-\u00bfpara-qu\u00e9-puedo-usarlo?\" aria-expanded=\"true\" aria-controls=\"accordion-749151258-content\" >\n\t\t\t<button class=\"toggle\" aria-label=\"Basculer\"><i class=\"icon-angle-down\"><\/i><\/button>\n\t\t\t<span>\u00c0 quoi peut-il servir ?<\/span>\n\t\t<\/a>\n\t\t<div id=\"accordion-749151258-content\" class=\"accordion-inner\" style=\"display: block;\" aria-labelledby=\"accordion-749151258-label\" >\n\t\t\t\n\n<p>T\u00e9tranyque rouge, thrips, n\u00e9matodes, cochenilles, pucerons...<\/p>\n\n\t\t<\/div>\n\t<\/div>\n\t\n\t<div id=\"accordion-405151034\" class=\"accordion-item\">\n\t\t<a id=\"accordion-405151034-label\" class=\"accordion-title plain\" href=\"#accordion-item-dosis-y-aplicaci\u00f3n\" aria-expanded=\"false\" aria-controls=\"accordion-405151034-content\" >\n\t\t\t<button class=\"toggle\" aria-label=\"Basculer\"><i class=\"icon-angle-down\"><\/i><\/button>\n\t\t\t<span>Dosage et application<\/span>\n\t\t<\/a>\n\t\t<div id=\"accordion-405151034-content\" class=\"accordion-inner\" aria-labelledby=\"accordion-405151034-label\" >\n\t\t\t\n\n<p><span style=\"font-size: 14.4px;\">0,5 \u00e0 1 ml x 1 L d'eau. En cas d'utilisation combin\u00e9e avec d'autres produits phytosanitaires, utiliser la dose minimale et effectuer un test d'application au pr\u00e9alable.<\/span><\/p>\n\n\t\t<\/div>\n\t<\/div>\n\t\n\n<\/div>\n\n\t\t<\/div>\n\t\t\t\t\t<\/div>\n\n\t\n\n<\/div>\n\n\t\t<\/div>\n\n\t\t\n<style>\n#section_749497714 {\n  padding-top: 40px;\n  padding-bottom: 40px;\n  margin-bottom: -2px;\n}\n<\/style>\n\t<\/section>\n\t\n\n\t<section class=\"section dark has-mask mask-arrow\" id=\"section_1849676817\">\n\t\t<div class=\"section-bg fill\" >\n\t\t\t\t\t\t\t\t\t\n\t\t\t\n\t<div class=\"is-border\"\n\t\tstyle=\"border-color:rgb(235, 235, 235);border-width:1px 0px 0px 0px;\">\n\t<\/div>\n\n\t\t<\/div>\n\n\t\t\n\n\t\t<div class=\"section-content relative\">\n\t\t\t\n\n<div class=\"row\"  id=\"row-242882072\">\n\n\n\t<div id=\"col-994879423\" class=\"col small-12 large-12\"  >\n\t\t\t\t<div class=\"col-inner\"  >\n\t\t\t\n\t\t\t\n\n\t\n  \n    <div id=\"product-grid-1776964850\" class=\"row large-columns-4 medium-columns-3 small-columns-2 row-small has-shadow row-box-shadow-1 row-box-shadow-5-hover row-masonry\" data-packery-options='{\"itemSelector\": \".col\", \"gutter\": 0, \"presentageWidth\" : true}'>\n\n  \n\t     <div class=\"col\" >\n\t\t\t\t\t\t<div class=\"col-inner\">\n\t\t\t\t\t\t\n<div class=\"badge-container absolute left top z-1\">\n\n<\/div>\n\t\t\t\t\t\t<div class=\"product-small box has-hover box-normal box-text-bottom\">\n\t\t\t\t\t\t\t<div class=\"box-image\" >\n\t\t\t\t\t\t\t\t<div class=\"\" >\n\t\t\t\t\t\t\t\t\t<a href=\"https:\/\/agrobacterias.com\/fr\/product\/spider-killer-15-ml-extracto-canela\/\" aria-label=\"Spider Killer 15 ml Extrait de cannelle\">\n\t\t\t\t\t\t\t\t\t\t<img loading=\"lazy\" decoding=\"async\" width=\"247\" height=\"296\" src=\"https:\/\/agrobacterias.com\/wp-content\/uploads\/2021\/02\/art_sk15_1-247x296.jpg\" class=\"attachment-woocommerce_thumbnail size-woocommerce_thumbnail\" alt=\"Spider_Killer_15_ml_Extracto_Canela\" \/>\t\t\t\t\t\t\t\t\t<\/a>\n\t\t\t\t\t\t\t\t\t\t\t\t\t\t\t\t\t\t \t\t\t\t\t\t\t\t<\/div>\n\t\t\t\t\t\t\t\t<div class=\"image-tools top right show-on-hover\">\n\t\t\t\t\t\t\t\t\t\t\t\t\t\t\t\t\t<\/div>\n\t\t\t\t\t\t\t\t\t\t\t\t\t\t\t\t\t<div class=\"image-tools grid-tools text-center hide-for-small bottom hover-slide-in show-on-hover\">\n\t\t\t\t\t\t\t\t\t\t  <a class=\"quick-view\" data-prod=\"299\" href=\"#quick-view\">Aper\u00e7u<\/a>\t\t\t\t\t\t\t\t\t<\/div>\n\t\t\t\t\t\t\t\t\t\t\t\t\t\t\t\t\t\t\t\t\t\t\t<\/div>\n\n\t\t\t\t\t\t\t<div class=\"box-text text-left\" >\n\t\t\t\t\t\t\t\t<div class=\"title-wrapper\">\t\t<p class=\"category uppercase is-smaller no-text-overflow product-cat op-7\">\n\t\t\tPr\u00e9ventif et curatif\t\t<\/p>\n\t<p class=\"name product-title woocommerce-loop-product__title\"><a href=\"https:\/\/agrobacterias.com\/fr\/product\/spider-killer-15-ml-extracto-canela\/\" class=\"woocommerce-LoopProduct-link woocommerce-loop-product__link\">Spider Killer 15 ml Extrait de cannelle<\/a><\/p><\/div><div class=\"price-wrapper\">\n\t<span class=\"price\"><span class=\"woocommerce-Price-amount amount\"><bdi>6,50&nbsp;<span class=\"woocommerce-Price-currencySymbol\">\u20ac<\/span><\/bdi><\/span><\/span>\n<\/div><div class=\"add-to-cart-button\"><a href=\"\/fr\/wp-json\/wp\/v2\/pages\/354?add-to-cart=299\" aria-describedby=\"woocommerce_loop_add_to_cart_link_describedby_299\" data-quantity=\"1\" class=\"primary is-small mb-0 button product_type_simple add_to_cart_button ajax_add_to_cart is-flat\" data-product_id=\"299\" data-product_sku=\"SK15\" aria-label=\"Ajouter au panier : &quot;Spider Killer 15 ml Cinnamon Extract&quot;.\" rel=\"nofollow\" data-success_message=\"\u00ab\u00a0Spider Killer 15 ml Extracto Canela\u00a0\u00bb a \u00e9t\u00e9 ajout\u00e9 \u00e0 votre panier\" role=\"button\">Ajouter au panier<\/a><\/div>\t<span id=\"woocommerce_loop_add_to_cart_link_describedby_299\" class=\"screen-reader-text\">\n\t\t\t<\/span>\n\t\t\t\t\t\t\t<\/div>\n\t\t\t\t\t\t<\/div>\n\t\t\t\t\t\t<\/div>\n\t\t\t\t\t<\/div><div class=\"col\" >\n\t\t\t\t\t\t<div class=\"col-inner\">\n\t\t\t\t\t\t\n<div class=\"badge-container absolute left top z-1\">\n\n<\/div>\n\t\t\t\t\t\t<div class=\"product-small box has-hover box-normal box-text-bottom\">\n\t\t\t\t\t\t\t<div class=\"box-image\" >\n\t\t\t\t\t\t\t\t<div class=\"\" >\n\t\t\t\t\t\t\t\t\t<a href=\"https:\/\/agrobacterias.com\/fr\/product\/spider-killer-60-ml-extracto-canela\/\" aria-label=\"Spider Killer 60 ml Extrait de cannelle\">\n\t\t\t\t\t\t\t\t\t\t<img loading=\"lazy\" decoding=\"async\" width=\"247\" height=\"296\" src=\"https:\/\/agrobacterias.com\/wp-content\/uploads\/2021\/02\/art_sk60_1-247x296.jpg\" class=\"attachment-woocommerce_thumbnail size-woocommerce_thumbnail\" alt=\"Spider Killer 60 ml Extracto Canela\" \/>\t\t\t\t\t\t\t\t\t<\/a>\n\t\t\t\t\t\t\t\t\t\t\t\t\t\t\t\t\t\t \t\t\t\t\t\t\t\t<\/div>\n\t\t\t\t\t\t\t\t<div class=\"image-tools top right show-on-hover\">\n\t\t\t\t\t\t\t\t\t\t\t\t\t\t\t\t\t<\/div>\n\t\t\t\t\t\t\t\t\t\t\t\t\t\t\t\t\t<div class=\"image-tools grid-tools text-center hide-for-small bottom hover-slide-in show-on-hover\">\n\t\t\t\t\t\t\t\t\t\t  <a class=\"quick-view\" data-prod=\"301\" href=\"#quick-view\">Aper\u00e7u<\/a>\t\t\t\t\t\t\t\t\t<\/div>\n\t\t\t\t\t\t\t\t\t\t\t\t\t\t\t\t\t\t\t\t\t\t\t<\/div>\n\n\t\t\t\t\t\t\t<div class=\"box-text text-left\" >\n\t\t\t\t\t\t\t\t<div class=\"title-wrapper\">\t\t<p class=\"category uppercase is-smaller no-text-overflow product-cat op-7\">\n\t\t\tPr\u00e9ventif et curatif\t\t<\/p>\n\t<p class=\"name product-title woocommerce-loop-product__title\"><a href=\"https:\/\/agrobacterias.com\/fr\/product\/spider-killer-60-ml-extracto-canela\/\" class=\"woocommerce-LoopProduct-link woocommerce-loop-product__link\">Spider Killer 60 ml Extrait de cannelle<\/a><\/p><\/div><div class=\"price-wrapper\">\n\t<span class=\"price\"><span class=\"woocommerce-Price-amount amount\"><bdi>19,50&nbsp;<span class=\"woocommerce-Price-currencySymbol\">\u20ac<\/span><\/bdi><\/span><\/span>\n<\/div><div class=\"add-to-cart-button\"><a href=\"\/fr\/wp-json\/wp\/v2\/pages\/354?add-to-cart=301\" aria-describedby=\"woocommerce_loop_add_to_cart_link_describedby_301\" data-quantity=\"1\" class=\"primary is-small mb-0 button product_type_simple add_to_cart_button ajax_add_to_cart is-flat\" data-product_id=\"301\" data-product_sku=\"SK60\" aria-label=\"Ajouter au panier\u00a0: &ldquo;Spider Killer 60 ml Extracto Canela&rdquo;\" rel=\"nofollow\" data-success_message=\"\u00ab\u00a0Spider Killer 60 ml Extracto Canela\u00a0\u00bb a \u00e9t\u00e9 ajout\u00e9 \u00e0 votre panier\" role=\"button\">Ajouter au panier<\/a><\/div>\t<span id=\"woocommerce_loop_add_to_cart_link_describedby_301\" class=\"screen-reader-text\">\n\t\t\t<\/span>\n\t\t\t\t\t\t\t<\/div>\n\t\t\t\t\t\t<\/div>\n\t\t\t\t\t\t<\/div>\n\t\t\t\t\t<\/div><\/div>\n\n\n\t\t<\/div>\n\t\t\t\t\t<\/div>\n\n\t\n\n<\/div>\n\n\t\t<\/div>\n\n\t\t\n<style>\n#section_1849676817 {\n  padding-top: 49px;\n  padding-bottom: 49px;\n  min-height: 300px;\n  background-color: rgb(78, 16, 16);\n}\n<\/style>\n\t<\/section>","protected":false},"excerpt":{"rendered":"","protected":false},"author":571,"featured_media":0,"parent":106,"menu_order":0,"comment_status":"closed","ping_status":"closed","template":"page-blank.php","meta":{"footnotes":""},"class_list":["post-354","page","type-page","status-publish","hentry"],"yoast_head":"<!-- This site is optimized with the Yoast SEO plugin v27.4 - https:\/\/yoast.com\/product\/yoast-seo-wordpress\/ -->\n<title>Spider Killer - Agrobacterias<\/title>\n<meta name=\"robots\" content=\"index, follow, max-snippet:-1, max-image-preview:large, max-video-preview:-1\" \/>\n<link rel=\"canonical\" href=\"https:\/\/agrobacterias.com\/fr\/preventivos-y-curativos\/spider-killer\/\" \/>\n<meta property=\"og:locale\" content=\"fr_FR\" \/>\n<meta property=\"og:type\" content=\"article\" \/>\n<meta property=\"og:title\" content=\"Spider Killer - Agrobacterias\" \/>\n<meta property=\"og:url\" content=\"https:\/\/agrobacterias.com\/fr\/preventivos-y-curativos\/spider-killer\/\" \/>\n<meta property=\"og:site_name\" content=\"Agrobacterias\" \/>\n<meta property=\"article:modified_time\" content=\"2022-01-05T09:17:42+00:00\" \/>\n<meta name=\"twitter:card\" content=\"summary_large_image\" \/>\n<meta name=\"twitter:label1\" content=\"Dur\u00e9e de lecture estim\u00e9e\" \/>\n\t<meta name=\"twitter:data1\" content=\"2 minutes\" \/>\n<script type=\"application\/ld+json\" class=\"yoast-schema-graph\">{\"@context\":\"https:\\\/\\\/schema.org\",\"@graph\":[{\"@type\":\"WebPage\",\"@id\":\"https:\\\/\\\/agrobacterias.com\\\/preventivos-y-curativos\\\/spider-killer\\\/\",\"url\":\"https:\\\/\\\/agrobacterias.com\\\/preventivos-y-curativos\\\/spider-killer\\\/\",\"name\":\"Spider Killer - Agrobacterias\",\"isPartOf\":{\"@id\":\"https:\\\/\\\/agrobacterias.com\\\/#website\"},\"datePublished\":\"2021-02-02T11:59:58+00:00\",\"dateModified\":\"2022-01-05T09:17:42+00:00\",\"breadcrumb\":{\"@id\":\"https:\\\/\\\/agrobacterias.com\\\/preventivos-y-curativos\\\/spider-killer\\\/#breadcrumb\"},\"inLanguage\":\"fr-FR\",\"potentialAction\":[{\"@type\":\"ReadAction\",\"target\":[\"https:\\\/\\\/agrobacterias.com\\\/preventivos-y-curativos\\\/spider-killer\\\/\"]}]},{\"@type\":\"BreadcrumbList\",\"@id\":\"https:\\\/\\\/agrobacterias.com\\\/preventivos-y-curativos\\\/spider-killer\\\/#breadcrumb\",\"itemListElement\":[{\"@type\":\"ListItem\",\"position\":1,\"name\":\"Home\",\"item\":\"https:\\\/\\\/agrobacterias.com\\\/\"},{\"@type\":\"ListItem\",\"position\":2,\"name\":\"Preventivos y curativos\",\"item\":\"https:\\\/\\\/agrobacterias.com\\\/preventivos-y-curativos\\\/\"},{\"@type\":\"ListItem\",\"position\":3,\"name\":\"Spider Killer\"}]},{\"@type\":\"WebSite\",\"@id\":\"https:\\\/\\\/agrobacterias.com\\\/#website\",\"url\":\"https:\\\/\\\/agrobacterias.com\\\/\",\"name\":\"Agrobacterias\",\"description\":\"Biotecnolog\u00eda del Siglo XXI\",\"potentialAction\":[{\"@type\":\"SearchAction\",\"target\":{\"@type\":\"EntryPoint\",\"urlTemplate\":\"https:\\\/\\\/agrobacterias.com\\\/?s={search_term_string}\"},\"query-input\":{\"@type\":\"PropertyValueSpecification\",\"valueRequired\":true,\"valueName\":\"search_term_string\"}}],\"inLanguage\":\"fr-FR\"}]}<\/script>\n<!-- \/ Yoast SEO plugin. -->","yoast_head_json":{"title":"Spider Killer - Agrobacterias","robots":{"index":"index","follow":"follow","max-snippet":"max-snippet:-1","max-image-preview":"max-image-preview:large","max-video-preview":"max-video-preview:-1"},"canonical":"https:\/\/agrobacterias.com\/fr\/preventivos-y-curativos\/spider-killer\/","og_locale":"fr_FR","og_type":"article","og_title":"Spider Killer - Agrobacterias","og_url":"https:\/\/agrobacterias.com\/fr\/preventivos-y-curativos\/spider-killer\/","og_site_name":"Agrobacterias","article_modified_time":"2022-01-05T09:17:42+00:00","twitter_card":"summary_large_image","twitter_misc":{"Dur\u00e9e de lecture estim\u00e9e":"2 minutes"},"schema":{"@context":"https:\/\/schema.org","@graph":[{"@type":"WebPage","@id":"https:\/\/agrobacterias.com\/preventivos-y-curativos\/spider-killer\/","url":"https:\/\/agrobacterias.com\/preventivos-y-curativos\/spider-killer\/","name":"Spider Killer - Agrobacterias","isPartOf":{"@id":"https:\/\/agrobacterias.com\/#website"},"datePublished":"2021-02-02T11:59:58+00:00","dateModified":"2022-01-05T09:17:42+00:00","breadcrumb":{"@id":"https:\/\/agrobacterias.com\/preventivos-y-curativos\/spider-killer\/#breadcrumb"},"inLanguage":"fr-FR","potentialAction":[{"@type":"ReadAction","target":["https:\/\/agrobacterias.com\/preventivos-y-curativos\/spider-killer\/"]}]},{"@type":"BreadcrumbList","@id":"https:\/\/agrobacterias.com\/preventivos-y-curativos\/spider-killer\/#breadcrumb","itemListElement":[{"@type":"ListItem","position":1,"name":"Home","item":"https:\/\/agrobacterias.com\/"},{"@type":"ListItem","position":2,"name":"Preventivos y curativos","item":"https:\/\/agrobacterias.com\/preventivos-y-curativos\/"},{"@type":"ListItem","position":3,"name":"Spider Killer"}]},{"@type":"WebSite","@id":"https:\/\/agrobacterias.com\/#website","url":"https:\/\/agrobacterias.com\/","name":"Agrobact\u00e9ries","description":"Biotechnologie du 21e si\u00e8cle","potentialAction":[{"@type":"SearchAction","target":{"@type":"EntryPoint","urlTemplate":"https:\/\/agrobacterias.com\/?s={search_term_string}"},"query-input":{"@type":"PropertyValueSpecification","valueRequired":true,"valueName":"search_term_string"}}],"inLanguage":"fr-FR"}]}},"_links":{"self":[{"href":"https:\/\/agrobacterias.com\/fr\/wp-json\/wp\/v2\/pages\/354","targetHints":{"allow":["GET"]}}],"collection":[{"href":"https:\/\/agrobacterias.com\/fr\/wp-json\/wp\/v2\/pages"}],"about":[{"href":"https:\/\/agrobacterias.com\/fr\/wp-json\/wp\/v2\/types\/page"}],"author":[{"embeddable":true,"href":"https:\/\/agrobacterias.com\/fr\/wp-json\/wp\/v2\/users\/571"}],"replies":[{"embeddable":true,"href":"https:\/\/agrobacterias.com\/fr\/wp-json\/wp\/v2\/comments?post=354"}],"version-history":[{"count":7,"href":"https:\/\/agrobacterias.com\/fr\/wp-json\/wp\/v2\/pages\/354\/revisions"}],"predecessor-version":[{"id":409,"href":"https:\/\/agrobacterias.com\/fr\/wp-json\/wp\/v2\/pages\/354\/revisions\/409"}],"up":[{"embeddable":true,"href":"https:\/\/agrobacterias.com\/fr\/wp-json\/wp\/v2\/pages\/106"}],"wp:attachment":[{"href":"https:\/\/agrobacterias.com\/fr\/wp-json\/wp\/v2\/media?parent=354"}],"curies":[{"name":"wp","href":"https:\/\/api.w.org\/{rel}","templated":true}]}}