{"id":256,"date":"2021-02-01T16:26:21","date_gmt":"2021-02-01T16:26:21","guid":{"rendered":"https:\/\/agrobacterias.com\/product\/amanitha-15-ml\/"},"modified":"2026-04-18T05:09:25","modified_gmt":"2026-04-18T03:09:25","slug":"amanitha-15-ml","status":"publish","type":"product","link":"https:\/\/agrobacterias.com\/fr\/product\/amanitha-15-ml\/","title":{"rendered":"Amanitha 15ml"},"content":{"rendered":"<p>Concentr\u00e9 d'acides amin\u00e9s issu de l'hydrolyse enzymatique de prot\u00e9ines v\u00e9g\u00e9tales. Sa combinaison r\u00e9ussie donne \u00e0 la plante un puissant effet de r\u00e9cup\u00e9ration contre le stress et les physiopathologies caus\u00e9es par les maladies fongiques dans les feuilles de la plante.<\/p>","protected":false},"excerpt":{"rendered":"<p>Concentr\u00e9 d'acides amin\u00e9s issu de l'hydrolyse enzymatique de prot\u00e9ines v\u00e9g\u00e9tales. Sa combinaison r\u00e9ussie donne \u00e0 la plante un puissant effet de r\u00e9cup\u00e9ration contre le stress et les physiopathologies caus\u00e9es par les maladies fongiques dans les feuilles de la plante.<\/p>","protected":false},"featured_media":257,"comment_status":"open","ping_status":"closed","template":"","meta":[],"product_brand":[],"product_cat":[18],"product_tag":[30],"class_list":{"0":"post-256","1":"product","2":"type-product","3":"status-publish","4":"has-post-thumbnail","6":"product_cat-preventivos-y-curativos","7":"product_tag-amanitha","9":"first","10":"instock","11":"taxable","12":"shipping-taxable","13":"purchasable","14":"product-type-simple"},"yoast_head":"<!-- This site is optimized with the Yoast SEO plugin v27.4 - https:\/\/yoast.com\/product\/yoast-seo-wordpress\/ -->\n<title>Amanitha 15ml - Agrobacterias<\/title>\n<meta name=\"robots\" content=\"index, follow, max-snippet:-1, max-image-preview:large, max-video-preview:-1\" \/>\n<link rel=\"canonical\" href=\"https:\/\/agrobacterias.com\/fr\/product\/amanitha-15-ml\/\" \/>\n<meta property=\"og:locale\" content=\"fr_FR\" \/>\n<meta property=\"og:type\" content=\"article\" \/>\n<meta property=\"og:title\" content=\"Amanitha 15ml - Agrobacterias\" \/>\n<meta property=\"og:description\" content=\"Concentrado de amino\u00e1cidos procedentes de hidr\u00f3lisis enzim\u00e1tica de prote\u00ednas vegetales. Su lograda combinaci\u00f3n le confiere a la planta un potente efecto de recuperaci\u00f3n del estr\u00e9s y las fisiopat\u00edas producidas por enfermedades f\u00fangicas en las hojas de\" \/>\n<meta property=\"og:url\" content=\"https:\/\/agrobacterias.com\/fr\/product\/amanitha-15-ml\/\" \/>\n<meta property=\"og:site_name\" content=\"Agrobacterias\" \/>\n<meta property=\"article:modified_time\" content=\"2026-04-18T03:09:25+00:00\" \/>\n<meta property=\"og:image\" content=\"https:\/\/agrobacterias.com\/wp-content\/uploads\/2021\/02\/art_5213_1.jpg\" \/>\n\t<meta property=\"og:image:width\" content=\"600\" \/>\n\t<meta property=\"og:image:height\" content=\"600\" \/>\n\t<meta property=\"og:image:type\" content=\"image\/jpeg\" \/>\n<meta name=\"twitter:card\" content=\"summary_large_image\" \/>\n<script type=\"application\/ld+json\" class=\"yoast-schema-graph\">{\"@context\":\"https:\\\/\\\/schema.org\",\"@graph\":[{\"@type\":\"WebPage\",\"@id\":\"https:\\\/\\\/agrobacterias.com\\\/product\\\/amanitha-15-ml\\\/\",\"url\":\"https:\\\/\\\/agrobacterias.com\\\/product\\\/amanitha-15-ml\\\/\",\"name\":\"Amanitha 15ml - Agrobacterias\",\"isPartOf\":{\"@id\":\"https:\\\/\\\/agrobacterias.com\\\/#website\"},\"primaryImageOfPage\":{\"@id\":\"https:\\\/\\\/agrobacterias.com\\\/product\\\/amanitha-15-ml\\\/#primaryimage\"},\"image\":{\"@id\":\"https:\\\/\\\/agrobacterias.com\\\/product\\\/amanitha-15-ml\\\/#primaryimage\"},\"thumbnailUrl\":\"https:\\\/\\\/agrobacterias.com\\\/wp-content\\\/uploads\\\/2021\\\/02\\\/art_5213_1.jpg\",\"datePublished\":\"2021-02-01T16:26:21+00:00\",\"dateModified\":\"2026-04-18T03:09:25+00:00\",\"breadcrumb\":{\"@id\":\"https:\\\/\\\/agrobacterias.com\\\/product\\\/amanitha-15-ml\\\/#breadcrumb\"},\"inLanguage\":\"fr-FR\",\"potentialAction\":[{\"@type\":\"ReadAction\",\"target\":[\"https:\\\/\\\/agrobacterias.com\\\/product\\\/amanitha-15-ml\\\/\"]}]},{\"@type\":\"ImageObject\",\"inLanguage\":\"fr-FR\",\"@id\":\"https:\\\/\\\/agrobacterias.com\\\/product\\\/amanitha-15-ml\\\/#primaryimage\",\"url\":\"https:\\\/\\\/agrobacterias.com\\\/wp-content\\\/uploads\\\/2021\\\/02\\\/art_5213_1.jpg\",\"contentUrl\":\"https:\\\/\\\/agrobacterias.com\\\/wp-content\\\/uploads\\\/2021\\\/02\\\/art_5213_1.jpg\",\"width\":600,\"height\":600,\"caption\":\"Amanitha_15_ml.\"},{\"@type\":\"BreadcrumbList\",\"@id\":\"https:\\\/\\\/agrobacterias.com\\\/product\\\/amanitha-15-ml\\\/#breadcrumb\",\"itemListElement\":[{\"@type\":\"ListItem\",\"position\":1,\"name\":\"Home\",\"item\":\"https:\\\/\\\/agrobacterias.com\\\/\"},{\"@type\":\"ListItem\",\"position\":2,\"name\":\"Tienda\",\"item\":\"https:\\\/\\\/agrobacterias.com\\\/tienda\\\/\"},{\"@type\":\"ListItem\",\"position\":3,\"name\":\"Amanitha 15ml\"}]},{\"@type\":\"WebSite\",\"@id\":\"https:\\\/\\\/agrobacterias.com\\\/#website\",\"url\":\"https:\\\/\\\/agrobacterias.com\\\/\",\"name\":\"Agrobacterias\",\"description\":\"Biotecnolog\u00eda del Siglo XXI\",\"potentialAction\":[{\"@type\":\"SearchAction\",\"target\":{\"@type\":\"EntryPoint\",\"urlTemplate\":\"https:\\\/\\\/agrobacterias.com\\\/?s={search_term_string}\"},\"query-input\":{\"@type\":\"PropertyValueSpecification\",\"valueRequired\":true,\"valueName\":\"search_term_string\"}}],\"inLanguage\":\"fr-FR\"}]}<\/script>\n<!-- \/ Yoast SEO plugin. -->","yoast_head_json":{"title":"Amanitha 15ml - Agrobacterias","robots":{"index":"index","follow":"follow","max-snippet":"max-snippet:-1","max-image-preview":"max-image-preview:large","max-video-preview":"max-video-preview:-1"},"canonical":"https:\/\/agrobacterias.com\/fr\/product\/amanitha-15-ml\/","og_locale":"fr_FR","og_type":"article","og_title":"Amanitha 15ml - Agrobacterias","og_description":"Concentrado de amino\u00e1cidos procedentes de hidr\u00f3lisis enzim\u00e1tica de prote\u00ednas vegetales. Su lograda combinaci\u00f3n le confiere a la planta un potente efecto de recuperaci\u00f3n del estr\u00e9s y las fisiopat\u00edas producidas por enfermedades f\u00fangicas en las hojas de","og_url":"https:\/\/agrobacterias.com\/fr\/product\/amanitha-15-ml\/","og_site_name":"Agrobacterias","article_modified_time":"2026-04-18T03:09:25+00:00","og_image":[{"width":600,"height":600,"url":"https:\/\/agrobacterias.com\/wp-content\/uploads\/2021\/02\/art_5213_1.jpg","type":"image\/jpeg"}],"twitter_card":"summary_large_image","schema":{"@context":"https:\/\/schema.org","@graph":[{"@type":"WebPage","@id":"https:\/\/agrobacterias.com\/product\/amanitha-15-ml\/","url":"https:\/\/agrobacterias.com\/product\/amanitha-15-ml\/","name":"Amanitha 15ml - Agrobacterias","isPartOf":{"@id":"https:\/\/agrobacterias.com\/#website"},"primaryImageOfPage":{"@id":"https:\/\/agrobacterias.com\/product\/amanitha-15-ml\/#primaryimage"},"image":{"@id":"https:\/\/agrobacterias.com\/product\/amanitha-15-ml\/#primaryimage"},"thumbnailUrl":"https:\/\/agrobacterias.com\/wp-content\/uploads\/2021\/02\/art_5213_1.jpg","datePublished":"2021-02-01T16:26:21+00:00","dateModified":"2026-04-18T03:09:25+00:00","breadcrumb":{"@id":"https:\/\/agrobacterias.com\/product\/amanitha-15-ml\/#breadcrumb"},"inLanguage":"fr-FR","potentialAction":[{"@type":"ReadAction","target":["https:\/\/agrobacterias.com\/product\/amanitha-15-ml\/"]}]},{"@type":"ImageObject","inLanguage":"fr-FR","@id":"https:\/\/agrobacterias.com\/product\/amanitha-15-ml\/#primaryimage","url":"https:\/\/agrobacterias.com\/wp-content\/uploads\/2021\/02\/art_5213_1.jpg","contentUrl":"https:\/\/agrobacterias.com\/wp-content\/uploads\/2021\/02\/art_5213_1.jpg","width":600,"height":600,"caption":"Amanitha_15_ml."},{"@type":"BreadcrumbList","@id":"https:\/\/agrobacterias.com\/product\/amanitha-15-ml\/#breadcrumb","itemListElement":[{"@type":"ListItem","position":1,"name":"Home","item":"https:\/\/agrobacterias.com\/"},{"@type":"ListItem","position":2,"name":"Tienda","item":"https:\/\/agrobacterias.com\/tienda\/"},{"@type":"ListItem","position":3,"name":"Amanitha 15ml"}]},{"@type":"WebSite","@id":"https:\/\/agrobacterias.com\/#website","url":"https:\/\/agrobacterias.com\/","name":"Agrobact\u00e9ries","description":"Biotechnologie du 21e si\u00e8cle","potentialAction":[{"@type":"SearchAction","target":{"@type":"EntryPoint","urlTemplate":"https:\/\/agrobacterias.com\/?s={search_term_string}"},"query-input":{"@type":"PropertyValueSpecification","valueRequired":true,"valueName":"search_term_string"}}],"inLanguage":"fr-FR"}]}},"_links":{"self":[{"href":"https:\/\/agrobacterias.com\/fr\/wp-json\/wp\/v2\/product\/256","targetHints":{"allow":["GET"]}}],"collection":[{"href":"https:\/\/agrobacterias.com\/fr\/wp-json\/wp\/v2\/product"}],"about":[{"href":"https:\/\/agrobacterias.com\/fr\/wp-json\/wp\/v2\/types\/product"}],"replies":[{"embeddable":true,"href":"https:\/\/agrobacterias.com\/fr\/wp-json\/wp\/v2\/comments?post=256"}],"wp:featuredmedia":[{"embeddable":true,"href":"https:\/\/agrobacterias.com\/fr\/wp-json\/wp\/v2\/media\/257"}],"wp:attachment":[{"href":"https:\/\/agrobacterias.com\/fr\/wp-json\/wp\/v2\/media?parent=256"}],"wp:term":[{"taxonomy":"product_brand","embeddable":true,"href":"https:\/\/agrobacterias.com\/fr\/wp-json\/wp\/v2\/product_brand?post=256"},{"taxonomy":"product_cat","embeddable":true,"href":"https:\/\/agrobacterias.com\/fr\/wp-json\/wp\/v2\/product_cat?post=256"},{"taxonomy":"product_tag","embeddable":true,"href":"https:\/\/agrobacterias.com\/fr\/wp-json\/wp\/v2\/product_tag?post=256"}],"curies":[{"name":"wp","href":"https:\/\/api.w.org\/{rel}","templated":true}]}}