{"id":286,"date":"2021-02-01T16:26:21","date_gmt":"2021-02-01T16:26:21","guid":{"rendered":"https:\/\/agrobacterias.com\/product\/bactobloom-10-gr\/"},"modified":"2026-04-18T05:09:24","modified_gmt":"2026-04-18T03:09:24","slug":"bactobloom-10-gr","status":"publish","type":"product","link":"https:\/\/agrobacterias.com\/fr\/product\/bactobloom-10-gr\/","title":{"rendered":"Bactobloom 10g"},"content":{"rendered":"<p><strong>COMPOSITION\/INFORMATION SUR LES INGR\u00c9DIENTS<\/strong><br \/>Compos\u00e9 solide \u00e0 base de bact\u00e9ries.<br \/>Souches microbiennes contenues :<br \/>Paenibacillus azotoformans, Bacillus coagulans, Bacillus pumilus et Sacharomyces cerevisiae<br \/>(1\u00d7109 cfu\/g)<br \/>Acides amin\u00e9s d'origine v\u00e9g\u00e9tale : 3%<br \/>Supports inertes solubles : polysaccharides 97%<\/p>\n<p><strong>CARACT\u00c9RISTIQUES ET MODE D'ACTION<\/strong><br \/>Les souches de BACTOBLOOM sont b\u00e9n\u00e9fiques pour les plantes gr\u00e2ce \u00e0 plusieurs m\u00e9canismes :<\/p>\n<ul>\n<li>Ils produisent des actifs m\u00e9taboliques qui stimulent la croissance et la productivit\u00e9 des plantes.<\/li>\n<li>Ils produisent des actifs m\u00e9taboliques qui r\u00e9duisent le stress caus\u00e9 par des conditions environnementales d\u00e9favorables et des organismes d\u00e9l\u00e9t\u00e8res.<\/li>\n<li>Ils r\u00e9duisent le ralentissement du d\u00e9veloppement de la plante et l'accumulation de m\u00e9tabolites secondaires (r\u00e9sines, acides organiques, essences, etc.) pendant la phase de floraison, ce qui permet \u00e0 la plante de continuer \u00e0 \u00eatre biologiquement active.<\/li>\n<li>Stimuler la croissance des plantes trait\u00e9es<\/li>\n<li>Favoriser la prolif\u00e9ration de la vie dans la rhizosph\u00e8re<\/li>\n<li>Augmente la prolif\u00e9ration des racines secondaires<\/li>\n<li>Am\u00e9liorer la structure du sol et l'absorption des nutriments disponibles et non disponibles<\/li>\n<li>Les nutriments organiques pr\u00e9sents dans la formulation stimulent \u00e0 leur tour la prolif\u00e9ration des micro-organismes b\u00e9n\u00e9fiques qu'elle contient.<\/li>\n<\/ul>\n<p><strong>PLANTES COMPATIBLES AVEC BACTOBLOOM<br \/><\/strong>Toutes les plantes cultiv\u00e9es, qu'elles soient horticoles, ornementales ou fruiti\u00e8res, peuvent \u00eatre trait\u00e9es avec la biopr\u00e9paration.<\/p>\n<p><strong>RECOMMANDATIONS D'UTILISATION<br \/><\/strong>Le produit est formul\u00e9 pour \u00eatre appliqu\u00e9 sur le substrat par irrigation. Formulation pr\u00e9par\u00e9e pour<br \/>application aux plantes d'int\u00e9rieur cultiv\u00e9es en conteneur.<br \/>Il est recommand\u00e9 de dissoudre le contenu de la petite bouteille dans 4 litres d'eau, ou une cuill\u00e8re \u00e0 caf\u00e9 dans 1 litre d'eau, et de laisser refroidir.<br \/>arroser abondamment la plante.<\/p>\n<p><strong>COMPATIBILIT\u00c9 AVEC LES PRODUITS PHYTOPHARMACEUTIQUES ET LES ENGRAIS<\/strong><br \/>Comme il s'agit d'un produit microbien vivant, il n'est pas recommand\u00e9 de le traiter en m\u00eame temps que des substances actives pesticides (bact\u00e9ricides et fongicides), car celles-ci pourraient nuire aux souches microbiennes contenues dans BACTOBLOOM.<br \/>La plupart des engrais courants sont compatibles avec le produit.<\/p>\n<p><strong>STABILIT\u00c9<\/strong><br \/>Stable pendant 18 mois s'il est conserv\u00e9 dans un endroit frais et sec, \u00e0 l'abri de la lumi\u00e8re directe du soleil.<\/p>\n<p><strong>PROPRI\u00c9T\u00c9S PHYSICO-CHIMIQUES<\/strong><br \/>Aspect : poudre de couleur fonc\u00e9e avec des granul\u00e9s clairs<br \/>pH dans l'eau (1:5) : 6<br \/>Mati\u00e8re s\u00e8che : 97%<br \/>Densit\u00e9 relative (H20=1) 0,7Kg\/L<\/p>\n<p><strong>AUTRES INFORMATIONS<\/strong><br \/>Le produit est utilis\u00e9 comme engrais naturel pour les plantes. Les informations contenues dans ce document se r\u00e9f\u00e8rent au produit tel quel et selon les sp\u00e9cifications du fabricant ; il s'agit d'un guide pour la manipulation, l'utilisation, la transformation et le stockage.<\/p>","protected":false},"excerpt":{"rendered":"<p>Les souches de <strong>BACTOBLOOM<\/strong> profitent aux plantes par diff\u00e9rents m\u00e9canismes :<\/p>\n<ul>\n<li>Ils produisent des actifs m\u00e9taboliques qui stimulent la croissance et la productivit\u00e9.<\/li>\n<li>Ils produisent des actifs m\u00e9taboliques qui r\u00e9duisent le stress caus\u00e9 par des conditions environnementales d\u00e9favorables et des organismes d\u00e9l\u00e9t\u00e8res.<\/li>\n<li>Ils r\u00e9duisent le ralentissement du d\u00e9veloppement de la plante et l'accumulation de m\u00e9tabolites secondaires pendant la floraison.<\/li>\n<li>Ils stimulent la croissance des plantes trait\u00e9es.<\/li>\n<li>Ils favorisent la prolif\u00e9ration de la vie utile dans la rhizosph\u00e8re.<\/li>\n<li>Augmente la prolif\u00e9ration des racines secondaires.<\/li>\n<li>Ils am\u00e9liorent la structure du sol et l'acquisition des nutriments disponibles et non disponibles.<\/li>\n<\/ul>","protected":false},"featured_media":287,"comment_status":"open","ping_status":"closed","template":"","meta":[],"product_brand":[],"product_cat":[17],"product_tag":[22],"class_list":{"0":"post-286","1":"product","2":"type-product","3":"status-publish","4":"has-post-thumbnail","6":"product_cat-bacterias","7":"product_tag-bactobloom","9":"first","10":"instock","11":"taxable","12":"shipping-taxable","13":"purchasable","14":"product-type-simple"},"yoast_head":"<!-- This site is optimized with the Yoast SEO plugin v27.4 - https:\/\/yoast.com\/product\/yoast-seo-wordpress\/ -->\n<title>Bactobloom 10g - Agrobacterias<\/title>\n<meta name=\"robots\" content=\"index, follow, max-snippet:-1, max-image-preview:large, max-video-preview:-1\" \/>\n<link rel=\"canonical\" href=\"https:\/\/agrobacterias.com\/fr\/product\/bactobloom-10-gr\/\" \/>\n<meta property=\"og:locale\" content=\"fr_FR\" \/>\n<meta property=\"og:type\" content=\"article\" \/>\n<meta property=\"og:title\" content=\"Bactobloom 10g - Agrobacterias\" \/>\n<meta property=\"og:description\" content=\"Las cepas de BACTOBLOOM benefician a las plantas por diversos mecanismos:Producen metab\u00f3licos activos que estimulan el crecimiento y la productividad.Producen metab\u00f3licos activos que reducen el estr\u00e9s causado por condiciones ambientales adversas y organismos delet\u00e9reos.Disminuyen la frenada de desarrollo vegetal y acumulaci\u00f3n de metabolitos secundarios durante la floraci\u00f3n.Estimulan el crecimiento de las plantas tratadas.Promueven la proliferaci\u00f3n de la vida \u00fatil en la rizosfera.Incrementa la proliferaci\u00f3n de ra\u00edces secundarias.Mejoran la estructura del suelo y la adquisici\u00f3n de nutrientes disponibles y no disponibles.\" \/>\n<meta property=\"og:url\" content=\"https:\/\/agrobacterias.com\/fr\/product\/bactobloom-10-gr\/\" \/>\n<meta property=\"og:site_name\" content=\"Agrobacterias\" \/>\n<meta property=\"article:modified_time\" content=\"2026-04-18T03:09:24+00:00\" \/>\n<meta property=\"og:image\" content=\"https:\/\/agrobacterias.com\/wp-content\/uploads\/2021\/02\/art_bbl10_1.jpg\" \/>\n\t<meta property=\"og:image:width\" content=\"600\" \/>\n\t<meta property=\"og:image:height\" content=\"600\" \/>\n\t<meta property=\"og:image:type\" content=\"image\/jpeg\" \/>\n<meta name=\"twitter:card\" content=\"summary_large_image\" \/>\n<meta name=\"twitter:label1\" content=\"Dur\u00e9e de lecture estim\u00e9e\" \/>\n\t<meta name=\"twitter:data1\" content=\"2 minutes\" \/>\n<script type=\"application\/ld+json\" class=\"yoast-schema-graph\">{\"@context\":\"https:\\\/\\\/schema.org\",\"@graph\":[{\"@type\":\"WebPage\",\"@id\":\"https:\\\/\\\/agrobacterias.com\\\/product\\\/bactobloom-10-gr\\\/\",\"url\":\"https:\\\/\\\/agrobacterias.com\\\/product\\\/bactobloom-10-gr\\\/\",\"name\":\"Bactobloom 10g - Agrobacterias\",\"isPartOf\":{\"@id\":\"https:\\\/\\\/agrobacterias.com\\\/#website\"},\"primaryImageOfPage\":{\"@id\":\"https:\\\/\\\/agrobacterias.com\\\/product\\\/bactobloom-10-gr\\\/#primaryimage\"},\"image\":{\"@id\":\"https:\\\/\\\/agrobacterias.com\\\/product\\\/bactobloom-10-gr\\\/#primaryimage\"},\"thumbnailUrl\":\"https:\\\/\\\/agrobacterias.com\\\/wp-content\\\/uploads\\\/2021\\\/02\\\/art_bbl10_1.jpg\",\"datePublished\":\"2021-02-01T16:26:21+00:00\",\"dateModified\":\"2026-04-18T03:09:24+00:00\",\"breadcrumb\":{\"@id\":\"https:\\\/\\\/agrobacterias.com\\\/product\\\/bactobloom-10-gr\\\/#breadcrumb\"},\"inLanguage\":\"fr-FR\",\"potentialAction\":[{\"@type\":\"ReadAction\",\"target\":[\"https:\\\/\\\/agrobacterias.com\\\/product\\\/bactobloom-10-gr\\\/\"]}]},{\"@type\":\"ImageObject\",\"inLanguage\":\"fr-FR\",\"@id\":\"https:\\\/\\\/agrobacterias.com\\\/product\\\/bactobloom-10-gr\\\/#primaryimage\",\"url\":\"https:\\\/\\\/agrobacterias.com\\\/wp-content\\\/uploads\\\/2021\\\/02\\\/art_bbl10_1.jpg\",\"contentUrl\":\"https:\\\/\\\/agrobacterias.com\\\/wp-content\\\/uploads\\\/2021\\\/02\\\/art_bbl10_1.jpg\",\"width\":600,\"height\":600,\"caption\":\"Bactobloom_10_g\"},{\"@type\":\"BreadcrumbList\",\"@id\":\"https:\\\/\\\/agrobacterias.com\\\/product\\\/bactobloom-10-gr\\\/#breadcrumb\",\"itemListElement\":[{\"@type\":\"ListItem\",\"position\":1,\"name\":\"Home\",\"item\":\"https:\\\/\\\/agrobacterias.com\\\/\"},{\"@type\":\"ListItem\",\"position\":2,\"name\":\"Tienda\",\"item\":\"https:\\\/\\\/agrobacterias.com\\\/tienda\\\/\"},{\"@type\":\"ListItem\",\"position\":3,\"name\":\"Bactobloom 10g\"}]},{\"@type\":\"WebSite\",\"@id\":\"https:\\\/\\\/agrobacterias.com\\\/#website\",\"url\":\"https:\\\/\\\/agrobacterias.com\\\/\",\"name\":\"Agrobacterias\",\"description\":\"Biotecnolog\u00eda del Siglo XXI\",\"potentialAction\":[{\"@type\":\"SearchAction\",\"target\":{\"@type\":\"EntryPoint\",\"urlTemplate\":\"https:\\\/\\\/agrobacterias.com\\\/?s={search_term_string}\"},\"query-input\":{\"@type\":\"PropertyValueSpecification\",\"valueRequired\":true,\"valueName\":\"search_term_string\"}}],\"inLanguage\":\"fr-FR\"}]}<\/script>\n<!-- \/ Yoast SEO plugin. -->","yoast_head_json":{"title":"Bactobloom 10g - Agrobacterias","robots":{"index":"index","follow":"follow","max-snippet":"max-snippet:-1","max-image-preview":"max-image-preview:large","max-video-preview":"max-video-preview:-1"},"canonical":"https:\/\/agrobacterias.com\/fr\/product\/bactobloom-10-gr\/","og_locale":"fr_FR","og_type":"article","og_title":"Bactobloom 10g - Agrobacterias","og_description":"Las cepas de BACTOBLOOM benefician a las plantas por diversos mecanismos:Producen metab\u00f3licos activos que estimulan el crecimiento y la productividad.Producen metab\u00f3licos activos que reducen el estr\u00e9s causado por condiciones ambientales adversas y organismos delet\u00e9reos.Disminuyen la frenada de desarrollo vegetal y acumulaci\u00f3n de metabolitos secundarios durante la floraci\u00f3n.Estimulan el crecimiento de las plantas tratadas.Promueven la proliferaci\u00f3n de la vida \u00fatil en la rizosfera.Incrementa la proliferaci\u00f3n de ra\u00edces secundarias.Mejoran la estructura del suelo y la adquisici\u00f3n de nutrientes disponibles y no disponibles.","og_url":"https:\/\/agrobacterias.com\/fr\/product\/bactobloom-10-gr\/","og_site_name":"Agrobacterias","article_modified_time":"2026-04-18T03:09:24+00:00","og_image":[{"width":600,"height":600,"url":"https:\/\/agrobacterias.com\/wp-content\/uploads\/2021\/02\/art_bbl10_1.jpg","type":"image\/jpeg"}],"twitter_card":"summary_large_image","twitter_misc":{"Dur\u00e9e de lecture estim\u00e9e":"2 minutes"},"schema":{"@context":"https:\/\/schema.org","@graph":[{"@type":"WebPage","@id":"https:\/\/agrobacterias.com\/product\/bactobloom-10-gr\/","url":"https:\/\/agrobacterias.com\/product\/bactobloom-10-gr\/","name":"Bactobloom 10g - Agrobacterias","isPartOf":{"@id":"https:\/\/agrobacterias.com\/#website"},"primaryImageOfPage":{"@id":"https:\/\/agrobacterias.com\/product\/bactobloom-10-gr\/#primaryimage"},"image":{"@id":"https:\/\/agrobacterias.com\/product\/bactobloom-10-gr\/#primaryimage"},"thumbnailUrl":"https:\/\/agrobacterias.com\/wp-content\/uploads\/2021\/02\/art_bbl10_1.jpg","datePublished":"2021-02-01T16:26:21+00:00","dateModified":"2026-04-18T03:09:24+00:00","breadcrumb":{"@id":"https:\/\/agrobacterias.com\/product\/bactobloom-10-gr\/#breadcrumb"},"inLanguage":"fr-FR","potentialAction":[{"@type":"ReadAction","target":["https:\/\/agrobacterias.com\/product\/bactobloom-10-gr\/"]}]},{"@type":"ImageObject","inLanguage":"fr-FR","@id":"https:\/\/agrobacterias.com\/product\/bactobloom-10-gr\/#primaryimage","url":"https:\/\/agrobacterias.com\/wp-content\/uploads\/2021\/02\/art_bbl10_1.jpg","contentUrl":"https:\/\/agrobacterias.com\/wp-content\/uploads\/2021\/02\/art_bbl10_1.jpg","width":600,"height":600,"caption":"Bactobloom_10_g"},{"@type":"BreadcrumbList","@id":"https:\/\/agrobacterias.com\/product\/bactobloom-10-gr\/#breadcrumb","itemListElement":[{"@type":"ListItem","position":1,"name":"Home","item":"https:\/\/agrobacterias.com\/"},{"@type":"ListItem","position":2,"name":"Tienda","item":"https:\/\/agrobacterias.com\/tienda\/"},{"@type":"ListItem","position":3,"name":"Bactobloom 10g"}]},{"@type":"WebSite","@id":"https:\/\/agrobacterias.com\/#website","url":"https:\/\/agrobacterias.com\/","name":"Agrobact\u00e9ries","description":"Biotechnologie du 21e si\u00e8cle","potentialAction":[{"@type":"SearchAction","target":{"@type":"EntryPoint","urlTemplate":"https:\/\/agrobacterias.com\/?s={search_term_string}"},"query-input":{"@type":"PropertyValueSpecification","valueRequired":true,"valueName":"search_term_string"}}],"inLanguage":"fr-FR"}]}},"_links":{"self":[{"href":"https:\/\/agrobacterias.com\/fr\/wp-json\/wp\/v2\/product\/286","targetHints":{"allow":["GET"]}}],"collection":[{"href":"https:\/\/agrobacterias.com\/fr\/wp-json\/wp\/v2\/product"}],"about":[{"href":"https:\/\/agrobacterias.com\/fr\/wp-json\/wp\/v2\/types\/product"}],"replies":[{"embeddable":true,"href":"https:\/\/agrobacterias.com\/fr\/wp-json\/wp\/v2\/comments?post=286"}],"wp:featuredmedia":[{"embeddable":true,"href":"https:\/\/agrobacterias.com\/fr\/wp-json\/wp\/v2\/media\/287"}],"wp:attachment":[{"href":"https:\/\/agrobacterias.com\/fr\/wp-json\/wp\/v2\/media?parent=286"}],"wp:term":[{"taxonomy":"product_brand","embeddable":true,"href":"https:\/\/agrobacterias.com\/fr\/wp-json\/wp\/v2\/product_brand?post=286"},{"taxonomy":"product_cat","embeddable":true,"href":"https:\/\/agrobacterias.com\/fr\/wp-json\/wp\/v2\/product_cat?post=286"},{"taxonomy":"product_tag","embeddable":true,"href":"https:\/\/agrobacterias.com\/fr\/wp-json\/wp\/v2\/product_tag?post=286"}],"curies":[{"name":"wp","href":"https:\/\/api.w.org\/{rel}","templated":true}]}}