{"id":299,"date":"2021-02-01T16:26:21","date_gmt":"2021-02-01T16:26:21","guid":{"rendered":"https:\/\/agrobacterias.com\/product\/spider-killer-15-ml-extracto-canela\/"},"modified":"2026-04-16T05:06:41","modified_gmt":"2026-04-16T03:06:41","slug":"spider-killer-15-ml-extracto-canela","status":"publish","type":"product","link":"https:\/\/agrobacterias.com\/fr\/product\/spider-killer-15-ml-extracto-canela\/","title":{"rendered":"Spider Killer 15 ml Extrait de cannelle"},"content":{"rendered":"<p><p><strong>COMPOSITION :<\/strong> Extrait pur de cannelle (Cinnamomumzeylanicum).<br \/>\n<br><strong>&nbsp;<br \/>\n<br>EFFICACE CONTRE :<\/strong> T\u00e9tranyque rouge, thrips, n\u00e9matodes, cochenilles, pucerons...<br \/>\n<br><strong>&nbsp;<br \/>\n<br>APPLICATION FOLIAIRE :<\/strong> 0,5 \u00e0 1 ml<\/p>","protected":false},"excerpt":{"rendered":"<p>COMPOSITION : Extrait pur de cannelle (Cinnamomumzeylanicum).   EFFICACE CONTRE : Araign\u00e9e rouge, Thrips, N\u00e9matodes, Cochenilles, Pucerons... APPLICATION FOLIAIRE : 0,5 \u00e0 1 ml.<\/p>","protected":false},"featured_media":300,"comment_status":"open","ping_status":"closed","template":"","meta":[],"product_brand":[],"product_cat":[18],"product_tag":[26],"class_list":{"0":"post-299","1":"product","2":"type-product","3":"status-publish","4":"has-post-thumbnail","6":"product_cat-preventivos-y-curativos","7":"product_tag-spider-killer","9":"first","10":"instock","11":"taxable","12":"shipping-taxable","13":"purchasable","14":"product-type-simple"},"yoast_head":"<!-- This site is optimized with the Yoast SEO plugin v27.4 - https:\/\/yoast.com\/product\/yoast-seo-wordpress\/ -->\n<title>Spider Killer 15 ml Extracto Canela - Agrobacterias<\/title>\n<meta name=\"robots\" content=\"index, follow, max-snippet:-1, max-image-preview:large, max-video-preview:-1\" \/>\n<link rel=\"canonical\" href=\"https:\/\/agrobacterias.com\/fr\/product\/spider-killer-15-ml-extracto-canela\/\" \/>\n<meta property=\"og:locale\" content=\"fr_FR\" \/>\n<meta property=\"og:type\" content=\"article\" \/>\n<meta property=\"og:title\" content=\"Spider Killer 15 ml Extracto Canela - Agrobacterias\" \/>\n<meta property=\"og:description\" content=\"COMPOSICI\u00d3N: Extracto puro de canela (Cinnamomumzeylanicum). &nbsp; EFICAZ CONTRA: Ara\u00f1a Roja, Trips, Nem\u00e1todos, Cochinilla, Pulgones&#8230; &nbsp; APLICACI\u00d3N FOLIAR: De 0,5 a 1 ml\" \/>\n<meta property=\"og:url\" content=\"https:\/\/agrobacterias.com\/fr\/product\/spider-killer-15-ml-extracto-canela\/\" \/>\n<meta property=\"og:site_name\" content=\"Agrobacterias\" \/>\n<meta property=\"article:modified_time\" content=\"2026-04-16T03:06:41+00:00\" \/>\n<meta property=\"og:image\" content=\"https:\/\/agrobacterias.com\/wp-content\/uploads\/2021\/02\/art_sk15_1.jpg\" \/>\n\t<meta property=\"og:image:width\" content=\"600\" \/>\n\t<meta property=\"og:image:height\" content=\"600\" \/>\n\t<meta property=\"og:image:type\" content=\"image\/jpeg\" \/>\n<meta name=\"twitter:card\" content=\"summary_large_image\" \/>\n<script type=\"application\/ld+json\" class=\"yoast-schema-graph\">{\"@context\":\"https:\\\/\\\/schema.org\",\"@graph\":[{\"@type\":\"WebPage\",\"@id\":\"https:\\\/\\\/agrobacterias.com\\\/product\\\/spider-killer-15-ml-extracto-canela\\\/\",\"url\":\"https:\\\/\\\/agrobacterias.com\\\/product\\\/spider-killer-15-ml-extracto-canela\\\/\",\"name\":\"Spider Killer 15 ml Extracto Canela - Agrobacterias\",\"isPartOf\":{\"@id\":\"https:\\\/\\\/agrobacterias.com\\\/#website\"},\"primaryImageOfPage\":{\"@id\":\"https:\\\/\\\/agrobacterias.com\\\/product\\\/spider-killer-15-ml-extracto-canela\\\/#primaryimage\"},\"image\":{\"@id\":\"https:\\\/\\\/agrobacterias.com\\\/product\\\/spider-killer-15-ml-extracto-canela\\\/#primaryimage\"},\"thumbnailUrl\":\"https:\\\/\\\/agrobacterias.com\\\/wp-content\\\/uploads\\\/2021\\\/02\\\/art_sk15_1.jpg\",\"datePublished\":\"2021-02-01T16:26:21+00:00\",\"dateModified\":\"2026-04-16T03:06:41+00:00\",\"breadcrumb\":{\"@id\":\"https:\\\/\\\/agrobacterias.com\\\/product\\\/spider-killer-15-ml-extracto-canela\\\/#breadcrumb\"},\"inLanguage\":\"fr-FR\",\"potentialAction\":[{\"@type\":\"ReadAction\",\"target\":[\"https:\\\/\\\/agrobacterias.com\\\/product\\\/spider-killer-15-ml-extracto-canela\\\/\"]}]},{\"@type\":\"ImageObject\",\"inLanguage\":\"fr-FR\",\"@id\":\"https:\\\/\\\/agrobacterias.com\\\/product\\\/spider-killer-15-ml-extracto-canela\\\/#primaryimage\",\"url\":\"https:\\\/\\\/agrobacterias.com\\\/wp-content\\\/uploads\\\/2021\\\/02\\\/art_sk15_1.jpg\",\"contentUrl\":\"https:\\\/\\\/agrobacterias.com\\\/wp-content\\\/uploads\\\/2021\\\/02\\\/art_sk15_1.jpg\",\"width\":600,\"height\":600,\"caption\":\"Spider_Killer_15_ml_Extracto_Canela\"},{\"@type\":\"BreadcrumbList\",\"@id\":\"https:\\\/\\\/agrobacterias.com\\\/product\\\/spider-killer-15-ml-extracto-canela\\\/#breadcrumb\",\"itemListElement\":[{\"@type\":\"ListItem\",\"position\":1,\"name\":\"Home\",\"item\":\"https:\\\/\\\/agrobacterias.com\\\/\"},{\"@type\":\"ListItem\",\"position\":2,\"name\":\"Tienda\",\"item\":\"https:\\\/\\\/agrobacterias.com\\\/tienda\\\/\"},{\"@type\":\"ListItem\",\"position\":3,\"name\":\"Spider Killer 15 ml Extracto Canela\"}]},{\"@type\":\"WebSite\",\"@id\":\"https:\\\/\\\/agrobacterias.com\\\/#website\",\"url\":\"https:\\\/\\\/agrobacterias.com\\\/\",\"name\":\"Agrobacterias\",\"description\":\"Biotecnolog\u00eda del Siglo XXI\",\"potentialAction\":[{\"@type\":\"SearchAction\",\"target\":{\"@type\":\"EntryPoint\",\"urlTemplate\":\"https:\\\/\\\/agrobacterias.com\\\/?s={search_term_string}\"},\"query-input\":{\"@type\":\"PropertyValueSpecification\",\"valueRequired\":true,\"valueName\":\"search_term_string\"}}],\"inLanguage\":\"fr-FR\"}]}<\/script>\n<!-- \/ Yoast SEO plugin. -->","yoast_head_json":{"title":"Spider Killer 15 ml Extracto Canela - Agrobacterias","robots":{"index":"index","follow":"follow","max-snippet":"max-snippet:-1","max-image-preview":"max-image-preview:large","max-video-preview":"max-video-preview:-1"},"canonical":"https:\/\/agrobacterias.com\/fr\/product\/spider-killer-15-ml-extracto-canela\/","og_locale":"fr_FR","og_type":"article","og_title":"Spider Killer 15 ml Extracto Canela - Agrobacterias","og_description":"COMPOSICI\u00d3N: Extracto puro de canela (Cinnamomumzeylanicum). &nbsp; EFICAZ CONTRA: Ara\u00f1a Roja, Trips, Nem\u00e1todos, Cochinilla, Pulgones&#8230; &nbsp; APLICACI\u00d3N FOLIAR: De 0,5 a 1 ml","og_url":"https:\/\/agrobacterias.com\/fr\/product\/spider-killer-15-ml-extracto-canela\/","og_site_name":"Agrobacterias","article_modified_time":"2026-04-16T03:06:41+00:00","og_image":[{"width":600,"height":600,"url":"https:\/\/agrobacterias.com\/wp-content\/uploads\/2021\/02\/art_sk15_1.jpg","type":"image\/jpeg"}],"twitter_card":"summary_large_image","schema":{"@context":"https:\/\/schema.org","@graph":[{"@type":"WebPage","@id":"https:\/\/agrobacterias.com\/product\/spider-killer-15-ml-extracto-canela\/","url":"https:\/\/agrobacterias.com\/product\/spider-killer-15-ml-extracto-canela\/","name":"Spider Killer 15 ml Extracto Canela - Agrobacterias","isPartOf":{"@id":"https:\/\/agrobacterias.com\/#website"},"primaryImageOfPage":{"@id":"https:\/\/agrobacterias.com\/product\/spider-killer-15-ml-extracto-canela\/#primaryimage"},"image":{"@id":"https:\/\/agrobacterias.com\/product\/spider-killer-15-ml-extracto-canela\/#primaryimage"},"thumbnailUrl":"https:\/\/agrobacterias.com\/wp-content\/uploads\/2021\/02\/art_sk15_1.jpg","datePublished":"2021-02-01T16:26:21+00:00","dateModified":"2026-04-16T03:06:41+00:00","breadcrumb":{"@id":"https:\/\/agrobacterias.com\/product\/spider-killer-15-ml-extracto-canela\/#breadcrumb"},"inLanguage":"fr-FR","potentialAction":[{"@type":"ReadAction","target":["https:\/\/agrobacterias.com\/product\/spider-killer-15-ml-extracto-canela\/"]}]},{"@type":"ImageObject","inLanguage":"fr-FR","@id":"https:\/\/agrobacterias.com\/product\/spider-killer-15-ml-extracto-canela\/#primaryimage","url":"https:\/\/agrobacterias.com\/wp-content\/uploads\/2021\/02\/art_sk15_1.jpg","contentUrl":"https:\/\/agrobacterias.com\/wp-content\/uploads\/2021\/02\/art_sk15_1.jpg","width":600,"height":600,"caption":"Spider_Killer_15_ml_Extracto_Canela"},{"@type":"BreadcrumbList","@id":"https:\/\/agrobacterias.com\/product\/spider-killer-15-ml-extracto-canela\/#breadcrumb","itemListElement":[{"@type":"ListItem","position":1,"name":"Home","item":"https:\/\/agrobacterias.com\/"},{"@type":"ListItem","position":2,"name":"Tienda","item":"https:\/\/agrobacterias.com\/tienda\/"},{"@type":"ListItem","position":3,"name":"Spider Killer 15 ml Extracto Canela"}]},{"@type":"WebSite","@id":"https:\/\/agrobacterias.com\/#website","url":"https:\/\/agrobacterias.com\/","name":"Agrobact\u00e9ries","description":"Biotechnologie du 21e si\u00e8cle","potentialAction":[{"@type":"SearchAction","target":{"@type":"EntryPoint","urlTemplate":"https:\/\/agrobacterias.com\/?s={search_term_string}"},"query-input":{"@type":"PropertyValueSpecification","valueRequired":true,"valueName":"search_term_string"}}],"inLanguage":"fr-FR"}]}},"_links":{"self":[{"href":"https:\/\/agrobacterias.com\/fr\/wp-json\/wp\/v2\/product\/299","targetHints":{"allow":["GET"]}}],"collection":[{"href":"https:\/\/agrobacterias.com\/fr\/wp-json\/wp\/v2\/product"}],"about":[{"href":"https:\/\/agrobacterias.com\/fr\/wp-json\/wp\/v2\/types\/product"}],"replies":[{"embeddable":true,"href":"https:\/\/agrobacterias.com\/fr\/wp-json\/wp\/v2\/comments?post=299"}],"wp:featuredmedia":[{"embeddable":true,"href":"https:\/\/agrobacterias.com\/fr\/wp-json\/wp\/v2\/media\/300"}],"wp:attachment":[{"href":"https:\/\/agrobacterias.com\/fr\/wp-json\/wp\/v2\/media?parent=299"}],"wp:term":[{"taxonomy":"product_brand","embeddable":true,"href":"https:\/\/agrobacterias.com\/fr\/wp-json\/wp\/v2\/product_brand?post=299"},{"taxonomy":"product_cat","embeddable":true,"href":"https:\/\/agrobacterias.com\/fr\/wp-json\/wp\/v2\/product_cat?post=299"},{"taxonomy":"product_tag","embeddable":true,"href":"https:\/\/agrobacterias.com\/fr\/wp-json\/wp\/v2\/product_tag?post=299"}],"curies":[{"name":"wp","href":"https:\/\/api.w.org\/{rel}","templated":true}]}}