{"id":303,"date":"2021-02-01T16:26:21","date_gmt":"2021-02-01T16:26:21","guid":{"rendered":"https:\/\/agrobacterias.com\/product\/bactohemp-tabs-8-ud\/"},"modified":"2026-04-18T05:09:25","modified_gmt":"2026-04-18T03:09:25","slug":"bactohemp-tabs-8-ud","status":"publish","type":"product","link":"https:\/\/agrobacterias.com\/fr\/product\/bactohemp-tabs-8-ud\/","title":{"rendered":"Bactohemp Tabs 8 pcs."},"content":{"rendered":"<p><strong>COMPOSITION\/INFORMATION SUR LES INGR\u00c9DIENTS<\/strong><br \/>Inoculant \u00e0 base d'un m\u00e9lange de micro-organismes (mycorhizes et rhizobact\u00e9ries), formul\u00e9 en comprim\u00e9s pour une application facile dans le sol. Les micro-organismes contenus dans le produit n'ont PAS \u00e9t\u00e9 g\u00e9n\u00e9tiquement modifi\u00e9s.<\/p>\n<p>Souches microbiennes contenues :<br \/>- Champignons mycorhiziens (300 spores totales\/g) : Septoglomus deserticola, Funneliformis mosseae, Rhizophagus irregularis et Claroideoglomus etunicatum.<br \/>- Rhizobact\u00e9ries : 5\u00d7108 UFC totales\/g-2\u00d7109 UFC totales\/compress\u00e9es : Bacillus megaterium, Bacillus altitudinis, Bacillus licheniformis et Bacillus subtilis.<br \/>Excipients pour la compression : 10%<br \/>Sucres : 50%<br \/>Support microbien (silicates) : 25<br \/>Acides amin\u00e9s, acides humiques et engrais organiques : 10%<\/p>\n<p><strong>PLANTES COMPATIBLES AVEC LES COMPRIM\u00c9S DE BACTOHEMP<\/strong><br \/>La plupart des plantes cultiv\u00e9es, qu'elles soient horticoles, fruiti\u00e8res ou ornementales, sont compatibles avec l'utilisation du produit.<\/p>\n<p><strong>RECOMMANDATIONS D'UTILISATION<\/strong><br \/>Le produit est con\u00e7u pour \u00eatre appliqu\u00e9 lors de la transplantation dans de grands conteneurs ou dans un champ (trou de plantation), en pla\u00e7ant le comprim\u00e9 pr\u00e8s des racines de la plante \u00e0 la dose suivante :<br \/>- P\u00e9pini\u00e8res et grandes plantes en pot : 1 comprim\u00e9 par plante<br \/>- L\u00e9gumes en semis direct et\/ou repiqu\u00e9s : 1 TAB par plante<br \/>- Arbres fruitiers et autres arbres ligneux : 1 \u00e0 2 comprim\u00e9s par arbre.<br \/>Pour une meilleure inoculation, il est recommand\u00e9 : d'arroser apr\u00e8s avoir donn\u00e9 les comprim\u00e9s<\/p>\n<p><strong>COMPATIBILIT\u00c9 AVEC LES PRODUITS PHYTOPHARMACEUTIQUES ET LES ENGRAIS<\/strong><br \/>Il s'agit d'un produit microbien vivant et, par cons\u00e9quent, l'utilisation de pesticides (bact\u00e9ricides et fongicides) est d\u00e9conseill\u00e9e car ils pourraient \u00eatre nocifs pour les souches microbiennes contenues dans les comprim\u00e9s.<\/p>\n<p><strong>STABILIT\u00c9<\/strong><br \/>Stable pendant 18 mois s'il est conserv\u00e9 dans un endroit frais et sec, \u00e0 l'abri de la lumi\u00e8re directe du soleil.<\/p>\n<p><strong>PROPRI\u00c9T\u00c9S PHYSICO-CHIMIQUES<\/strong><br \/>pH dans l'eau (1:5) : 7<br \/>Mati\u00e8re s\u00e8che : 97%<\/p>","protected":false},"excerpt":{"rendered":"<p>Bactohemp TABS est utilis\u00e9 comme engrais naturel pour les plantes et offre les avantages suivants :<br \/>- Mycorrhisation rapide des racines<br \/>- Augmentation de l'acquisition des nutriments disponibles et indisponibles<br \/>- Les micro-organismes fournis solubilisent les min\u00e9raux et produisent des m\u00e9tabolites actifs qui stimulent la croissance et la productivit\u00e9 des plantes et r\u00e9duisent le stress caus\u00e9 par des conditions environnementales d\u00e9favorables et des organismes nuisibles.<br \/>- Am\u00e9liorer la structure du sol et l'\u00e9quilibre biologique de la rhizosph\u00e8re<br \/>- Augmente la prolif\u00e9ration des racines secondaires<\/p>","protected":false},"featured_media":304,"comment_status":"open","ping_status":"closed","template":"","meta":[],"product_brand":[],"product_cat":[17],"product_tag":[21],"class_list":{"0":"post-303","1":"product","2":"type-product","3":"status-publish","4":"has-post-thumbnail","6":"product_cat-bacterias","7":"product_tag-bactohemp","9":"first","10":"instock","11":"taxable","12":"shipping-taxable","13":"purchasable","14":"product-type-simple"},"yoast_head":"<!-- This site is optimized with the Yoast SEO plugin v27.4 - https:\/\/yoast.com\/product\/yoast-seo-wordpress\/ -->\n<title>Bactohemp Tabs 8 ud. - Agrobacterias<\/title>\n<meta name=\"robots\" content=\"index, follow, max-snippet:-1, max-image-preview:large, max-video-preview:-1\" \/>\n<link rel=\"canonical\" href=\"https:\/\/agrobacterias.com\/fr\/product\/bactohemp-tabs-8-ud\/\" \/>\n<meta property=\"og:locale\" content=\"fr_FR\" \/>\n<meta property=\"og:type\" content=\"article\" \/>\n<meta property=\"og:title\" content=\"Bactohemp Tabs 8 ud. - Agrobacterias\" \/>\n<meta property=\"og:description\" content=\"Bactohemp TABS es utilizado como abono natural para las plantas otorgando los siguientes beneficios:- Micorrizaci\u00f3n r\u00e1pida de las ra\u00edces- Mayor adquisici\u00f3n de nutrientes disponibles y no disponibles- Los microorganismos aportados solubilizan minerales y producen metabolitos activos que estimulan el crecimiento y la productividad de las plantas y reducen el estr\u00e9s causado por condiciones ambientales adversas y organismos nocivos.- Mejoran la estructura del suelo y el equilibrio biol\u00f3gico de la rizosfera- Incrementa la proliferaci\u00f3n de ra\u00edces secundarias\" \/>\n<meta property=\"og:url\" content=\"https:\/\/agrobacterias.com\/fr\/product\/bactohemp-tabs-8-ud\/\" \/>\n<meta property=\"og:site_name\" content=\"Agrobacterias\" \/>\n<meta property=\"article:modified_time\" content=\"2026-04-18T03:09:25+00:00\" \/>\n<meta property=\"og:image\" content=\"https:\/\/agrobacterias.com\/wp-content\/uploads\/2021\/02\/art_12985_1.jpg\" \/>\n\t<meta property=\"og:image:width\" content=\"600\" \/>\n\t<meta property=\"og:image:height\" content=\"600\" \/>\n\t<meta property=\"og:image:type\" content=\"image\/jpeg\" \/>\n<meta name=\"twitter:card\" content=\"summary_large_image\" \/>\n<meta name=\"twitter:label1\" content=\"Dur\u00e9e de lecture estim\u00e9e\" \/>\n\t<meta name=\"twitter:data1\" content=\"1 minute\" \/>\n<script type=\"application\/ld+json\" class=\"yoast-schema-graph\">{\"@context\":\"https:\\\/\\\/schema.org\",\"@graph\":[{\"@type\":\"WebPage\",\"@id\":\"https:\\\/\\\/agrobacterias.com\\\/product\\\/bactohemp-tabs-8-ud\\\/\",\"url\":\"https:\\\/\\\/agrobacterias.com\\\/product\\\/bactohemp-tabs-8-ud\\\/\",\"name\":\"Bactohemp Tabs 8 ud. - Agrobacterias\",\"isPartOf\":{\"@id\":\"https:\\\/\\\/agrobacterias.com\\\/#website\"},\"primaryImageOfPage\":{\"@id\":\"https:\\\/\\\/agrobacterias.com\\\/product\\\/bactohemp-tabs-8-ud\\\/#primaryimage\"},\"image\":{\"@id\":\"https:\\\/\\\/agrobacterias.com\\\/product\\\/bactohemp-tabs-8-ud\\\/#primaryimage\"},\"thumbnailUrl\":\"https:\\\/\\\/agrobacterias.com\\\/wp-content\\\/uploads\\\/2021\\\/02\\\/art_12985_1.jpg\",\"datePublished\":\"2021-02-01T16:26:21+00:00\",\"dateModified\":\"2026-04-18T03:09:25+00:00\",\"breadcrumb\":{\"@id\":\"https:\\\/\\\/agrobacterias.com\\\/product\\\/bactohemp-tabs-8-ud\\\/#breadcrumb\"},\"inLanguage\":\"fr-FR\",\"potentialAction\":[{\"@type\":\"ReadAction\",\"target\":[\"https:\\\/\\\/agrobacterias.com\\\/product\\\/bactohemp-tabs-8-ud\\\/\"]}]},{\"@type\":\"ImageObject\",\"inLanguage\":\"fr-FR\",\"@id\":\"https:\\\/\\\/agrobacterias.com\\\/product\\\/bactohemp-tabs-8-ud\\\/#primaryimage\",\"url\":\"https:\\\/\\\/agrobacterias.com\\\/wp-content\\\/uploads\\\/2021\\\/02\\\/art_12985_1.jpg\",\"contentUrl\":\"https:\\\/\\\/agrobacterias.com\\\/wp-content\\\/uploads\\\/2021\\\/02\\\/art_12985_1.jpg\",\"width\":600,\"height\":600,\"caption\":\"Bactohemp_Tabs_8_ud.\"},{\"@type\":\"BreadcrumbList\",\"@id\":\"https:\\\/\\\/agrobacterias.com\\\/product\\\/bactohemp-tabs-8-ud\\\/#breadcrumb\",\"itemListElement\":[{\"@type\":\"ListItem\",\"position\":1,\"name\":\"Home\",\"item\":\"https:\\\/\\\/agrobacterias.com\\\/\"},{\"@type\":\"ListItem\",\"position\":2,\"name\":\"Tienda\",\"item\":\"https:\\\/\\\/agrobacterias.com\\\/tienda\\\/\"},{\"@type\":\"ListItem\",\"position\":3,\"name\":\"Bactohemp Tabs 8 ud.\"}]},{\"@type\":\"WebSite\",\"@id\":\"https:\\\/\\\/agrobacterias.com\\\/#website\",\"url\":\"https:\\\/\\\/agrobacterias.com\\\/\",\"name\":\"Agrobacterias\",\"description\":\"Biotecnolog\u00eda del Siglo XXI\",\"potentialAction\":[{\"@type\":\"SearchAction\",\"target\":{\"@type\":\"EntryPoint\",\"urlTemplate\":\"https:\\\/\\\/agrobacterias.com\\\/?s={search_term_string}\"},\"query-input\":{\"@type\":\"PropertyValueSpecification\",\"valueRequired\":true,\"valueName\":\"search_term_string\"}}],\"inLanguage\":\"fr-FR\"}]}<\/script>\n<!-- \/ Yoast SEO plugin. -->","yoast_head_json":{"title":"Bactohemp Tabs 8 ud. - Agrobacterias","robots":{"index":"index","follow":"follow","max-snippet":"max-snippet:-1","max-image-preview":"max-image-preview:large","max-video-preview":"max-video-preview:-1"},"canonical":"https:\/\/agrobacterias.com\/fr\/product\/bactohemp-tabs-8-ud\/","og_locale":"fr_FR","og_type":"article","og_title":"Bactohemp Tabs 8 ud. - Agrobacterias","og_description":"Bactohemp TABS es utilizado como abono natural para las plantas otorgando los siguientes beneficios:- Micorrizaci\u00f3n r\u00e1pida de las ra\u00edces- Mayor adquisici\u00f3n de nutrientes disponibles y no disponibles- Los microorganismos aportados solubilizan minerales y producen metabolitos activos que estimulan el crecimiento y la productividad de las plantas y reducen el estr\u00e9s causado por condiciones ambientales adversas y organismos nocivos.- Mejoran la estructura del suelo y el equilibrio biol\u00f3gico de la rizosfera- Incrementa la proliferaci\u00f3n de ra\u00edces secundarias","og_url":"https:\/\/agrobacterias.com\/fr\/product\/bactohemp-tabs-8-ud\/","og_site_name":"Agrobacterias","article_modified_time":"2026-04-18T03:09:25+00:00","og_image":[{"width":600,"height":600,"url":"https:\/\/agrobacterias.com\/wp-content\/uploads\/2021\/02\/art_12985_1.jpg","type":"image\/jpeg"}],"twitter_card":"summary_large_image","twitter_misc":{"Dur\u00e9e de lecture estim\u00e9e":"1 minute"},"schema":{"@context":"https:\/\/schema.org","@graph":[{"@type":"WebPage","@id":"https:\/\/agrobacterias.com\/product\/bactohemp-tabs-8-ud\/","url":"https:\/\/agrobacterias.com\/product\/bactohemp-tabs-8-ud\/","name":"Bactohemp Tabs 8 ud. - Agrobacterias","isPartOf":{"@id":"https:\/\/agrobacterias.com\/#website"},"primaryImageOfPage":{"@id":"https:\/\/agrobacterias.com\/product\/bactohemp-tabs-8-ud\/#primaryimage"},"image":{"@id":"https:\/\/agrobacterias.com\/product\/bactohemp-tabs-8-ud\/#primaryimage"},"thumbnailUrl":"https:\/\/agrobacterias.com\/wp-content\/uploads\/2021\/02\/art_12985_1.jpg","datePublished":"2021-02-01T16:26:21+00:00","dateModified":"2026-04-18T03:09:25+00:00","breadcrumb":{"@id":"https:\/\/agrobacterias.com\/product\/bactohemp-tabs-8-ud\/#breadcrumb"},"inLanguage":"fr-FR","potentialAction":[{"@type":"ReadAction","target":["https:\/\/agrobacterias.com\/product\/bactohemp-tabs-8-ud\/"]}]},{"@type":"ImageObject","inLanguage":"fr-FR","@id":"https:\/\/agrobacterias.com\/product\/bactohemp-tabs-8-ud\/#primaryimage","url":"https:\/\/agrobacterias.com\/wp-content\/uploads\/2021\/02\/art_12985_1.jpg","contentUrl":"https:\/\/agrobacterias.com\/wp-content\/uploads\/2021\/02\/art_12985_1.jpg","width":600,"height":600,"caption":"Bactohemp_Tabs_8_ud."},{"@type":"BreadcrumbList","@id":"https:\/\/agrobacterias.com\/product\/bactohemp-tabs-8-ud\/#breadcrumb","itemListElement":[{"@type":"ListItem","position":1,"name":"Home","item":"https:\/\/agrobacterias.com\/"},{"@type":"ListItem","position":2,"name":"Tienda","item":"https:\/\/agrobacterias.com\/tienda\/"},{"@type":"ListItem","position":3,"name":"Bactohemp Tabs 8 ud."}]},{"@type":"WebSite","@id":"https:\/\/agrobacterias.com\/#website","url":"https:\/\/agrobacterias.com\/","name":"Agrobact\u00e9ries","description":"Biotechnologie du 21e si\u00e8cle","potentialAction":[{"@type":"SearchAction","target":{"@type":"EntryPoint","urlTemplate":"https:\/\/agrobacterias.com\/?s={search_term_string}"},"query-input":{"@type":"PropertyValueSpecification","valueRequired":true,"valueName":"search_term_string"}}],"inLanguage":"fr-FR"}]}},"_links":{"self":[{"href":"https:\/\/agrobacterias.com\/fr\/wp-json\/wp\/v2\/product\/303","targetHints":{"allow":["GET"]}}],"collection":[{"href":"https:\/\/agrobacterias.com\/fr\/wp-json\/wp\/v2\/product"}],"about":[{"href":"https:\/\/agrobacterias.com\/fr\/wp-json\/wp\/v2\/types\/product"}],"replies":[{"embeddable":true,"href":"https:\/\/agrobacterias.com\/fr\/wp-json\/wp\/v2\/comments?post=303"}],"wp:featuredmedia":[{"embeddable":true,"href":"https:\/\/agrobacterias.com\/fr\/wp-json\/wp\/v2\/media\/304"}],"wp:attachment":[{"href":"https:\/\/agrobacterias.com\/fr\/wp-json\/wp\/v2\/media?parent=303"}],"wp:term":[{"taxonomy":"product_brand","embeddable":true,"href":"https:\/\/agrobacterias.com\/fr\/wp-json\/wp\/v2\/product_brand?post=303"},{"taxonomy":"product_cat","embeddable":true,"href":"https:\/\/agrobacterias.com\/fr\/wp-json\/wp\/v2\/product_cat?post=303"},{"taxonomy":"product_tag","embeddable":true,"href":"https:\/\/agrobacterias.com\/fr\/wp-json\/wp\/v2\/product_tag?post=303"}],"curies":[{"name":"wp","href":"https:\/\/api.w.org\/{rel}","templated":true}]}}