{"id":317,"date":"2021-02-01T16:26:21","date_gmt":"2021-02-01T16:26:21","guid":{"rendered":"https:\/\/agrobacterias.com\/product\/bactohemp-50-gr\/"},"modified":"2026-04-17T05:07:28","modified_gmt":"2026-04-17T03:07:28","slug":"bactohemp-50-gr","status":"publish","type":"product","link":"https:\/\/agrobacterias.com\/fr\/product\/bactohemp-50-gr\/","title":{"rendered":"Bactohemp 50g"},"content":{"rendered":"<p><strong>BACTOHEMP<\/strong> Il s'agit d'un produit en poudre hydrosoluble \u00e0 base de bacilles et de bact\u00e9ries qui vivent en symbiose avec la racine de la plante. Il est 100% Organic et convient \u00e0 l'agriculture biologique.<\/p>\n<p><strong>COMPOSITION<\/strong>Sept familles de Bacillus et de Bact\u00e9ries + extrait d'algue Acophyllum Nodosum.<\/p>\n<p><strong>CANDIDATURE<\/strong>: Disolver el contenido en 20 litros de agua, o una cucharadita para 1 litro de agua, y regar el sustrato para conseguir que las bacterias se fijen a la ra\u00edz. Se puede aplicar por inmersi\u00f3n de cepellones. No regar el sustrato con bactericidas ni fungicidas.<\/p>\n<p>L'ajout de BactoHemp au substrat produit :<\/p>\n<p>&#8211; <strong>UNE PRODUCTION EXPLOSIVE DE RACINES<\/strong>Plus les racines se d\u00e9veloppent, plus la croissance et la r\u00e9sistance \u00e0 la s\u00e9cheresse sont importantes.<\/p>\n<p>&#8211; <strong>AUGMENTE LA QUANTIT\u00c9, LA TAILLE ET LE POIDS<\/strong> de fleurs et de bourgeons. - <strong>\u00c9CONOMISER DES CO\u00dbTS<\/strong> en eau, en nutriments et en main-d'\u0153uvre.<\/p>\n<p>&#8211; <strong>PROT\u00c8GE CONTRE LES CHAMPIGNONS<\/strong> les parasites des racines tels que Fusarium, Phytophtora, Alternaria,...<\/p>\n<p>&#8211; <strong>\u00c9VITE LA PERTE DE PLANTES<\/strong> sur des boutures, des greffons et des semis.<\/p>\n<p>&#8211;<strong> FIXE NATURELLEMENT L'AZOTE ATMOSPH\u00c9RIQUE DANS LE SUBSTRAT<\/strong>La plante pourra l'utiliser pour stimuler sa croissance.<\/p>\n<p>&#8211; <strong>SOLUBILISE LE PHOSPHORE ET LE POTASSIUM INSOLUBLE<\/strong> du substrat, ce qui entra\u00eene une augmentation de la floraison.<\/p>\n<p>&#8211; <strong>PRODUIT DES CYTOKININES, DES AUXINES ET DES GIBB\u00c9RELLINES<\/strong> en permanence, d\u00e9fenseurs et stimulateurs de la croissance et de la floraison.<\/p>\n<p>&#8211; <strong>L'AM\u00c9LIORATION DE LA CULTURE A\u00c9RO-HYDROPONIQUE<\/strong> les maintenir en bonne sant\u00e9.<\/p>\n<p>&#8211; <strong>ID\u00c9AL POUR LA GU\u00c9RILLA ET LA CULTURE EN PLEIN AIR<\/strong>L'eau est extraite du sol, extrait le maximum de nutriments pr\u00e9sents dans le substrat ou le sol et s'infiltre plus profond\u00e9ment dans l'eau.<\/p>\n<p>&#8211; <strong>UNE APPLICATION PAR CULTURE<\/strong>est efficace pendant toute la dur\u00e9e de vie de la plante. En culture ext\u00e9rieure, on peut renforcer l'effet en r\u00e9p\u00e9tant le traitement apr\u00e8s 3 mois.<\/p>\n<p>- FR <strong>100% RESPECTUEUX DE L'ENVIRONNEMENT<\/strong> et certifi\u00e9s pour une utilisation dans l'agriculture biologique.<\/p>\n<p>Tenir hors de port\u00e9e des enfants et \u00e0 l'\u00e9cart des aliments et des boissons. Conserver dans un endroit frais et sec, \u00e0 l'abri de la lumi\u00e8re directe du soleil.<\/p>","protected":false},"excerpt":{"rendered":"<p><strong>BACTOHEMP<\/strong> Il s'agit d'un produit en poudre hydrosoluble \u00e0 base de bacilles et de bact\u00e9ries qui vivent en symbiose avec la racine de la plante. Il est 100% Organic et convient \u00e0 l'agriculture biologique.<\/p>\n<p><strong>COMPOSITION<\/strong>Sept familles de Bacillus et de Bact\u00e9ries + extrait d'algue Acophyllum Nodosum.<\/p>\n<p><strong>CANDIDATURE<\/strong>: Disolver el contenido en 20 litros de agua, o una cucharadita para 1 litro de agua, y regar el sustrato para conseguir que las bacterias se fijen a la ra\u00edz. Se puede aplicar por inmersi\u00f3n de cepellones. No regar el sustrato con bactericidas ni fungicidas.<\/p>","protected":false},"featured_media":318,"comment_status":"open","ping_status":"closed","template":"","meta":[],"product_brand":[],"product_cat":[17],"product_tag":[21],"class_list":{"0":"post-317","1":"product","2":"type-product","3":"status-publish","4":"has-post-thumbnail","6":"product_cat-bacterias","7":"product_tag-bactohemp","9":"first","10":"instock","11":"taxable","12":"shipping-taxable","13":"purchasable","14":"product-type-simple"},"yoast_head":"<!-- This site is optimized with the Yoast SEO plugin v27.4 - https:\/\/yoast.com\/product\/yoast-seo-wordpress\/ -->\n<title>Bactohemp 50g - Agrobacterias<\/title>\n<meta name=\"robots\" content=\"index, follow, max-snippet:-1, max-image-preview:large, max-video-preview:-1\" \/>\n<link rel=\"canonical\" href=\"https:\/\/agrobacterias.com\/fr\/product\/bactohemp-50-gr\/\" \/>\n<meta property=\"og:locale\" content=\"fr_FR\" \/>\n<meta property=\"og:type\" content=\"article\" \/>\n<meta property=\"og:title\" content=\"Bactohemp 50g - Agrobacterias\" \/>\n<meta property=\"og:description\" content=\"BACTOHEMP Es un producto en polvo soluble en agua a base de bacillus y bacterias que viven en simbiosis con la raiz de la planta. Es 100% Ecol\u00f3gico y apto para su uso en la agricultura ecol\u00f3gica.  COMPOSICI\u00d3N: Siete familias de Bacillus y Bacterias + Extracto de alga Acophyllum Nodosum.  APLICACI\u00d3N: Disolver el contenido en 20 litros de agua, o una cucharadita para 1 litro de agua, y regar el sustrato para conseguir que las bacterias se fijen a la ra\u00edz. Se puede aplicar por inmersi\u00f3n de cepellones. No regar el sustrato con bactericidas ni fungicidas.\" \/>\n<meta property=\"og:url\" content=\"https:\/\/agrobacterias.com\/fr\/product\/bactohemp-50-gr\/\" \/>\n<meta property=\"og:site_name\" content=\"Agrobacterias\" \/>\n<meta property=\"article:modified_time\" content=\"2026-04-17T03:07:28+00:00\" \/>\n<meta property=\"og:image\" content=\"https:\/\/agrobacterias.com\/wp-content\/uploads\/2021\/02\/art_bh50_1.jpg\" \/>\n\t<meta property=\"og:image:width\" content=\"600\" \/>\n\t<meta property=\"og:image:height\" content=\"600\" \/>\n\t<meta property=\"og:image:type\" content=\"image\/jpeg\" \/>\n<meta name=\"twitter:card\" content=\"summary_large_image\" \/>\n<meta name=\"twitter:label1\" content=\"Dur\u00e9e de lecture estim\u00e9e\" \/>\n\t<meta name=\"twitter:data1\" content=\"2 minutes\" \/>\n<script type=\"application\/ld+json\" class=\"yoast-schema-graph\">{\"@context\":\"https:\\\/\\\/schema.org\",\"@graph\":[{\"@type\":\"WebPage\",\"@id\":\"https:\\\/\\\/agrobacterias.com\\\/product\\\/bactohemp-50-gr\\\/\",\"url\":\"https:\\\/\\\/agrobacterias.com\\\/product\\\/bactohemp-50-gr\\\/\",\"name\":\"Bactohemp 50g - Agrobacterias\",\"isPartOf\":{\"@id\":\"https:\\\/\\\/agrobacterias.com\\\/#website\"},\"primaryImageOfPage\":{\"@id\":\"https:\\\/\\\/agrobacterias.com\\\/product\\\/bactohemp-50-gr\\\/#primaryimage\"},\"image\":{\"@id\":\"https:\\\/\\\/agrobacterias.com\\\/product\\\/bactohemp-50-gr\\\/#primaryimage\"},\"thumbnailUrl\":\"https:\\\/\\\/agrobacterias.com\\\/wp-content\\\/uploads\\\/2021\\\/02\\\/art_bh50_1.jpg\",\"datePublished\":\"2021-02-01T16:26:21+00:00\",\"dateModified\":\"2026-04-17T03:07:28+00:00\",\"breadcrumb\":{\"@id\":\"https:\\\/\\\/agrobacterias.com\\\/product\\\/bactohemp-50-gr\\\/#breadcrumb\"},\"inLanguage\":\"fr-FR\",\"potentialAction\":[{\"@type\":\"ReadAction\",\"target\":[\"https:\\\/\\\/agrobacterias.com\\\/product\\\/bactohemp-50-gr\\\/\"]}]},{\"@type\":\"ImageObject\",\"inLanguage\":\"fr-FR\",\"@id\":\"https:\\\/\\\/agrobacterias.com\\\/product\\\/bactohemp-50-gr\\\/#primaryimage\",\"url\":\"https:\\\/\\\/agrobacterias.com\\\/wp-content\\\/uploads\\\/2021\\\/02\\\/art_bh50_1.jpg\",\"contentUrl\":\"https:\\\/\\\/agrobacterias.com\\\/wp-content\\\/uploads\\\/2021\\\/02\\\/art_bh50_1.jpg\",\"width\":600,\"height\":600,\"caption\":\"Bactohemp_50_g\"},{\"@type\":\"BreadcrumbList\",\"@id\":\"https:\\\/\\\/agrobacterias.com\\\/product\\\/bactohemp-50-gr\\\/#breadcrumb\",\"itemListElement\":[{\"@type\":\"ListItem\",\"position\":1,\"name\":\"Home\",\"item\":\"https:\\\/\\\/agrobacterias.com\\\/\"},{\"@type\":\"ListItem\",\"position\":2,\"name\":\"Tienda\",\"item\":\"https:\\\/\\\/agrobacterias.com\\\/tienda\\\/\"},{\"@type\":\"ListItem\",\"position\":3,\"name\":\"Bactohemp 50g\"}]},{\"@type\":\"WebSite\",\"@id\":\"https:\\\/\\\/agrobacterias.com\\\/#website\",\"url\":\"https:\\\/\\\/agrobacterias.com\\\/\",\"name\":\"Agrobacterias\",\"description\":\"Biotecnolog\u00eda del Siglo XXI\",\"potentialAction\":[{\"@type\":\"SearchAction\",\"target\":{\"@type\":\"EntryPoint\",\"urlTemplate\":\"https:\\\/\\\/agrobacterias.com\\\/?s={search_term_string}\"},\"query-input\":{\"@type\":\"PropertyValueSpecification\",\"valueRequired\":true,\"valueName\":\"search_term_string\"}}],\"inLanguage\":\"fr-FR\"}]}<\/script>\n<!-- \/ Yoast SEO plugin. -->","yoast_head_json":{"title":"Bactohemp 50g - Agrobacterias","robots":{"index":"index","follow":"follow","max-snippet":"max-snippet:-1","max-image-preview":"max-image-preview:large","max-video-preview":"max-video-preview:-1"},"canonical":"https:\/\/agrobacterias.com\/fr\/product\/bactohemp-50-gr\/","og_locale":"fr_FR","og_type":"article","og_title":"Bactohemp 50g - Agrobacterias","og_description":"BACTOHEMP Es un producto en polvo soluble en agua a base de bacillus y bacterias que viven en simbiosis con la raiz de la planta. Es 100% Ecol\u00f3gico y apto para su uso en la agricultura ecol\u00f3gica.  COMPOSICI\u00d3N: Siete familias de Bacillus y Bacterias + Extracto de alga Acophyllum Nodosum.  APLICACI\u00d3N: Disolver el contenido en 20 litros de agua, o una cucharadita para 1 litro de agua, y regar el sustrato para conseguir que las bacterias se fijen a la ra\u00edz. Se puede aplicar por inmersi\u00f3n de cepellones. No regar el sustrato con bactericidas ni fungicidas.","og_url":"https:\/\/agrobacterias.com\/fr\/product\/bactohemp-50-gr\/","og_site_name":"Agrobacterias","article_modified_time":"2026-04-17T03:07:28+00:00","og_image":[{"width":600,"height":600,"url":"https:\/\/agrobacterias.com\/wp-content\/uploads\/2021\/02\/art_bh50_1.jpg","type":"image\/jpeg"}],"twitter_card":"summary_large_image","twitter_misc":{"Dur\u00e9e de lecture estim\u00e9e":"2 minutes"},"schema":{"@context":"https:\/\/schema.org","@graph":[{"@type":"WebPage","@id":"https:\/\/agrobacterias.com\/product\/bactohemp-50-gr\/","url":"https:\/\/agrobacterias.com\/product\/bactohemp-50-gr\/","name":"Bactohemp 50g - Agrobacterias","isPartOf":{"@id":"https:\/\/agrobacterias.com\/#website"},"primaryImageOfPage":{"@id":"https:\/\/agrobacterias.com\/product\/bactohemp-50-gr\/#primaryimage"},"image":{"@id":"https:\/\/agrobacterias.com\/product\/bactohemp-50-gr\/#primaryimage"},"thumbnailUrl":"https:\/\/agrobacterias.com\/wp-content\/uploads\/2021\/02\/art_bh50_1.jpg","datePublished":"2021-02-01T16:26:21+00:00","dateModified":"2026-04-17T03:07:28+00:00","breadcrumb":{"@id":"https:\/\/agrobacterias.com\/product\/bactohemp-50-gr\/#breadcrumb"},"inLanguage":"fr-FR","potentialAction":[{"@type":"ReadAction","target":["https:\/\/agrobacterias.com\/product\/bactohemp-50-gr\/"]}]},{"@type":"ImageObject","inLanguage":"fr-FR","@id":"https:\/\/agrobacterias.com\/product\/bactohemp-50-gr\/#primaryimage","url":"https:\/\/agrobacterias.com\/wp-content\/uploads\/2021\/02\/art_bh50_1.jpg","contentUrl":"https:\/\/agrobacterias.com\/wp-content\/uploads\/2021\/02\/art_bh50_1.jpg","width":600,"height":600,"caption":"Bactohemp_50_g"},{"@type":"BreadcrumbList","@id":"https:\/\/agrobacterias.com\/product\/bactohemp-50-gr\/#breadcrumb","itemListElement":[{"@type":"ListItem","position":1,"name":"Home","item":"https:\/\/agrobacterias.com\/"},{"@type":"ListItem","position":2,"name":"Tienda","item":"https:\/\/agrobacterias.com\/tienda\/"},{"@type":"ListItem","position":3,"name":"Bactohemp 50g"}]},{"@type":"WebSite","@id":"https:\/\/agrobacterias.com\/#website","url":"https:\/\/agrobacterias.com\/","name":"Agrobact\u00e9ries","description":"Biotechnologie du 21e si\u00e8cle","potentialAction":[{"@type":"SearchAction","target":{"@type":"EntryPoint","urlTemplate":"https:\/\/agrobacterias.com\/?s={search_term_string}"},"query-input":{"@type":"PropertyValueSpecification","valueRequired":true,"valueName":"search_term_string"}}],"inLanguage":"fr-FR"}]}},"_links":{"self":[{"href":"https:\/\/agrobacterias.com\/fr\/wp-json\/wp\/v2\/product\/317","targetHints":{"allow":["GET"]}}],"collection":[{"href":"https:\/\/agrobacterias.com\/fr\/wp-json\/wp\/v2\/product"}],"about":[{"href":"https:\/\/agrobacterias.com\/fr\/wp-json\/wp\/v2\/types\/product"}],"replies":[{"embeddable":true,"href":"https:\/\/agrobacterias.com\/fr\/wp-json\/wp\/v2\/comments?post=317"}],"wp:featuredmedia":[{"embeddable":true,"href":"https:\/\/agrobacterias.com\/fr\/wp-json\/wp\/v2\/media\/318"}],"wp:attachment":[{"href":"https:\/\/agrobacterias.com\/fr\/wp-json\/wp\/v2\/media?parent=317"}],"wp:term":[{"taxonomy":"product_brand","embeddable":true,"href":"https:\/\/agrobacterias.com\/fr\/wp-json\/wp\/v2\/product_brand?post=317"},{"taxonomy":"product_cat","embeddable":true,"href":"https:\/\/agrobacterias.com\/fr\/wp-json\/wp\/v2\/product_cat?post=317"},{"taxonomy":"product_tag","embeddable":true,"href":"https:\/\/agrobacterias.com\/fr\/wp-json\/wp\/v2\/product_tag?post=317"}],"curies":[{"name":"wp","href":"https:\/\/api.w.org\/{rel}","templated":true}]}}