{"id":102,"date":"2021-01-28T09:58:14","date_gmt":"2021-01-28T09:58:14","guid":{"rendered":"https:\/\/agrobacterias.com\/?page_id=102"},"modified":"2022-01-05T15:29:47","modified_gmt":"2022-01-05T15:29:47","slug":"bactogel","status":"publish","type":"page","link":"https:\/\/agrobacterias.com\/it\/bacterias\/bactogel\/","title":{"rendered":"Bactogel"},"content":{"rendered":"<section class=\"section\" id=\"section_920561978\">\n\t\t<div class=\"section-bg fill\" >\n\t\t\t<img loading=\"lazy\" decoding=\"async\" width=\"2560\" height=\"1707\" src=\"https:\/\/agrobacterias.com\/wp-content\/uploads\/2020\/12\/713-scaled.jpg\" class=\"bg attachment- size-\" alt=\"\" \/>\t\t\t\t\t\t<div class=\"section-bg-overlay absolute fill\"><\/div>\n\t\t\t\n\n\t\t<\/div>\n\n\t\t\n\n\t\t<div class=\"section-content relative\">\n\t\t\t\n\n<div class=\"row row-large align-middle align-center\"  id=\"row-1743369611\">\n\n\n\t<div id=\"col-1013404900\" class=\"col medium-6 small-12 large-6\"  >\n\t\t\t\t<div class=\"col-inner text-center text-shadow-2 dark\"  >\n\t\t\t\n\t\t\t\n\n\t<div id=\"gap-643917270\" class=\"gap-element clearfix\" style=\"display:block; height:auto;\">\n\t\t\n<style>\n#gap-643917270 {\n  padding-top: 30px;\n}\n<\/style>\n\t<\/div>\n\t\n\n\t<div id=\"text-1904732969\" class=\"text\">\n\t\t\n\n<h1><span class=\"fancy-underline\"><span style=\"font-size: 150%;\">Bactogel<\/span><\/span><\/h1>\n<p>Emendamento che trattiene l'umidit\u00e0<br \/>Stimolatore della coltivazione Guerrilla<\/p>\n\t\t\n<style>\n#text-1904732969 {\n  font-size: 1.25rem;\n  line-height: 1.25;\n  text-align: left;\n}\n<\/style>\n\t<\/div>\n\t\n\n\t\t<\/div>\n\t\t\t\t\n<style>\n#col-1013404900 > .col-inner {\n  padding: 0px 0px 0px 0px;\n  margin: 0px 0px -50px 0px;\n}\n<\/style>\n\t<\/div>\n\n\t\n\n\t<div id=\"col-1839518365\" class=\"col medium-6 small-12 large-6\"  >\n\t\t\t\t<div class=\"col-inner text-left\"  >\n\t\t\t\n\t\t\t\n\n\t<div class=\"img has-hover x md-x lg-x y md-y lg-y\" id=\"image_1045469601\">\n\t\t\t\t\t\t\t\t<div class=\"img-inner dark\" >\n\t\t\t<img loading=\"lazy\" decoding=\"async\" width=\"450\" height=\"450\" src=\"https:\/\/agrobacterias.com\/wp-content\/uploads\/2021\/02\/bactogel.png\" class=\"attachment-large size-large\" alt=\"\" srcset=\"https:\/\/agrobacterias.com\/wp-content\/uploads\/2021\/02\/bactogel.png 450w, https:\/\/agrobacterias.com\/wp-content\/uploads\/2021\/02\/bactogel-100x100.png 100w, https:\/\/agrobacterias.com\/wp-content\/uploads\/2021\/02\/bactogel-300x300.png 300w, https:\/\/agrobacterias.com\/wp-content\/uploads\/2021\/02\/bactogel-150x150.png 150w\" sizes=\"auto, (max-width: 450px) 100vw, 450px\" \/>\t\t\t\t\t\t\n\t\t\t\t\t<\/div>\n\t\t\t\t\t\t\t\t\n<style>\n#image_1045469601 {\n  width: 88%;\n}\n<\/style>\n\t<\/div>\n\t\n\n\n\t\t<\/div>\n\t\t\t\t\n<style>\n#col-1839518365 > .col-inner {\n  padding: 0px 0px 0px 0px;\n  margin: 0px 0px -134px 0px;\n}\n@media (min-width:550px) {\n  #col-1839518365 > .col-inner {\n    margin: 0px 0px -250px 35px;\n  }\n}\n<\/style>\n\t<\/div>\n\n\t\n\n<\/div>\n\n\t\t<\/div>\n\n\t\t\n<style>\n#section_920561978 {\n  padding-top: 0px;\n  padding-bottom: 0px;\n  margin-bottom: 0px;\n  min-height: 266px;\n}\n#section_920561978 .section-bg-overlay {\n  background-color: rgba(0, 0, 0, 0.698);\n}\n#section_920561978 .section-bg img {\n  object-position: 0% 73%;\n}\n<\/style>\n\t<\/section>\n\t\n\n\t<section class=\"section\" id=\"section_623492035\">\n\t\t<div class=\"section-bg fill\" >\n\t\t\t\t\t\t\t\t\t\n\t\t\t\n\t<div class=\"is-border\"\n\t\tstyle=\"border-width:0px 0px 0px 0px;\">\n\t<\/div>\n\n\t\t<\/div>\n\n\t\t\n\n\t\t<div class=\"section-content relative\">\n\t\t\t\n\n<div class=\"row row-full-width\"  id=\"row-1659516547\">\n\n\n\t<div id=\"col-275305224\" class=\"col medium-7 small-12 large-7\"  >\n\t\t\t\t<div class=\"col-inner\"  >\n\t\t\t\n\t\t\t\n\n\t<div id=\"gap-284616311\" class=\"gap-element clearfix show-for-small\" style=\"display:block; height:auto;\">\n\t\t\n<style>\n#gap-284616311 {\n  padding-top: 36px;\n}\n@media (min-width:550px) {\n  #gap-284616311 {\n    padding-top: 30px;\n  }\n}\n<\/style>\n\t<\/div>\n\t\n\n<div class=\"first column\">\n<p>Emendamento che trattiene l'umidit\u00e0. Stimolatore di colture guerrilla<\/p>\n<p><strong>COMPOSIZIONE<\/strong><\/p>\n<p>90% di polimeri reticolati di acrilammide e acrilato di potassio. 7% di substrati inerti: zeoliti e zuccheri. 3% di Bactohemp. Capacit\u00e0 minima di assorbimento in acqua distillata: 230 ml di acqua distillata\/g di prodotto. Bactogel Guerrilla \u00e8 una miscela di polimeri idroassorbenti con Bactohemp, che migliora il substrato, ne stimola l'attivit\u00e0 microbica, aumentandone la fertilit\u00e0 biologica e fornendo un'eccellente capacit\u00e0 di trattenere l'acqua e i nutrienti per renderli disponibili alla pianta, evitandone la perdita per infiltrazione o evo-traspirazione.<\/p>\n<\/div>\n<div class=\"lastcolumn\">\n<p class=\"split\">Il risultato finale sono piante pi\u00f9 resistenti alla siccit\u00e0, pi\u00f9 grandi, pi\u00f9 vigorose e molto pi\u00f9 produttive.<\/p>\n<p><strong>ISTRUZIONI PER L'USO<\/strong><\/p>\n<p><em>Vaso di fiori<\/em>Aggiungere e mescolare bene un cucchiaino di Bactogel Guerrilla per 10 litri di substrato.<\/p>\n<p><em>Suolo<\/em>Aggiungere e mescolare bene una manciata di Bactogel Guerrilla per pianta.<\/p>\n<\/div>\n\n\t\t<\/div>\n\t\t\t\t\n<style>\n#col-275305224 > .col-inner {\n  padding: 0px 20px 0px 20px;\n}\n<\/style>\n\t<\/div>\n\n\t\n\n\t<div id=\"col-2036574989\" class=\"col medium-5 small-12 large-5\"  >\n\t\t\t\t<div class=\"col-inner\"  >\n\t\t\t\n\t\t\t\n\n\t<div id=\"gap-1905172618\" class=\"gap-element clearfix hide-for-medium\" style=\"display:block; height:auto;\">\n\t\t\n<style>\n#gap-1905172618 {\n  padding-top: 140px;\n}\n<\/style>\n\t<\/div>\n\t\n\n  <div class=\"icon-box testimonial-box icon-box-left text-left\">\n                <div class=\"icon-box-img testimonial-image circle\" style=\"width: 80px\">\n              <img loading=\"lazy\" decoding=\"async\" width=\"150\" height=\"150\" src=\"https:\/\/agrobacterias.com\/wp-content\/uploads\/2022\/01\/44314.jpg\" class=\"attachment-thumbnail size-thumbnail\" alt=\"\" srcset=\"https:\/\/agrobacterias.com\/wp-content\/uploads\/2022\/01\/44314.jpg 150w, https:\/\/agrobacterias.com\/wp-content\/uploads\/2022\/01\/44314-100x100.jpg 100w\" sizes=\"auto, (max-width: 150px) 100vw, 150px\" \/>        <\/div>\n                <div class=\"icon-box-text p-last-0\">\n          <div class=\"star-rating\"><span style=\"width:100%\"><strong class=\"rating\"><\/strong><\/span><\/div>  \t\t\t\t<div class=\"testimonial-text line-height-small italic test_text first-reset last-reset is-italic\">\n            \n\n<h3>Ottimo se non si pu\u00f2 irrigare spesso<\/h3>\n<p>Con Bactogel mi innaffio e me ne dimentico per molti giorni. <br \/>Il dosaggio dell'irrigazione \u00e8 il medesimo!<\/p>\n\n          <\/div>\n          <div class=\"testimonial-meta pt-half\">\n             <strong class=\"testimonial-name test_name\"><\/strong>\n                          <span class=\"testimonial-company test_company\"><\/span>\n          <\/div>\n        <\/div>\n  <\/div>\n\n  \n\n\t\t<\/div>\n\t\t\t\t\t<\/div>\n\n\t\n\n<\/div>\n\n\t\t<\/div>\n\n\t\t\n<style>\n#section_623492035 {\n  padding-top: 40px;\n  padding-bottom: 40px;\n  margin-bottom: -2px;\n}\n<\/style>\n\t<\/section>\n\t\n\n\t<section class=\"section dark has-mask mask-arrow\" id=\"section_612481829\">\n\t\t<div class=\"section-bg fill\" >\n\t\t\t\t\t\t\t\t\t\n\t\t\t\n\t<div class=\"is-border\"\n\t\tstyle=\"border-color:rgb(235, 235, 235);border-width:1px 0px 0px 0px;\">\n\t<\/div>\n\n\t\t<\/div>\n\n\t\t\n\n\t\t<div class=\"section-content relative\">\n\t\t\t\n\n<div class=\"row\"  id=\"row-1402941390\">\n\n\n\t<div id=\"col-2046664630\" class=\"col small-12 large-12\"  >\n\t\t\t\t<div class=\"col-inner\"  >\n\t\t\t\n\t\t\t\n\n\t\n  \n    <div id=\"product-grid-2078732386\" class=\"row large-columns-4 medium-columns-3 small-columns-2 row-small has-shadow row-box-shadow-1 row-box-shadow-5-hover row-masonry\" data-packery-options='{\"itemSelector\": \".col\", \"gutter\": 0, \"presentageWidth\" : true}'>\n\n  \n\t     <div class=\"col\" >\n\t\t\t\t\t\t<div class=\"col-inner\">\n\t\t\t\t\t\t\n<div class=\"badge-container absolute left top z-1\">\n\n<\/div>\n\t\t\t\t\t\t<div class=\"product-small box has-hover box-normal box-text-bottom\">\n\t\t\t\t\t\t\t<div class=\"box-image\" >\n\t\t\t\t\t\t\t\t<div class=\"\" >\n\t\t\t\t\t\t\t\t\t<a href=\"https:\/\/agrobacterias.com\/it\/product\/bactogel-50-gr\/\" aria-label=\"Bactogel 50g\">\n\t\t\t\t\t\t\t\t\t\t<img loading=\"lazy\" decoding=\"async\" width=\"247\" height=\"296\" src=\"https:\/\/agrobacterias.com\/wp-content\/uploads\/2021\/02\/art_bg50_1-247x296.jpg\" class=\"attachment-woocommerce_thumbnail size-woocommerce_thumbnail\" alt=\"Bactogel_50_g\" \/>\t\t\t\t\t\t\t\t\t<\/a>\n\t\t\t\t\t\t\t\t\t\t\t\t\t\t\t\t\t\t \t\t\t\t\t\t\t\t<\/div>\n\t\t\t\t\t\t\t\t<div class=\"image-tools top right show-on-hover\">\n\t\t\t\t\t\t\t\t\t\t\t\t\t\t\t\t\t<\/div>\n\t\t\t\t\t\t\t\t\t\t\t\t\t\t\t\t\t<div class=\"image-tools grid-tools text-center hide-for-small bottom hover-slide-in show-on-hover\">\n\t\t\t\t\t\t\t\t\t\t  <a class=\"quick-view\" data-prod=\"292\" href=\"#quick-view\">Anteprima<\/a>\t\t\t\t\t\t\t\t\t<\/div>\n\t\t\t\t\t\t\t\t\t\t\t\t\t\t\t\t\t\t\t\t\t\t\t<\/div>\n\n\t\t\t\t\t\t\t<div class=\"box-text text-left\" >\n\t\t\t\t\t\t\t\t<div class=\"title-wrapper\">\t\t<p class=\"category uppercase is-smaller no-text-overflow product-cat op-7\">\n\t\t\tBatteri\t\t<\/p>\n\t<p class=\"name product-title woocommerce-loop-product__title\"><a href=\"https:\/\/agrobacterias.com\/it\/product\/bactogel-50-gr\/\" class=\"woocommerce-LoopProduct-link woocommerce-loop-product__link\">Bactogel 50g<\/a><\/p><\/div><div class=\"price-wrapper\">\n\t<span class=\"price\"><span class=\"woocommerce-Price-amount amount\"><bdi>3,50&nbsp;<span class=\"woocommerce-Price-currencySymbol\">\u20ac<\/span><\/bdi><\/span><\/span>\n<\/div><div class=\"add-to-cart-button\"><a href=\"\/it\/wp-json\/wp\/v2\/pages\/102?add-to-cart=292\" aria-describedby=\"woocommerce_loop_add_to_cart_link_describedby_292\" data-quantity=\"1\" class=\"primary is-small mb-0 button product_type_simple add_to_cart_button ajax_add_to_cart is-flat\" data-product_id=\"292\" data-product_sku=\"BG50\" aria-label=\"Aggiungi al carrello: &quot;Bactogel 50g&quot;\" rel=\"nofollow\" data-success_message=\"&quot;Bactogel 50g&quot; \u00e8 stato aggiunto al tuo carrello\" role=\"button\" data-no-translation=\"\" data-trp-gettext=\"\" data-no-translation-aria-label=\"\" data-no-translation-data-success_message=\"\">Aggiungi al carrello<\/a><\/div>\t<span id=\"woocommerce_loop_add_to_cart_link_describedby_292\" class=\"screen-reader-text\">\n\t\t\t<\/span>\n\t\t\t\t\t\t\t<\/div>\n\t\t\t\t\t\t<\/div>\n\t\t\t\t\t\t<\/div>\n\t\t\t\t\t<\/div><div class=\"col\" >\n\t\t\t\t\t\t<div class=\"col-inner\">\n\t\t\t\t\t\t\n<div class=\"badge-container absolute left top z-1\">\n\n<\/div>\n\t\t\t\t\t\t<div class=\"product-small box has-hover box-normal box-text-bottom\">\n\t\t\t\t\t\t\t<div class=\"box-image\" >\n\t\t\t\t\t\t\t\t<div class=\"\" >\n\t\t\t\t\t\t\t\t\t<a href=\"https:\/\/agrobacterias.com\/it\/product\/bactogel-200-gr\/\" aria-label=\"Bactogel 200g\">\n\t\t\t\t\t\t\t\t\t\t<img loading=\"lazy\" decoding=\"async\" width=\"247\" height=\"296\" src=\"https:\/\/agrobacterias.com\/wp-content\/uploads\/2021\/02\/art_bg200_1-247x296.jpg\" class=\"attachment-woocommerce_thumbnail size-woocommerce_thumbnail\" alt=\"Bactogel_200_g\" \/>\t\t\t\t\t\t\t\t\t<\/a>\n\t\t\t\t\t\t\t\t\t\t\t\t\t\t\t\t\t\t \t\t\t\t\t\t\t\t<\/div>\n\t\t\t\t\t\t\t\t<div class=\"image-tools top right show-on-hover\">\n\t\t\t\t\t\t\t\t\t\t\t\t\t\t\t\t\t<\/div>\n\t\t\t\t\t\t\t\t\t\t\t\t\t\t\t\t\t<div class=\"image-tools grid-tools text-center hide-for-small bottom hover-slide-in show-on-hover\">\n\t\t\t\t\t\t\t\t\t\t  <a class=\"quick-view\" data-prod=\"290\" href=\"#quick-view\">Anteprima<\/a>\t\t\t\t\t\t\t\t\t<\/div>\n\t\t\t\t\t\t\t\t\t\t\t\t\t\t\t\t\t\t\t\t\t\t\t<\/div>\n\n\t\t\t\t\t\t\t<div class=\"box-text text-left\" >\n\t\t\t\t\t\t\t\t<div class=\"title-wrapper\">\t\t<p class=\"category uppercase is-smaller no-text-overflow product-cat op-7\">\n\t\t\tBatteri\t\t<\/p>\n\t<p class=\"name product-title woocommerce-loop-product__title\"><a href=\"https:\/\/agrobacterias.com\/it\/product\/bactogel-200-gr\/\" class=\"woocommerce-LoopProduct-link woocommerce-loop-product__link\">Bactogel 200g<\/a><\/p><\/div><div class=\"price-wrapper\">\n\t<span class=\"price\"><span class=\"woocommerce-Price-amount amount\"><bdi>13,50&nbsp;<span class=\"woocommerce-Price-currencySymbol\">\u20ac<\/span><\/bdi><\/span><\/span>\n<\/div><div class=\"add-to-cart-button\"><a href=\"\/it\/wp-json\/wp\/v2\/pages\/102?add-to-cart=290\" aria-describedby=\"woocommerce_loop_add_to_cart_link_describedby_290\" data-quantity=\"1\" class=\"primary is-small mb-0 button product_type_simple add_to_cart_button ajax_add_to_cart is-flat\" data-product_id=\"290\" data-product_sku=\"BG200\" aria-label=\"Aggiungi al carrello: &quot;Bactogel 200g&quot;\" rel=\"nofollow\" data-success_message=\"&quot;Bactogel 200g&quot; \u00e8 stato aggiunto al tuo carrello\" role=\"button\" data-no-translation=\"\" data-trp-gettext=\"\" data-no-translation-aria-label=\"\" data-no-translation-data-success_message=\"\">Aggiungi al carrello<\/a><\/div>\t<span id=\"woocommerce_loop_add_to_cart_link_describedby_290\" class=\"screen-reader-text\">\n\t\t\t<\/span>\n\t\t\t\t\t\t\t<\/div>\n\t\t\t\t\t\t<\/div>\n\t\t\t\t\t\t<\/div>\n\t\t\t\t\t<\/div><div class=\"col\" >\n\t\t\t\t\t\t<div class=\"col-inner\">\n\t\t\t\t\t\t\n<div class=\"badge-container absolute left top z-1\">\n\n<\/div>\n\t\t\t\t\t\t<div class=\"product-small box has-hover box-normal box-text-bottom\">\n\t\t\t\t\t\t\t<div class=\"box-image\" >\n\t\t\t\t\t\t\t\t<div class=\"\" >\n\t\t\t\t\t\t\t\t\t<a href=\"https:\/\/agrobacterias.com\/it\/product\/bactogel-950-gr\/\" aria-label=\"Bactogel 950g\">\n\t\t\t\t\t\t\t\t\t\t<img loading=\"lazy\" decoding=\"async\" width=\"247\" height=\"296\" src=\"https:\/\/agrobacterias.com\/wp-content\/uploads\/2021\/02\/art_7638_1-247x296.jpg\" class=\"attachment-woocommerce_thumbnail size-woocommerce_thumbnail\" alt=\"Bactogel_950_g\" \/>\t\t\t\t\t\t\t\t\t<\/a>\n\t\t\t\t\t\t\t\t\t\t\t\t\t\t\t\t\t\t \t\t\t\t\t\t\t\t<\/div>\n\t\t\t\t\t\t\t\t<div class=\"image-tools top right show-on-hover\">\n\t\t\t\t\t\t\t\t\t\t\t\t\t\t\t\t\t<\/div>\n\t\t\t\t\t\t\t\t\t\t\t\t\t\t\t\t\t<div class=\"image-tools grid-tools text-center hide-for-small bottom hover-slide-in show-on-hover\">\n\t\t\t\t\t\t\t\t\t\t  <a class=\"quick-view\" data-prod=\"276\" href=\"#quick-view\">Anteprima<\/a>\t\t\t\t\t\t\t\t\t<\/div>\n\t\t\t\t\t\t\t\t\t\t\t\t\t\t\t\t\t\t\t\t\t\t\t<\/div>\n\n\t\t\t\t\t\t\t<div class=\"box-text text-left\" >\n\t\t\t\t\t\t\t\t<div class=\"title-wrapper\">\t\t<p class=\"category uppercase is-smaller no-text-overflow product-cat op-7\">\n\t\t\tBatteri\t\t<\/p>\n\t<p class=\"name product-title woocommerce-loop-product__title\"><a href=\"https:\/\/agrobacterias.com\/it\/product\/bactogel-950-gr\/\" class=\"woocommerce-LoopProduct-link woocommerce-loop-product__link\">Bactogel 950g<\/a><\/p><\/div><div class=\"price-wrapper\">\n\t<span class=\"price\"><span class=\"woocommerce-Price-amount amount\"><bdi>45,00&nbsp;<span class=\"woocommerce-Price-currencySymbol\">\u20ac<\/span><\/bdi><\/span><\/span>\n<\/div><div class=\"add-to-cart-button\"><a href=\"\/it\/wp-json\/wp\/v2\/pages\/102?add-to-cart=276\" aria-describedby=\"woocommerce_loop_add_to_cart_link_describedby_276\" data-quantity=\"1\" class=\"primary is-small mb-0 button product_type_simple add_to_cart_button ajax_add_to_cart is-flat\" data-product_id=\"276\" data-product_sku=\"7638\" aria-label=\"Aggiungi al carrello: &quot;Bactogel 950g&quot;\" rel=\"nofollow\" data-success_message=\"&quot;Bactogel 950g&quot; \u00e8 stato aggiunto al tuo carrello\" role=\"button\" data-no-translation=\"\" data-trp-gettext=\"\" data-no-translation-aria-label=\"\" data-no-translation-data-success_message=\"\">Aggiungi al carrello<\/a><\/div>\t<span id=\"woocommerce_loop_add_to_cart_link_describedby_276\" class=\"screen-reader-text\">\n\t\t\t<\/span>\n\t\t\t\t\t\t\t<\/div>\n\t\t\t\t\t\t<\/div>\n\t\t\t\t\t\t<\/div>\n\t\t\t\t\t<\/div><\/div>\n\n\n\t\t<\/div>\n\t\t\t\t\t<\/div>\n\n\t\n\n<\/div>\n\n\t\t<\/div>\n\n\t\t\n<style>\n#section_612481829 {\n  padding-top: 49px;\n  padding-bottom: 49px;\n  min-height: 300px;\n  background-color: rgb(11, 80, 9);\n}\n<\/style>\n\t<\/section>","protected":false},"excerpt":{"rendered":"","protected":false},"author":571,"featured_media":0,"parent":123,"menu_order":0,"comment_status":"closed","ping_status":"closed","template":"page-blank.php","meta":{"footnotes":""},"class_list":["post-102","page","type-page","status-publish","hentry"],"yoast_head":"<!-- This site is optimized with the Yoast SEO plugin v27.5 - https:\/\/yoast.com\/product\/yoast-seo-wordpress\/ -->\n<title>Bactogel - Agrobacterias<\/title>\n<meta name=\"robots\" content=\"index, follow, max-snippet:-1, max-image-preview:large, max-video-preview:-1\" \/>\n<link rel=\"canonical\" href=\"https:\/\/agrobacterias.com\/it\/bacterias\/bactogel\/\" \/>\n<meta property=\"og:locale\" content=\"it_IT\" \/>\n<meta property=\"og:type\" content=\"article\" \/>\n<meta property=\"og:title\" content=\"Bactogel - Agrobacterias\" \/>\n<meta property=\"og:url\" content=\"https:\/\/agrobacterias.com\/it\/bacterias\/bactogel\/\" \/>\n<meta property=\"og:site_name\" content=\"Agrobacterias\" \/>\n<meta property=\"article:modified_time\" content=\"2022-01-05T15:29:47+00:00\" \/>\n<meta name=\"twitter:card\" content=\"summary_large_image\" \/>\n<meta name=\"twitter:label1\" content=\"Tempo di lettura stimato\" \/>\n\t<meta name=\"twitter:data1\" content=\"2 minuti\" \/>\n<script type=\"application\/ld+json\" class=\"yoast-schema-graph\">{\"@context\":\"https:\\\/\\\/schema.org\",\"@graph\":[{\"@type\":\"WebPage\",\"@id\":\"https:\\\/\\\/agrobacterias.com\\\/bacterias\\\/bactogel\\\/\",\"url\":\"https:\\\/\\\/agrobacterias.com\\\/bacterias\\\/bactogel\\\/\",\"name\":\"Bactogel - Agrobacterias\",\"isPartOf\":{\"@id\":\"https:\\\/\\\/agrobacterias.com\\\/#website\"},\"datePublished\":\"2021-01-28T09:58:14+00:00\",\"dateModified\":\"2022-01-05T15:29:47+00:00\",\"breadcrumb\":{\"@id\":\"https:\\\/\\\/agrobacterias.com\\\/bacterias\\\/bactogel\\\/#breadcrumb\"},\"inLanguage\":\"it-IT\",\"potentialAction\":[{\"@type\":\"ReadAction\",\"target\":[\"https:\\\/\\\/agrobacterias.com\\\/bacterias\\\/bactogel\\\/\"]}]},{\"@type\":\"BreadcrumbList\",\"@id\":\"https:\\\/\\\/agrobacterias.com\\\/bacterias\\\/bactogel\\\/#breadcrumb\",\"itemListElement\":[{\"@type\":\"ListItem\",\"position\":1,\"name\":\"Home\",\"item\":\"https:\\\/\\\/agrobacterias.com\\\/\"},{\"@type\":\"ListItem\",\"position\":2,\"name\":\"Gama de bacterias\",\"item\":\"https:\\\/\\\/agrobacterias.com\\\/bacterias\\\/\"},{\"@type\":\"ListItem\",\"position\":3,\"name\":\"Bactogel\"}]},{\"@type\":\"WebSite\",\"@id\":\"https:\\\/\\\/agrobacterias.com\\\/#website\",\"url\":\"https:\\\/\\\/agrobacterias.com\\\/\",\"name\":\"Agrobacterias\",\"description\":\"Biotecnolog\u00eda del Siglo XXI\",\"potentialAction\":[{\"@type\":\"SearchAction\",\"target\":{\"@type\":\"EntryPoint\",\"urlTemplate\":\"https:\\\/\\\/agrobacterias.com\\\/?s={search_term_string}\"},\"query-input\":{\"@type\":\"PropertyValueSpecification\",\"valueRequired\":true,\"valueName\":\"search_term_string\"}}],\"inLanguage\":\"it-IT\"}]}<\/script>\n<!-- \/ Yoast SEO plugin. -->","yoast_head_json":{"title":"Bactogel - Agrobacterias","robots":{"index":"index","follow":"follow","max-snippet":"max-snippet:-1","max-image-preview":"max-image-preview:large","max-video-preview":"max-video-preview:-1"},"canonical":"https:\/\/agrobacterias.com\/it\/bacterias\/bactogel\/","og_locale":"it_IT","og_type":"article","og_title":"Bactogel - Agrobacterias","og_url":"https:\/\/agrobacterias.com\/it\/bacterias\/bactogel\/","og_site_name":"Agrobacterias","article_modified_time":"2022-01-05T15:29:47+00:00","twitter_card":"summary_large_image","twitter_misc":{"Tempo di lettura stimato":"2 minuti"},"schema":{"@context":"https:\/\/schema.org","@graph":[{"@type":"WebPage","@id":"https:\/\/agrobacterias.com\/bacterias\/bactogel\/","url":"https:\/\/agrobacterias.com\/bacterias\/bactogel\/","name":"Bactogel - Agrobacterias","isPartOf":{"@id":"https:\/\/agrobacterias.com\/#website"},"datePublished":"2021-01-28T09:58:14+00:00","dateModified":"2022-01-05T15:29:47+00:00","breadcrumb":{"@id":"https:\/\/agrobacterias.com\/bacterias\/bactogel\/#breadcrumb"},"inLanguage":"it-IT","potentialAction":[{"@type":"ReadAction","target":["https:\/\/agrobacterias.com\/bacterias\/bactogel\/"]}]},{"@type":"BreadcrumbList","@id":"https:\/\/agrobacterias.com\/bacterias\/bactogel\/#breadcrumb","itemListElement":[{"@type":"ListItem","position":1,"name":"Home","item":"https:\/\/agrobacterias.com\/"},{"@type":"ListItem","position":2,"name":"Gama de bacterias","item":"https:\/\/agrobacterias.com\/bacterias\/"},{"@type":"ListItem","position":3,"name":"Bactogel"}]},{"@type":"WebSite","@id":"https:\/\/agrobacterias.com\/#website","url":"https:\/\/agrobacterias.com\/","name":"Agrobatteri","description":"Biotecnologie del XXI secolo","potentialAction":[{"@type":"SearchAction","target":{"@type":"EntryPoint","urlTemplate":"https:\/\/agrobacterias.com\/?s={search_term_string}"},"query-input":{"@type":"PropertyValueSpecification","valueRequired":true,"valueName":"search_term_string"}}],"inLanguage":"it-IT"}]}},"_links":{"self":[{"href":"https:\/\/agrobacterias.com\/it\/wp-json\/wp\/v2\/pages\/102","targetHints":{"allow":["GET"]}}],"collection":[{"href":"https:\/\/agrobacterias.com\/it\/wp-json\/wp\/v2\/pages"}],"about":[{"href":"https:\/\/agrobacterias.com\/it\/wp-json\/wp\/v2\/types\/page"}],"author":[{"embeddable":true,"href":"https:\/\/agrobacterias.com\/it\/wp-json\/wp\/v2\/users\/571"}],"replies":[{"embeddable":true,"href":"https:\/\/agrobacterias.com\/it\/wp-json\/wp\/v2\/comments?post=102"}],"version-history":[{"count":12,"href":"https:\/\/agrobacterias.com\/it\/wp-json\/wp\/v2\/pages\/102\/revisions"}],"predecessor-version":[{"id":440,"href":"https:\/\/agrobacterias.com\/it\/wp-json\/wp\/v2\/pages\/102\/revisions\/440"}],"up":[{"embeddable":true,"href":"https:\/\/agrobacterias.com\/it\/wp-json\/wp\/v2\/pages\/123"}],"wp:attachment":[{"href":"https:\/\/agrobacterias.com\/it\/wp-json\/wp\/v2\/media?parent=102"}],"curies":[{"name":"wp","href":"https:\/\/api.w.org\/{rel}","templated":true}]}}