{"id":3,"date":"2020-11-30T12:35:47","date_gmt":"2020-11-30T12:35:47","guid":{"rendered":"https:\/\/agrobacterias.com\/?page_id=3"},"modified":"2022-01-13T18:01:54","modified_gmt":"2022-01-13T18:01:54","slug":"politica-privacidad","status":"publish","type":"page","link":"https:\/\/agrobacterias.com\/it\/politica-privacidad\/","title":{"rendered":"Pol\u00edtica de privacidad"},"content":{"rendered":"<h2 class=\"wp-block-heading\" id=\"h-qui-nes-somos\">Chi siamo<\/h2>\n\n\n\n<p>L'indirizzo del nostro sito web \u00e8: https:\/\/agrobacterias.com<\/p>\n\n\n\n<h2 class=\"wp-block-heading\" id=\"h-qu-datos-personales-recogemos-y-por-qu-los-recogemos\">Quali dati personali raccogliamo e perch\u00e9 li raccogliamo<\/h2>\n\n\n\n<h3 class=\"wp-block-heading\" id=\"h-comentarios\">Commenti<\/h3>\n\n\n\n<p>Quando i visitatori lasciano commenti sul sito, raccogliamo i dati visualizzati nel modulo di commento, nonch\u00e9 l'indirizzo IP del visitatore e la stringa dello user agent del browser per facilitare il rilevamento dello spam.<\/p>\n\n\n\n<p>Una stringa anonima creata dal vostro indirizzo e-mail (chiamata anche hash) pu\u00f2 essere fornita al servizio Gravatar per verificare se lo state utilizzando. L'informativa sulla privacy del servizio Gravatar \u00e8 disponibile qui: https:\/\/automattic.com\/privacy\/. Dopo l'approvazione del commento, l'immagine del profilo \u00e8 visibile al pubblico nel contesto del commento.<\/p>\n\n\n\n<h3 class=\"wp-block-heading\" id=\"h-medios\">Media<\/h3>\n\n\n\n<p>Se si caricano immagini sul sito web, si dovrebbe evitare di caricare immagini con dati di localizzazione (GPS EXIF) inclusi. I visitatori del sito web possono scaricare ed estrarre qualsiasi dato sulla posizione dalle immagini presenti sul sito.<\/p>\n\n\n\n<h3 class=\"wp-block-heading\" id=\"h-formularios-de-contacto\">Moduli di contatto<\/h3>\n\n\n\n<h3 class=\"wp-block-heading\" id=\"h-cookies\">Biscotti<\/h3>\n\n\n\n<p>Se lasciate un commento sul nostro sito, potete scegliere di salvare il vostro nome, indirizzo e-mail e sito web nei cookie. Questo per comodit\u00e0, in modo da non dover inserire nuovamente i vostri dati quando lasciate un altro commento. La durata di questi cookie \u00e8 di un anno.<\/p>\n\n\n\n<p>Se avete un account e accedete a questo sito, imposteremo un cookie temporaneo per determinare se il vostro browser accetta i cookie. Questo cookie non contiene dati personali e viene eliminato quando si chiude il browser.<\/p>\n\n\n\n<p>Quando si accede, vengono impostati anche alcuni cookie per memorizzare le informazioni di accesso e le opzioni di visualizzazione dello schermo. I cookie di accesso durano due giorni, mentre i cookie delle opzioni di visualizzazione durano un anno. Se si seleziona \"Ricordami\", il login durer\u00e0 due settimane. Se si esce dal proprio account, i cookie di accesso vengono cancellati.<\/p>\n\n\n\n<p>Se modificate o pubblicate un articolo, nel vostro browser verr\u00e0 memorizzato un ulteriore cookie. Questo cookie non contiene dati personali e indica semplicemente l'ID dell'articolo appena modificato. Scade dopo 1 giorno.<\/p>\n\n\n\n<h3 class=\"wp-block-heading\" id=\"h-contenido-incrustado-de-otros-sitios-web\">Contenuti incorporati da altri siti web<\/h3>\n\n\n\n<p>Gli articoli di questo sito possono includere contenuti incorporati (ad esempio video, immagini, articoli, ecc.). I contenuti incorporati provenienti da altri siti web si comportano esattamente come se il visitatore avesse visitato l'altro sito web.<\/p>\n\n\n\n<p>Questi siti web possono raccogliere dati sull'utente, utilizzare i cookie, incorporare un ulteriore tracciamento da parte di terzi e monitorare l'interazione dell'utente con il contenuto incorporato, compreso il tracciamento dell'interazione dell'utente con il contenuto incorporato se dispone di un account e ha effettuato l'accesso al sito web in questione.<\/p>\n\n\n\n<h3 class=\"wp-block-heading\" id=\"h-anal-tica\">Analisi<\/h3>\n\n\n\n<h2 class=\"wp-block-heading\" id=\"h-con-qui-n-compartimos-tus-datos\">Con chi condividiamo i vostri dati<\/h2>\n\n\n\n<h2 class=\"wp-block-heading\" id=\"h-cu-nto-tiempo-conservamos-tus-datos\">Per quanto tempo conserviamo i vostri dati<\/h2>\n\n\n\n<p>Se si lascia un commento, il commento e i suoi metadati vengono conservati a tempo indeterminato. In questo modo possiamo riconoscere e approvare automaticamente i commenti successivi, anzich\u00e9 tenerli in una coda di moderazione.<\/p>\n\n\n\n<p>Per gli utenti che si registrano sul nostro sito web (se presenti), memorizziamo anche le informazioni personali fornite nel loro profilo utente. Tutti gli utenti possono visualizzare, modificare o cancellare le proprie informazioni personali in qualsiasi momento (ad eccezione del fatto che non possono modificare il proprio nome utente). Anche gli amministratori del sito possono visualizzare e modificare tali informazioni.<\/p>\n\n\n\n<h2 class=\"wp-block-heading\" id=\"h-qu-derechos-tienes-sobre-tus-datos\">Quali diritti avete sui vostri dati<\/h2>\n\n\n\n<p>Se avete un account o avete lasciato commenti su questo sito web, potete richiedere di ricevere un file di esportazione dei dati personali in nostro possesso, compresi i dati che ci avete fornito. Potete anche richiedere la cancellazione dei dati personali in nostro possesso. Ci\u00f2 non include i dati che siamo tenuti a conservare per scopi amministrativi, legali o di sicurezza.<\/p>\n\n\n\n<h2 class=\"wp-block-heading\" id=\"h-d-nde-enviamos-tus-datos\">Dove inviamo i vostri dati<\/h2>\n\n\n\n<p>I commenti dei visitatori possono essere controllati da un servizio automatico di rilevamento dello spam.<\/p>\n\n\n\n<h2 class=\"wp-block-heading\" id=\"h-tu-informaci-n-de-contacto\">Le vostre informazioni di contatto<\/h2>\n\n\n\n<h2 class=\"wp-block-heading\" id=\"h-informaci-n-adicional\">Informazioni aggiuntive<\/h2>\n\n\n\n<h3 class=\"wp-block-heading\" id=\"h-c-mo-protegemos-tus-datos\">Come proteggiamo i vostri dati<\/h3>\n\n\n\n<h3 class=\"wp-block-heading\" id=\"h-qu-procedimientos-utilizamos-contra-las-brechas-de-datos\">Quali procedure utilizziamo contro le violazioni dei dati?<\/h3>\n\n\n\n<h3 class=\"wp-block-heading\" id=\"h-de-qu-terceros-recibimos-datos\">Da quali terzi riceviamo i dati<\/h3>\n\n\n\n<h3 class=\"wp-block-heading\" id=\"h-qu-tipo-de-toma-de-decisiones-automatizada-y-o-perfilado-hacemos-con-los-datos-del-usuario\">Che tipo di processo decisionale automatizzato e\/o di profilazione effettuiamo con i dati dell'utente<\/h3>\n\n\n\n<h3 class=\"wp-block-heading\" id=\"h-requerimientos-regulatorios-de-revelaci-n-de-informaci-n-del-sector\">Requisiti di divulgazione del settore normativo<\/h3>","protected":false},"excerpt":{"rendered":"<p>Qui\u00e9nes somos La direcci\u00f3n de nuestra web es: https:\/\/agrobacterias.com Qu\u00e9 datos personales recogemos y por qu\u00e9 los recogemos Comentarios Cuando los visitantes dejan comentarios en la web, recopilamos los datos que se muestran en el formulario de comentarios, as\u00ed como la direcci\u00f3n IP del visitante y la cadena de agentes de usuario del navegador para [&#8230;]\n","protected":false},"author":571,"featured_media":0,"parent":0,"menu_order":0,"comment_status":"closed","ping_status":"open","template":"","meta":{"footnotes":""},"class_list":["post-3","page","type-page","status-publish","hentry"],"yoast_head":"<!-- This site is optimized with the Yoast SEO plugin v27.5 - https:\/\/yoast.com\/product\/yoast-seo-wordpress\/ -->\n<title>Pol\u00edtica de privacidad - Agrobacterias<\/title>\n<meta name=\"robots\" content=\"index, follow, max-snippet:-1, max-image-preview:large, max-video-preview:-1\" \/>\n<link rel=\"canonical\" href=\"https:\/\/agrobacterias.com\/it\/politica-privacidad\/\" \/>\n<meta property=\"og:locale\" content=\"it_IT\" \/>\n<meta property=\"og:type\" content=\"article\" \/>\n<meta property=\"og:title\" content=\"Pol\u00edtica de privacidad - Agrobacterias\" \/>\n<meta property=\"og:description\" content=\"Qui\u00e9nes somos La direcci\u00f3n de nuestra web es: https:\/\/agrobacterias.com Qu\u00e9 datos personales recogemos y por qu\u00e9 los recogemos Comentarios Cuando los visitantes dejan comentarios en la web, recopilamos los datos que se muestran en el formulario de comentarios, as\u00ed como la direcci\u00f3n IP del visitante y la cadena de agentes de usuario del navegador para [...]\" \/>\n<meta property=\"og:url\" content=\"https:\/\/agrobacterias.com\/it\/politica-privacidad\/\" \/>\n<meta property=\"og:site_name\" content=\"Agrobacterias\" \/>\n<meta property=\"article:modified_time\" content=\"2022-01-13T18:01:54+00:00\" \/>\n<meta name=\"twitter:card\" content=\"summary_large_image\" \/>\n<meta name=\"twitter:label1\" content=\"Tempo di lettura stimato\" \/>\n\t<meta name=\"twitter:data1\" content=\"4 minuti\" \/>\n<script type=\"application\/ld+json\" class=\"yoast-schema-graph\">{\"@context\":\"https:\\\/\\\/schema.org\",\"@graph\":[{\"@type\":\"WebPage\",\"@id\":\"https:\\\/\\\/agrobacterias.com\\\/politica-privacidad\\\/\",\"url\":\"https:\\\/\\\/agrobacterias.com\\\/politica-privacidad\\\/\",\"name\":\"Pol\u00edtica de privacidad - Agrobacterias\",\"isPartOf\":{\"@id\":\"https:\\\/\\\/agrobacterias.com\\\/#website\"},\"datePublished\":\"2020-11-30T12:35:47+00:00\",\"dateModified\":\"2022-01-13T18:01:54+00:00\",\"breadcrumb\":{\"@id\":\"https:\\\/\\\/agrobacterias.com\\\/politica-privacidad\\\/#breadcrumb\"},\"inLanguage\":\"it-IT\",\"potentialAction\":[{\"@type\":\"ReadAction\",\"target\":[\"https:\\\/\\\/agrobacterias.com\\\/politica-privacidad\\\/\"]}]},{\"@type\":\"BreadcrumbList\",\"@id\":\"https:\\\/\\\/agrobacterias.com\\\/politica-privacidad\\\/#breadcrumb\",\"itemListElement\":[{\"@type\":\"ListItem\",\"position\":1,\"name\":\"Home\",\"item\":\"https:\\\/\\\/agrobacterias.com\\\/\"},{\"@type\":\"ListItem\",\"position\":2,\"name\":\"Pol\u00edtica de privacidad\"}]},{\"@type\":\"WebSite\",\"@id\":\"https:\\\/\\\/agrobacterias.com\\\/#website\",\"url\":\"https:\\\/\\\/agrobacterias.com\\\/\",\"name\":\"Agrobacterias\",\"description\":\"Biotecnolog\u00eda del Siglo XXI\",\"potentialAction\":[{\"@type\":\"SearchAction\",\"target\":{\"@type\":\"EntryPoint\",\"urlTemplate\":\"https:\\\/\\\/agrobacterias.com\\\/?s={search_term_string}\"},\"query-input\":{\"@type\":\"PropertyValueSpecification\",\"valueRequired\":true,\"valueName\":\"search_term_string\"}}],\"inLanguage\":\"it-IT\"}]}<\/script>\n<!-- \/ Yoast SEO plugin. -->","yoast_head_json":{"title":"Pol\u00edtica de privacidad - Agrobacterias","robots":{"index":"index","follow":"follow","max-snippet":"max-snippet:-1","max-image-preview":"max-image-preview:large","max-video-preview":"max-video-preview:-1"},"canonical":"https:\/\/agrobacterias.com\/it\/politica-privacidad\/","og_locale":"it_IT","og_type":"article","og_title":"Pol\u00edtica de privacidad - Agrobacterias","og_description":"Qui\u00e9nes somos La direcci\u00f3n de nuestra web es: https:\/\/agrobacterias.com Qu\u00e9 datos personales recogemos y por qu\u00e9 los recogemos Comentarios Cuando los visitantes dejan comentarios en la web, recopilamos los datos que se muestran en el formulario de comentarios, as\u00ed como la direcci\u00f3n IP del visitante y la cadena de agentes de usuario del navegador para [...]","og_url":"https:\/\/agrobacterias.com\/it\/politica-privacidad\/","og_site_name":"Agrobacterias","article_modified_time":"2022-01-13T18:01:54+00:00","twitter_card":"summary_large_image","twitter_misc":{"Tempo di lettura stimato":"4 minuti"},"schema":{"@context":"https:\/\/schema.org","@graph":[{"@type":"WebPage","@id":"https:\/\/agrobacterias.com\/politica-privacidad\/","url":"https:\/\/agrobacterias.com\/politica-privacidad\/","name":"Pol\u00edtica de privacidad - Agrobacterias","isPartOf":{"@id":"https:\/\/agrobacterias.com\/#website"},"datePublished":"2020-11-30T12:35:47+00:00","dateModified":"2022-01-13T18:01:54+00:00","breadcrumb":{"@id":"https:\/\/agrobacterias.com\/politica-privacidad\/#breadcrumb"},"inLanguage":"it-IT","potentialAction":[{"@type":"ReadAction","target":["https:\/\/agrobacterias.com\/politica-privacidad\/"]}]},{"@type":"BreadcrumbList","@id":"https:\/\/agrobacterias.com\/politica-privacidad\/#breadcrumb","itemListElement":[{"@type":"ListItem","position":1,"name":"Home","item":"https:\/\/agrobacterias.com\/"},{"@type":"ListItem","position":2,"name":"Pol\u00edtica de privacidad"}]},{"@type":"WebSite","@id":"https:\/\/agrobacterias.com\/#website","url":"https:\/\/agrobacterias.com\/","name":"Agrobatteri","description":"Biotecnologie del XXI secolo","potentialAction":[{"@type":"SearchAction","target":{"@type":"EntryPoint","urlTemplate":"https:\/\/agrobacterias.com\/?s={search_term_string}"},"query-input":{"@type":"PropertyValueSpecification","valueRequired":true,"valueName":"search_term_string"}}],"inLanguage":"it-IT"}]}},"_links":{"self":[{"href":"https:\/\/agrobacterias.com\/it\/wp-json\/wp\/v2\/pages\/3","targetHints":{"allow":["GET"]}}],"collection":[{"href":"https:\/\/agrobacterias.com\/it\/wp-json\/wp\/v2\/pages"}],"about":[{"href":"https:\/\/agrobacterias.com\/it\/wp-json\/wp\/v2\/types\/page"}],"author":[{"embeddable":true,"href":"https:\/\/agrobacterias.com\/it\/wp-json\/wp\/v2\/users\/571"}],"replies":[{"embeddable":true,"href":"https:\/\/agrobacterias.com\/it\/wp-json\/wp\/v2\/comments?post=3"}],"version-history":[{"count":1,"href":"https:\/\/agrobacterias.com\/it\/wp-json\/wp\/v2\/pages\/3\/revisions"}],"predecessor-version":[{"id":479,"href":"https:\/\/agrobacterias.com\/it\/wp-json\/wp\/v2\/pages\/3\/revisions\/479"}],"wp:attachment":[{"href":"https:\/\/agrobacterias.com\/it\/wp-json\/wp\/v2\/media?parent=3"}],"curies":[{"name":"wp","href":"https:\/\/api.w.org\/{rel}","templated":true}]}}