{"id":240,"date":"2021-02-01T16:26:21","date_gmt":"2021-02-01T16:26:21","guid":{"rendered":"https:\/\/agrobacterias.com\/product\/bactomatik-tabs-100-ud\/"},"modified":"2026-04-18T05:09:25","modified_gmt":"2026-04-18T03:09:25","slug":"bactomatik-tabs-100-ud","status":"publish","type":"product","link":"https:\/\/agrobacterias.com\/it\/product\/bactomatik-tabs-100-ud\/","title":{"rendered":"Bactomatik Tabs 100 pz."},"content":{"rendered":"<p>Bactomatik TABS \u00e8 utilizzato come fertilizzante naturale per le piante e apporta loro diversi benefici:<br \/>\n- Maggiore acquisizione di nutrienti disponibili e non disponibili<br \/>\n- I microrganismi forniti solubilizzano i minerali e producono metaboliti attivi.<\/p>","protected":false},"excerpt":{"rendered":"<p>COMPOSIZIONE\/INFORMAZIONI SUGLI INGREDIENTI<br \/>\nInoculante batterico PGP (Plant Growth Promoting) formulato in compresse per una facile applicazione al terreno. I microrganismi contenuti nel prodotto NON sono stati modificati geneticamente.<\/p>","protected":false},"featured_media":241,"comment_status":"open","ping_status":"closed","template":"","meta":[],"product_brand":[],"product_cat":[17],"product_tag":[23],"class_list":{"0":"post-240","1":"product","2":"type-product","3":"status-publish","4":"has-post-thumbnail","6":"product_cat-bacterias","7":"product_tag-bactomatik","9":"first","10":"instock","11":"taxable","12":"shipping-taxable","13":"purchasable","14":"product-type-simple"},"yoast_head":"<!-- This site is optimized with the Yoast SEO plugin v27.4 - https:\/\/yoast.com\/product\/yoast-seo-wordpress\/ -->\n<title>Bactomatik Tabs 100 ud. - Agrobacterias<\/title>\n<meta name=\"robots\" content=\"index, follow, max-snippet:-1, max-image-preview:large, max-video-preview:-1\" \/>\n<link rel=\"canonical\" href=\"https:\/\/agrobacterias.com\/it\/product\/bactomatik-tabs-100-ud\/\" \/>\n<meta property=\"og:locale\" content=\"it_IT\" \/>\n<meta property=\"og:type\" content=\"article\" \/>\n<meta property=\"og:title\" content=\"Bactomatik Tabs 100 ud. - Agrobacterias\" \/>\n<meta property=\"og:description\" content=\"COMPOSICI\u00d3N\/INFORMACI\u00d3N SOBRE INGREDIENTES Inoculante de bacterias PGP (Promotoras del crecimiento de las plantas) formulado en comprimidos para su f\u00e1cil aplicaci\u00f3n al suelo. Los microorganismos contenidos en el producto NO han sido modificados gen\u00e9\" \/>\n<meta property=\"og:url\" content=\"https:\/\/agrobacterias.com\/it\/product\/bactomatik-tabs-100-ud\/\" \/>\n<meta property=\"og:site_name\" content=\"Agrobacterias\" \/>\n<meta property=\"article:modified_time\" content=\"2026-04-18T03:09:25+00:00\" \/>\n<meta property=\"og:image\" content=\"https:\/\/agrobacterias.com\/wp-content\/uploads\/2021\/02\/art_12995_1.jpg\" \/>\n\t<meta property=\"og:image:width\" content=\"600\" \/>\n\t<meta property=\"og:image:height\" content=\"600\" \/>\n\t<meta property=\"og:image:type\" content=\"image\/jpeg\" \/>\n<meta name=\"twitter:card\" content=\"summary_large_image\" \/>\n<script type=\"application\/ld+json\" class=\"yoast-schema-graph\">{\"@context\":\"https:\\\/\\\/schema.org\",\"@graph\":[{\"@type\":\"WebPage\",\"@id\":\"https:\\\/\\\/agrobacterias.com\\\/product\\\/bactomatik-tabs-100-ud\\\/\",\"url\":\"https:\\\/\\\/agrobacterias.com\\\/product\\\/bactomatik-tabs-100-ud\\\/\",\"name\":\"Bactomatik Tabs 100 ud. - Agrobacterias\",\"isPartOf\":{\"@id\":\"https:\\\/\\\/agrobacterias.com\\\/#website\"},\"primaryImageOfPage\":{\"@id\":\"https:\\\/\\\/agrobacterias.com\\\/product\\\/bactomatik-tabs-100-ud\\\/#primaryimage\"},\"image\":{\"@id\":\"https:\\\/\\\/agrobacterias.com\\\/product\\\/bactomatik-tabs-100-ud\\\/#primaryimage\"},\"thumbnailUrl\":\"https:\\\/\\\/agrobacterias.com\\\/wp-content\\\/uploads\\\/2021\\\/02\\\/art_12995_1.jpg\",\"datePublished\":\"2021-02-01T16:26:21+00:00\",\"dateModified\":\"2026-04-18T03:09:25+00:00\",\"breadcrumb\":{\"@id\":\"https:\\\/\\\/agrobacterias.com\\\/product\\\/bactomatik-tabs-100-ud\\\/#breadcrumb\"},\"inLanguage\":\"it-IT\",\"potentialAction\":[{\"@type\":\"ReadAction\",\"target\":[\"https:\\\/\\\/agrobacterias.com\\\/product\\\/bactomatik-tabs-100-ud\\\/\"]}]},{\"@type\":\"ImageObject\",\"inLanguage\":\"it-IT\",\"@id\":\"https:\\\/\\\/agrobacterias.com\\\/product\\\/bactomatik-tabs-100-ud\\\/#primaryimage\",\"url\":\"https:\\\/\\\/agrobacterias.com\\\/wp-content\\\/uploads\\\/2021\\\/02\\\/art_12995_1.jpg\",\"contentUrl\":\"https:\\\/\\\/agrobacterias.com\\\/wp-content\\\/uploads\\\/2021\\\/02\\\/art_12995_1.jpg\",\"width\":600,\"height\":600,\"caption\":\"Bactomatik_Tabs_100_ud.\"},{\"@type\":\"BreadcrumbList\",\"@id\":\"https:\\\/\\\/agrobacterias.com\\\/product\\\/bactomatik-tabs-100-ud\\\/#breadcrumb\",\"itemListElement\":[{\"@type\":\"ListItem\",\"position\":1,\"name\":\"Home\",\"item\":\"https:\\\/\\\/agrobacterias.com\\\/\"},{\"@type\":\"ListItem\",\"position\":2,\"name\":\"Tienda\",\"item\":\"https:\\\/\\\/agrobacterias.com\\\/tienda\\\/\"},{\"@type\":\"ListItem\",\"position\":3,\"name\":\"Bactomatik Tabs 100 ud.\"}]},{\"@type\":\"WebSite\",\"@id\":\"https:\\\/\\\/agrobacterias.com\\\/#website\",\"url\":\"https:\\\/\\\/agrobacterias.com\\\/\",\"name\":\"Agrobacterias\",\"description\":\"Biotecnolog\u00eda del Siglo XXI\",\"potentialAction\":[{\"@type\":\"SearchAction\",\"target\":{\"@type\":\"EntryPoint\",\"urlTemplate\":\"https:\\\/\\\/agrobacterias.com\\\/?s={search_term_string}\"},\"query-input\":{\"@type\":\"PropertyValueSpecification\",\"valueRequired\":true,\"valueName\":\"search_term_string\"}}],\"inLanguage\":\"it-IT\"}]}<\/script>\n<!-- \/ Yoast SEO plugin. -->","yoast_head_json":{"title":"Bactomatik Tabs 100 ud. - Agrobacterias","robots":{"index":"index","follow":"follow","max-snippet":"max-snippet:-1","max-image-preview":"max-image-preview:large","max-video-preview":"max-video-preview:-1"},"canonical":"https:\/\/agrobacterias.com\/it\/product\/bactomatik-tabs-100-ud\/","og_locale":"it_IT","og_type":"article","og_title":"Bactomatik Tabs 100 ud. - Agrobacterias","og_description":"COMPOSICI\u00d3N\/INFORMACI\u00d3N SOBRE INGREDIENTES Inoculante de bacterias PGP (Promotoras del crecimiento de las plantas) formulado en comprimidos para su f\u00e1cil aplicaci\u00f3n al suelo. Los microorganismos contenidos en el producto NO han sido modificados gen\u00e9","og_url":"https:\/\/agrobacterias.com\/it\/product\/bactomatik-tabs-100-ud\/","og_site_name":"Agrobacterias","article_modified_time":"2026-04-18T03:09:25+00:00","og_image":[{"width":600,"height":600,"url":"https:\/\/agrobacterias.com\/wp-content\/uploads\/2021\/02\/art_12995_1.jpg","type":"image\/jpeg"}],"twitter_card":"summary_large_image","schema":{"@context":"https:\/\/schema.org","@graph":[{"@type":"WebPage","@id":"https:\/\/agrobacterias.com\/product\/bactomatik-tabs-100-ud\/","url":"https:\/\/agrobacterias.com\/product\/bactomatik-tabs-100-ud\/","name":"Bactomatik Tabs 100 ud. - Agrobacterias","isPartOf":{"@id":"https:\/\/agrobacterias.com\/#website"},"primaryImageOfPage":{"@id":"https:\/\/agrobacterias.com\/product\/bactomatik-tabs-100-ud\/#primaryimage"},"image":{"@id":"https:\/\/agrobacterias.com\/product\/bactomatik-tabs-100-ud\/#primaryimage"},"thumbnailUrl":"https:\/\/agrobacterias.com\/wp-content\/uploads\/2021\/02\/art_12995_1.jpg","datePublished":"2021-02-01T16:26:21+00:00","dateModified":"2026-04-18T03:09:25+00:00","breadcrumb":{"@id":"https:\/\/agrobacterias.com\/product\/bactomatik-tabs-100-ud\/#breadcrumb"},"inLanguage":"it-IT","potentialAction":[{"@type":"ReadAction","target":["https:\/\/agrobacterias.com\/product\/bactomatik-tabs-100-ud\/"]}]},{"@type":"ImageObject","inLanguage":"it-IT","@id":"https:\/\/agrobacterias.com\/product\/bactomatik-tabs-100-ud\/#primaryimage","url":"https:\/\/agrobacterias.com\/wp-content\/uploads\/2021\/02\/art_12995_1.jpg","contentUrl":"https:\/\/agrobacterias.com\/wp-content\/uploads\/2021\/02\/art_12995_1.jpg","width":600,"height":600,"caption":"Bactomatik_Tabs_100_ud."},{"@type":"BreadcrumbList","@id":"https:\/\/agrobacterias.com\/product\/bactomatik-tabs-100-ud\/#breadcrumb","itemListElement":[{"@type":"ListItem","position":1,"name":"Home","item":"https:\/\/agrobacterias.com\/"},{"@type":"ListItem","position":2,"name":"Tienda","item":"https:\/\/agrobacterias.com\/tienda\/"},{"@type":"ListItem","position":3,"name":"Bactomatik Tabs 100 ud."}]},{"@type":"WebSite","@id":"https:\/\/agrobacterias.com\/#website","url":"https:\/\/agrobacterias.com\/","name":"Agrobatteri","description":"Biotecnologie del XXI secolo","potentialAction":[{"@type":"SearchAction","target":{"@type":"EntryPoint","urlTemplate":"https:\/\/agrobacterias.com\/?s={search_term_string}"},"query-input":{"@type":"PropertyValueSpecification","valueRequired":true,"valueName":"search_term_string"}}],"inLanguage":"it-IT"}]}},"_links":{"self":[{"href":"https:\/\/agrobacterias.com\/it\/wp-json\/wp\/v2\/product\/240","targetHints":{"allow":["GET"]}}],"collection":[{"href":"https:\/\/agrobacterias.com\/it\/wp-json\/wp\/v2\/product"}],"about":[{"href":"https:\/\/agrobacterias.com\/it\/wp-json\/wp\/v2\/types\/product"}],"replies":[{"embeddable":true,"href":"https:\/\/agrobacterias.com\/it\/wp-json\/wp\/v2\/comments?post=240"}],"wp:featuredmedia":[{"embeddable":true,"href":"https:\/\/agrobacterias.com\/it\/wp-json\/wp\/v2\/media\/241"}],"wp:attachment":[{"href":"https:\/\/agrobacterias.com\/it\/wp-json\/wp\/v2\/media?parent=240"}],"wp:term":[{"taxonomy":"product_brand","embeddable":true,"href":"https:\/\/agrobacterias.com\/it\/wp-json\/wp\/v2\/product_brand?post=240"},{"taxonomy":"product_cat","embeddable":true,"href":"https:\/\/agrobacterias.com\/it\/wp-json\/wp\/v2\/product_cat?post=240"},{"taxonomy":"product_tag","embeddable":true,"href":"https:\/\/agrobacterias.com\/it\/wp-json\/wp\/v2\/product_tag?post=240"}],"curies":[{"name":"wp","href":"https:\/\/api.w.org\/{rel}","templated":true}]}}