{"id":272,"date":"2021-02-01T16:26:21","date_gmt":"2021-02-01T16:26:21","guid":{"rendered":"https:\/\/agrobacterias.com\/product\/bactobloom-850-gr\/"},"modified":"2026-04-15T17:05:42","modified_gmt":"2026-04-15T15:05:42","slug":"bactobloom-850-gr","status":"publish","type":"product","link":"https:\/\/agrobacterias.com\/it\/product\/bactobloom-850-gr\/","title":{"rendered":"Bactobloom 850g"},"content":{"rendered":"<p><strong>COMPOSIZIONE\/INFORMAZIONI SUGLI INGREDIENTI<\/strong><br \/>Composto solido a base di batteri.<br \/>Ceppi microbici contenuti:<br \/>Paenibacillus azotoformans, Bacillus coagulans, Bacillus pumilus e Sacharomyces cerevisiae<br \/>(1\u00d7109 ufc\/g)<br \/>Aminoacidi di origine vegetale: 3%<br \/>Vettori inerti solubili: polisaccaridi 97%<\/p>\n<p><strong>CARATTERISTICHE E MODALIT\u00c0 D'AZIONE<\/strong><br \/>I ceppi di BACTOBLOOM apportano benefici alle piante attraverso diversi meccanismi:<\/p>\n<ul>\n<li>Producono principi attivi metabolici che stimolano la crescita e la produttivit\u00e0 delle piante.<\/li>\n<li>Producono principi attivi metabolici che riducono lo stress causato da condizioni ambientali avverse e da organismi deleteri.<\/li>\n<li>Riducono il rallentamento dello sviluppo della pianta e l'accumulo di metaboliti secondari (resine, acidi organici, essenze, ecc.) durante la fase di fioritura, permettendo alla pianta di continuare a essere biologicamente attiva.<\/li>\n<li>Stimolare la crescita delle piante trattate<\/li>\n<li>Promuovere la proliferazione della vita nella rizosfera<\/li>\n<li>Aumenta la proliferazione delle radici secondarie<\/li>\n<li>Migliorare la struttura del suolo e l'assorbimento dei nutrienti disponibili e non disponibili.<\/li>\n<li>I nutrienti organici presenti nella formulazione stimolano a loro volta la proliferazione dei microrganismi benefici forniti.<\/li>\n<\/ul>\n<p><strong>PIANTE COMPATIBILI CON IL BACTOBLOOM<br \/><\/strong>Tutte le piante coltivate, orticole, ornamentali o da frutto, possono essere trattate con il biopreparato.<\/p>\n<p><strong>RACCOMANDAZIONI PER L'USO<br \/><\/strong>Il prodotto \u00e8 formulato per essere applicato al substrato per irrigazione. Formulazione preparata per<br \/>applicazione alle piante da appartamento coltivate in contenitore.<br \/>Si consiglia di sciogliere il contenuto della bottiglietta in 4 litri d'acqua, oppure un cucchiaino da t\u00e8 in 1 litro d'acqua e<br \/>annaffiare abbondantemente la pianta.<\/p>\n<p><strong>COMPATIBILIT\u00c0 CON PRODOTTI FITOSANITARI E FERTILIZZANTI<\/strong><br \/>Trattandosi di un prodotto microbico vivo, si sconsiglia il co-trattamento con sostanze attive antiparassitarie (battericidi e fungicidi), che potrebbero danneggiare i ceppi microbici contenuti in BACTOBLOOM.<br \/>I fertilizzanti pi\u00f9 comuni sono compatibili con il prodotto.<\/p>\n<p><strong>STABILIT\u00c0<\/strong><br \/>Stabile per 18 mesi se conservato in un luogo fresco e asciutto, lontano dalla luce solare diretta.<\/p>\n<p><strong>PROPRIET\u00c0 FISICO-CHIMICHE<\/strong><br \/>Aspetto: polvere di colore scuro con granuli chiari<br \/>pH in acqua (1:5): 6<br \/>Sostanza secca: 97%<br \/>Densit\u00e0 relativa (H20=1) 0,7Kg\/L<\/p>\n<p><strong>ALTRE INFORMAZIONI<\/strong><br \/>Il prodotto viene utilizzato come fertilizzante naturale per le piante. Le informazioni contenute in questo documento si riferiscono al prodotto inalterato e secondo le specifiche del produttore; si tratta di una guida per la manipolazione, l'uso, la lavorazione e lo stoccaggio.<\/p>","protected":false},"excerpt":{"rendered":"<p>I ceppi di <strong>BACTOBLOOM<\/strong> beneficiano le piante attraverso vari meccanismi:<\/p>\n<ul>\n<li>Producono attivi metabolici che stimolano la crescita e la produttivit\u00e0.<\/li>\n<li>Producono principi attivi metabolici che riducono lo stress causato da condizioni ambientali avverse e da organismi deleteri.<\/li>\n<li>Riducono il rallentamento dello sviluppo della pianta e l'accumulo di metaboliti secondari durante la fioritura.<\/li>\n<li>Stimolano la crescita delle piante trattate.<\/li>\n<li>Promuovono la proliferazione di vita utile nella rizosfera.<\/li>\n<li>Aumenta la proliferazione delle radici secondarie.<\/li>\n<li>Migliorano la struttura del suolo e l'acquisizione dei nutrienti disponibili e non disponibili.<\/li>\n<\/ul>","protected":false},"featured_media":273,"comment_status":"open","ping_status":"closed","template":"","meta":[],"product_brand":[],"product_cat":[17],"product_tag":[22],"class_list":{"0":"post-272","1":"product","2":"type-product","3":"status-publish","4":"has-post-thumbnail","6":"product_cat-bacterias","7":"product_tag-bactobloom","9":"first","10":"instock","11":"taxable","12":"shipping-taxable","13":"purchasable","14":"product-type-simple"},"yoast_head":"<!-- This site is optimized with the Yoast SEO plugin v27.4 - https:\/\/yoast.com\/product\/yoast-seo-wordpress\/ -->\n<title>Bactobloom 850g - Agrobacterias<\/title>\n<meta name=\"robots\" content=\"index, follow, max-snippet:-1, max-image-preview:large, max-video-preview:-1\" \/>\n<link rel=\"canonical\" href=\"https:\/\/agrobacterias.com\/it\/product\/bactobloom-850-gr\/\" \/>\n<meta property=\"og:locale\" content=\"it_IT\" \/>\n<meta property=\"og:type\" content=\"article\" \/>\n<meta property=\"og:title\" content=\"Bactobloom 850g - Agrobacterias\" \/>\n<meta property=\"og:description\" content=\"Las cepas de BACTOBLOOM benefician a las plantas por diversos mecanismos:Producen metab\u00f3licos activos que estimulan el crecimiento y la productividad.Producen metab\u00f3licos activos que reducen el estr\u00e9s causado por condiciones ambientales adversas y organismos delet\u00e9reos.Disminuyen la frenada de desarrollo vegetal y acumulaci\u00f3n de metabolitos secundarios durante la floraci\u00f3n.Estimulan el crecimiento de las plantas tratadas.Promueven la proliferaci\u00f3n de la vida \u00fatil en la rizosfera.Incrementa la proliferaci\u00f3n de ra\u00edces secundarias.Mejoran la estructura del suelo y la adquisici\u00f3n de nutrientes disponibles y no disponibles.\" \/>\n<meta property=\"og:url\" content=\"https:\/\/agrobacterias.com\/it\/product\/bactobloom-850-gr\/\" \/>\n<meta property=\"og:site_name\" content=\"Agrobacterias\" \/>\n<meta property=\"article:modified_time\" content=\"2026-04-15T15:05:42+00:00\" \/>\n<meta property=\"og:image\" content=\"https:\/\/agrobacterias.com\/wp-content\/uploads\/2021\/02\/art_7636_1.jpg\" \/>\n\t<meta property=\"og:image:width\" content=\"600\" \/>\n\t<meta property=\"og:image:height\" content=\"600\" \/>\n\t<meta property=\"og:image:type\" content=\"image\/jpeg\" \/>\n<meta name=\"twitter:card\" content=\"summary_large_image\" \/>\n<meta name=\"twitter:label1\" content=\"Tempo di lettura stimato\" \/>\n\t<meta name=\"twitter:data1\" content=\"2 minuti\" \/>\n<script type=\"application\/ld+json\" class=\"yoast-schema-graph\">{\"@context\":\"https:\\\/\\\/schema.org\",\"@graph\":[{\"@type\":\"WebPage\",\"@id\":\"https:\\\/\\\/agrobacterias.com\\\/product\\\/bactobloom-850-gr\\\/\",\"url\":\"https:\\\/\\\/agrobacterias.com\\\/product\\\/bactobloom-850-gr\\\/\",\"name\":\"Bactobloom 850g - Agrobacterias\",\"isPartOf\":{\"@id\":\"https:\\\/\\\/agrobacterias.com\\\/#website\"},\"primaryImageOfPage\":{\"@id\":\"https:\\\/\\\/agrobacterias.com\\\/product\\\/bactobloom-850-gr\\\/#primaryimage\"},\"image\":{\"@id\":\"https:\\\/\\\/agrobacterias.com\\\/product\\\/bactobloom-850-gr\\\/#primaryimage\"},\"thumbnailUrl\":\"https:\\\/\\\/agrobacterias.com\\\/wp-content\\\/uploads\\\/2021\\\/02\\\/art_7636_1.jpg\",\"datePublished\":\"2021-02-01T16:26:21+00:00\",\"dateModified\":\"2026-04-15T15:05:42+00:00\",\"breadcrumb\":{\"@id\":\"https:\\\/\\\/agrobacterias.com\\\/product\\\/bactobloom-850-gr\\\/#breadcrumb\"},\"inLanguage\":\"it-IT\",\"potentialAction\":[{\"@type\":\"ReadAction\",\"target\":[\"https:\\\/\\\/agrobacterias.com\\\/product\\\/bactobloom-850-gr\\\/\"]}]},{\"@type\":\"ImageObject\",\"inLanguage\":\"it-IT\",\"@id\":\"https:\\\/\\\/agrobacterias.com\\\/product\\\/bactobloom-850-gr\\\/#primaryimage\",\"url\":\"https:\\\/\\\/agrobacterias.com\\\/wp-content\\\/uploads\\\/2021\\\/02\\\/art_7636_1.jpg\",\"contentUrl\":\"https:\\\/\\\/agrobacterias.com\\\/wp-content\\\/uploads\\\/2021\\\/02\\\/art_7636_1.jpg\",\"width\":600,\"height\":600,\"caption\":\"Bactobloom_850_g\"},{\"@type\":\"BreadcrumbList\",\"@id\":\"https:\\\/\\\/agrobacterias.com\\\/product\\\/bactobloom-850-gr\\\/#breadcrumb\",\"itemListElement\":[{\"@type\":\"ListItem\",\"position\":1,\"name\":\"Home\",\"item\":\"https:\\\/\\\/agrobacterias.com\\\/\"},{\"@type\":\"ListItem\",\"position\":2,\"name\":\"Tienda\",\"item\":\"https:\\\/\\\/agrobacterias.com\\\/tienda\\\/\"},{\"@type\":\"ListItem\",\"position\":3,\"name\":\"Bactobloom 850g\"}]},{\"@type\":\"WebSite\",\"@id\":\"https:\\\/\\\/agrobacterias.com\\\/#website\",\"url\":\"https:\\\/\\\/agrobacterias.com\\\/\",\"name\":\"Agrobacterias\",\"description\":\"Biotecnolog\u00eda del Siglo XXI\",\"potentialAction\":[{\"@type\":\"SearchAction\",\"target\":{\"@type\":\"EntryPoint\",\"urlTemplate\":\"https:\\\/\\\/agrobacterias.com\\\/?s={search_term_string}\"},\"query-input\":{\"@type\":\"PropertyValueSpecification\",\"valueRequired\":true,\"valueName\":\"search_term_string\"}}],\"inLanguage\":\"it-IT\"}]}<\/script>\n<!-- \/ Yoast SEO plugin. -->","yoast_head_json":{"title":"Bactobloom 850g - Agrobacterias","robots":{"index":"index","follow":"follow","max-snippet":"max-snippet:-1","max-image-preview":"max-image-preview:large","max-video-preview":"max-video-preview:-1"},"canonical":"https:\/\/agrobacterias.com\/it\/product\/bactobloom-850-gr\/","og_locale":"it_IT","og_type":"article","og_title":"Bactobloom 850g - Agrobacterias","og_description":"Las cepas de BACTOBLOOM benefician a las plantas por diversos mecanismos:Producen metab\u00f3licos activos que estimulan el crecimiento y la productividad.Producen metab\u00f3licos activos que reducen el estr\u00e9s causado por condiciones ambientales adversas y organismos delet\u00e9reos.Disminuyen la frenada de desarrollo vegetal y acumulaci\u00f3n de metabolitos secundarios durante la floraci\u00f3n.Estimulan el crecimiento de las plantas tratadas.Promueven la proliferaci\u00f3n de la vida \u00fatil en la rizosfera.Incrementa la proliferaci\u00f3n de ra\u00edces secundarias.Mejoran la estructura del suelo y la adquisici\u00f3n de nutrientes disponibles y no disponibles.","og_url":"https:\/\/agrobacterias.com\/it\/product\/bactobloom-850-gr\/","og_site_name":"Agrobacterias","article_modified_time":"2026-04-15T15:05:42+00:00","og_image":[{"width":600,"height":600,"url":"https:\/\/agrobacterias.com\/wp-content\/uploads\/2021\/02\/art_7636_1.jpg","type":"image\/jpeg"}],"twitter_card":"summary_large_image","twitter_misc":{"Tempo di lettura stimato":"2 minuti"},"schema":{"@context":"https:\/\/schema.org","@graph":[{"@type":"WebPage","@id":"https:\/\/agrobacterias.com\/product\/bactobloom-850-gr\/","url":"https:\/\/agrobacterias.com\/product\/bactobloom-850-gr\/","name":"Bactobloom 850g - Agrobacterias","isPartOf":{"@id":"https:\/\/agrobacterias.com\/#website"},"primaryImageOfPage":{"@id":"https:\/\/agrobacterias.com\/product\/bactobloom-850-gr\/#primaryimage"},"image":{"@id":"https:\/\/agrobacterias.com\/product\/bactobloom-850-gr\/#primaryimage"},"thumbnailUrl":"https:\/\/agrobacterias.com\/wp-content\/uploads\/2021\/02\/art_7636_1.jpg","datePublished":"2021-02-01T16:26:21+00:00","dateModified":"2026-04-15T15:05:42+00:00","breadcrumb":{"@id":"https:\/\/agrobacterias.com\/product\/bactobloom-850-gr\/#breadcrumb"},"inLanguage":"it-IT","potentialAction":[{"@type":"ReadAction","target":["https:\/\/agrobacterias.com\/product\/bactobloom-850-gr\/"]}]},{"@type":"ImageObject","inLanguage":"it-IT","@id":"https:\/\/agrobacterias.com\/product\/bactobloom-850-gr\/#primaryimage","url":"https:\/\/agrobacterias.com\/wp-content\/uploads\/2021\/02\/art_7636_1.jpg","contentUrl":"https:\/\/agrobacterias.com\/wp-content\/uploads\/2021\/02\/art_7636_1.jpg","width":600,"height":600,"caption":"Bactobloom_850_g"},{"@type":"BreadcrumbList","@id":"https:\/\/agrobacterias.com\/product\/bactobloom-850-gr\/#breadcrumb","itemListElement":[{"@type":"ListItem","position":1,"name":"Home","item":"https:\/\/agrobacterias.com\/"},{"@type":"ListItem","position":2,"name":"Tienda","item":"https:\/\/agrobacterias.com\/tienda\/"},{"@type":"ListItem","position":3,"name":"Bactobloom 850g"}]},{"@type":"WebSite","@id":"https:\/\/agrobacterias.com\/#website","url":"https:\/\/agrobacterias.com\/","name":"Agrobatteri","description":"Biotecnologie del XXI secolo","potentialAction":[{"@type":"SearchAction","target":{"@type":"EntryPoint","urlTemplate":"https:\/\/agrobacterias.com\/?s={search_term_string}"},"query-input":{"@type":"PropertyValueSpecification","valueRequired":true,"valueName":"search_term_string"}}],"inLanguage":"it-IT"}]}},"_links":{"self":[{"href":"https:\/\/agrobacterias.com\/it\/wp-json\/wp\/v2\/product\/272","targetHints":{"allow":["GET"]}}],"collection":[{"href":"https:\/\/agrobacterias.com\/it\/wp-json\/wp\/v2\/product"}],"about":[{"href":"https:\/\/agrobacterias.com\/it\/wp-json\/wp\/v2\/types\/product"}],"replies":[{"embeddable":true,"href":"https:\/\/agrobacterias.com\/it\/wp-json\/wp\/v2\/comments?post=272"}],"wp:featuredmedia":[{"embeddable":true,"href":"https:\/\/agrobacterias.com\/it\/wp-json\/wp\/v2\/media\/273"}],"wp:attachment":[{"href":"https:\/\/agrobacterias.com\/it\/wp-json\/wp\/v2\/media?parent=272"}],"wp:term":[{"taxonomy":"product_brand","embeddable":true,"href":"https:\/\/agrobacterias.com\/it\/wp-json\/wp\/v2\/product_brand?post=272"},{"taxonomy":"product_cat","embeddable":true,"href":"https:\/\/agrobacterias.com\/it\/wp-json\/wp\/v2\/product_cat?post=272"},{"taxonomy":"product_tag","embeddable":true,"href":"https:\/\/agrobacterias.com\/it\/wp-json\/wp\/v2\/product_tag?post=272"}],"curies":[{"name":"wp","href":"https:\/\/api.w.org\/{rel}","templated":true}]}}