{"id":305,"date":"2021-02-01T16:26:21","date_gmt":"2021-02-01T16:26:21","guid":{"rendered":"https:\/\/agrobacterias.com\/product\/bactohemp-tabs-50-ud\/"},"modified":"2026-04-15T17:05:43","modified_gmt":"2026-04-15T15:05:43","slug":"bactohemp-tabs-50-ud","status":"publish","type":"product","link":"https:\/\/agrobacterias.com\/it\/product\/bactohemp-tabs-50-ud\/","title":{"rendered":"Bactohemp Tabs 50 pz."},"content":{"rendered":"<p><strong>COMPOSIZIONE\/INFORMAZIONI SUGLI INGREDIENTI<\/strong><br \/>Inoculante a base di una miscela di microrganismi (micorrize e rizobatteri), formulato in compresse per una facile applicazione al terreno. I microrganismi contenuti nel prodotto NON sono stati modificati geneticamente.<\/p>\n<p>Ceppi microbici contenuti:<br \/>- Funghi micorrizici (300 spore totali\/g): Septoglomus deserticola, Funneliformis mosseae, Rhizophagus irregularis e Claroideoglomus etunicatum.<br \/>- Rizobatteri: 5\u00d7108 ufc totali\/g-2\u00d7109 ufc totali\/compressi: Bacillus megaterium, Bacillus altitudinis, Bacillus licheniformis e Bacillus subtilis.<br \/>Eccipienti per la compressione: 10%<br \/>Zuccheri: 50%<br \/>Vettore microbico (silicati): 25<br \/>Aminoacidi, acidi umici e fertilizzanti organici: 10%<\/p>\n<p><strong>PIANTE COMPATIBILI CON LE COMPRESSE DI BACTOHEMP<\/strong><br \/>La maggior parte delle piante coltivate, sia orticole che da frutto o ornamentali, sono compatibili con l'uso del prodotto.<\/p>\n<p><strong>RACCOMANDAZIONI PER L'USO<\/strong><br \/>Il prodotto \u00e8 concepito per essere applicato durante il trapianto in grandi contenitori o in campo (buca di impianto), posizionando la compressa vicino alle radici della pianta alla seguente dose:<br \/>- Vivai e grandi piante in vaso: 1 TAB per pianta<br \/>- Ortaggi a semina diretta e\/o trapiantati: 1 TAB per pianta<br \/>- Alberi da frutto e altri alberi legnosi: 1-2 TABS per albero<br \/>Per una migliore inoculazione \u00e8 consigliabile: Acqua dopo la somministrazione delle pastiglie<\/p>\n<p><strong>COMPATIBILIT\u00c0 CON PRODOTTI FITOSANITARI E FERTILIZZANTI<\/strong><br \/>Si tratta di un prodotto microbico vivo e pertanto l'uso di pesticidi (battericidi e fungicidi) \u00e8 sconsigliato in quanto potrebbero essere dannosi per i ceppi microbici contenuti nelle compresse.<\/p>\n<p><strong>STABILIT\u00c0<\/strong><br \/>Stabile per 18 mesi se conservato in un luogo fresco e asciutto, lontano dalla luce solare diretta.<\/p>\n<p><strong>PROPRIET\u00c0 FISICO-CHIMICHE<\/strong><br \/>pH in acqua (1:5): 7<br \/>Sostanza secca: 97%<\/p>","protected":false},"excerpt":{"rendered":"<p>Bactohemp TABS viene utilizzato come fertilizzante naturale per le piante, offrendo i seguenti benefici:<br \/>- Rapida micorizzazione delle radici<br \/>- Maggiore acquisizione di nutrienti disponibili e non disponibili<br \/>- I microrganismi forniti solubilizzano i minerali e producono metaboliti attivi che stimolano la crescita e la produttivit\u00e0 delle piante e riducono lo stress causato da condizioni ambientali avverse e da organismi nocivi.<br \/>- Migliorare la struttura del suolo e l'equilibrio biologico della rizosfera<br \/>- Aumenta la proliferazione delle radici secondarie<\/p>","protected":false},"featured_media":306,"comment_status":"open","ping_status":"closed","template":"","meta":[],"product_brand":[],"product_cat":[17],"product_tag":[21],"class_list":{"0":"post-305","1":"product","2":"type-product","3":"status-publish","4":"has-post-thumbnail","6":"product_cat-bacterias","7":"product_tag-bactohemp","9":"first","10":"instock","11":"taxable","12":"shipping-taxable","13":"purchasable","14":"product-type-simple"},"yoast_head":"<!-- This site is optimized with the Yoast SEO plugin v27.4 - https:\/\/yoast.com\/product\/yoast-seo-wordpress\/ -->\n<title>Bactohemp Tabs 50 ud. - Agrobacterias<\/title>\n<meta name=\"robots\" content=\"index, follow, max-snippet:-1, max-image-preview:large, max-video-preview:-1\" \/>\n<link rel=\"canonical\" href=\"https:\/\/agrobacterias.com\/it\/product\/bactohemp-tabs-50-ud\/\" \/>\n<meta property=\"og:locale\" content=\"it_IT\" \/>\n<meta property=\"og:type\" content=\"article\" \/>\n<meta property=\"og:title\" content=\"Bactohemp Tabs 50 ud. - Agrobacterias\" \/>\n<meta property=\"og:description\" content=\"Bactohemp TABS es utilizado como abono natural para las plantas otorgando los siguientes beneficios:- Micorrizaci\u00f3n r\u00e1pida de las ra\u00edces- Mayor adquisici\u00f3n de nutrientes disponibles y no disponibles- Los microorganismos aportados solubilizan minerales y producen metabolitos activos que estimulan el crecimiento y la productividad de las plantas y reducen el estr\u00e9s causado por condiciones ambientales adversas y organismos nocivos.- Mejoran la estructura del suelo y el equilibrio biol\u00f3gico de la rizosfera- Incrementa la proliferaci\u00f3n de ra\u00edces secundarias\" \/>\n<meta property=\"og:url\" content=\"https:\/\/agrobacterias.com\/it\/product\/bactohemp-tabs-50-ud\/\" \/>\n<meta property=\"og:site_name\" content=\"Agrobacterias\" \/>\n<meta property=\"article:modified_time\" content=\"2026-04-15T15:05:43+00:00\" \/>\n<meta property=\"og:image\" content=\"https:\/\/agrobacterias.com\/wp-content\/uploads\/2021\/02\/art_12986_1.jpg\" \/>\n\t<meta property=\"og:image:width\" content=\"600\" \/>\n\t<meta property=\"og:image:height\" content=\"600\" \/>\n\t<meta property=\"og:image:type\" content=\"image\/jpeg\" \/>\n<meta name=\"twitter:card\" content=\"summary_large_image\" \/>\n<meta name=\"twitter:label1\" content=\"Tempo di lettura stimato\" \/>\n\t<meta name=\"twitter:data1\" content=\"1 minuto\" \/>\n<script type=\"application\/ld+json\" class=\"yoast-schema-graph\">{\"@context\":\"https:\\\/\\\/schema.org\",\"@graph\":[{\"@type\":\"WebPage\",\"@id\":\"https:\\\/\\\/agrobacterias.com\\\/product\\\/bactohemp-tabs-50-ud\\\/\",\"url\":\"https:\\\/\\\/agrobacterias.com\\\/product\\\/bactohemp-tabs-50-ud\\\/\",\"name\":\"Bactohemp Tabs 50 ud. - Agrobacterias\",\"isPartOf\":{\"@id\":\"https:\\\/\\\/agrobacterias.com\\\/#website\"},\"primaryImageOfPage\":{\"@id\":\"https:\\\/\\\/agrobacterias.com\\\/product\\\/bactohemp-tabs-50-ud\\\/#primaryimage\"},\"image\":{\"@id\":\"https:\\\/\\\/agrobacterias.com\\\/product\\\/bactohemp-tabs-50-ud\\\/#primaryimage\"},\"thumbnailUrl\":\"https:\\\/\\\/agrobacterias.com\\\/wp-content\\\/uploads\\\/2021\\\/02\\\/art_12986_1.jpg\",\"datePublished\":\"2021-02-01T16:26:21+00:00\",\"dateModified\":\"2026-04-15T15:05:43+00:00\",\"breadcrumb\":{\"@id\":\"https:\\\/\\\/agrobacterias.com\\\/product\\\/bactohemp-tabs-50-ud\\\/#breadcrumb\"},\"inLanguage\":\"it-IT\",\"potentialAction\":[{\"@type\":\"ReadAction\",\"target\":[\"https:\\\/\\\/agrobacterias.com\\\/product\\\/bactohemp-tabs-50-ud\\\/\"]}]},{\"@type\":\"ImageObject\",\"inLanguage\":\"it-IT\",\"@id\":\"https:\\\/\\\/agrobacterias.com\\\/product\\\/bactohemp-tabs-50-ud\\\/#primaryimage\",\"url\":\"https:\\\/\\\/agrobacterias.com\\\/wp-content\\\/uploads\\\/2021\\\/02\\\/art_12986_1.jpg\",\"contentUrl\":\"https:\\\/\\\/agrobacterias.com\\\/wp-content\\\/uploads\\\/2021\\\/02\\\/art_12986_1.jpg\",\"width\":600,\"height\":600,\"caption\":\"Bactohemp_Tabs_50_ud.\"},{\"@type\":\"BreadcrumbList\",\"@id\":\"https:\\\/\\\/agrobacterias.com\\\/product\\\/bactohemp-tabs-50-ud\\\/#breadcrumb\",\"itemListElement\":[{\"@type\":\"ListItem\",\"position\":1,\"name\":\"Home\",\"item\":\"https:\\\/\\\/agrobacterias.com\\\/\"},{\"@type\":\"ListItem\",\"position\":2,\"name\":\"Tienda\",\"item\":\"https:\\\/\\\/agrobacterias.com\\\/tienda\\\/\"},{\"@type\":\"ListItem\",\"position\":3,\"name\":\"Bactohemp Tabs 50 ud.\"}]},{\"@type\":\"WebSite\",\"@id\":\"https:\\\/\\\/agrobacterias.com\\\/#website\",\"url\":\"https:\\\/\\\/agrobacterias.com\\\/\",\"name\":\"Agrobacterias\",\"description\":\"Biotecnolog\u00eda del Siglo XXI\",\"potentialAction\":[{\"@type\":\"SearchAction\",\"target\":{\"@type\":\"EntryPoint\",\"urlTemplate\":\"https:\\\/\\\/agrobacterias.com\\\/?s={search_term_string}\"},\"query-input\":{\"@type\":\"PropertyValueSpecification\",\"valueRequired\":true,\"valueName\":\"search_term_string\"}}],\"inLanguage\":\"it-IT\"}]}<\/script>\n<!-- \/ Yoast SEO plugin. -->","yoast_head_json":{"title":"Bactohemp Tabs 50 ud. - Agrobacterias","robots":{"index":"index","follow":"follow","max-snippet":"max-snippet:-1","max-image-preview":"max-image-preview:large","max-video-preview":"max-video-preview:-1"},"canonical":"https:\/\/agrobacterias.com\/it\/product\/bactohemp-tabs-50-ud\/","og_locale":"it_IT","og_type":"article","og_title":"Bactohemp Tabs 50 ud. - Agrobacterias","og_description":"Bactohemp TABS es utilizado como abono natural para las plantas otorgando los siguientes beneficios:- Micorrizaci\u00f3n r\u00e1pida de las ra\u00edces- Mayor adquisici\u00f3n de nutrientes disponibles y no disponibles- Los microorganismos aportados solubilizan minerales y producen metabolitos activos que estimulan el crecimiento y la productividad de las plantas y reducen el estr\u00e9s causado por condiciones ambientales adversas y organismos nocivos.- Mejoran la estructura del suelo y el equilibrio biol\u00f3gico de la rizosfera- Incrementa la proliferaci\u00f3n de ra\u00edces secundarias","og_url":"https:\/\/agrobacterias.com\/it\/product\/bactohemp-tabs-50-ud\/","og_site_name":"Agrobacterias","article_modified_time":"2026-04-15T15:05:43+00:00","og_image":[{"width":600,"height":600,"url":"https:\/\/agrobacterias.com\/wp-content\/uploads\/2021\/02\/art_12986_1.jpg","type":"image\/jpeg"}],"twitter_card":"summary_large_image","twitter_misc":{"Tempo di lettura stimato":"1 minuto"},"schema":{"@context":"https:\/\/schema.org","@graph":[{"@type":"WebPage","@id":"https:\/\/agrobacterias.com\/product\/bactohemp-tabs-50-ud\/","url":"https:\/\/agrobacterias.com\/product\/bactohemp-tabs-50-ud\/","name":"Bactohemp Tabs 50 ud. - Agrobacterias","isPartOf":{"@id":"https:\/\/agrobacterias.com\/#website"},"primaryImageOfPage":{"@id":"https:\/\/agrobacterias.com\/product\/bactohemp-tabs-50-ud\/#primaryimage"},"image":{"@id":"https:\/\/agrobacterias.com\/product\/bactohemp-tabs-50-ud\/#primaryimage"},"thumbnailUrl":"https:\/\/agrobacterias.com\/wp-content\/uploads\/2021\/02\/art_12986_1.jpg","datePublished":"2021-02-01T16:26:21+00:00","dateModified":"2026-04-15T15:05:43+00:00","breadcrumb":{"@id":"https:\/\/agrobacterias.com\/product\/bactohemp-tabs-50-ud\/#breadcrumb"},"inLanguage":"it-IT","potentialAction":[{"@type":"ReadAction","target":["https:\/\/agrobacterias.com\/product\/bactohemp-tabs-50-ud\/"]}]},{"@type":"ImageObject","inLanguage":"it-IT","@id":"https:\/\/agrobacterias.com\/product\/bactohemp-tabs-50-ud\/#primaryimage","url":"https:\/\/agrobacterias.com\/wp-content\/uploads\/2021\/02\/art_12986_1.jpg","contentUrl":"https:\/\/agrobacterias.com\/wp-content\/uploads\/2021\/02\/art_12986_1.jpg","width":600,"height":600,"caption":"Bactohemp_Tabs_50_ud."},{"@type":"BreadcrumbList","@id":"https:\/\/agrobacterias.com\/product\/bactohemp-tabs-50-ud\/#breadcrumb","itemListElement":[{"@type":"ListItem","position":1,"name":"Home","item":"https:\/\/agrobacterias.com\/"},{"@type":"ListItem","position":2,"name":"Tienda","item":"https:\/\/agrobacterias.com\/tienda\/"},{"@type":"ListItem","position":3,"name":"Bactohemp Tabs 50 ud."}]},{"@type":"WebSite","@id":"https:\/\/agrobacterias.com\/#website","url":"https:\/\/agrobacterias.com\/","name":"Agrobatteri","description":"Biotecnologie del XXI secolo","potentialAction":[{"@type":"SearchAction","target":{"@type":"EntryPoint","urlTemplate":"https:\/\/agrobacterias.com\/?s={search_term_string}"},"query-input":{"@type":"PropertyValueSpecification","valueRequired":true,"valueName":"search_term_string"}}],"inLanguage":"it-IT"}]}},"_links":{"self":[{"href":"https:\/\/agrobacterias.com\/it\/wp-json\/wp\/v2\/product\/305","targetHints":{"allow":["GET"]}}],"collection":[{"href":"https:\/\/agrobacterias.com\/it\/wp-json\/wp\/v2\/product"}],"about":[{"href":"https:\/\/agrobacterias.com\/it\/wp-json\/wp\/v2\/types\/product"}],"replies":[{"embeddable":true,"href":"https:\/\/agrobacterias.com\/it\/wp-json\/wp\/v2\/comments?post=305"}],"wp:featuredmedia":[{"embeddable":true,"href":"https:\/\/agrobacterias.com\/it\/wp-json\/wp\/v2\/media\/306"}],"wp:attachment":[{"href":"https:\/\/agrobacterias.com\/it\/wp-json\/wp\/v2\/media?parent=305"}],"wp:term":[{"taxonomy":"product_brand","embeddable":true,"href":"https:\/\/agrobacterias.com\/it\/wp-json\/wp\/v2\/product_brand?post=305"},{"taxonomy":"product_cat","embeddable":true,"href":"https:\/\/agrobacterias.com\/it\/wp-json\/wp\/v2\/product_cat?post=305"},{"taxonomy":"product_tag","embeddable":true,"href":"https:\/\/agrobacterias.com\/it\/wp-json\/wp\/v2\/product_tag?post=305"}],"curies":[{"name":"wp","href":"https:\/\/api.w.org\/{rel}","templated":true}]}}