{"id":317,"date":"2021-02-01T16:26:21","date_gmt":"2021-02-01T16:26:21","guid":{"rendered":"https:\/\/agrobacterias.com\/product\/bactohemp-50-gr\/"},"modified":"2026-04-16T05:06:42","modified_gmt":"2026-04-16T03:06:42","slug":"bactohemp-50-gr","status":"publish","type":"product","link":"https:\/\/agrobacterias.com\/it\/product\/bactohemp-50-gr\/","title":{"rendered":"Bactohemp 50g"},"content":{"rendered":"<p><strong>BACTOHEMP<\/strong> \u00c8 un prodotto in polvere idrosolubile a base di bacilli e batteri che vivono in simbiosi con la radice della pianta. \u00c8 100% Organic ed \u00e8 adatto all'uso in agricoltura biologica.<\/p>\n<p><strong>COMPOSIZIONE<\/strong>Sette famiglie di bacilli e batteri + estratto di alga Acophyllum Nodosum.<\/p>\n<p><strong>APPLICAZIONE<\/strong>Sciogliere il contenuto in 20 litri d'acqua, o un cucchiaino per 1 litro d'acqua, e innaffiare il substrato per far attaccare i batteri alle radici. Pu\u00f2 essere applicato per immersione delle zolle radicali. Non innaffiare il substrato con battericidi o fungicidi.<\/p>\n<p>L'aggiunta di BactoHemp al substrato produce:<\/p>\n<p>&#8211; <strong>PRODUZIONE ESPLOSIVA DI RADICI<\/strong>Maggiore \u00e8 lo sviluppo delle radici, maggiore \u00e8 la crescita e la resistenza alla siccit\u00e0.<\/p>\n<p>&#8211; <strong>AUMENTA LA QUANTIT\u00c0, LE DIMENSIONI E IL PESO<\/strong> di fiori e boccioli. - <strong>RISPARMIARE I COSTI<\/strong> in acqua, nutrienti e lavoro.<\/p>\n<p>&#8211; <strong>PROTEGGE DAI FUNGHI<\/strong> parassiti delle radici come Fusarium, Phytophtora, Alternaria,...<\/p>\n<p>&#8211; <strong>EVITA LA PERDITA DI PIANTE<\/strong> su talee, trapianti e piantine.<\/p>\n<p>&#8211;<strong> FISSA NATURALMENTE L'AZOTO ATMOSFERICO NEL SUBSTRATO<\/strong>La pianta potr\u00e0 utilizzarlo per stimolare la crescita.<\/p>\n<p>&#8211; <strong>SOLUBILIZZA IL FOSFORO E IL POTASSIO INSOLUBILE<\/strong> del substrato, con conseguente aumento della fioritura.<\/p>\n<p>&#8211; <strong>PRODUCE CITOCHININE, AUXINE E GIBBERELLINE<\/strong> continuamente, difensori e stimolatori della crescita e della fioritura.<\/p>\n<p>&#8211; <strong>MIGLIORAMENTO DELLA COLTIVAZIONE AERO-IDROPONICA<\/strong> mantenere la loro salute.<\/p>\n<p>&#8211; <strong>IDEALE PER LA COLTIVAZIONE GUERRILLA E ALL'APERTO<\/strong>L'acqua viene estratta dal terreno, estrae il massimo dei nutrienti presenti nel substrato o nel suolo e arriva in profondit\u00e0.<\/p>\n<p>&#8211; <strong>UNA SOLA APPLICAZIONE PER COLTURA<\/strong>\u00e8 efficace per tutta la vita della pianta. Nelle coltivazioni all'aperto possiamo potenziare l'effetto ripetendo il trattamento dopo 3 mesi.<\/p>\n<p>- IT <strong>100% ECOLOGICO<\/strong> e certificato per l'uso in agricoltura biologica.<\/p>\n<p>Tenere fuori dalla portata dei bambini e lontano da cibi e bevande. Conservare in un luogo fresco e asciutto, evitando la luce solare diretta.<\/p>","protected":false},"excerpt":{"rendered":"<p><strong>BACTOHEMP<\/strong> \u00c8 un prodotto in polvere idrosolubile a base di bacilli e batteri che vivono in simbiosi con la radice della pianta. \u00c8 100% Organic ed \u00e8 adatto all'uso in agricoltura biologica.<\/p>\n<p><strong>COMPOSIZIONE<\/strong>Sette famiglie di bacilli e batteri + estratto di alga Acophyllum Nodosum.<\/p>\n<p><strong>APPLICAZIONE<\/strong>Sciogliere il contenuto in 20 litri d'acqua, o un cucchiaino per 1 litro d'acqua, e innaffiare il substrato per far attaccare i batteri alle radici. Pu\u00f2 essere applicato per immersione delle zolle radicali. Non innaffiare il substrato con battericidi o fungicidi.<\/p>","protected":false},"featured_media":318,"comment_status":"open","ping_status":"closed","template":"","meta":[],"product_brand":[],"product_cat":[17],"product_tag":[21],"class_list":{"0":"post-317","1":"product","2":"type-product","3":"status-publish","4":"has-post-thumbnail","6":"product_cat-bacterias","7":"product_tag-bactohemp","9":"first","10":"instock","11":"taxable","12":"shipping-taxable","13":"purchasable","14":"product-type-simple"},"yoast_head":"<!-- This site is optimized with the Yoast SEO plugin v27.4 - https:\/\/yoast.com\/product\/yoast-seo-wordpress\/ -->\n<title>Bactohemp 50g - Agrobacterias<\/title>\n<meta name=\"robots\" content=\"index, follow, max-snippet:-1, max-image-preview:large, max-video-preview:-1\" \/>\n<link rel=\"canonical\" href=\"https:\/\/agrobacterias.com\/it\/product\/bactohemp-50-gr\/\" \/>\n<meta property=\"og:locale\" content=\"it_IT\" \/>\n<meta property=\"og:type\" content=\"article\" \/>\n<meta property=\"og:title\" content=\"Bactohemp 50g - Agrobacterias\" \/>\n<meta property=\"og:description\" content=\"BACTOHEMP Es un producto en polvo soluble en agua a base de bacillus y bacterias que viven en simbiosis con la raiz de la planta. Es 100% Ecol\u00f3gico y apto para su uso en la agricultura ecol\u00f3gica.  COMPOSICI\u00d3N: Siete familias de Bacillus y Bacterias + Extracto de alga Acophyllum Nodosum.  APLICACI\u00d3N: Disolver el contenido en 20 litros de agua, o una cucharadita para 1 litro de agua, y regar el sustrato para conseguir que las bacterias se fijen a la ra\u00edz. Se puede aplicar por inmersi\u00f3n de cepellones. No regar el sustrato con bactericidas ni fungicidas.\" \/>\n<meta property=\"og:url\" content=\"https:\/\/agrobacterias.com\/it\/product\/bactohemp-50-gr\/\" \/>\n<meta property=\"og:site_name\" content=\"Agrobacterias\" \/>\n<meta property=\"article:modified_time\" content=\"2026-04-16T03:06:42+00:00\" \/>\n<meta property=\"og:image\" content=\"https:\/\/agrobacterias.com\/wp-content\/uploads\/2021\/02\/art_bh50_1.jpg\" \/>\n\t<meta property=\"og:image:width\" content=\"600\" \/>\n\t<meta property=\"og:image:height\" content=\"600\" \/>\n\t<meta property=\"og:image:type\" content=\"image\/jpeg\" \/>\n<meta name=\"twitter:card\" content=\"summary_large_image\" \/>\n<meta name=\"twitter:label1\" content=\"Tempo di lettura stimato\" \/>\n\t<meta name=\"twitter:data1\" content=\"2 minuti\" \/>\n<script type=\"application\/ld+json\" class=\"yoast-schema-graph\">{\"@context\":\"https:\\\/\\\/schema.org\",\"@graph\":[{\"@type\":\"WebPage\",\"@id\":\"https:\\\/\\\/agrobacterias.com\\\/product\\\/bactohemp-50-gr\\\/\",\"url\":\"https:\\\/\\\/agrobacterias.com\\\/product\\\/bactohemp-50-gr\\\/\",\"name\":\"Bactohemp 50g - Agrobacterias\",\"isPartOf\":{\"@id\":\"https:\\\/\\\/agrobacterias.com\\\/#website\"},\"primaryImageOfPage\":{\"@id\":\"https:\\\/\\\/agrobacterias.com\\\/product\\\/bactohemp-50-gr\\\/#primaryimage\"},\"image\":{\"@id\":\"https:\\\/\\\/agrobacterias.com\\\/product\\\/bactohemp-50-gr\\\/#primaryimage\"},\"thumbnailUrl\":\"https:\\\/\\\/agrobacterias.com\\\/wp-content\\\/uploads\\\/2021\\\/02\\\/art_bh50_1.jpg\",\"datePublished\":\"2021-02-01T16:26:21+00:00\",\"dateModified\":\"2026-04-16T03:06:42+00:00\",\"breadcrumb\":{\"@id\":\"https:\\\/\\\/agrobacterias.com\\\/product\\\/bactohemp-50-gr\\\/#breadcrumb\"},\"inLanguage\":\"it-IT\",\"potentialAction\":[{\"@type\":\"ReadAction\",\"target\":[\"https:\\\/\\\/agrobacterias.com\\\/product\\\/bactohemp-50-gr\\\/\"]}]},{\"@type\":\"ImageObject\",\"inLanguage\":\"it-IT\",\"@id\":\"https:\\\/\\\/agrobacterias.com\\\/product\\\/bactohemp-50-gr\\\/#primaryimage\",\"url\":\"https:\\\/\\\/agrobacterias.com\\\/wp-content\\\/uploads\\\/2021\\\/02\\\/art_bh50_1.jpg\",\"contentUrl\":\"https:\\\/\\\/agrobacterias.com\\\/wp-content\\\/uploads\\\/2021\\\/02\\\/art_bh50_1.jpg\",\"width\":600,\"height\":600,\"caption\":\"Bactohemp_50_g\"},{\"@type\":\"BreadcrumbList\",\"@id\":\"https:\\\/\\\/agrobacterias.com\\\/product\\\/bactohemp-50-gr\\\/#breadcrumb\",\"itemListElement\":[{\"@type\":\"ListItem\",\"position\":1,\"name\":\"Home\",\"item\":\"https:\\\/\\\/agrobacterias.com\\\/\"},{\"@type\":\"ListItem\",\"position\":2,\"name\":\"Tienda\",\"item\":\"https:\\\/\\\/agrobacterias.com\\\/tienda\\\/\"},{\"@type\":\"ListItem\",\"position\":3,\"name\":\"Bactohemp 50g\"}]},{\"@type\":\"WebSite\",\"@id\":\"https:\\\/\\\/agrobacterias.com\\\/#website\",\"url\":\"https:\\\/\\\/agrobacterias.com\\\/\",\"name\":\"Agrobacterias\",\"description\":\"Biotecnolog\u00eda del Siglo XXI\",\"potentialAction\":[{\"@type\":\"SearchAction\",\"target\":{\"@type\":\"EntryPoint\",\"urlTemplate\":\"https:\\\/\\\/agrobacterias.com\\\/?s={search_term_string}\"},\"query-input\":{\"@type\":\"PropertyValueSpecification\",\"valueRequired\":true,\"valueName\":\"search_term_string\"}}],\"inLanguage\":\"it-IT\"}]}<\/script>\n<!-- \/ Yoast SEO plugin. -->","yoast_head_json":{"title":"Bactohemp 50g - Agrobacterias","robots":{"index":"index","follow":"follow","max-snippet":"max-snippet:-1","max-image-preview":"max-image-preview:large","max-video-preview":"max-video-preview:-1"},"canonical":"https:\/\/agrobacterias.com\/it\/product\/bactohemp-50-gr\/","og_locale":"it_IT","og_type":"article","og_title":"Bactohemp 50g - Agrobacterias","og_description":"BACTOHEMP Es un producto en polvo soluble en agua a base de bacillus y bacterias que viven en simbiosis con la raiz de la planta. Es 100% Ecol\u00f3gico y apto para su uso en la agricultura ecol\u00f3gica.  COMPOSICI\u00d3N: Siete familias de Bacillus y Bacterias + Extracto de alga Acophyllum Nodosum.  APLICACI\u00d3N: Disolver el contenido en 20 litros de agua, o una cucharadita para 1 litro de agua, y regar el sustrato para conseguir que las bacterias se fijen a la ra\u00edz. Se puede aplicar por inmersi\u00f3n de cepellones. No regar el sustrato con bactericidas ni fungicidas.","og_url":"https:\/\/agrobacterias.com\/it\/product\/bactohemp-50-gr\/","og_site_name":"Agrobacterias","article_modified_time":"2026-04-16T03:06:42+00:00","og_image":[{"width":600,"height":600,"url":"https:\/\/agrobacterias.com\/wp-content\/uploads\/2021\/02\/art_bh50_1.jpg","type":"image\/jpeg"}],"twitter_card":"summary_large_image","twitter_misc":{"Tempo di lettura stimato":"2 minuti"},"schema":{"@context":"https:\/\/schema.org","@graph":[{"@type":"WebPage","@id":"https:\/\/agrobacterias.com\/product\/bactohemp-50-gr\/","url":"https:\/\/agrobacterias.com\/product\/bactohemp-50-gr\/","name":"Bactohemp 50g - Agrobacterias","isPartOf":{"@id":"https:\/\/agrobacterias.com\/#website"},"primaryImageOfPage":{"@id":"https:\/\/agrobacterias.com\/product\/bactohemp-50-gr\/#primaryimage"},"image":{"@id":"https:\/\/agrobacterias.com\/product\/bactohemp-50-gr\/#primaryimage"},"thumbnailUrl":"https:\/\/agrobacterias.com\/wp-content\/uploads\/2021\/02\/art_bh50_1.jpg","datePublished":"2021-02-01T16:26:21+00:00","dateModified":"2026-04-16T03:06:42+00:00","breadcrumb":{"@id":"https:\/\/agrobacterias.com\/product\/bactohemp-50-gr\/#breadcrumb"},"inLanguage":"it-IT","potentialAction":[{"@type":"ReadAction","target":["https:\/\/agrobacterias.com\/product\/bactohemp-50-gr\/"]}]},{"@type":"ImageObject","inLanguage":"it-IT","@id":"https:\/\/agrobacterias.com\/product\/bactohemp-50-gr\/#primaryimage","url":"https:\/\/agrobacterias.com\/wp-content\/uploads\/2021\/02\/art_bh50_1.jpg","contentUrl":"https:\/\/agrobacterias.com\/wp-content\/uploads\/2021\/02\/art_bh50_1.jpg","width":600,"height":600,"caption":"Bactohemp_50_g"},{"@type":"BreadcrumbList","@id":"https:\/\/agrobacterias.com\/product\/bactohemp-50-gr\/#breadcrumb","itemListElement":[{"@type":"ListItem","position":1,"name":"Home","item":"https:\/\/agrobacterias.com\/"},{"@type":"ListItem","position":2,"name":"Tienda","item":"https:\/\/agrobacterias.com\/tienda\/"},{"@type":"ListItem","position":3,"name":"Bactohemp 50g"}]},{"@type":"WebSite","@id":"https:\/\/agrobacterias.com\/#website","url":"https:\/\/agrobacterias.com\/","name":"Agrobatteri","description":"Biotecnologie del XXI secolo","potentialAction":[{"@type":"SearchAction","target":{"@type":"EntryPoint","urlTemplate":"https:\/\/agrobacterias.com\/?s={search_term_string}"},"query-input":{"@type":"PropertyValueSpecification","valueRequired":true,"valueName":"search_term_string"}}],"inLanguage":"it-IT"}]}},"_links":{"self":[{"href":"https:\/\/agrobacterias.com\/it\/wp-json\/wp\/v2\/product\/317","targetHints":{"allow":["GET"]}}],"collection":[{"href":"https:\/\/agrobacterias.com\/it\/wp-json\/wp\/v2\/product"}],"about":[{"href":"https:\/\/agrobacterias.com\/it\/wp-json\/wp\/v2\/types\/product"}],"replies":[{"embeddable":true,"href":"https:\/\/agrobacterias.com\/it\/wp-json\/wp\/v2\/comments?post=317"}],"wp:featuredmedia":[{"embeddable":true,"href":"https:\/\/agrobacterias.com\/it\/wp-json\/wp\/v2\/media\/318"}],"wp:attachment":[{"href":"https:\/\/agrobacterias.com\/it\/wp-json\/wp\/v2\/media?parent=317"}],"wp:term":[{"taxonomy":"product_brand","embeddable":true,"href":"https:\/\/agrobacterias.com\/it\/wp-json\/wp\/v2\/product_brand?post=317"},{"taxonomy":"product_cat","embeddable":true,"href":"https:\/\/agrobacterias.com\/it\/wp-json\/wp\/v2\/product_cat?post=317"},{"taxonomy":"product_tag","embeddable":true,"href":"https:\/\/agrobacterias.com\/it\/wp-json\/wp\/v2\/product_tag?post=317"}],"curies":[{"name":"wp","href":"https:\/\/api.w.org\/{rel}","templated":true}]}}